{"id":744,"date":"2023-06-30T23:45:03","date_gmt":"2023-06-30T23:45:03","guid":{"rendered":"http:\/\/advancedmro.com\/es\/?post_type=product&#038;p=744"},"modified":"2023-06-30T23:47:54","modified_gmt":"2023-06-30T23:47:54","slug":"em11042-57-baldor-tijuana","status":"publish","type":"product","link":"https:\/\/advancedmro.com\/es\/producto\/em11042-57-baldor-tijuana\/","title":{"rendered":"EM11042-57 Baldor"},"content":{"rendered":"<p>APLICACIONES: Dise\u00f1ado para bombas, compresores, ventiladores, transportadores y otras aplicaciones trif\u00e1sicas de prop\u00f3sito general.<\/p>\n<p>CARACTER\u00cdSTICAS:<\/p>\n<p>Apto para montar en cualquier posici\u00f3n<br \/>\nMarco de hierro fundido, caja de conductos de placas finales y cubierta de ventilador<br \/>\nHerrajes m\u00e9tricos y regleta de terminales en caja de conductos<br \/>\nDisposiciones de reengrase y termistores en 11kW (bastidor D160) y m\u00e1s grandes<br \/>\nprotecci\u00f3n IP55<br \/>\nConexi\u00f3n estrella-tri\u00e1ngulo 230\/400VAC y 400VAC, 50HZ<br \/>\nAlambre magn\u00e9tico resistente a picos de inversor<br \/>\nCumple con UL, CSA y CE<\/p>\n","protected":false},"excerpt":{"rendered":"<p>APLICACIONES: Dise\u00f1ado para bombas, compresores, ventiladores, transportadores y otras aplicaciones trif\u00e1sicas de prop\u00f3sito general. CARACTER\u00cdSTICAS: Apto para montar en cualquier posici\u00f3n Marco de hierro fundido, caja de conductos de placas finales y cubierta de ventilador Herrajes m\u00e9tricos y regleta de terminales en caja de conductos Disposiciones de reengrase y termistores en 11kW (bastidor D160) y [&hellip;]<\/p>\n","protected":false},"featured_media":746,"comment_status":"open","ping_status":"closed","template":"","meta":[],"product_brand":[],"product_cat":[190],"product_tag":[191,59],"class_list":{"0":"post-744","1":"product","2":"type-product","3":"status-publish","4":"has-post-thumbnail","6":"product_cat-baldortijuana","7":"product_tag-em11042-57-baldor","8":"product_tag-tijuana","9":"post","10":"post-with-thumbnail","11":"post-with-thumbnail-large","13":"first","14":"instock","15":"shipping-taxable","16":"product-type-simple"},"yoast_head":"<!-- This site is optimized with the Yoast SEO Premium plugin v26.4 (Yoast SEO v26.9) - https:\/\/yoast.com\/product\/yoast-seo-premium-wordpress\/ -->\n<title>EM11042-57 Baldor - Advanced MRO<\/title>\n<meta name=\"description\" content=\"EM11042-57 Motores Super-E\u00ae M\u00e9tricos IEC TEFC en Tijuana- Totalmente Cerrado, Enfriado por Ventilador -Montado en Pie; Montaje F2; 230\/400 y 400 Voltios; Trif\u00e1sico; 4 - 200 kW\" \/>\n<meta name=\"robots\" content=\"index, follow, max-snippet:-1, max-image-preview:large, max-video-preview:-1\" \/>\n<link rel=\"canonical\" href=\"http:\/\/advancedmro.com\/es\/producto\/em11042-57-baldor-tijuana\/\" \/>\n<meta property=\"og:locale\" content=\"es_ES\" \/>\n<meta property=\"og:type\" content=\"article\" \/>\n<meta property=\"og:title\" content=\"EM11042-57 Baldor\" \/>\n<meta property=\"og:description\" content=\"EM11042-57 Motores Super-E\u00ae M\u00e9tricos IEC TEFC en Tijuana- Totalmente Cerrado, Enfriado por Ventilador -Montado en Pie; Montaje F2; 230\/400 y 400 Voltios; Trif\u00e1sico; 4 - 200 kW\" \/>\n<meta property=\"og:url\" content=\"http:\/\/advancedmro.com\/es\/producto\/em11042-57-baldor-tijuana\/\" \/>\n<meta property=\"og:site_name\" content=\"Advanced MRO\" \/>\n<meta property=\"article:modified_time\" content=\"2023-06-30T23:47:54+00:00\" \/>\n<meta property=\"og:image\" content=\"http:\/\/advancedmro.com\/es\/wp-content\/uploads\/2023\/06\/EM11042-57-Baldor-2.jpg\" \/>\n\t<meta property=\"og:image:width\" content=\"400\" \/>\n\t<meta property=\"og:image:height\" content=\"305\" \/>\n\t<meta property=\"og:image:type\" content=\"image\/jpeg\" \/>\n<meta name=\"twitter:label1\" content=\"Tiempo de lectura\" \/>\n\t<meta name=\"twitter:data1\" content=\"1 minuto\" \/>\n<script type=\"application\/ld+json\" class=\"yoast-schema-graph\">{\"@context\":\"https:\/\/schema.org\",\"@graph\":[{\"@type\":\"WebPage\",\"@id\":\"http:\/\/advancedmro.com\/es\/producto\/em11042-57-baldor-tijuana\/\",\"url\":\"http:\/\/advancedmro.com\/es\/producto\/em11042-57-baldor-tijuana\/\",\"name\":\"EM11042-57 Baldor - Advanced MRO\",\"isPartOf\":{\"@id\":\"http:\/\/advancedmro.com\/es\/#website\"},\"primaryImageOfPage\":{\"@id\":\"http:\/\/advancedmro.com\/es\/producto\/em11042-57-baldor-tijuana\/#primaryimage\"},\"image\":{\"@id\":\"http:\/\/advancedmro.com\/es\/producto\/em11042-57-baldor-tijuana\/#primaryimage\"},\"thumbnailUrl\":\"https:\/\/advancedmro.com\/es\/wp-content\/uploads\/2023\/06\/EM11042-57-Baldor-2.jpg\",\"datePublished\":\"2023-06-30T23:45:03+00:00\",\"dateModified\":\"2023-06-30T23:47:54+00:00\",\"description\":\"EM11042-57 Motores Super-E\u00ae M\u00e9tricos IEC TEFC en Tijuana- Totalmente Cerrado, Enfriado por Ventilador -Montado en Pie; Montaje F2; 230\/400 y 400 Voltios; Trif\u00e1sico; 4 - 200 kW\",\"breadcrumb\":{\"@id\":\"http:\/\/advancedmro.com\/es\/producto\/em11042-57-baldor-tijuana\/#breadcrumb\"},\"inLanguage\":\"es\",\"potentialAction\":[{\"@type\":\"ReadAction\",\"target\":[\"http:\/\/advancedmro.com\/es\/producto\/em11042-57-baldor-tijuana\/\"]}]},{\"@type\":\"ImageObject\",\"inLanguage\":\"es\",\"@id\":\"http:\/\/advancedmro.com\/es\/producto\/em11042-57-baldor-tijuana\/#primaryimage\",\"url\":\"https:\/\/advancedmro.com\/es\/wp-content\/uploads\/2023\/06\/EM11042-57-Baldor-2.jpg\",\"contentUrl\":\"https:\/\/advancedmro.com\/es\/wp-content\/uploads\/2023\/06\/EM11042-57-Baldor-2.jpg\",\"width\":400,\"height\":305,\"caption\":\"EM11042-57 Baldor\"},{\"@type\":\"BreadcrumbList\",\"@id\":\"http:\/\/advancedmro.com\/es\/producto\/em11042-57-baldor-tijuana\/#breadcrumb\",\"itemListElement\":[{\"@type\":\"ListItem\",\"position\":1,\"name\":\"Home\",\"item\":\"http:\/\/advancedmro.com\/es\/\"},{\"@type\":\"ListItem\",\"position\":2,\"name\":\"Productos\",\"item\":\"https:\/\/advancedmro.com\/es\/productos\/\"},{\"@type\":\"ListItem\",\"position\":3,\"name\":\"EM11042-57 Baldor\"}]},{\"@type\":\"WebSite\",\"@id\":\"http:\/\/advancedmro.com\/es\/#website\",\"url\":\"http:\/\/advancedmro.com\/es\/\",\"name\":\"Advanced MRO\",\"description\":\"Reduciendo Costos Y Aumentando La Calidad Y Rendimiento\",\"potentialAction\":[{\"@type\":\"SearchAction\",\"target\":{\"@type\":\"EntryPoint\",\"urlTemplate\":\"http:\/\/advancedmro.com\/es\/?s={search_term_string}\"},\"query-input\":{\"@type\":\"PropertyValueSpecification\",\"valueRequired\":true,\"valueName\":\"search_term_string\"}}],\"inLanguage\":\"es\"}]}<\/script>\n<!-- \/ Yoast SEO Premium plugin. -->","yoast_head_json":{"title":"EM11042-57 Baldor - Advanced MRO","description":"EM11042-57 Motores Super-E\u00ae M\u00e9tricos IEC TEFC en Tijuana- Totalmente Cerrado, Enfriado por Ventilador -Montado en Pie; Montaje F2; 230\/400 y 400 Voltios; Trif\u00e1sico; 4 - 200 kW","robots":{"index":"index","follow":"follow","max-snippet":"max-snippet:-1","max-image-preview":"max-image-preview:large","max-video-preview":"max-video-preview:-1"},"canonical":"http:\/\/advancedmro.com\/es\/producto\/em11042-57-baldor-tijuana\/","og_locale":"es_ES","og_type":"article","og_title":"EM11042-57 Baldor","og_description":"EM11042-57 Motores Super-E\u00ae M\u00e9tricos IEC TEFC en Tijuana- Totalmente Cerrado, Enfriado por Ventilador -Montado en Pie; Montaje F2; 230\/400 y 400 Voltios; Trif\u00e1sico; 4 - 200 kW","og_url":"http:\/\/advancedmro.com\/es\/producto\/em11042-57-baldor-tijuana\/","og_site_name":"Advanced MRO","article_modified_time":"2023-06-30T23:47:54+00:00","og_image":[{"width":400,"height":305,"url":"http:\/\/advancedmro.com\/es\/wp-content\/uploads\/2023\/06\/EM11042-57-Baldor-2.jpg","type":"image\/jpeg"}],"twitter_misc":{"Tiempo de lectura":"1 minuto"},"schema":{"@context":"https:\/\/schema.org","@graph":[{"@type":"WebPage","@id":"http:\/\/advancedmro.com\/es\/producto\/em11042-57-baldor-tijuana\/","url":"http:\/\/advancedmro.com\/es\/producto\/em11042-57-baldor-tijuana\/","name":"EM11042-57 Baldor - Advanced MRO","isPartOf":{"@id":"http:\/\/advancedmro.com\/es\/#website"},"primaryImageOfPage":{"@id":"http:\/\/advancedmro.com\/es\/producto\/em11042-57-baldor-tijuana\/#primaryimage"},"image":{"@id":"http:\/\/advancedmro.com\/es\/producto\/em11042-57-baldor-tijuana\/#primaryimage"},"thumbnailUrl":"https:\/\/advancedmro.com\/es\/wp-content\/uploads\/2023\/06\/EM11042-57-Baldor-2.jpg","datePublished":"2023-06-30T23:45:03+00:00","dateModified":"2023-06-30T23:47:54+00:00","description":"EM11042-57 Motores Super-E\u00ae M\u00e9tricos IEC TEFC en Tijuana- Totalmente Cerrado, Enfriado por Ventilador -Montado en Pie; Montaje F2; 230\/400 y 400 Voltios; Trif\u00e1sico; 4 - 200 kW","breadcrumb":{"@id":"http:\/\/advancedmro.com\/es\/producto\/em11042-57-baldor-tijuana\/#breadcrumb"},"inLanguage":"es","potentialAction":[{"@type":"ReadAction","target":["http:\/\/advancedmro.com\/es\/producto\/em11042-57-baldor-tijuana\/"]}]},{"@type":"ImageObject","inLanguage":"es","@id":"http:\/\/advancedmro.com\/es\/producto\/em11042-57-baldor-tijuana\/#primaryimage","url":"https:\/\/advancedmro.com\/es\/wp-content\/uploads\/2023\/06\/EM11042-57-Baldor-2.jpg","contentUrl":"https:\/\/advancedmro.com\/es\/wp-content\/uploads\/2023\/06\/EM11042-57-Baldor-2.jpg","width":400,"height":305,"caption":"EM11042-57 Baldor"},{"@type":"BreadcrumbList","@id":"http:\/\/advancedmro.com\/es\/producto\/em11042-57-baldor-tijuana\/#breadcrumb","itemListElement":[{"@type":"ListItem","position":1,"name":"Home","item":"http:\/\/advancedmro.com\/es\/"},{"@type":"ListItem","position":2,"name":"Productos","item":"https:\/\/advancedmro.com\/es\/productos\/"},{"@type":"ListItem","position":3,"name":"EM11042-57 Baldor"}]},{"@type":"WebSite","@id":"http:\/\/advancedmro.com\/es\/#website","url":"http:\/\/advancedmro.com\/es\/","name":"Advanced MRO","description":"Reduciendo Costos Y Aumentando La Calidad Y Rendimiento","potentialAction":[{"@type":"SearchAction","target":{"@type":"EntryPoint","urlTemplate":"http:\/\/advancedmro.com\/es\/?s={search_term_string}"},"query-input":{"@type":"PropertyValueSpecification","valueRequired":true,"valueName":"search_term_string"}}],"inLanguage":"es"}]}},"_links":{"self":[{"href":"https:\/\/advancedmro.com\/es\/wp-json\/wp\/v2\/product\/744","targetHints":{"allow":["GET"]}}],"collection":[{"href":"https:\/\/advancedmro.com\/es\/wp-json\/wp\/v2\/product"}],"about":[{"href":"https:\/\/advancedmro.com\/es\/wp-json\/wp\/v2\/types\/product"}],"replies":[{"embeddable":true,"href":"https:\/\/advancedmro.com\/es\/wp-json\/wp\/v2\/comments?post=744"}],"wp:featuredmedia":[{"embeddable":true,"href":"https:\/\/advancedmro.com\/es\/wp-json\/wp\/v2\/media\/746"}],"wp:attachment":[{"href":"https:\/\/advancedmro.com\/es\/wp-json\/wp\/v2\/media?parent=744"}],"wp:term":[{"taxonomy":"product_brand","embeddable":true,"href":"https:\/\/advancedmro.com\/es\/wp-json\/wp\/v2\/product_brand?post=744"},{"taxonomy":"product_cat","embeddable":true,"href":"https:\/\/advancedmro.com\/es\/wp-json\/wp\/v2\/product_cat?post=744"},{"taxonomy":"product_tag","embeddable":true,"href":"https:\/\/advancedmro.com\/es\/wp-json\/wp\/v2\/product_tag?post=744"}],"curies":[{"name":"wp","href":"https:\/\/api.w.org\/{rel}","templated":true}]}}