{"id":690,"date":"2020-07-29T04:40:24","date_gmt":"2020-07-29T04:40:24","guid":{"rendered":"http:\/\/advancedmro.com\/es\/?post_type=product&#038;p=690"},"modified":"2020-07-29T04:40:24","modified_gmt":"2020-07-29T04:40:24","slug":"careta-con-lentes-en-tijuana","status":"publish","type":"product","link":"https:\/\/advancedmro.com\/es\/producto\/careta-con-lentes-en-tijuana\/","title":{"rendered":"Careta Con Lentes Integrados"},"content":{"rendered":"<p><strong>Caracteristicas:\u00a0<\/strong><\/p>\n<p><strong>Reutilizable:<\/strong> El visor se puede limpiar f\u00e1cilmente con agua, pero se recomienda limpiarlo con desinfecci\u00f3n con alcohol.<\/p>\n<p><strong>Antifog<\/strong>: El material transparente, fabricado con PVC s\u00faper transparente (cloruro de polivinilo) proporciona la m\u00e1xima visibilidad y evita que la niebla cubra su vista. Durable y pr\u00e1ctico.<\/p>\n<p><strong>Dise\u00f1o Inteligente:<\/strong> El dise\u00f1o elevado en la parte del puente nasal mantiene la careta alejada de la cara.<\/p>\n<p><strong>Proteccion Inegral:<\/strong> el protector facial envolvente cubre su cara al m\u00e1ximo cubriendo el \u00e1rea desde la parte superior de la ceja hasta el ment\u00f3n. Protege los ojos y la cara de la saliva, las gotas, los aerosoles, las salpicaduras, los rayos ultravioleta, el viento, el polen, los aerosoles y los desechos voladores.<\/p>\n<p>&nbsp;<\/p>\n<p>\u00abEl uso de una careta facial con lentes es tambi\u00e9n es un recordatorio para mantener el distanciamiento social, pero permite la visibilidad de las expresiones faciales y los movimientos de los labios para la percepci\u00f3n del habla\u00bb, escribieron los investigadores. Sugieren que los protectores faciales podr\u00edan ayudar a reducir la cantidad de infecciones por COVID-19 cuando los usuarios tambi\u00e9n practican el distanciamiento social y la buena higiene de las manos, y cuando existe un mayor acceso a las pruebas para el virus.<\/p>\n<p>Sin embargo, no todos los expertos est\u00e1n de acuerdo en que los protectores faciales son mejores que las m\u00e1scaras faciales. El especialista en enfermedades infecciosas Bruce Polsky, MD, presidente de medicina en el Hospital Winthrop de la NYU, dice que como EPP para los trabajadores de la salud, siempre se usa un protector facial adem\u00e1s de una m\u00e1scara facial, y no es un sustituto de uno. \u00abSon particularmente importantes en situaciones para trabajadores de la salud donde existe el riesgo de propagaci\u00f3n de la enfermedad en aerosol y el distanciamiento social no es posible\u00bb.<\/p>\n<p>&nbsp;<\/p>\n","protected":false},"excerpt":{"rendered":"<p>Caracteristicas:\u00a0 Reutilizable: El visor se puede limpiar f\u00e1cilmente con agua, pero se recomienda limpiarlo con desinfecci\u00f3n con alcohol. Antifog: El material transparente, fabricado con PVC s\u00faper transparente (cloruro de polivinilo) proporciona la m\u00e1xima visibilidad y evita que la niebla cubra su vista. Durable y pr\u00e1ctico. Dise\u00f1o Inteligente: El dise\u00f1o elevado en la parte del puente [&hellip;]<\/p>\n","protected":false},"featured_media":691,"comment_status":"open","ping_status":"closed","template":"","meta":[],"product_brand":[],"product_cat":[169],"product_tag":[186],"class_list":{"0":"post-690","1":"product","2":"type-product","3":"status-publish","4":"has-post-thumbnail","6":"product_cat-productos-de-seguridad","7":"product_tag-careta-con-lentes-en-tijuana","8":"post","9":"post-with-thumbnail","10":"post-with-thumbnail-large","12":"first","13":"instock","14":"shipping-taxable","15":"product-type-simple"},"yoast_head":"<!-- This site is optimized with the Yoast SEO Premium plugin v26.4 (Yoast SEO v26.9) - https:\/\/yoast.com\/product\/yoast-seo-premium-wordpress\/ -->\n<title>Careta Con Lentes Integrados en Tijuana - Advanced MRO<\/title>\n<meta name=\"description\" content=\"Careta protectora con lentes en Tijuana. Llamanos hoy al 664 449 4205. Careta con lente reutilizable al mejor precio! Protegete ante el covid 19.\" \/>\n<meta name=\"robots\" content=\"index, follow, max-snippet:-1, max-image-preview:large, max-video-preview:-1\" \/>\n<link rel=\"canonical\" href=\"http:\/\/advancedmro.com\/es\/producto\/careta-con-lentes-en-tijuana\/\" \/>\n<meta property=\"og:locale\" content=\"es_ES\" \/>\n<meta property=\"og:type\" content=\"article\" \/>\n<meta property=\"og:title\" content=\"Careta Con Lentes Integrados\" \/>\n<meta property=\"og:description\" content=\"Careta protectora con lentes en Tijuana. Llamanos hoy al 664 449 4205. Careta con lente reutilizable al mejor precio! Protegete ante el covid 19.\" \/>\n<meta property=\"og:url\" content=\"http:\/\/advancedmro.com\/es\/producto\/careta-con-lentes-en-tijuana\/\" \/>\n<meta property=\"og:site_name\" content=\"Advanced MRO\" \/>\n<meta property=\"og:image\" content=\"http:\/\/advancedmro.com\/es\/wp-content\/uploads\/2020\/07\/careta-protectora-lentes-tijuana.jpg\" \/>\n\t<meta property=\"og:image:width\" content=\"1200\" \/>\n\t<meta property=\"og:image:height\" content=\"900\" \/>\n\t<meta property=\"og:image:type\" content=\"image\/jpeg\" \/>\n<meta name=\"twitter:label1\" content=\"Tiempo de lectura\" \/>\n\t<meta name=\"twitter:data1\" content=\"2 minutos\" \/>\n<script type=\"application\/ld+json\" class=\"yoast-schema-graph\">{\"@context\":\"https:\/\/schema.org\",\"@graph\":[{\"@type\":\"WebPage\",\"@id\":\"http:\/\/advancedmro.com\/es\/producto\/careta-con-lentes-en-tijuana\/\",\"url\":\"http:\/\/advancedmro.com\/es\/producto\/careta-con-lentes-en-tijuana\/\",\"name\":\"Careta Con Lentes Integrados en Tijuana - Advanced MRO\",\"isPartOf\":{\"@id\":\"http:\/\/advancedmro.com\/es\/#website\"},\"primaryImageOfPage\":{\"@id\":\"http:\/\/advancedmro.com\/es\/producto\/careta-con-lentes-en-tijuana\/#primaryimage\"},\"image\":{\"@id\":\"http:\/\/advancedmro.com\/es\/producto\/careta-con-lentes-en-tijuana\/#primaryimage\"},\"thumbnailUrl\":\"https:\/\/advancedmro.com\/es\/wp-content\/uploads\/2020\/07\/careta-protectora-lentes-tijuana.jpg\",\"datePublished\":\"2020-07-29T04:40:24+00:00\",\"description\":\"Careta protectora con lentes en Tijuana. Llamanos hoy al 664 449 4205. Careta con lente reutilizable al mejor precio! Protegete ante el covid 19.\",\"breadcrumb\":{\"@id\":\"http:\/\/advancedmro.com\/es\/producto\/careta-con-lentes-en-tijuana\/#breadcrumb\"},\"inLanguage\":\"es\",\"potentialAction\":[{\"@type\":\"ReadAction\",\"target\":[\"http:\/\/advancedmro.com\/es\/producto\/careta-con-lentes-en-tijuana\/\"]}]},{\"@type\":\"ImageObject\",\"inLanguage\":\"es\",\"@id\":\"http:\/\/advancedmro.com\/es\/producto\/careta-con-lentes-en-tijuana\/#primaryimage\",\"url\":\"https:\/\/advancedmro.com\/es\/wp-content\/uploads\/2020\/07\/careta-protectora-lentes-tijuana.jpg\",\"contentUrl\":\"https:\/\/advancedmro.com\/es\/wp-content\/uploads\/2020\/07\/careta-protectora-lentes-tijuana.jpg\",\"width\":1200,\"height\":900},{\"@type\":\"BreadcrumbList\",\"@id\":\"http:\/\/advancedmro.com\/es\/producto\/careta-con-lentes-en-tijuana\/#breadcrumb\",\"itemListElement\":[{\"@type\":\"ListItem\",\"position\":1,\"name\":\"Home\",\"item\":\"http:\/\/advancedmro.com\/es\/\"},{\"@type\":\"ListItem\",\"position\":2,\"name\":\"Productos\",\"item\":\"https:\/\/advancedmro.com\/es\/productos\/\"},{\"@type\":\"ListItem\",\"position\":3,\"name\":\"Careta Con Lentes Integrados\"}]},{\"@type\":\"WebSite\",\"@id\":\"http:\/\/advancedmro.com\/es\/#website\",\"url\":\"http:\/\/advancedmro.com\/es\/\",\"name\":\"Advanced MRO\",\"description\":\"Reduciendo Costos Y Aumentando La Calidad Y Rendimiento\",\"potentialAction\":[{\"@type\":\"SearchAction\",\"target\":{\"@type\":\"EntryPoint\",\"urlTemplate\":\"http:\/\/advancedmro.com\/es\/?s={search_term_string}\"},\"query-input\":{\"@type\":\"PropertyValueSpecification\",\"valueRequired\":true,\"valueName\":\"search_term_string\"}}],\"inLanguage\":\"es\"}]}<\/script>\n<!-- \/ Yoast SEO Premium plugin. -->","yoast_head_json":{"title":"Careta Con Lentes Integrados en Tijuana - Advanced MRO","description":"Careta protectora con lentes en Tijuana. Llamanos hoy al 664 449 4205. Careta con lente reutilizable al mejor precio! Protegete ante el covid 19.","robots":{"index":"index","follow":"follow","max-snippet":"max-snippet:-1","max-image-preview":"max-image-preview:large","max-video-preview":"max-video-preview:-1"},"canonical":"http:\/\/advancedmro.com\/es\/producto\/careta-con-lentes-en-tijuana\/","og_locale":"es_ES","og_type":"article","og_title":"Careta Con Lentes Integrados","og_description":"Careta protectora con lentes en Tijuana. Llamanos hoy al 664 449 4205. Careta con lente reutilizable al mejor precio! Protegete ante el covid 19.","og_url":"http:\/\/advancedmro.com\/es\/producto\/careta-con-lentes-en-tijuana\/","og_site_name":"Advanced MRO","og_image":[{"width":1200,"height":900,"url":"http:\/\/advancedmro.com\/es\/wp-content\/uploads\/2020\/07\/careta-protectora-lentes-tijuana.jpg","type":"image\/jpeg"}],"twitter_misc":{"Tiempo de lectura":"2 minutos"},"schema":{"@context":"https:\/\/schema.org","@graph":[{"@type":"WebPage","@id":"http:\/\/advancedmro.com\/es\/producto\/careta-con-lentes-en-tijuana\/","url":"http:\/\/advancedmro.com\/es\/producto\/careta-con-lentes-en-tijuana\/","name":"Careta Con Lentes Integrados en Tijuana - Advanced MRO","isPartOf":{"@id":"http:\/\/advancedmro.com\/es\/#website"},"primaryImageOfPage":{"@id":"http:\/\/advancedmro.com\/es\/producto\/careta-con-lentes-en-tijuana\/#primaryimage"},"image":{"@id":"http:\/\/advancedmro.com\/es\/producto\/careta-con-lentes-en-tijuana\/#primaryimage"},"thumbnailUrl":"https:\/\/advancedmro.com\/es\/wp-content\/uploads\/2020\/07\/careta-protectora-lentes-tijuana.jpg","datePublished":"2020-07-29T04:40:24+00:00","description":"Careta protectora con lentes en Tijuana. Llamanos hoy al 664 449 4205. Careta con lente reutilizable al mejor precio! Protegete ante el covid 19.","breadcrumb":{"@id":"http:\/\/advancedmro.com\/es\/producto\/careta-con-lentes-en-tijuana\/#breadcrumb"},"inLanguage":"es","potentialAction":[{"@type":"ReadAction","target":["http:\/\/advancedmro.com\/es\/producto\/careta-con-lentes-en-tijuana\/"]}]},{"@type":"ImageObject","inLanguage":"es","@id":"http:\/\/advancedmro.com\/es\/producto\/careta-con-lentes-en-tijuana\/#primaryimage","url":"https:\/\/advancedmro.com\/es\/wp-content\/uploads\/2020\/07\/careta-protectora-lentes-tijuana.jpg","contentUrl":"https:\/\/advancedmro.com\/es\/wp-content\/uploads\/2020\/07\/careta-protectora-lentes-tijuana.jpg","width":1200,"height":900},{"@type":"BreadcrumbList","@id":"http:\/\/advancedmro.com\/es\/producto\/careta-con-lentes-en-tijuana\/#breadcrumb","itemListElement":[{"@type":"ListItem","position":1,"name":"Home","item":"http:\/\/advancedmro.com\/es\/"},{"@type":"ListItem","position":2,"name":"Productos","item":"https:\/\/advancedmro.com\/es\/productos\/"},{"@type":"ListItem","position":3,"name":"Careta Con Lentes Integrados"}]},{"@type":"WebSite","@id":"http:\/\/advancedmro.com\/es\/#website","url":"http:\/\/advancedmro.com\/es\/","name":"Advanced MRO","description":"Reduciendo Costos Y Aumentando La Calidad Y Rendimiento","potentialAction":[{"@type":"SearchAction","target":{"@type":"EntryPoint","urlTemplate":"http:\/\/advancedmro.com\/es\/?s={search_term_string}"},"query-input":{"@type":"PropertyValueSpecification","valueRequired":true,"valueName":"search_term_string"}}],"inLanguage":"es"}]}},"_links":{"self":[{"href":"https:\/\/advancedmro.com\/es\/wp-json\/wp\/v2\/product\/690","targetHints":{"allow":["GET"]}}],"collection":[{"href":"https:\/\/advancedmro.com\/es\/wp-json\/wp\/v2\/product"}],"about":[{"href":"https:\/\/advancedmro.com\/es\/wp-json\/wp\/v2\/types\/product"}],"replies":[{"embeddable":true,"href":"https:\/\/advancedmro.com\/es\/wp-json\/wp\/v2\/comments?post=690"}],"wp:featuredmedia":[{"embeddable":true,"href":"https:\/\/advancedmro.com\/es\/wp-json\/wp\/v2\/media\/691"}],"wp:attachment":[{"href":"https:\/\/advancedmro.com\/es\/wp-json\/wp\/v2\/media?parent=690"}],"wp:term":[{"taxonomy":"product_brand","embeddable":true,"href":"https:\/\/advancedmro.com\/es\/wp-json\/wp\/v2\/product_brand?post=690"},{"taxonomy":"product_cat","embeddable":true,"href":"https:\/\/advancedmro.com\/es\/wp-json\/wp\/v2\/product_cat?post=690"},{"taxonomy":"product_tag","embeddable":true,"href":"https:\/\/advancedmro.com\/es\/wp-json\/wp\/v2\/product_tag?post=690"}],"curies":[{"name":"wp","href":"https:\/\/api.w.org\/{rel}","templated":true}]}}