{"id":686,"date":"2020-07-29T04:05:25","date_gmt":"2020-07-29T04:05:25","guid":{"rendered":"http:\/\/advancedmro.com\/es\/?post_type=product&#038;p=686"},"modified":"2020-07-29T04:08:51","modified_gmt":"2020-07-29T04:08:51","slug":"caretas-protectoras-en-tijuana","status":"publish","type":"product","link":"https:\/\/advancedmro.com\/es\/producto\/caretas-protectoras-en-tijuana\/","title":{"rendered":"Caretas Protectoras"},"content":{"rendered":"<p>En las \u00faltimas semanas ha habido una mayor discusi\u00f3n sobre el uso potencial de las caretas protectoras faciales como una herramienta para ayudar a prevenir nuevos picos en las infecciones de Covid-19.<\/p>\n<p>Las caretas protectoras son visores faciales de pl\u00e1stico que proporcionan protecci\u00f3n facial completa. Este tipo de cobertura facial puede desempe\u00f1ar un papel importante en la lucha contra el virus, pero hay una serie de ideas err\u00f3neas sobre c\u00f3mo funcionan.<\/p>\n<p>Los protectores faciales proporcionan un alto nivel de protecci\u00f3n para el usuario. Dado que cubren toda la cara, la boca, la nariz y los ojos, se impide que un alto porcentaje de part\u00edculas virales lleguen al usuario. La careta protectora es posiblemente la mejor para proteger contra la tos y los estornudos. (Sin embargo, como lo han demostrado los estudios, las gotas virales, particularmente las peque\u00f1as part\u00edculas del habla en el aire, pueden permanecer en el aire por un per\u00edodo de tiempo y estas part\u00edculas pueden ser absorbidas alrededor de la careta facial).<\/p>\n<p><img loading=\"lazy\" decoding=\"async\" class=\"wp-image-688 alignleft\" src=\"http:\/\/advancedmro.com\/es\/wp-content\/uploads\/2020\/07\/careta-protectora-tijuana-face-shield.jpg\" alt=\"Caretas Protectora en Tijuana\" width=\"369\" height=\"371\" srcset=\"https:\/\/advancedmro.com\/es\/wp-content\/uploads\/2020\/07\/careta-protectora-tijuana-face-shield.jpg 1018w, https:\/\/advancedmro.com\/es\/wp-content\/uploads\/2020\/07\/careta-protectora-tijuana-face-shield-298x300.jpg 298w, https:\/\/advancedmro.com\/es\/wp-content\/uploads\/2020\/07\/careta-protectora-tijuana-face-shield-150x150.jpg 150w, https:\/\/advancedmro.com\/es\/wp-content\/uploads\/2020\/07\/careta-protectora-tijuana-face-shield-768x773.jpg 768w, https:\/\/advancedmro.com\/es\/wp-content\/uploads\/2020\/07\/careta-protectora-tijuana-face-shield-238x238.jpg 238w, https:\/\/advancedmro.com\/es\/wp-content\/uploads\/2020\/07\/careta-protectora-tijuana-face-shield-300x302.jpg 300w, https:\/\/advancedmro.com\/es\/wp-content\/uploads\/2020\/07\/careta-protectora-tijuana-face-shield-100x100.jpg 100w\" sizes=\"auto, (max-width: 369px) 100vw, 369px\" \/><\/p>\n<p>Por lo tanto, las caretas faciales pueden ser herramientas muy \u00fatiles para aquellos que se enfrentan a un contacto muy regular, muy cerca, con otros, por ejemplo, en entornos m\u00e9dicos. Tambi\u00e9n tienen un gran valor en profesiones donde la comunicaci\u00f3n no verbal a trav\u00e9s de expresiones faciales es importante, como la ense\u00f1anza. Podr\u00edan ser valiosos para brindar protecci\u00f3n y confianza a los maestros, permiti\u00e9ndoles regresar a un ambiente de clase.<\/p>\n<p>Por esta raz\u00f3n, recomendamos que se adquieran caretas protectoras faciales y se suministren a grupos clave como maestros, trabajadores de la salud, personal de servicios de emergencia, trabajadores de transporte y aquellos que trabajan en la industria maquiladora.<\/p>\n<p>Su uso tambi\u00e9n debe fomentarse en entornos del sector privado como el comercio minorista, el ocio y la hospitalidad.<\/p>\n<p>Recomendamos al p\u00fablico que se proteja\u00a0 la cara cuando este en grupos grandes y donde no es posible el distanciamiento social.<\/p>\n","protected":false},"excerpt":{"rendered":"<p>En las \u00faltimas semanas ha habido una mayor discusi\u00f3n sobre el uso potencial de las caretas protectoras faciales como una herramienta para ayudar a prevenir nuevos picos en las infecciones de Covid-19. Las caretas protectoras son visores faciales de pl\u00e1stico que proporcionan protecci\u00f3n facial completa. Este tipo de cobertura facial puede desempe\u00f1ar un papel importante [&hellip;]<\/p>\n","protected":false},"featured_media":687,"comment_status":"open","ping_status":"closed","template":"","meta":[],"product_brand":[],"product_cat":[169],"product_tag":[185,184],"class_list":{"0":"post-686","1":"product","2":"type-product","3":"status-publish","4":"has-post-thumbnail","6":"product_cat-productos-de-seguridad","7":"product_tag-careta-protectora-en-tijuana","8":"product_tag-caretas-protectoras-tijuana","9":"post","10":"post-with-thumbnail","11":"post-with-thumbnail-large","13":"first","14":"instock","15":"shipping-taxable","16":"product-type-simple"},"yoast_head":"<!-- This site is optimized with the Yoast SEO Premium plugin v26.4 (Yoast SEO v26.9) - https:\/\/yoast.com\/product\/yoast-seo-premium-wordpress\/ -->\n<title>Caretas Protectoras en Tijuana - Advanced MRO<\/title>\n<meta name=\"description\" content=\"Caretas protectoras en Tijuana. Llamanos al 664 449 4205. En inventario al mejor precio. La careta protectora Covid 19 de la mejor calidad del Mercado .\" \/>\n<meta name=\"robots\" content=\"index, follow, max-snippet:-1, max-image-preview:large, max-video-preview:-1\" \/>\n<link rel=\"canonical\" href=\"http:\/\/advancedmro.com\/es\/producto\/caretas-protectoras-en-tijuana\/\" \/>\n<meta property=\"og:locale\" content=\"es_ES\" \/>\n<meta property=\"og:type\" content=\"article\" \/>\n<meta property=\"og:title\" content=\"Caretas Protectoras\" \/>\n<meta property=\"og:description\" content=\"Caretas protectoras en Tijuana. Llamanos al 664 449 4205. En inventario al mejor precio. La careta protectora Covid 19 de la mejor calidad del Mercado .\" \/>\n<meta property=\"og:url\" content=\"http:\/\/advancedmro.com\/es\/producto\/caretas-protectoras-en-tijuana\/\" \/>\n<meta property=\"og:site_name\" content=\"Advanced MRO\" \/>\n<meta property=\"article:modified_time\" content=\"2020-07-29T04:08:51+00:00\" \/>\n<meta property=\"og:image\" content=\"http:\/\/advancedmro.com\/es\/wp-content\/uploads\/2020\/07\/careta-protectora-en-Tijuana.jpg\" \/>\n\t<meta property=\"og:image:width\" content=\"585\" \/>\n\t<meta property=\"og:image:height\" content=\"585\" \/>\n\t<meta property=\"og:image:type\" content=\"image\/jpeg\" \/>\n<meta name=\"twitter:label1\" content=\"Tiempo de lectura\" \/>\n\t<meta name=\"twitter:data1\" content=\"2 minutos\" \/>\n<script type=\"application\/ld+json\" class=\"yoast-schema-graph\">{\"@context\":\"https:\/\/schema.org\",\"@graph\":[{\"@type\":\"WebPage\",\"@id\":\"http:\/\/advancedmro.com\/es\/producto\/caretas-protectoras-en-tijuana\/\",\"url\":\"http:\/\/advancedmro.com\/es\/producto\/caretas-protectoras-en-tijuana\/\",\"name\":\"Caretas Protectoras en Tijuana - Advanced MRO\",\"isPartOf\":{\"@id\":\"http:\/\/advancedmro.com\/es\/#website\"},\"primaryImageOfPage\":{\"@id\":\"http:\/\/advancedmro.com\/es\/producto\/caretas-protectoras-en-tijuana\/#primaryimage\"},\"image\":{\"@id\":\"http:\/\/advancedmro.com\/es\/producto\/caretas-protectoras-en-tijuana\/#primaryimage\"},\"thumbnailUrl\":\"https:\/\/advancedmro.com\/es\/wp-content\/uploads\/2020\/07\/careta-protectora-en-Tijuana.jpg\",\"datePublished\":\"2020-07-29T04:05:25+00:00\",\"dateModified\":\"2020-07-29T04:08:51+00:00\",\"description\":\"Caretas protectoras en Tijuana. Llamanos al 664 449 4205. En inventario al mejor precio. La careta protectora Covid 19 de la mejor calidad del Mercado .\",\"breadcrumb\":{\"@id\":\"http:\/\/advancedmro.com\/es\/producto\/caretas-protectoras-en-tijuana\/#breadcrumb\"},\"inLanguage\":\"es\",\"potentialAction\":[{\"@type\":\"ReadAction\",\"target\":[\"http:\/\/advancedmro.com\/es\/producto\/caretas-protectoras-en-tijuana\/\"]}]},{\"@type\":\"ImageObject\",\"inLanguage\":\"es\",\"@id\":\"http:\/\/advancedmro.com\/es\/producto\/caretas-protectoras-en-tijuana\/#primaryimage\",\"url\":\"https:\/\/advancedmro.com\/es\/wp-content\/uploads\/2020\/07\/careta-protectora-en-Tijuana.jpg\",\"contentUrl\":\"https:\/\/advancedmro.com\/es\/wp-content\/uploads\/2020\/07\/careta-protectora-en-Tijuana.jpg\",\"width\":585,\"height\":585},{\"@type\":\"BreadcrumbList\",\"@id\":\"http:\/\/advancedmro.com\/es\/producto\/caretas-protectoras-en-tijuana\/#breadcrumb\",\"itemListElement\":[{\"@type\":\"ListItem\",\"position\":1,\"name\":\"Home\",\"item\":\"http:\/\/advancedmro.com\/es\/\"},{\"@type\":\"ListItem\",\"position\":2,\"name\":\"Productos\",\"item\":\"https:\/\/advancedmro.com\/es\/productos\/\"},{\"@type\":\"ListItem\",\"position\":3,\"name\":\"Caretas Protectoras\"}]},{\"@type\":\"WebSite\",\"@id\":\"http:\/\/advancedmro.com\/es\/#website\",\"url\":\"http:\/\/advancedmro.com\/es\/\",\"name\":\"Advanced MRO\",\"description\":\"Reduciendo Costos Y Aumentando La Calidad Y Rendimiento\",\"potentialAction\":[{\"@type\":\"SearchAction\",\"target\":{\"@type\":\"EntryPoint\",\"urlTemplate\":\"http:\/\/advancedmro.com\/es\/?s={search_term_string}\"},\"query-input\":{\"@type\":\"PropertyValueSpecification\",\"valueRequired\":true,\"valueName\":\"search_term_string\"}}],\"inLanguage\":\"es\"}]}<\/script>\n<!-- \/ Yoast SEO Premium plugin. -->","yoast_head_json":{"title":"Caretas Protectoras en Tijuana - Advanced MRO","description":"Caretas protectoras en Tijuana. Llamanos al 664 449 4205. En inventario al mejor precio. La careta protectora Covid 19 de la mejor calidad del Mercado .","robots":{"index":"index","follow":"follow","max-snippet":"max-snippet:-1","max-image-preview":"max-image-preview:large","max-video-preview":"max-video-preview:-1"},"canonical":"http:\/\/advancedmro.com\/es\/producto\/caretas-protectoras-en-tijuana\/","og_locale":"es_ES","og_type":"article","og_title":"Caretas Protectoras","og_description":"Caretas protectoras en Tijuana. Llamanos al 664 449 4205. En inventario al mejor precio. La careta protectora Covid 19 de la mejor calidad del Mercado .","og_url":"http:\/\/advancedmro.com\/es\/producto\/caretas-protectoras-en-tijuana\/","og_site_name":"Advanced MRO","article_modified_time":"2020-07-29T04:08:51+00:00","og_image":[{"width":585,"height":585,"url":"http:\/\/advancedmro.com\/es\/wp-content\/uploads\/2020\/07\/careta-protectora-en-Tijuana.jpg","type":"image\/jpeg"}],"twitter_misc":{"Tiempo de lectura":"2 minutos"},"schema":{"@context":"https:\/\/schema.org","@graph":[{"@type":"WebPage","@id":"http:\/\/advancedmro.com\/es\/producto\/caretas-protectoras-en-tijuana\/","url":"http:\/\/advancedmro.com\/es\/producto\/caretas-protectoras-en-tijuana\/","name":"Caretas Protectoras en Tijuana - Advanced MRO","isPartOf":{"@id":"http:\/\/advancedmro.com\/es\/#website"},"primaryImageOfPage":{"@id":"http:\/\/advancedmro.com\/es\/producto\/caretas-protectoras-en-tijuana\/#primaryimage"},"image":{"@id":"http:\/\/advancedmro.com\/es\/producto\/caretas-protectoras-en-tijuana\/#primaryimage"},"thumbnailUrl":"https:\/\/advancedmro.com\/es\/wp-content\/uploads\/2020\/07\/careta-protectora-en-Tijuana.jpg","datePublished":"2020-07-29T04:05:25+00:00","dateModified":"2020-07-29T04:08:51+00:00","description":"Caretas protectoras en Tijuana. Llamanos al 664 449 4205. En inventario al mejor precio. La careta protectora Covid 19 de la mejor calidad del Mercado .","breadcrumb":{"@id":"http:\/\/advancedmro.com\/es\/producto\/caretas-protectoras-en-tijuana\/#breadcrumb"},"inLanguage":"es","potentialAction":[{"@type":"ReadAction","target":["http:\/\/advancedmro.com\/es\/producto\/caretas-protectoras-en-tijuana\/"]}]},{"@type":"ImageObject","inLanguage":"es","@id":"http:\/\/advancedmro.com\/es\/producto\/caretas-protectoras-en-tijuana\/#primaryimage","url":"https:\/\/advancedmro.com\/es\/wp-content\/uploads\/2020\/07\/careta-protectora-en-Tijuana.jpg","contentUrl":"https:\/\/advancedmro.com\/es\/wp-content\/uploads\/2020\/07\/careta-protectora-en-Tijuana.jpg","width":585,"height":585},{"@type":"BreadcrumbList","@id":"http:\/\/advancedmro.com\/es\/producto\/caretas-protectoras-en-tijuana\/#breadcrumb","itemListElement":[{"@type":"ListItem","position":1,"name":"Home","item":"http:\/\/advancedmro.com\/es\/"},{"@type":"ListItem","position":2,"name":"Productos","item":"https:\/\/advancedmro.com\/es\/productos\/"},{"@type":"ListItem","position":3,"name":"Caretas Protectoras"}]},{"@type":"WebSite","@id":"http:\/\/advancedmro.com\/es\/#website","url":"http:\/\/advancedmro.com\/es\/","name":"Advanced MRO","description":"Reduciendo Costos Y Aumentando La Calidad Y Rendimiento","potentialAction":[{"@type":"SearchAction","target":{"@type":"EntryPoint","urlTemplate":"http:\/\/advancedmro.com\/es\/?s={search_term_string}"},"query-input":{"@type":"PropertyValueSpecification","valueRequired":true,"valueName":"search_term_string"}}],"inLanguage":"es"}]}},"_links":{"self":[{"href":"https:\/\/advancedmro.com\/es\/wp-json\/wp\/v2\/product\/686","targetHints":{"allow":["GET"]}}],"collection":[{"href":"https:\/\/advancedmro.com\/es\/wp-json\/wp\/v2\/product"}],"about":[{"href":"https:\/\/advancedmro.com\/es\/wp-json\/wp\/v2\/types\/product"}],"replies":[{"embeddable":true,"href":"https:\/\/advancedmro.com\/es\/wp-json\/wp\/v2\/comments?post=686"}],"wp:featuredmedia":[{"embeddable":true,"href":"https:\/\/advancedmro.com\/es\/wp-json\/wp\/v2\/media\/687"}],"wp:attachment":[{"href":"https:\/\/advancedmro.com\/es\/wp-json\/wp\/v2\/media?parent=686"}],"wp:term":[{"taxonomy":"product_brand","embeddable":true,"href":"https:\/\/advancedmro.com\/es\/wp-json\/wp\/v2\/product_brand?post=686"},{"taxonomy":"product_cat","embeddable":true,"href":"https:\/\/advancedmro.com\/es\/wp-json\/wp\/v2\/product_cat?post=686"},{"taxonomy":"product_tag","embeddable":true,"href":"https:\/\/advancedmro.com\/es\/wp-json\/wp\/v2\/product_tag?post=686"}],"curies":[{"name":"wp","href":"https:\/\/api.w.org\/{rel}","templated":true}]}}