{"id":562,"date":"2019-05-03T21:34:36","date_gmt":"2019-05-03T21:34:36","guid":{"rendered":"http:\/\/advancedmro.com\/es\/?post_type=product&#038;p=562"},"modified":"2019-05-03T21:34:37","modified_gmt":"2019-05-03T21:34:37","slug":"henkel-377-hot-melt-adhesive-euromelt","status":"publish","type":"product","link":"https:\/\/advancedmro.com\/es\/producto\/henkel-377-hot-melt-adhesive-euromelt\/","title":{"rendered":"HENKEL 377 Hot Melt Adhesive EUROMELT"},"content":{"rendered":"<p>El TECHNOMELT 1408023 es un adhesivo amarillo de fusi\u00f3n en caliente. Es ideal para una amplia variedad de aplicaciones industriales.<\/p>\n<p>Caracter\u00edsticas de TECHNOMELT 1408023:<br \/>\nMarca: TECHNOMELT\u00ae<br \/>\nSerie: 377<br \/>\nTipo de producto: adhesivo de fusi\u00f3n en caliente<br \/>\nColor amarillo<br \/>\nColor primario: amarillo<br \/>\nForma f\u00edsica: S\u00f3lido<br \/>\nMedida de viscosidad: 600 a 1000cP<br \/>\nContenido de VOCs: 0.00%<br \/>\nTemperatura de fusi\u00f3n: 176 \u00b0 F<br \/>\nComposici\u00f3n qu\u00edmica: \u00e9ster de colofonia, dilatos (petr\u00f3leo), naft\u00e9nico pesado tratado con hidr\u00f3geno, aceite mineral blanco (petr\u00f3leo), resina de hidrocarburos de petr\u00f3leo altamente refinada<br \/>\nGravedad espec\u00edfica: 0.99<br \/>\nOlor: suave<br \/>\nTemperatura m\u00e1xima de funcionamiento: + 325 \u00b0 F<br \/>\nTemperatura de funcionamiento m\u00ednima: + 250 \u00b0 F<br \/>\nAplicaciones: Etiquetado<\/p>\n","protected":false},"excerpt":{"rendered":"<p>El TECHNOMELT 1408023 es un adhesivo amarillo de fusi\u00f3n en caliente. Es ideal para una amplia variedad de aplicaciones industriales. Caracter\u00edsticas de TECHNOMELT 1408023: Marca: TECHNOMELT\u00ae Serie: 377 Tipo de producto: adhesivo de fusi\u00f3n en caliente Color amarillo Color primario: amarillo Forma f\u00edsica: S\u00f3lido Medida de viscosidad: 600 a 1000cP Contenido de VOCs: 0.00% Temperatura [&hellip;]<\/p>\n","protected":false},"featured_media":563,"comment_status":"open","ping_status":"closed","template":"","meta":[],"product_brand":[],"product_cat":[54],"product_tag":[173,174],"class_list":{"0":"post-562","1":"product","2":"type-product","3":"status-publish","4":"has-post-thumbnail","6":"product_cat-productos-henkel","7":"product_tag-henkel-377-hot-melt","8":"product_tag-henkel-377-hot-melt-tijuana","9":"post","10":"post-with-thumbnail","11":"post-with-thumbnail-large","13":"first","14":"instock","15":"shipping-taxable","16":"product-type-simple"},"yoast_head":"<!-- This site is optimized with the Yoast SEO Premium plugin v26.4 (Yoast SEO v26.9) - https:\/\/yoast.com\/product\/yoast-seo-premium-wordpress\/ -->\n<title>HENKEL 377 Hot Melt Adhesive EUROMELT - Advanced MRO Tijuana<\/title>\n<meta name=\"description\" content=\"Ideal para una amplia variedad de aplicaciones industriales. Henkel 377 en Tijuana a el mejor precio del mercado. Llamanos al 664 449 4205\" \/>\n<meta name=\"robots\" content=\"index, follow, max-snippet:-1, max-image-preview:large, max-video-preview:-1\" \/>\n<link rel=\"canonical\" href=\"https:\/\/advancedmro.com\/es\/producto\/henkel-377-hot-melt-adhesive-euromelt\/\" \/>\n<meta property=\"og:locale\" content=\"es_ES\" \/>\n<meta property=\"og:type\" content=\"article\" \/>\n<meta property=\"og:title\" content=\"HENKEL 377 Hot Melt Adhesive EUROMELT\" \/>\n<meta property=\"og:description\" content=\"Ideal para una amplia variedad de aplicaciones industriales. Henkel 377 en Tijuana a el mejor precio del mercado. Llamanos al 664 449 4205\" \/>\n<meta property=\"og:url\" content=\"https:\/\/advancedmro.com\/es\/producto\/henkel-377-hot-melt-adhesive-euromelt\/\" \/>\n<meta property=\"og:site_name\" content=\"Advanced MRO\" \/>\n<meta property=\"article:modified_time\" content=\"2019-05-03T21:34:37+00:00\" \/>\n<meta property=\"og:image\" content=\"https:\/\/advancedmro.com\/es\/wp-content\/uploads\/2019\/05\/hot-melt-tijuana.jpg\" \/>\n\t<meta property=\"og:image:width\" content=\"1500\" \/>\n\t<meta property=\"og:image:height\" content=\"1500\" \/>\n\t<meta property=\"og:image:type\" content=\"image\/jpeg\" \/>\n<meta name=\"twitter:label1\" content=\"Tiempo de lectura\" \/>\n\t<meta name=\"twitter:data1\" content=\"1 minuto\" \/>\n<script type=\"application\/ld+json\" class=\"yoast-schema-graph\">{\"@context\":\"https:\/\/schema.org\",\"@graph\":[{\"@type\":\"WebPage\",\"@id\":\"https:\/\/advancedmro.com\/es\/producto\/henkel-377-hot-melt-adhesive-euromelt\/\",\"url\":\"https:\/\/advancedmro.com\/es\/producto\/henkel-377-hot-melt-adhesive-euromelt\/\",\"name\":\"HENKEL 377 Hot Melt Adhesive EUROMELT - Advanced MRO Tijuana\",\"isPartOf\":{\"@id\":\"http:\/\/advancedmro.com\/es\/#website\"},\"primaryImageOfPage\":{\"@id\":\"https:\/\/advancedmro.com\/es\/producto\/henkel-377-hot-melt-adhesive-euromelt\/#primaryimage\"},\"image\":{\"@id\":\"https:\/\/advancedmro.com\/es\/producto\/henkel-377-hot-melt-adhesive-euromelt\/#primaryimage\"},\"thumbnailUrl\":\"https:\/\/advancedmro.com\/es\/wp-content\/uploads\/2019\/05\/hot-melt-tijuana.jpg\",\"datePublished\":\"2019-05-03T21:34:36+00:00\",\"dateModified\":\"2019-05-03T21:34:37+00:00\",\"description\":\"Ideal para una amplia variedad de aplicaciones industriales. Henkel 377 en Tijuana a el mejor precio del mercado. Llamanos al 664 449 4205\",\"breadcrumb\":{\"@id\":\"https:\/\/advancedmro.com\/es\/producto\/henkel-377-hot-melt-adhesive-euromelt\/#breadcrumb\"},\"inLanguage\":\"es\",\"potentialAction\":[{\"@type\":\"ReadAction\",\"target\":[\"https:\/\/advancedmro.com\/es\/producto\/henkel-377-hot-melt-adhesive-euromelt\/\"]}]},{\"@type\":\"ImageObject\",\"inLanguage\":\"es\",\"@id\":\"https:\/\/advancedmro.com\/es\/producto\/henkel-377-hot-melt-adhesive-euromelt\/#primaryimage\",\"url\":\"https:\/\/advancedmro.com\/es\/wp-content\/uploads\/2019\/05\/hot-melt-tijuana.jpg\",\"contentUrl\":\"https:\/\/advancedmro.com\/es\/wp-content\/uploads\/2019\/05\/hot-melt-tijuana.jpg\",\"width\":1500,\"height\":1500},{\"@type\":\"BreadcrumbList\",\"@id\":\"https:\/\/advancedmro.com\/es\/producto\/henkel-377-hot-melt-adhesive-euromelt\/#breadcrumb\",\"itemListElement\":[{\"@type\":\"ListItem\",\"position\":1,\"name\":\"Home\",\"item\":\"http:\/\/advancedmro.com\/es\/\"},{\"@type\":\"ListItem\",\"position\":2,\"name\":\"Productos\",\"item\":\"https:\/\/advancedmro.com\/es\/productos\/\"},{\"@type\":\"ListItem\",\"position\":3,\"name\":\"HENKEL 377 Hot Melt Adhesive EUROMELT\"}]},{\"@type\":\"WebSite\",\"@id\":\"http:\/\/advancedmro.com\/es\/#website\",\"url\":\"http:\/\/advancedmro.com\/es\/\",\"name\":\"Advanced MRO\",\"description\":\"Reduciendo Costos Y Aumentando La Calidad Y Rendimiento\",\"potentialAction\":[{\"@type\":\"SearchAction\",\"target\":{\"@type\":\"EntryPoint\",\"urlTemplate\":\"http:\/\/advancedmro.com\/es\/?s={search_term_string}\"},\"query-input\":{\"@type\":\"PropertyValueSpecification\",\"valueRequired\":true,\"valueName\":\"search_term_string\"}}],\"inLanguage\":\"es\"}]}<\/script>\n<!-- \/ Yoast SEO Premium plugin. -->","yoast_head_json":{"title":"HENKEL 377 Hot Melt Adhesive EUROMELT - Advanced MRO Tijuana","description":"Ideal para una amplia variedad de aplicaciones industriales. Henkel 377 en Tijuana a el mejor precio del mercado. Llamanos al 664 449 4205","robots":{"index":"index","follow":"follow","max-snippet":"max-snippet:-1","max-image-preview":"max-image-preview:large","max-video-preview":"max-video-preview:-1"},"canonical":"https:\/\/advancedmro.com\/es\/producto\/henkel-377-hot-melt-adhesive-euromelt\/","og_locale":"es_ES","og_type":"article","og_title":"HENKEL 377 Hot Melt Adhesive EUROMELT","og_description":"Ideal para una amplia variedad de aplicaciones industriales. Henkel 377 en Tijuana a el mejor precio del mercado. Llamanos al 664 449 4205","og_url":"https:\/\/advancedmro.com\/es\/producto\/henkel-377-hot-melt-adhesive-euromelt\/","og_site_name":"Advanced MRO","article_modified_time":"2019-05-03T21:34:37+00:00","og_image":[{"width":1500,"height":1500,"url":"https:\/\/advancedmro.com\/es\/wp-content\/uploads\/2019\/05\/hot-melt-tijuana.jpg","type":"image\/jpeg"}],"twitter_misc":{"Tiempo de lectura":"1 minuto"},"schema":{"@context":"https:\/\/schema.org","@graph":[{"@type":"WebPage","@id":"https:\/\/advancedmro.com\/es\/producto\/henkel-377-hot-melt-adhesive-euromelt\/","url":"https:\/\/advancedmro.com\/es\/producto\/henkel-377-hot-melt-adhesive-euromelt\/","name":"HENKEL 377 Hot Melt Adhesive EUROMELT - Advanced MRO Tijuana","isPartOf":{"@id":"http:\/\/advancedmro.com\/es\/#website"},"primaryImageOfPage":{"@id":"https:\/\/advancedmro.com\/es\/producto\/henkel-377-hot-melt-adhesive-euromelt\/#primaryimage"},"image":{"@id":"https:\/\/advancedmro.com\/es\/producto\/henkel-377-hot-melt-adhesive-euromelt\/#primaryimage"},"thumbnailUrl":"https:\/\/advancedmro.com\/es\/wp-content\/uploads\/2019\/05\/hot-melt-tijuana.jpg","datePublished":"2019-05-03T21:34:36+00:00","dateModified":"2019-05-03T21:34:37+00:00","description":"Ideal para una amplia variedad de aplicaciones industriales. Henkel 377 en Tijuana a el mejor precio del mercado. Llamanos al 664 449 4205","breadcrumb":{"@id":"https:\/\/advancedmro.com\/es\/producto\/henkel-377-hot-melt-adhesive-euromelt\/#breadcrumb"},"inLanguage":"es","potentialAction":[{"@type":"ReadAction","target":["https:\/\/advancedmro.com\/es\/producto\/henkel-377-hot-melt-adhesive-euromelt\/"]}]},{"@type":"ImageObject","inLanguage":"es","@id":"https:\/\/advancedmro.com\/es\/producto\/henkel-377-hot-melt-adhesive-euromelt\/#primaryimage","url":"https:\/\/advancedmro.com\/es\/wp-content\/uploads\/2019\/05\/hot-melt-tijuana.jpg","contentUrl":"https:\/\/advancedmro.com\/es\/wp-content\/uploads\/2019\/05\/hot-melt-tijuana.jpg","width":1500,"height":1500},{"@type":"BreadcrumbList","@id":"https:\/\/advancedmro.com\/es\/producto\/henkel-377-hot-melt-adhesive-euromelt\/#breadcrumb","itemListElement":[{"@type":"ListItem","position":1,"name":"Home","item":"http:\/\/advancedmro.com\/es\/"},{"@type":"ListItem","position":2,"name":"Productos","item":"https:\/\/advancedmro.com\/es\/productos\/"},{"@type":"ListItem","position":3,"name":"HENKEL 377 Hot Melt Adhesive EUROMELT"}]},{"@type":"WebSite","@id":"http:\/\/advancedmro.com\/es\/#website","url":"http:\/\/advancedmro.com\/es\/","name":"Advanced MRO","description":"Reduciendo Costos Y Aumentando La Calidad Y Rendimiento","potentialAction":[{"@type":"SearchAction","target":{"@type":"EntryPoint","urlTemplate":"http:\/\/advancedmro.com\/es\/?s={search_term_string}"},"query-input":{"@type":"PropertyValueSpecification","valueRequired":true,"valueName":"search_term_string"}}],"inLanguage":"es"}]}},"_links":{"self":[{"href":"https:\/\/advancedmro.com\/es\/wp-json\/wp\/v2\/product\/562","targetHints":{"allow":["GET"]}}],"collection":[{"href":"https:\/\/advancedmro.com\/es\/wp-json\/wp\/v2\/product"}],"about":[{"href":"https:\/\/advancedmro.com\/es\/wp-json\/wp\/v2\/types\/product"}],"replies":[{"embeddable":true,"href":"https:\/\/advancedmro.com\/es\/wp-json\/wp\/v2\/comments?post=562"}],"wp:featuredmedia":[{"embeddable":true,"href":"https:\/\/advancedmro.com\/es\/wp-json\/wp\/v2\/media\/563"}],"wp:attachment":[{"href":"https:\/\/advancedmro.com\/es\/wp-json\/wp\/v2\/media?parent=562"}],"wp:term":[{"taxonomy":"product_brand","embeddable":true,"href":"https:\/\/advancedmro.com\/es\/wp-json\/wp\/v2\/product_brand?post=562"},{"taxonomy":"product_cat","embeddable":true,"href":"https:\/\/advancedmro.com\/es\/wp-json\/wp\/v2\/product_cat?post=562"},{"taxonomy":"product_tag","embeddable":true,"href":"https:\/\/advancedmro.com\/es\/wp-json\/wp\/v2\/product_tag?post=562"}],"curies":[{"name":"wp","href":"https:\/\/api.w.org\/{rel}","templated":true}]}}