{"id":542,"date":"2018-06-20T00:07:20","date_gmt":"2018-06-20T00:07:20","guid":{"rendered":"http:\/\/advancedmro.com\/es\/?post_type=product&#038;p=542"},"modified":"2018-06-20T00:10:43","modified_gmt":"2018-06-20T00:10:43","slug":"ventiladores-industriales-tijuana","status":"publish","type":"product","link":"https:\/\/advancedmro.com\/es\/producto\/ventiladores-industriales-tijuana\/","title":{"rendered":"Ventiladores Industriales Tijuana"},"content":{"rendered":"<p>Ventiladores Industriales de piso, pared, tambor, y pedestal.<\/p>\n<p>&nbsp;<\/p>\n<p><img loading=\"lazy\" decoding=\"async\" class=\"size-full wp-image-543 alignleft\" src=\"http:\/\/advancedmro.com\/es\/wp-content\/uploads\/2018\/06\/ventilador-industrial.jpg\" alt=\"\" width=\"500\" height=\"500\" srcset=\"https:\/\/advancedmro.com\/es\/wp-content\/uploads\/2018\/06\/ventilador-industrial.jpg 500w, https:\/\/advancedmro.com\/es\/wp-content\/uploads\/2018\/06\/ventilador-industrial-150x150.jpg 150w, https:\/\/advancedmro.com\/es\/wp-content\/uploads\/2018\/06\/ventilador-industrial-300x300.jpg 300w, https:\/\/advancedmro.com\/es\/wp-content\/uploads\/2018\/06\/ventilador-industrial-100x100.jpg 100w\" sizes=\"auto, (max-width: 500px) 100vw, 500px\" \/><\/p>\n<p>&nbsp;<\/p>\n<p>&nbsp;<\/p>\n<p>Los ventiladores y sopladores industriales son m\u00e1quinas cuya funci\u00f3n principal es proporcionar y acomodar un gran flujo de aire o gas a varias partes de un edificio u otras estructuras. Esto se logra girando varias hojas, conectadas a un cubo y eje, y accionadas por un motor o una turbina. Las velocidades de flujo de estos ventiladores mec\u00e1nicos van desde aproximadamente 200 pies c\u00fabicos (5.7 m3) a 2,000,000 pies c\u00fabicos (57,000 m3) por minuto. Un soplador es otro nombre para un ventilador que opera donde la resistencia al flujo se encuentra principalmente en el lado descendente del ventilador.<\/p>\n<p>&nbsp;<\/p>\n<p>&nbsp;<\/p>\n<p>&nbsp;<\/p>\n<p>&nbsp;<\/p>\n<p>&nbsp;<\/p>\n<p>&nbsp;<\/p>\n<p>&nbsp;<\/p>\n<p>&nbsp;<\/p>\n<p>&nbsp;<\/p>\n<p>&nbsp;<\/p>\n<p>&nbsp;<\/p>\n<p><iframe loading=\"lazy\" src=\"https:\/\/www.youtube.com\/embed\/FbHtx0j59VU\" width=\"560\" height=\"315\" frameborder=\"0\" allowfullscreen=\"allowfullscreen\"><\/iframe><\/p>\n","protected":false},"excerpt":{"rendered":"<p>Ventiladores Industriales de piso, pared, tambor, y pedestal. &nbsp; &nbsp; &nbsp; Los ventiladores y sopladores industriales son m\u00e1quinas cuya funci\u00f3n principal es proporcionar y acomodar un gran flujo de aire o gas a varias partes de un edificio u otras estructuras. Esto se logra girando varias hojas, conectadas a un cubo y eje, y accionadas [&hellip;]<\/p>\n","protected":false},"featured_media":545,"comment_status":"open","ping_status":"closed","template":"","meta":[],"product_brand":[],"product_cat":[158],"product_tag":[160,159],"class_list":{"0":"post-542","1":"product","2":"type-product","3":"status-publish","4":"has-post-thumbnail","6":"product_cat-ventiladores-industriales","7":"product_tag-ventilador-industrial","8":"product_tag-ventiladores-industriales-tijuana","9":"post","10":"post-with-thumbnail","11":"post-with-thumbnail-large","13":"first","14":"instock","15":"shipping-taxable","16":"product-type-simple"},"yoast_head":"<!-- This site is optimized with the Yoast SEO Premium plugin v26.4 (Yoast SEO v26.9) - https:\/\/yoast.com\/product\/yoast-seo-premium-wordpress\/ -->\n<title>Ventiladores Industriales - Advanced MRO Tijuana<\/title>\n<meta name=\"description\" content=\"Ventiladores Industriales de pared, pedestal, tambor y de piso al mejor precio del mercado. Llamanos hoy en Tijuana al (664) 449-4205\" \/>\n<meta name=\"robots\" content=\"index, follow, max-snippet:-1, max-image-preview:large, max-video-preview:-1\" \/>\n<link rel=\"canonical\" href=\"https:\/\/advancedmro.com\/es\/producto\/ventiladores-industriales-tijuana\/\" \/>\n<meta property=\"og:locale\" content=\"es_ES\" \/>\n<meta property=\"og:type\" content=\"article\" \/>\n<meta property=\"og:title\" content=\"Ventiladores Industriales Tijuana\" \/>\n<meta property=\"og:description\" content=\"Ventiladores Industriales de pared, pedestal, tambor y de piso al mejor precio del mercado. Llamanos hoy en Tijuana al (664) 449-4205\" \/>\n<meta property=\"og:url\" content=\"https:\/\/advancedmro.com\/es\/producto\/ventiladores-industriales-tijuana\/\" \/>\n<meta property=\"og:site_name\" content=\"Advanced MRO\" \/>\n<meta property=\"article:modified_time\" content=\"2018-06-20T00:10:43+00:00\" \/>\n<meta property=\"og:image\" content=\"https:\/\/advancedmro.com\/es\/wp-content\/uploads\/2018\/06\/Ventilador-Industrial-Tijuana.png\" \/>\n\t<meta property=\"og:image:width\" content=\"902\" \/>\n\t<meta property=\"og:image:height\" content=\"921\" \/>\n\t<meta property=\"og:image:type\" content=\"image\/png\" \/>\n<meta name=\"twitter:label1\" content=\"Tiempo de lectura\" \/>\n\t<meta name=\"twitter:data1\" content=\"1 minuto\" \/>\n<script type=\"application\/ld+json\" class=\"yoast-schema-graph\">{\"@context\":\"https:\/\/schema.org\",\"@graph\":[{\"@type\":\"WebPage\",\"@id\":\"https:\/\/advancedmro.com\/es\/producto\/ventiladores-industriales-tijuana\/\",\"url\":\"https:\/\/advancedmro.com\/es\/producto\/ventiladores-industriales-tijuana\/\",\"name\":\"Ventiladores Industriales - Advanced MRO Tijuana\",\"isPartOf\":{\"@id\":\"http:\/\/advancedmro.com\/es\/#website\"},\"primaryImageOfPage\":{\"@id\":\"https:\/\/advancedmro.com\/es\/producto\/ventiladores-industriales-tijuana\/#primaryimage\"},\"image\":{\"@id\":\"https:\/\/advancedmro.com\/es\/producto\/ventiladores-industriales-tijuana\/#primaryimage\"},\"thumbnailUrl\":\"https:\/\/advancedmro.com\/es\/wp-content\/uploads\/2018\/06\/Ventilador-Industrial-Tijuana.png\",\"datePublished\":\"2018-06-20T00:07:20+00:00\",\"dateModified\":\"2018-06-20T00:10:43+00:00\",\"description\":\"Ventiladores Industriales de pared, pedestal, tambor y de piso al mejor precio del mercado. Llamanos hoy en Tijuana al (664) 449-4205\",\"breadcrumb\":{\"@id\":\"https:\/\/advancedmro.com\/es\/producto\/ventiladores-industriales-tijuana\/#breadcrumb\"},\"inLanguage\":\"es\",\"potentialAction\":[{\"@type\":\"ReadAction\",\"target\":[\"https:\/\/advancedmro.com\/es\/producto\/ventiladores-industriales-tijuana\/\"]}]},{\"@type\":\"ImageObject\",\"inLanguage\":\"es\",\"@id\":\"https:\/\/advancedmro.com\/es\/producto\/ventiladores-industriales-tijuana\/#primaryimage\",\"url\":\"https:\/\/advancedmro.com\/es\/wp-content\/uploads\/2018\/06\/Ventilador-Industrial-Tijuana.png\",\"contentUrl\":\"https:\/\/advancedmro.com\/es\/wp-content\/uploads\/2018\/06\/Ventilador-Industrial-Tijuana.png\",\"width\":\"902\",\"height\":\"921\"},{\"@type\":\"BreadcrumbList\",\"@id\":\"https:\/\/advancedmro.com\/es\/producto\/ventiladores-industriales-tijuana\/#breadcrumb\",\"itemListElement\":[{\"@type\":\"ListItem\",\"position\":1,\"name\":\"Home\",\"item\":\"http:\/\/advancedmro.com\/es\/\"},{\"@type\":\"ListItem\",\"position\":2,\"name\":\"Productos\",\"item\":\"https:\/\/advancedmro.com\/es\/productos\/\"},{\"@type\":\"ListItem\",\"position\":3,\"name\":\"Ventiladores Industriales Tijuana\"}]},{\"@type\":\"WebSite\",\"@id\":\"http:\/\/advancedmro.com\/es\/#website\",\"url\":\"http:\/\/advancedmro.com\/es\/\",\"name\":\"Advanced MRO\",\"description\":\"Reduciendo Costos Y Aumentando La Calidad Y Rendimiento\",\"potentialAction\":[{\"@type\":\"SearchAction\",\"target\":{\"@type\":\"EntryPoint\",\"urlTemplate\":\"http:\/\/advancedmro.com\/es\/?s={search_term_string}\"},\"query-input\":{\"@type\":\"PropertyValueSpecification\",\"valueRequired\":true,\"valueName\":\"search_term_string\"}}],\"inLanguage\":\"es\"}]}<\/script>\n<!-- \/ Yoast SEO Premium plugin. -->","yoast_head_json":{"title":"Ventiladores Industriales - Advanced MRO Tijuana","description":"Ventiladores Industriales de pared, pedestal, tambor y de piso al mejor precio del mercado. Llamanos hoy en Tijuana al (664) 449-4205","robots":{"index":"index","follow":"follow","max-snippet":"max-snippet:-1","max-image-preview":"max-image-preview:large","max-video-preview":"max-video-preview:-1"},"canonical":"https:\/\/advancedmro.com\/es\/producto\/ventiladores-industriales-tijuana\/","og_locale":"es_ES","og_type":"article","og_title":"Ventiladores Industriales Tijuana","og_description":"Ventiladores Industriales de pared, pedestal, tambor y de piso al mejor precio del mercado. Llamanos hoy en Tijuana al (664) 449-4205","og_url":"https:\/\/advancedmro.com\/es\/producto\/ventiladores-industriales-tijuana\/","og_site_name":"Advanced MRO","article_modified_time":"2018-06-20T00:10:43+00:00","og_image":[{"width":902,"height":921,"url":"https:\/\/advancedmro.com\/es\/wp-content\/uploads\/2018\/06\/Ventilador-Industrial-Tijuana.png","type":"image\/png"}],"twitter_misc":{"Tiempo de lectura":"1 minuto"},"schema":{"@context":"https:\/\/schema.org","@graph":[{"@type":"WebPage","@id":"https:\/\/advancedmro.com\/es\/producto\/ventiladores-industriales-tijuana\/","url":"https:\/\/advancedmro.com\/es\/producto\/ventiladores-industriales-tijuana\/","name":"Ventiladores Industriales - Advanced MRO Tijuana","isPartOf":{"@id":"http:\/\/advancedmro.com\/es\/#website"},"primaryImageOfPage":{"@id":"https:\/\/advancedmro.com\/es\/producto\/ventiladores-industriales-tijuana\/#primaryimage"},"image":{"@id":"https:\/\/advancedmro.com\/es\/producto\/ventiladores-industriales-tijuana\/#primaryimage"},"thumbnailUrl":"https:\/\/advancedmro.com\/es\/wp-content\/uploads\/2018\/06\/Ventilador-Industrial-Tijuana.png","datePublished":"2018-06-20T00:07:20+00:00","dateModified":"2018-06-20T00:10:43+00:00","description":"Ventiladores Industriales de pared, pedestal, tambor y de piso al mejor precio del mercado. Llamanos hoy en Tijuana al (664) 449-4205","breadcrumb":{"@id":"https:\/\/advancedmro.com\/es\/producto\/ventiladores-industriales-tijuana\/#breadcrumb"},"inLanguage":"es","potentialAction":[{"@type":"ReadAction","target":["https:\/\/advancedmro.com\/es\/producto\/ventiladores-industriales-tijuana\/"]}]},{"@type":"ImageObject","inLanguage":"es","@id":"https:\/\/advancedmro.com\/es\/producto\/ventiladores-industriales-tijuana\/#primaryimage","url":"https:\/\/advancedmro.com\/es\/wp-content\/uploads\/2018\/06\/Ventilador-Industrial-Tijuana.png","contentUrl":"https:\/\/advancedmro.com\/es\/wp-content\/uploads\/2018\/06\/Ventilador-Industrial-Tijuana.png","width":"902","height":"921"},{"@type":"BreadcrumbList","@id":"https:\/\/advancedmro.com\/es\/producto\/ventiladores-industriales-tijuana\/#breadcrumb","itemListElement":[{"@type":"ListItem","position":1,"name":"Home","item":"http:\/\/advancedmro.com\/es\/"},{"@type":"ListItem","position":2,"name":"Productos","item":"https:\/\/advancedmro.com\/es\/productos\/"},{"@type":"ListItem","position":3,"name":"Ventiladores Industriales Tijuana"}]},{"@type":"WebSite","@id":"http:\/\/advancedmro.com\/es\/#website","url":"http:\/\/advancedmro.com\/es\/","name":"Advanced MRO","description":"Reduciendo Costos Y Aumentando La Calidad Y Rendimiento","potentialAction":[{"@type":"SearchAction","target":{"@type":"EntryPoint","urlTemplate":"http:\/\/advancedmro.com\/es\/?s={search_term_string}"},"query-input":{"@type":"PropertyValueSpecification","valueRequired":true,"valueName":"search_term_string"}}],"inLanguage":"es"}]}},"_links":{"self":[{"href":"https:\/\/advancedmro.com\/es\/wp-json\/wp\/v2\/product\/542","targetHints":{"allow":["GET"]}}],"collection":[{"href":"https:\/\/advancedmro.com\/es\/wp-json\/wp\/v2\/product"}],"about":[{"href":"https:\/\/advancedmro.com\/es\/wp-json\/wp\/v2\/types\/product"}],"replies":[{"embeddable":true,"href":"https:\/\/advancedmro.com\/es\/wp-json\/wp\/v2\/comments?post=542"}],"wp:featuredmedia":[{"embeddable":true,"href":"https:\/\/advancedmro.com\/es\/wp-json\/wp\/v2\/media\/545"}],"wp:attachment":[{"href":"https:\/\/advancedmro.com\/es\/wp-json\/wp\/v2\/media?parent=542"}],"wp:term":[{"taxonomy":"product_brand","embeddable":true,"href":"https:\/\/advancedmro.com\/es\/wp-json\/wp\/v2\/product_brand?post=542"},{"taxonomy":"product_cat","embeddable":true,"href":"https:\/\/advancedmro.com\/es\/wp-json\/wp\/v2\/product_cat?post=542"},{"taxonomy":"product_tag","embeddable":true,"href":"https:\/\/advancedmro.com\/es\/wp-json\/wp\/v2\/product_tag?post=542"}],"curies":[{"name":"wp","href":"https:\/\/api.w.org\/{rel}","templated":true}]}}