{"id":536,"date":"2018-06-08T17:18:27","date_gmt":"2018-06-08T17:18:27","guid":{"rendered":"http:\/\/advancedmro.com\/es\/?post_type=product&#038;p=536"},"modified":"2018-06-08T17:21:58","modified_gmt":"2018-06-08T17:21:58","slug":"filamento-3d-pla-3mm-carrete-de-1-kg","status":"publish","type":"product","link":"https:\/\/advancedmro.com\/es\/producto\/filamento-3d-pla-3mm-carrete-de-1-kg\/","title":{"rendered":"Filamento 3D PLA 3mm Carrete de 1 kg"},"content":{"rendered":"<p>Nuestro filamento 3D PLA 3mm (2.85mm) con carrete de 1kg fue desarrollado para ser el filamento m\u00e1s fuerte, f\u00e1cil de imprimir, m\u00e1s preciso y m\u00e1s confiable en el mercado hoy en d\u00eda. IMPACT PLA no es fr\u00e1gil como otros filamentos de PLA porque hemos incorporado una mezcla patentada de modificadores de impacto para un verdadero filamento de impresora 3D de alta resistencia.<\/p>\n<p>&nbsp;<\/p>\n<p><img loading=\"lazy\" decoding=\"async\" class=\"wp-image-538 alignleft\" src=\"http:\/\/advancedmro.com\/es\/wp-content\/uploads\/2018\/06\/Filamento-3D-PLA-2.85-mm-Tijuana.jpg\" alt=\"\" width=\"480\" height=\"270\" srcset=\"https:\/\/advancedmro.com\/es\/wp-content\/uploads\/2018\/06\/Filamento-3D-PLA-2.85-mm-Tijuana.jpg 900w, https:\/\/advancedmro.com\/es\/wp-content\/uploads\/2018\/06\/Filamento-3D-PLA-2.85-mm-Tijuana-300x169.jpg 300w, https:\/\/advancedmro.com\/es\/wp-content\/uploads\/2018\/06\/Filamento-3D-PLA-2.85-mm-Tijuana-768x432.jpg 768w, https:\/\/advancedmro.com\/es\/wp-content\/uploads\/2018\/06\/Filamento-3D-PLA-2.85-mm-Tijuana-600x337.jpg 600w\" sizes=\"auto, (max-width: 480px) 100vw, 480px\" \/><\/p>\n<ul>\n<li style=\"text-align: left;\">S\u00faper fuerte filamento para hacer piezas funcionales<\/li>\n<li style=\"text-align: left;\">Funciona en casi cualquier impresora 3D<\/li>\n<li style=\"text-align: left;\">Annealable para piezas a\u00fan m\u00e1s fuertes y mayor desviaci\u00f3n de calor<\/li>\n<li style=\"text-align: left;\">Cerca de voladizos perfectos y capas soportadas<\/li>\n<li style=\"text-align: left;\">Muy buena uni\u00f3n de capa<\/li>\n<li style=\"text-align: left;\">Resultados 100% consistentes<\/li>\n<li style=\"text-align: left;\">Muy f\u00e1cil de imprimir en cualquier impresora<\/li>\n<li style=\"text-align: left;\">Basado en Bio utilizando el pol\u00edmero NATW NatureWorks PLA<\/li>\n<li style=\"text-align: left;\">Hecho en los Estados Unidos<\/li>\n<\/ul>\n<p>&nbsp;<\/p>\n<p>&nbsp;<\/p>\n<p>&nbsp;<\/p>\n<h3>Como funciona la impresion PLA 3D<\/h3>\n<p><iframe loading=\"lazy\" src=\"https:\/\/www.youtube.com\/embed\/HHOY4TfdEF8\" width=\"560\" height=\"315\" frameborder=\"0\" allowfullscreen=\"allowfullscreen\"><\/iframe><\/p>\n<p>&nbsp;<\/p>\n","protected":false},"excerpt":{"rendered":"<p>Nuestro filamento 3D PLA 3mm (2.85mm) con carrete de 1kg fue desarrollado para ser el filamento m\u00e1s fuerte, f\u00e1cil de imprimir, m\u00e1s preciso y m\u00e1s confiable en el mercado hoy en d\u00eda. IMPACT PLA no es fr\u00e1gil como otros filamentos de PLA porque hemos incorporado una mezcla patentada de modificadores de impacto para un verdadero [&hellip;]<\/p>\n","protected":false},"featured_media":537,"comment_status":"open","ping_status":"closed","template":"","meta":[],"product_brand":[],"product_cat":[155],"product_tag":[157,156],"class_list":{"0":"post-536","1":"product","2":"type-product","3":"status-publish","4":"has-post-thumbnail","6":"product_cat-filamentos-3d-pla","7":"product_tag-filamentos-3d-pla-2-85mm-tijuana","8":"product_tag-filamentos-3d-pla-3mm","9":"post","10":"post-with-thumbnail","11":"post-with-thumbnail-large","13":"first","14":"instock","15":"shipping-taxable","16":"product-type-simple"},"yoast_head":"<!-- This site is optimized with the Yoast SEO Premium plugin v26.4 (Yoast SEO v26.9) - https:\/\/yoast.com\/product\/yoast-seo-premium-wordpress\/ -->\n<title>Filamento 3D PLA 3mm Carrete de 1 kg - Advanced MRO<\/title>\n<meta name=\"robots\" content=\"index, follow, max-snippet:-1, max-image-preview:large, max-video-preview:-1\" \/>\n<link rel=\"canonical\" href=\"http:\/\/advancedmro.com\/es\/producto\/filamento-3d-pla-3mm-carrete-de-1-kg\/\" \/>\n<meta property=\"og:locale\" content=\"es_ES\" \/>\n<meta property=\"og:type\" content=\"article\" \/>\n<meta property=\"og:title\" content=\"Filamento 3D PLA 3mm Carrete de 1 kg\" \/>\n<meta property=\"og:description\" content=\"Nuestro filamento 3D PLA 3mm (2.85mm) con carrete de 1kg fue desarrollado para ser el filamento m\u00e1s fuerte, f\u00e1cil de imprimir, m\u00e1s preciso y m\u00e1s confiable en el mercado hoy en d\u00eda. IMPACT PLA no es fr\u00e1gil como otros filamentos de PLA porque hemos incorporado una mezcla patentada de modificadores de impacto para un verdadero [&hellip;]\" \/>\n<meta property=\"og:url\" content=\"http:\/\/advancedmro.com\/es\/producto\/filamento-3d-pla-3mm-carrete-de-1-kg\/\" \/>\n<meta property=\"og:site_name\" content=\"Advanced MRO\" \/>\n<meta property=\"article:modified_time\" content=\"2018-06-08T17:21:58+00:00\" \/>\n<meta property=\"og:image\" content=\"http:\/\/advancedmro.com\/es\/wp-content\/uploads\/2018\/06\/Filamento-3D-PLA-3mm.jpg\" \/>\n\t<meta property=\"og:image:width\" content=\"907\" \/>\n\t<meta property=\"og:image:height\" content=\"907\" \/>\n\t<meta property=\"og:image:type\" content=\"image\/jpeg\" \/>\n<meta name=\"twitter:label1\" content=\"Tiempo de lectura\" \/>\n\t<meta name=\"twitter:data1\" content=\"1 minuto\" \/>\n<script type=\"application\/ld+json\" class=\"yoast-schema-graph\">{\"@context\":\"https:\/\/schema.org\",\"@graph\":[{\"@type\":\"WebPage\",\"@id\":\"http:\/\/advancedmro.com\/es\/producto\/filamento-3d-pla-3mm-carrete-de-1-kg\/\",\"url\":\"http:\/\/advancedmro.com\/es\/producto\/filamento-3d-pla-3mm-carrete-de-1-kg\/\",\"name\":\"Filamento 3D PLA 3mm Carrete de 1 kg - Advanced MRO\",\"isPartOf\":{\"@id\":\"http:\/\/advancedmro.com\/es\/#website\"},\"primaryImageOfPage\":{\"@id\":\"http:\/\/advancedmro.com\/es\/producto\/filamento-3d-pla-3mm-carrete-de-1-kg\/#primaryimage\"},\"image\":{\"@id\":\"http:\/\/advancedmro.com\/es\/producto\/filamento-3d-pla-3mm-carrete-de-1-kg\/#primaryimage\"},\"thumbnailUrl\":\"https:\/\/advancedmro.com\/es\/wp-content\/uploads\/2018\/06\/Filamento-3D-PLA-3mm.jpg\",\"datePublished\":\"2018-06-08T17:18:27+00:00\",\"dateModified\":\"2018-06-08T17:21:58+00:00\",\"breadcrumb\":{\"@id\":\"http:\/\/advancedmro.com\/es\/producto\/filamento-3d-pla-3mm-carrete-de-1-kg\/#breadcrumb\"},\"inLanguage\":\"es\",\"potentialAction\":[{\"@type\":\"ReadAction\",\"target\":[\"http:\/\/advancedmro.com\/es\/producto\/filamento-3d-pla-3mm-carrete-de-1-kg\/\"]}]},{\"@type\":\"ImageObject\",\"inLanguage\":\"es\",\"@id\":\"http:\/\/advancedmro.com\/es\/producto\/filamento-3d-pla-3mm-carrete-de-1-kg\/#primaryimage\",\"url\":\"https:\/\/advancedmro.com\/es\/wp-content\/uploads\/2018\/06\/Filamento-3D-PLA-3mm.jpg\",\"contentUrl\":\"https:\/\/advancedmro.com\/es\/wp-content\/uploads\/2018\/06\/Filamento-3D-PLA-3mm.jpg\",\"width\":\"907\",\"height\":\"907\",\"caption\":\"Filamentos 3D PLA Tijuana\"},{\"@type\":\"BreadcrumbList\",\"@id\":\"http:\/\/advancedmro.com\/es\/producto\/filamento-3d-pla-3mm-carrete-de-1-kg\/#breadcrumb\",\"itemListElement\":[{\"@type\":\"ListItem\",\"position\":1,\"name\":\"Home\",\"item\":\"http:\/\/advancedmro.com\/es\/\"},{\"@type\":\"ListItem\",\"position\":2,\"name\":\"Productos\",\"item\":\"https:\/\/advancedmro.com\/es\/productos\/\"},{\"@type\":\"ListItem\",\"position\":3,\"name\":\"Filamento 3D PLA 3mm Carrete de 1 kg\"}]},{\"@type\":\"WebSite\",\"@id\":\"http:\/\/advancedmro.com\/es\/#website\",\"url\":\"http:\/\/advancedmro.com\/es\/\",\"name\":\"Advanced MRO\",\"description\":\"Reduciendo Costos Y Aumentando La Calidad Y Rendimiento\",\"potentialAction\":[{\"@type\":\"SearchAction\",\"target\":{\"@type\":\"EntryPoint\",\"urlTemplate\":\"http:\/\/advancedmro.com\/es\/?s={search_term_string}\"},\"query-input\":{\"@type\":\"PropertyValueSpecification\",\"valueRequired\":true,\"valueName\":\"search_term_string\"}}],\"inLanguage\":\"es\"}]}<\/script>\n<!-- \/ Yoast SEO Premium plugin. -->","yoast_head_json":{"title":"Filamento 3D PLA 3mm Carrete de 1 kg - Advanced MRO","robots":{"index":"index","follow":"follow","max-snippet":"max-snippet:-1","max-image-preview":"max-image-preview:large","max-video-preview":"max-video-preview:-1"},"canonical":"http:\/\/advancedmro.com\/es\/producto\/filamento-3d-pla-3mm-carrete-de-1-kg\/","og_locale":"es_ES","og_type":"article","og_title":"Filamento 3D PLA 3mm Carrete de 1 kg","og_description":"Nuestro filamento 3D PLA 3mm (2.85mm) con carrete de 1kg fue desarrollado para ser el filamento m\u00e1s fuerte, f\u00e1cil de imprimir, m\u00e1s preciso y m\u00e1s confiable en el mercado hoy en d\u00eda. IMPACT PLA no es fr\u00e1gil como otros filamentos de PLA porque hemos incorporado una mezcla patentada de modificadores de impacto para un verdadero [&hellip;]","og_url":"http:\/\/advancedmro.com\/es\/producto\/filamento-3d-pla-3mm-carrete-de-1-kg\/","og_site_name":"Advanced MRO","article_modified_time":"2018-06-08T17:21:58+00:00","og_image":[{"width":907,"height":907,"url":"http:\/\/advancedmro.com\/es\/wp-content\/uploads\/2018\/06\/Filamento-3D-PLA-3mm.jpg","type":"image\/jpeg"}],"twitter_misc":{"Tiempo de lectura":"1 minuto"},"schema":{"@context":"https:\/\/schema.org","@graph":[{"@type":"WebPage","@id":"http:\/\/advancedmro.com\/es\/producto\/filamento-3d-pla-3mm-carrete-de-1-kg\/","url":"http:\/\/advancedmro.com\/es\/producto\/filamento-3d-pla-3mm-carrete-de-1-kg\/","name":"Filamento 3D PLA 3mm Carrete de 1 kg - Advanced MRO","isPartOf":{"@id":"http:\/\/advancedmro.com\/es\/#website"},"primaryImageOfPage":{"@id":"http:\/\/advancedmro.com\/es\/producto\/filamento-3d-pla-3mm-carrete-de-1-kg\/#primaryimage"},"image":{"@id":"http:\/\/advancedmro.com\/es\/producto\/filamento-3d-pla-3mm-carrete-de-1-kg\/#primaryimage"},"thumbnailUrl":"https:\/\/advancedmro.com\/es\/wp-content\/uploads\/2018\/06\/Filamento-3D-PLA-3mm.jpg","datePublished":"2018-06-08T17:18:27+00:00","dateModified":"2018-06-08T17:21:58+00:00","breadcrumb":{"@id":"http:\/\/advancedmro.com\/es\/producto\/filamento-3d-pla-3mm-carrete-de-1-kg\/#breadcrumb"},"inLanguage":"es","potentialAction":[{"@type":"ReadAction","target":["http:\/\/advancedmro.com\/es\/producto\/filamento-3d-pla-3mm-carrete-de-1-kg\/"]}]},{"@type":"ImageObject","inLanguage":"es","@id":"http:\/\/advancedmro.com\/es\/producto\/filamento-3d-pla-3mm-carrete-de-1-kg\/#primaryimage","url":"https:\/\/advancedmro.com\/es\/wp-content\/uploads\/2018\/06\/Filamento-3D-PLA-3mm.jpg","contentUrl":"https:\/\/advancedmro.com\/es\/wp-content\/uploads\/2018\/06\/Filamento-3D-PLA-3mm.jpg","width":"907","height":"907","caption":"Filamentos 3D PLA Tijuana"},{"@type":"BreadcrumbList","@id":"http:\/\/advancedmro.com\/es\/producto\/filamento-3d-pla-3mm-carrete-de-1-kg\/#breadcrumb","itemListElement":[{"@type":"ListItem","position":1,"name":"Home","item":"http:\/\/advancedmro.com\/es\/"},{"@type":"ListItem","position":2,"name":"Productos","item":"https:\/\/advancedmro.com\/es\/productos\/"},{"@type":"ListItem","position":3,"name":"Filamento 3D PLA 3mm Carrete de 1 kg"}]},{"@type":"WebSite","@id":"http:\/\/advancedmro.com\/es\/#website","url":"http:\/\/advancedmro.com\/es\/","name":"Advanced MRO","description":"Reduciendo Costos Y Aumentando La Calidad Y Rendimiento","potentialAction":[{"@type":"SearchAction","target":{"@type":"EntryPoint","urlTemplate":"http:\/\/advancedmro.com\/es\/?s={search_term_string}"},"query-input":{"@type":"PropertyValueSpecification","valueRequired":true,"valueName":"search_term_string"}}],"inLanguage":"es"}]}},"_links":{"self":[{"href":"https:\/\/advancedmro.com\/es\/wp-json\/wp\/v2\/product\/536","targetHints":{"allow":["GET"]}}],"collection":[{"href":"https:\/\/advancedmro.com\/es\/wp-json\/wp\/v2\/product"}],"about":[{"href":"https:\/\/advancedmro.com\/es\/wp-json\/wp\/v2\/types\/product"}],"replies":[{"embeddable":true,"href":"https:\/\/advancedmro.com\/es\/wp-json\/wp\/v2\/comments?post=536"}],"wp:featuredmedia":[{"embeddable":true,"href":"https:\/\/advancedmro.com\/es\/wp-json\/wp\/v2\/media\/537"}],"wp:attachment":[{"href":"https:\/\/advancedmro.com\/es\/wp-json\/wp\/v2\/media?parent=536"}],"wp:term":[{"taxonomy":"product_brand","embeddable":true,"href":"https:\/\/advancedmro.com\/es\/wp-json\/wp\/v2\/product_brand?post=536"},{"taxonomy":"product_cat","embeddable":true,"href":"https:\/\/advancedmro.com\/es\/wp-json\/wp\/v2\/product_cat?post=536"},{"taxonomy":"product_tag","embeddable":true,"href":"https:\/\/advancedmro.com\/es\/wp-json\/wp\/v2\/product_tag?post=536"}],"curies":[{"name":"wp","href":"https:\/\/api.w.org\/{rel}","templated":true}]}}