{"id":530,"date":"2018-05-25T17:07:15","date_gmt":"2018-05-25T17:07:15","guid":{"rendered":"http:\/\/advancedmro.com\/es\/?post_type=product&#038;p=530"},"modified":"2018-05-27T21:51:30","modified_gmt":"2018-05-27T21:51:30","slug":"bascula-avery-weigh-tronix-zk830","status":"publish","type":"product","link":"https:\/\/advancedmro.com\/es\/producto\/bascula-avery-weigh-tronix-zk830\/","title":{"rendered":"B\u00e1scula Avery Weigh Tronix ZK830"},"content":{"rendered":"<p>Las\u00a0b\u00e1sculas Avery Weigh Tronix \u00a0ZK830 son b\u00e1sculas digital Quartzell \u2122 de alta resoluci\u00f3n\u00a0que se puede configurar como una b\u00e1scula de conteo dedicada,\u00a0controladora de peso o un equilibrio de b\u00e1scula independiente.<br \/>\nLa combinaci\u00f3n \u00fanica de base e indicador modular\u00a0utiliza nuestra robusta base de banco BSQ Quartzell con hasta\u00a01 bill\u00f3n de resoluci\u00f3n de conteo interno y 1100% de proteccion de sobrecarga. La\u00a0\u00a0<a href=\"https:\/\/www.averyweigh-tronix.com\/products\/counting-scales\/ZK830-High-resolution-digital-counting-scale\/\">ZK830<\/a>, utiliza en una amplia\u00a0gama de aplicaciones y entornos industriales.<\/p>\n<p>Con la capacidad de contar una amplia gama de componentes,\u00a0de micro partes que pesan menos de 10 mg a muchos art\u00edculos m\u00e1s pesados, la ZK830 viene con rutinas de muestreo precisas, permitiendo hasta 99.75%\u00a0precisi\u00f3n de muestreo. La b\u00e1scula tiene un almacenamiento de datos de 40 PLU por pieza, un rango completo\u00a0de conectividad y la capacidad de vincularse en un segundo a plataforma remota.<\/p>\n<p><iframe loading=\"lazy\" src=\"https:\/\/www.youtube.com\/embed\/Djv8xEnQceM\" width=\"560\" height=\"315\" frameborder=\"0\" allowfullscreen=\"allowfullscreen\"><\/iframe><\/p>\n<h3>Caracter\u00edsticas clave<\/h3>\n<ul>\n<li>Sistema modular configurable: flexible para satisfacer las necesidades de su aplicaci\u00f3n<\/li>\n<li>Equipado con caracter\u00edsticas funcionales innovadoras, dise\u00f1ado pensando en el usuario<\/li>\n<li>Excelente precisi\u00f3n de muestreo<\/li>\n<li>100.000 divisiones, precisi\u00f3n legal para el comercio fuera de la caja repetible<\/li>\n<li>10,000 divisiones legales para el comercio<\/li>\n<li>1 bill\u00f3n de resoluci\u00f3n de conteo interno<\/li>\n<li>Recinto fuerte de base robusta con m\u00e1s de 1100% de protecci\u00f3n de sobrecarga<\/li>\n<li>Conectividad RS232, USB y Ethernet como est\u00e1ndar<\/li>\n<\/ul>\n<h3>Opci\u00f3n de doble base<\/h3>\n<p>Una opci\u00f3n de cambio de base ayuda a obtener la mejor precisi\u00f3n posible con b\u00e1sculas Avery Weigh Tronix \u00a0ZK830, al permitir que los elementos se muestreen en una base de menor capacidad, mientras que el conteo por lotes se realiza en una base de mayor capacidad. El cambio de base puede seleccionarse manualmente, pero para una velocidad \u00f3ptima, tambi\u00e9n se puede programar para que ocurra autom\u00e1ticamente.<\/p>\n","protected":false},"excerpt":{"rendered":"<p>Las\u00a0b\u00e1sculas Avery Weigh Tronix \u00a0ZK830 son b\u00e1sculas digital Quartzell \u2122 de alta resoluci\u00f3n\u00a0que se puede configurar como una b\u00e1scula de conteo dedicada,\u00a0controladora de peso o un equilibrio de b\u00e1scula independiente. La combinaci\u00f3n \u00fanica de base e indicador modular\u00a0utiliza nuestra robusta base de banco BSQ Quartzell con hasta\u00a01 bill\u00f3n de resoluci\u00f3n de conteo interno y 1100% [&hellip;]<\/p>\n","protected":false},"featured_media":531,"comment_status":"open","ping_status":"closed","template":"","meta":[],"product_brand":[],"product_cat":[149],"product_tag":[151,150,152],"class_list":{"0":"post-530","1":"product","2":"type-product","3":"status-publish","4":"has-post-thumbnail","6":"product_cat-basculas","7":"product_tag-avery-weigh-tronix-tijuana","8":"product_tag-bascula-avery-weigh-tronix-zk830","9":"product_tag-basculas-avery-weigh-tronix-tijuana","10":"post","11":"post-with-thumbnail","12":"post-with-thumbnail-large","14":"first","15":"instock","16":"shipping-taxable","17":"product-type-simple"},"yoast_head":"<!-- This site is optimized with the Yoast SEO Premium plugin v26.4 (Yoast SEO v26.9) - https:\/\/yoast.com\/product\/yoast-seo-premium-wordpress\/ -->\n<title>B\u00e1sculas Avery Weigh Tronix ZK830 - Advanced MRO Tijuana<\/title>\n<meta name=\"description\" content=\"Contamos con las basculas Avery Weight Tronix al mejor precio del mercado. La ZK830 combina una precisi\u00f3n, fiabilidad y robustez excepcionales en un solo dise\u00f1o. Llamanos hoy al 664 449 4205\" \/>\n<meta name=\"robots\" content=\"index, follow, max-snippet:-1, max-image-preview:large, max-video-preview:-1\" \/>\n<link rel=\"canonical\" href=\"http:\/\/advancedmro.com\/es\/producto\/bascula-avery-weigh-tronix-zk830\/\" \/>\n<meta property=\"og:locale\" content=\"es_ES\" \/>\n<meta property=\"og:type\" content=\"article\" \/>\n<meta property=\"og:title\" content=\"B\u00e1scula Avery Weigh Tronix ZK830\" \/>\n<meta property=\"og:description\" content=\"Contamos con las basculas Avery Weight Tronix al mejor precio del mercado. La ZK830 combina una precisi\u00f3n, fiabilidad y robustez excepcionales en un solo dise\u00f1o. Llamanos hoy al 664 449 4205\" \/>\n<meta property=\"og:url\" content=\"http:\/\/advancedmro.com\/es\/producto\/bascula-avery-weigh-tronix-zk830\/\" \/>\n<meta property=\"og:site_name\" content=\"Advanced MRO\" \/>\n<meta property=\"article:modified_time\" content=\"2018-05-27T21:51:30+00:00\" \/>\n<meta property=\"og:image\" content=\"http:\/\/advancedmro.com\/es\/wp-content\/uploads\/2018\/05\/Bascula-Avery-Weight-Tronix-ZK830.png\" \/>\n\t<meta property=\"og:image:width\" content=\"560\" \/>\n\t<meta property=\"og:image:height\" content=\"342\" \/>\n\t<meta property=\"og:image:type\" content=\"image\/png\" \/>\n<meta name=\"twitter:label1\" content=\"Tiempo de lectura\" \/>\n\t<meta name=\"twitter:data1\" content=\"2 minutos\" \/>\n<script type=\"application\/ld+json\" class=\"yoast-schema-graph\">{\"@context\":\"https:\/\/schema.org\",\"@graph\":[{\"@type\":\"WebPage\",\"@id\":\"http:\/\/advancedmro.com\/es\/producto\/bascula-avery-weigh-tronix-zk830\/\",\"url\":\"http:\/\/advancedmro.com\/es\/producto\/bascula-avery-weigh-tronix-zk830\/\",\"name\":\"B\u00e1sculas Avery Weigh Tronix ZK830 - Advanced MRO Tijuana\",\"isPartOf\":{\"@id\":\"http:\/\/advancedmro.com\/es\/#website\"},\"primaryImageOfPage\":{\"@id\":\"http:\/\/advancedmro.com\/es\/producto\/bascula-avery-weigh-tronix-zk830\/#primaryimage\"},\"image\":{\"@id\":\"http:\/\/advancedmro.com\/es\/producto\/bascula-avery-weigh-tronix-zk830\/#primaryimage\"},\"thumbnailUrl\":\"https:\/\/advancedmro.com\/es\/wp-content\/uploads\/2018\/05\/Bascula-Avery-Weight-Tronix-ZK830.png\",\"datePublished\":\"2018-05-25T17:07:15+00:00\",\"dateModified\":\"2018-05-27T21:51:30+00:00\",\"description\":\"Contamos con las basculas Avery Weight Tronix al mejor precio del mercado. La ZK830 combina una precisi\u00f3n, fiabilidad y robustez excepcionales en un solo dise\u00f1o. Llamanos hoy al 664 449 4205\",\"breadcrumb\":{\"@id\":\"http:\/\/advancedmro.com\/es\/producto\/bascula-avery-weigh-tronix-zk830\/#breadcrumb\"},\"inLanguage\":\"es\",\"potentialAction\":[{\"@type\":\"ReadAction\",\"target\":[\"http:\/\/advancedmro.com\/es\/producto\/bascula-avery-weigh-tronix-zk830\/\"]}]},{\"@type\":\"ImageObject\",\"inLanguage\":\"es\",\"@id\":\"http:\/\/advancedmro.com\/es\/producto\/bascula-avery-weigh-tronix-zk830\/#primaryimage\",\"url\":\"https:\/\/advancedmro.com\/es\/wp-content\/uploads\/2018\/05\/Bascula-Avery-Weight-Tronix-ZK830.png\",\"contentUrl\":\"https:\/\/advancedmro.com\/es\/wp-content\/uploads\/2018\/05\/Bascula-Avery-Weight-Tronix-ZK830.png\",\"width\":\"560\",\"height\":\"342\"},{\"@type\":\"BreadcrumbList\",\"@id\":\"http:\/\/advancedmro.com\/es\/producto\/bascula-avery-weigh-tronix-zk830\/#breadcrumb\",\"itemListElement\":[{\"@type\":\"ListItem\",\"position\":1,\"name\":\"Home\",\"item\":\"http:\/\/advancedmro.com\/es\/\"},{\"@type\":\"ListItem\",\"position\":2,\"name\":\"Productos\",\"item\":\"https:\/\/advancedmro.com\/es\/productos\/\"},{\"@type\":\"ListItem\",\"position\":3,\"name\":\"B\u00e1scula Avery Weigh Tronix ZK830\"}]},{\"@type\":\"WebSite\",\"@id\":\"http:\/\/advancedmro.com\/es\/#website\",\"url\":\"http:\/\/advancedmro.com\/es\/\",\"name\":\"Advanced MRO\",\"description\":\"Reduciendo Costos Y Aumentando La Calidad Y Rendimiento\",\"potentialAction\":[{\"@type\":\"SearchAction\",\"target\":{\"@type\":\"EntryPoint\",\"urlTemplate\":\"http:\/\/advancedmro.com\/es\/?s={search_term_string}\"},\"query-input\":{\"@type\":\"PropertyValueSpecification\",\"valueRequired\":true,\"valueName\":\"search_term_string\"}}],\"inLanguage\":\"es\"}]}<\/script>\n<!-- \/ Yoast SEO Premium plugin. -->","yoast_head_json":{"title":"B\u00e1sculas Avery Weigh Tronix ZK830 - Advanced MRO Tijuana","description":"Contamos con las basculas Avery Weight Tronix al mejor precio del mercado. La ZK830 combina una precisi\u00f3n, fiabilidad y robustez excepcionales en un solo dise\u00f1o. Llamanos hoy al 664 449 4205","robots":{"index":"index","follow":"follow","max-snippet":"max-snippet:-1","max-image-preview":"max-image-preview:large","max-video-preview":"max-video-preview:-1"},"canonical":"http:\/\/advancedmro.com\/es\/producto\/bascula-avery-weigh-tronix-zk830\/","og_locale":"es_ES","og_type":"article","og_title":"B\u00e1scula Avery Weigh Tronix ZK830","og_description":"Contamos con las basculas Avery Weight Tronix al mejor precio del mercado. La ZK830 combina una precisi\u00f3n, fiabilidad y robustez excepcionales en un solo dise\u00f1o. Llamanos hoy al 664 449 4205","og_url":"http:\/\/advancedmro.com\/es\/producto\/bascula-avery-weigh-tronix-zk830\/","og_site_name":"Advanced MRO","article_modified_time":"2018-05-27T21:51:30+00:00","og_image":[{"width":560,"height":342,"url":"http:\/\/advancedmro.com\/es\/wp-content\/uploads\/2018\/05\/Bascula-Avery-Weight-Tronix-ZK830.png","type":"image\/png"}],"twitter_misc":{"Tiempo de lectura":"2 minutos"},"schema":{"@context":"https:\/\/schema.org","@graph":[{"@type":"WebPage","@id":"http:\/\/advancedmro.com\/es\/producto\/bascula-avery-weigh-tronix-zk830\/","url":"http:\/\/advancedmro.com\/es\/producto\/bascula-avery-weigh-tronix-zk830\/","name":"B\u00e1sculas Avery Weigh Tronix ZK830 - Advanced MRO Tijuana","isPartOf":{"@id":"http:\/\/advancedmro.com\/es\/#website"},"primaryImageOfPage":{"@id":"http:\/\/advancedmro.com\/es\/producto\/bascula-avery-weigh-tronix-zk830\/#primaryimage"},"image":{"@id":"http:\/\/advancedmro.com\/es\/producto\/bascula-avery-weigh-tronix-zk830\/#primaryimage"},"thumbnailUrl":"https:\/\/advancedmro.com\/es\/wp-content\/uploads\/2018\/05\/Bascula-Avery-Weight-Tronix-ZK830.png","datePublished":"2018-05-25T17:07:15+00:00","dateModified":"2018-05-27T21:51:30+00:00","description":"Contamos con las basculas Avery Weight Tronix al mejor precio del mercado. La ZK830 combina una precisi\u00f3n, fiabilidad y robustez excepcionales en un solo dise\u00f1o. Llamanos hoy al 664 449 4205","breadcrumb":{"@id":"http:\/\/advancedmro.com\/es\/producto\/bascula-avery-weigh-tronix-zk830\/#breadcrumb"},"inLanguage":"es","potentialAction":[{"@type":"ReadAction","target":["http:\/\/advancedmro.com\/es\/producto\/bascula-avery-weigh-tronix-zk830\/"]}]},{"@type":"ImageObject","inLanguage":"es","@id":"http:\/\/advancedmro.com\/es\/producto\/bascula-avery-weigh-tronix-zk830\/#primaryimage","url":"https:\/\/advancedmro.com\/es\/wp-content\/uploads\/2018\/05\/Bascula-Avery-Weight-Tronix-ZK830.png","contentUrl":"https:\/\/advancedmro.com\/es\/wp-content\/uploads\/2018\/05\/Bascula-Avery-Weight-Tronix-ZK830.png","width":"560","height":"342"},{"@type":"BreadcrumbList","@id":"http:\/\/advancedmro.com\/es\/producto\/bascula-avery-weigh-tronix-zk830\/#breadcrumb","itemListElement":[{"@type":"ListItem","position":1,"name":"Home","item":"http:\/\/advancedmro.com\/es\/"},{"@type":"ListItem","position":2,"name":"Productos","item":"https:\/\/advancedmro.com\/es\/productos\/"},{"@type":"ListItem","position":3,"name":"B\u00e1scula Avery Weigh Tronix ZK830"}]},{"@type":"WebSite","@id":"http:\/\/advancedmro.com\/es\/#website","url":"http:\/\/advancedmro.com\/es\/","name":"Advanced MRO","description":"Reduciendo Costos Y Aumentando La Calidad Y Rendimiento","potentialAction":[{"@type":"SearchAction","target":{"@type":"EntryPoint","urlTemplate":"http:\/\/advancedmro.com\/es\/?s={search_term_string}"},"query-input":{"@type":"PropertyValueSpecification","valueRequired":true,"valueName":"search_term_string"}}],"inLanguage":"es"}]}},"_links":{"self":[{"href":"https:\/\/advancedmro.com\/es\/wp-json\/wp\/v2\/product\/530","targetHints":{"allow":["GET"]}}],"collection":[{"href":"https:\/\/advancedmro.com\/es\/wp-json\/wp\/v2\/product"}],"about":[{"href":"https:\/\/advancedmro.com\/es\/wp-json\/wp\/v2\/types\/product"}],"replies":[{"embeddable":true,"href":"https:\/\/advancedmro.com\/es\/wp-json\/wp\/v2\/comments?post=530"}],"wp:featuredmedia":[{"embeddable":true,"href":"https:\/\/advancedmro.com\/es\/wp-json\/wp\/v2\/media\/531"}],"wp:attachment":[{"href":"https:\/\/advancedmro.com\/es\/wp-json\/wp\/v2\/media?parent=530"}],"wp:term":[{"taxonomy":"product_brand","embeddable":true,"href":"https:\/\/advancedmro.com\/es\/wp-json\/wp\/v2\/product_brand?post=530"},{"taxonomy":"product_cat","embeddable":true,"href":"https:\/\/advancedmro.com\/es\/wp-json\/wp\/v2\/product_cat?post=530"},{"taxonomy":"product_tag","embeddable":true,"href":"https:\/\/advancedmro.com\/es\/wp-json\/wp\/v2\/product_tag?post=530"}],"curies":[{"name":"wp","href":"https:\/\/api.w.org\/{rel}","templated":true}]}}