{"id":500,"date":"2017-07-21T21:56:40","date_gmt":"2017-07-21T21:56:40","guid":{"rendered":"http:\/\/advancedmro.com\/es\/?post_type=product&#038;p=500"},"modified":"2017-07-21T22:16:02","modified_gmt":"2017-07-21T22:16:02","slug":"impresoras-intermec-tijuana","status":"publish","type":"product","link":"https:\/\/advancedmro.com\/es\/producto\/impresoras-intermec-tijuana\/","title":{"rendered":"Impresoras Intermec en Tijuana"},"content":{"rendered":"<p>Inteligente, fuerte y seguras. Las impresoras intermec \u00a0cubren cualquier tipo de aplicaci\u00f3n, desde las necesidades de volumen \u00a0ligero hasta el rendimiento de impresi\u00f3n las 24 horas del dia. Reconocidas por su durabilidad y fiabilidad, las impresoras \u00a0Intermec ofrecen un etiquetado a prueba de errores, programaci\u00f3n, conectividad y seguridad de redes avanzadas, as\u00ed como tecnolog\u00eda RFID y sin revestimiento. Para un rendimiento l\u00edder en la industria, la familia de impresoras industriales de Intermec es la opci\u00f3n inteligente.<\/p>\n<h1>Impresoras Intermec PX4I &amp; PX6I<\/h1>\n<p id=\"tw-target-text\" class=\"tw-data-text tw-ta tw-text-small\" dir=\"ltr\" data-placeholder=\"Traducci\u00f3n\"><span lang=\"es\">Los integrantes de la familia de impresoras de c\u00f3digos de barras m\u00e1s inteligentes del mercado, las impresoras PX4i y PX6i de Intermec son flexibles y programables, lo que permite a los clientes optimizar sus operaciones de impresi\u00f3n, agilizar el desempe\u00f1o y lograr un r\u00e1pido retorno de inversi\u00f3n.<\/span><\/p>\n<p id=\"tw-target-text\" class=\"tw-data-text tw-ta tw-text-small\" dir=\"ltr\" data-placeholder=\"Traducci\u00f3n\"><span lang=\"es\">Construidas para satisfacer las necesidades de las aplicaciones de misi\u00f3n cr\u00edtica, las robustas impresoras PX ofrecen conectividad avanzada y protocolos de red, garantizando la tranquilidad de hoy y una soluci\u00f3n confiable y escalable a largo plazo. Las impresoras PX4i y PX6i de alto rendimiento son parte de la l\u00ednea completa de impresoras industriales inteligentes, seguras y seguras de Intermec.<\/span><\/p>\n<p dir=\"ltr\" data-placeholder=\"Traducci\u00f3n\"><img loading=\"lazy\" decoding=\"async\" class=\"aligncenter size-full wp-image-501\" src=\"http:\/\/advancedmro.com\/es\/wp-content\/uploads\/2017\/07\/Impresoras-Intermec-en-Tijuana.jpg\" alt=\"\" width=\"421\" height=\"216\" srcset=\"https:\/\/advancedmro.com\/es\/wp-content\/uploads\/2017\/07\/Impresoras-Intermec-en-Tijuana.jpg 421w, https:\/\/advancedmro.com\/es\/wp-content\/uploads\/2017\/07\/Impresoras-Intermec-en-Tijuana-300x154.jpg 300w\" sizes=\"auto, (max-width: 421px) 100vw, 421px\" \/><\/p>\n","protected":false},"excerpt":{"rendered":"<p>Inteligente, fuerte y seguras. Las impresoras intermec \u00a0cubren cualquier tipo de aplicaci\u00f3n, desde las necesidades de volumen \u00a0ligero hasta el rendimiento de impresi\u00f3n las 24 horas del dia. Reconocidas por su durabilidad y fiabilidad, las impresoras \u00a0Intermec ofrecen un etiquetado a prueba de errores, programaci\u00f3n, conectividad y seguridad de redes avanzadas, as\u00ed como tecnolog\u00eda RFID [&hellip;]<\/p>\n","protected":false},"featured_media":502,"comment_status":"open","ping_status":"closed","template":"","meta":[],"product_brand":[],"product_cat":[25,131],"product_tag":[132,133,134],"class_list":{"0":"post-500","1":"product","2":"type-product","3":"status-publish","4":"has-post-thumbnail","6":"product_cat-impresoras-de-transferencia-termica","7":"product_cat-impresoras-intermec-impresoras-de-transferencia-termica","8":"product_tag-impresoras-intermec-tijuana","9":"product_tag-px4i-tijuana","10":"product_tag-px6i-tijuana","11":"post","12":"post-with-thumbnail","13":"post-with-thumbnail-large","15":"first","16":"instock","17":"shipping-taxable","18":"product-type-simple"},"yoast_head":"<!-- This site is optimized with the Yoast SEO Premium plugin v26.4 (Yoast SEO v26.9) - https:\/\/yoast.com\/product\/yoast-seo-premium-wordpress\/ -->\n<title>Impresoras Intermec en Tijuana - Advanced MRO<\/title>\n<meta name=\"description\" content=\"Impresoras intermec Px4i, Px6i, y mas a los mejores precios de la industria. Instalacion gratis. Llamanos hoy al 664 449 4205\" \/>\n<meta name=\"robots\" content=\"index, follow, max-snippet:-1, max-image-preview:large, max-video-preview:-1\" \/>\n<link rel=\"canonical\" href=\"http:\/\/advancedmro.com\/es\/producto\/impresoras-intermec-tijuana\/\" \/>\n<meta property=\"og:locale\" content=\"es_ES\" \/>\n<meta property=\"og:type\" content=\"article\" \/>\n<meta property=\"og:title\" content=\"Impresoras Intermec en Tijuana\" \/>\n<meta property=\"og:description\" content=\"Impresoras intermec Px4i, Px6i, y mas a los mejores precios de la industria. Instalacion gratis. Llamanos hoy al 664 449 4205\" \/>\n<meta property=\"og:url\" content=\"http:\/\/advancedmro.com\/es\/producto\/impresoras-intermec-tijuana\/\" \/>\n<meta property=\"og:site_name\" content=\"Advanced MRO\" \/>\n<meta property=\"article:modified_time\" content=\"2017-07-21T22:16:02+00:00\" \/>\n<meta property=\"og:image\" content=\"http:\/\/advancedmro.com\/es\/wp-content\/uploads\/2017\/07\/impresora-Intermec-px4i.jpg\" \/>\n\t<meta property=\"og:image:width\" content=\"600\" \/>\n\t<meta property=\"og:image:height\" content=\"600\" \/>\n\t<meta property=\"og:image:type\" content=\"image\/jpeg\" \/>\n<meta name=\"twitter:label1\" content=\"Tiempo de lectura\" \/>\n\t<meta name=\"twitter:data1\" content=\"1 minuto\" \/>\n<script type=\"application\/ld+json\" class=\"yoast-schema-graph\">{\"@context\":\"https:\/\/schema.org\",\"@graph\":[{\"@type\":\"WebPage\",\"@id\":\"http:\/\/advancedmro.com\/es\/producto\/impresoras-intermec-tijuana\/\",\"url\":\"http:\/\/advancedmro.com\/es\/producto\/impresoras-intermec-tijuana\/\",\"name\":\"Impresoras Intermec en Tijuana - Advanced MRO\",\"isPartOf\":{\"@id\":\"http:\/\/advancedmro.com\/es\/#website\"},\"primaryImageOfPage\":{\"@id\":\"http:\/\/advancedmro.com\/es\/producto\/impresoras-intermec-tijuana\/#primaryimage\"},\"image\":{\"@id\":\"http:\/\/advancedmro.com\/es\/producto\/impresoras-intermec-tijuana\/#primaryimage\"},\"thumbnailUrl\":\"https:\/\/advancedmro.com\/es\/wp-content\/uploads\/2017\/07\/impresora-Intermec-px4i.jpg\",\"datePublished\":\"2017-07-21T21:56:40+00:00\",\"dateModified\":\"2017-07-21T22:16:02+00:00\",\"description\":\"Impresoras intermec Px4i, Px6i, y mas a los mejores precios de la industria. Instalacion gratis. Llamanos hoy al 664 449 4205\",\"breadcrumb\":{\"@id\":\"http:\/\/advancedmro.com\/es\/producto\/impresoras-intermec-tijuana\/#breadcrumb\"},\"inLanguage\":\"es\",\"potentialAction\":[{\"@type\":\"ReadAction\",\"target\":[\"http:\/\/advancedmro.com\/es\/producto\/impresoras-intermec-tijuana\/\"]}]},{\"@type\":\"ImageObject\",\"inLanguage\":\"es\",\"@id\":\"http:\/\/advancedmro.com\/es\/producto\/impresoras-intermec-tijuana\/#primaryimage\",\"url\":\"https:\/\/advancedmro.com\/es\/wp-content\/uploads\/2017\/07\/impresora-Intermec-px4i.jpg\",\"contentUrl\":\"https:\/\/advancedmro.com\/es\/wp-content\/uploads\/2017\/07\/impresora-Intermec-px4i.jpg\",\"width\":600,\"height\":600},{\"@type\":\"BreadcrumbList\",\"@id\":\"http:\/\/advancedmro.com\/es\/producto\/impresoras-intermec-tijuana\/#breadcrumb\",\"itemListElement\":[{\"@type\":\"ListItem\",\"position\":1,\"name\":\"Home\",\"item\":\"http:\/\/advancedmro.com\/es\/\"},{\"@type\":\"ListItem\",\"position\":2,\"name\":\"Productos\",\"item\":\"https:\/\/advancedmro.com\/es\/productos\/\"},{\"@type\":\"ListItem\",\"position\":3,\"name\":\"Impresoras Intermec en Tijuana\"}]},{\"@type\":\"WebSite\",\"@id\":\"http:\/\/advancedmro.com\/es\/#website\",\"url\":\"http:\/\/advancedmro.com\/es\/\",\"name\":\"Advanced MRO\",\"description\":\"Reduciendo Costos Y Aumentando La Calidad Y Rendimiento\",\"potentialAction\":[{\"@type\":\"SearchAction\",\"target\":{\"@type\":\"EntryPoint\",\"urlTemplate\":\"http:\/\/advancedmro.com\/es\/?s={search_term_string}\"},\"query-input\":{\"@type\":\"PropertyValueSpecification\",\"valueRequired\":true,\"valueName\":\"search_term_string\"}}],\"inLanguage\":\"es\"}]}<\/script>\n<!-- \/ Yoast SEO Premium plugin. -->","yoast_head_json":{"title":"Impresoras Intermec en Tijuana - Advanced MRO","description":"Impresoras intermec Px4i, Px6i, y mas a los mejores precios de la industria. Instalacion gratis. Llamanos hoy al 664 449 4205","robots":{"index":"index","follow":"follow","max-snippet":"max-snippet:-1","max-image-preview":"max-image-preview:large","max-video-preview":"max-video-preview:-1"},"canonical":"http:\/\/advancedmro.com\/es\/producto\/impresoras-intermec-tijuana\/","og_locale":"es_ES","og_type":"article","og_title":"Impresoras Intermec en Tijuana","og_description":"Impresoras intermec Px4i, Px6i, y mas a los mejores precios de la industria. Instalacion gratis. Llamanos hoy al 664 449 4205","og_url":"http:\/\/advancedmro.com\/es\/producto\/impresoras-intermec-tijuana\/","og_site_name":"Advanced MRO","article_modified_time":"2017-07-21T22:16:02+00:00","og_image":[{"width":600,"height":600,"url":"http:\/\/advancedmro.com\/es\/wp-content\/uploads\/2017\/07\/impresora-Intermec-px4i.jpg","type":"image\/jpeg"}],"twitter_misc":{"Tiempo de lectura":"1 minuto"},"schema":{"@context":"https:\/\/schema.org","@graph":[{"@type":"WebPage","@id":"http:\/\/advancedmro.com\/es\/producto\/impresoras-intermec-tijuana\/","url":"http:\/\/advancedmro.com\/es\/producto\/impresoras-intermec-tijuana\/","name":"Impresoras Intermec en Tijuana - Advanced MRO","isPartOf":{"@id":"http:\/\/advancedmro.com\/es\/#website"},"primaryImageOfPage":{"@id":"http:\/\/advancedmro.com\/es\/producto\/impresoras-intermec-tijuana\/#primaryimage"},"image":{"@id":"http:\/\/advancedmro.com\/es\/producto\/impresoras-intermec-tijuana\/#primaryimage"},"thumbnailUrl":"https:\/\/advancedmro.com\/es\/wp-content\/uploads\/2017\/07\/impresora-Intermec-px4i.jpg","datePublished":"2017-07-21T21:56:40+00:00","dateModified":"2017-07-21T22:16:02+00:00","description":"Impresoras intermec Px4i, Px6i, y mas a los mejores precios de la industria. Instalacion gratis. Llamanos hoy al 664 449 4205","breadcrumb":{"@id":"http:\/\/advancedmro.com\/es\/producto\/impresoras-intermec-tijuana\/#breadcrumb"},"inLanguage":"es","potentialAction":[{"@type":"ReadAction","target":["http:\/\/advancedmro.com\/es\/producto\/impresoras-intermec-tijuana\/"]}]},{"@type":"ImageObject","inLanguage":"es","@id":"http:\/\/advancedmro.com\/es\/producto\/impresoras-intermec-tijuana\/#primaryimage","url":"https:\/\/advancedmro.com\/es\/wp-content\/uploads\/2017\/07\/impresora-Intermec-px4i.jpg","contentUrl":"https:\/\/advancedmro.com\/es\/wp-content\/uploads\/2017\/07\/impresora-Intermec-px4i.jpg","width":600,"height":600},{"@type":"BreadcrumbList","@id":"http:\/\/advancedmro.com\/es\/producto\/impresoras-intermec-tijuana\/#breadcrumb","itemListElement":[{"@type":"ListItem","position":1,"name":"Home","item":"http:\/\/advancedmro.com\/es\/"},{"@type":"ListItem","position":2,"name":"Productos","item":"https:\/\/advancedmro.com\/es\/productos\/"},{"@type":"ListItem","position":3,"name":"Impresoras Intermec en Tijuana"}]},{"@type":"WebSite","@id":"http:\/\/advancedmro.com\/es\/#website","url":"http:\/\/advancedmro.com\/es\/","name":"Advanced MRO","description":"Reduciendo Costos Y Aumentando La Calidad Y Rendimiento","potentialAction":[{"@type":"SearchAction","target":{"@type":"EntryPoint","urlTemplate":"http:\/\/advancedmro.com\/es\/?s={search_term_string}"},"query-input":{"@type":"PropertyValueSpecification","valueRequired":true,"valueName":"search_term_string"}}],"inLanguage":"es"}]}},"_links":{"self":[{"href":"https:\/\/advancedmro.com\/es\/wp-json\/wp\/v2\/product\/500","targetHints":{"allow":["GET"]}}],"collection":[{"href":"https:\/\/advancedmro.com\/es\/wp-json\/wp\/v2\/product"}],"about":[{"href":"https:\/\/advancedmro.com\/es\/wp-json\/wp\/v2\/types\/product"}],"replies":[{"embeddable":true,"href":"https:\/\/advancedmro.com\/es\/wp-json\/wp\/v2\/comments?post=500"}],"wp:featuredmedia":[{"embeddable":true,"href":"https:\/\/advancedmro.com\/es\/wp-json\/wp\/v2\/media\/502"}],"wp:attachment":[{"href":"https:\/\/advancedmro.com\/es\/wp-json\/wp\/v2\/media?parent=500"}],"wp:term":[{"taxonomy":"product_brand","embeddable":true,"href":"https:\/\/advancedmro.com\/es\/wp-json\/wp\/v2\/product_brand?post=500"},{"taxonomy":"product_cat","embeddable":true,"href":"https:\/\/advancedmro.com\/es\/wp-json\/wp\/v2\/product_cat?post=500"},{"taxonomy":"product_tag","embeddable":true,"href":"https:\/\/advancedmro.com\/es\/wp-json\/wp\/v2\/product_tag?post=500"}],"curies":[{"name":"wp","href":"https:\/\/api.w.org\/{rel}","templated":true}]}}