{"id":493,"date":"2016-06-18T01:11:32","date_gmt":"2016-06-18T01:11:32","guid":{"rendered":"http:\/\/advancedmro.com\/es\/?post_type=product&#038;p=493"},"modified":"2016-06-18T01:16:01","modified_gmt":"2016-06-18T01:16:01","slug":"tektronix-pa1000-en-tijuana","status":"publish","type":"product","link":"https:\/\/advancedmro.com\/es\/producto\/tektronix-pa1000-en-tijuana\/","title":{"rendered":"TEKTRONIX  PA1000"},"content":{"rendered":"<p>El Tektronix PA1000 es una soluci\u00f3n de an\u00e1lisis de energ\u00eda monof\u00e1sica de un solo canal que est\u00e1 optimizado para las pruebas de consumo de energ\u00eda r\u00e1pida, eficiente y precisa a las normas internacionales. Es un tama\u00f1o compacto, DMM-como interfaz de usuario, visualizaci\u00f3n gr\u00e1fica y potente software permite a los usuarios visualizar r\u00e1pidamente, analizar y documentar la eficiencia de conversi\u00f3n de energ\u00eda de los dispositivos de pr\u00f3xima generaci\u00f3n.<\/p>\n","protected":false},"excerpt":{"rendered":"<p>El Tektronix PA1000 es una soluci\u00f3n de an\u00e1lisis de energ\u00eda monof\u00e1sica de un solo canal que est\u00e1 optimizado para las pruebas de consumo de energ\u00eda r\u00e1pida, eficiente y precisa a las normas internacionales. Es un tama\u00f1o compacto, DMM-como interfaz de usuario, visualizaci\u00f3n gr\u00e1fica y potente software permite a los usuarios visualizar r\u00e1pidamente, analizar y documentar [&hellip;]<\/p>\n","protected":false},"featured_media":496,"comment_status":"open","ping_status":"closed","template":"","meta":[],"product_brand":[],"product_cat":[116],"product_tag":[117,118],"class_list":{"0":"post-493","1":"product","2":"type-product","3":"status-publish","4":"has-post-thumbnail","6":"product_cat-prueba-y-medicion","7":"product_tag-tektronix-pa1000-en-tijuana","8":"product_tag-tektronix-tijuana","9":"post","10":"post-with-thumbnail","11":"post-with-thumbnail-large","13":"first","14":"instock","15":"shipping-taxable","16":"product-type-simple"},"yoast_head":"<!-- This site is optimized with the Yoast SEO Premium plugin v26.4 (Yoast SEO v26.9) - https:\/\/yoast.com\/product\/yoast-seo-premium-wordpress\/ -->\n<title>TEKTRONIX PA1000 - Advanced MRO Tijuana, B.C. M\u00e9xico<\/title>\n<meta name=\"description\" content=\"TEKTRONIX PA1000 y muchos productos mas al mejor precio de la industrial. Llamanos en Tijuana al 664 449 4205.\" \/>\n<meta name=\"robots\" content=\"index, follow, max-snippet:-1, max-image-preview:large, max-video-preview:-1\" \/>\n<link rel=\"canonical\" href=\"http:\/\/advancedmro.com\/es\/producto\/tektronix-pa1000-en-tijuana\/\" \/>\n<meta property=\"og:locale\" content=\"es_ES\" \/>\n<meta property=\"og:type\" content=\"article\" \/>\n<meta property=\"og:title\" content=\"TEKTRONIX PA1000\" \/>\n<meta property=\"og:description\" content=\"TEKTRONIX PA1000 y muchos productos mas al mejor precio de la industrial. Llamanos en Tijuana al 664 449 4205.\" \/>\n<meta property=\"og:url\" content=\"http:\/\/advancedmro.com\/es\/producto\/tektronix-pa1000-en-tijuana\/\" \/>\n<meta property=\"og:site_name\" content=\"Advanced MRO\" \/>\n<meta property=\"article:modified_time\" content=\"2016-06-18T01:16:01+00:00\" \/>\n<meta property=\"og:image\" content=\"http:\/\/advancedmro.com\/es\/wp-content\/uploads\/2016\/06\/TEKTRONIX-PA1000-Tijuana.jpg\" \/>\n\t<meta property=\"og:image:width\" content=\"500\" \/>\n\t<meta property=\"og:image:height\" content=\"375\" \/>\n\t<meta property=\"og:image:type\" content=\"image\/jpeg\" \/>\n<script type=\"application\/ld+json\" class=\"yoast-schema-graph\">{\"@context\":\"https:\/\/schema.org\",\"@graph\":[{\"@type\":\"WebPage\",\"@id\":\"http:\/\/advancedmro.com\/es\/producto\/tektronix-pa1000-en-tijuana\/\",\"url\":\"http:\/\/advancedmro.com\/es\/producto\/tektronix-pa1000-en-tijuana\/\",\"name\":\"TEKTRONIX PA1000 - Advanced MRO Tijuana, B.C. M\u00e9xico\",\"isPartOf\":{\"@id\":\"http:\/\/advancedmro.com\/es\/#website\"},\"primaryImageOfPage\":{\"@id\":\"http:\/\/advancedmro.com\/es\/producto\/tektronix-pa1000-en-tijuana\/#primaryimage\"},\"image\":{\"@id\":\"http:\/\/advancedmro.com\/es\/producto\/tektronix-pa1000-en-tijuana\/#primaryimage\"},\"thumbnailUrl\":\"https:\/\/advancedmro.com\/es\/wp-content\/uploads\/2016\/06\/TEKTRONIX-PA1000-Tijuana.jpg\",\"datePublished\":\"2016-06-18T01:11:32+00:00\",\"dateModified\":\"2016-06-18T01:16:01+00:00\",\"description\":\"TEKTRONIX PA1000 y muchos productos mas al mejor precio de la industrial. Llamanos en Tijuana al 664 449 4205.\",\"breadcrumb\":{\"@id\":\"http:\/\/advancedmro.com\/es\/producto\/tektronix-pa1000-en-tijuana\/#breadcrumb\"},\"inLanguage\":\"es\",\"potentialAction\":[{\"@type\":\"ReadAction\",\"target\":[\"http:\/\/advancedmro.com\/es\/producto\/tektronix-pa1000-en-tijuana\/\"]}]},{\"@type\":\"ImageObject\",\"inLanguage\":\"es\",\"@id\":\"http:\/\/advancedmro.com\/es\/producto\/tektronix-pa1000-en-tijuana\/#primaryimage\",\"url\":\"https:\/\/advancedmro.com\/es\/wp-content\/uploads\/2016\/06\/TEKTRONIX-PA1000-Tijuana.jpg\",\"contentUrl\":\"https:\/\/advancedmro.com\/es\/wp-content\/uploads\/2016\/06\/TEKTRONIX-PA1000-Tijuana.jpg\",\"width\":500,\"height\":375},{\"@type\":\"BreadcrumbList\",\"@id\":\"http:\/\/advancedmro.com\/es\/producto\/tektronix-pa1000-en-tijuana\/#breadcrumb\",\"itemListElement\":[{\"@type\":\"ListItem\",\"position\":1,\"name\":\"Home\",\"item\":\"http:\/\/advancedmro.com\/es\/\"},{\"@type\":\"ListItem\",\"position\":2,\"name\":\"Productos\",\"item\":\"https:\/\/advancedmro.com\/es\/productos\/\"},{\"@type\":\"ListItem\",\"position\":3,\"name\":\"TEKTRONIX PA1000\"}]},{\"@type\":\"WebSite\",\"@id\":\"http:\/\/advancedmro.com\/es\/#website\",\"url\":\"http:\/\/advancedmro.com\/es\/\",\"name\":\"Advanced MRO\",\"description\":\"Reduciendo Costos Y Aumentando La Calidad Y Rendimiento\",\"potentialAction\":[{\"@type\":\"SearchAction\",\"target\":{\"@type\":\"EntryPoint\",\"urlTemplate\":\"http:\/\/advancedmro.com\/es\/?s={search_term_string}\"},\"query-input\":{\"@type\":\"PropertyValueSpecification\",\"valueRequired\":true,\"valueName\":\"search_term_string\"}}],\"inLanguage\":\"es\"}]}<\/script>\n<!-- \/ Yoast SEO Premium plugin. -->","yoast_head_json":{"title":"TEKTRONIX PA1000 - Advanced MRO Tijuana, B.C. M\u00e9xico","description":"TEKTRONIX PA1000 y muchos productos mas al mejor precio de la industrial. Llamanos en Tijuana al 664 449 4205.","robots":{"index":"index","follow":"follow","max-snippet":"max-snippet:-1","max-image-preview":"max-image-preview:large","max-video-preview":"max-video-preview:-1"},"canonical":"http:\/\/advancedmro.com\/es\/producto\/tektronix-pa1000-en-tijuana\/","og_locale":"es_ES","og_type":"article","og_title":"TEKTRONIX PA1000","og_description":"TEKTRONIX PA1000 y muchos productos mas al mejor precio de la industrial. Llamanos en Tijuana al 664 449 4205.","og_url":"http:\/\/advancedmro.com\/es\/producto\/tektronix-pa1000-en-tijuana\/","og_site_name":"Advanced MRO","article_modified_time":"2016-06-18T01:16:01+00:00","og_image":[{"width":500,"height":375,"url":"http:\/\/advancedmro.com\/es\/wp-content\/uploads\/2016\/06\/TEKTRONIX-PA1000-Tijuana.jpg","type":"image\/jpeg"}],"schema":{"@context":"https:\/\/schema.org","@graph":[{"@type":"WebPage","@id":"http:\/\/advancedmro.com\/es\/producto\/tektronix-pa1000-en-tijuana\/","url":"http:\/\/advancedmro.com\/es\/producto\/tektronix-pa1000-en-tijuana\/","name":"TEKTRONIX PA1000 - Advanced MRO Tijuana, B.C. M\u00e9xico","isPartOf":{"@id":"http:\/\/advancedmro.com\/es\/#website"},"primaryImageOfPage":{"@id":"http:\/\/advancedmro.com\/es\/producto\/tektronix-pa1000-en-tijuana\/#primaryimage"},"image":{"@id":"http:\/\/advancedmro.com\/es\/producto\/tektronix-pa1000-en-tijuana\/#primaryimage"},"thumbnailUrl":"https:\/\/advancedmro.com\/es\/wp-content\/uploads\/2016\/06\/TEKTRONIX-PA1000-Tijuana.jpg","datePublished":"2016-06-18T01:11:32+00:00","dateModified":"2016-06-18T01:16:01+00:00","description":"TEKTRONIX PA1000 y muchos productos mas al mejor precio de la industrial. Llamanos en Tijuana al 664 449 4205.","breadcrumb":{"@id":"http:\/\/advancedmro.com\/es\/producto\/tektronix-pa1000-en-tijuana\/#breadcrumb"},"inLanguage":"es","potentialAction":[{"@type":"ReadAction","target":["http:\/\/advancedmro.com\/es\/producto\/tektronix-pa1000-en-tijuana\/"]}]},{"@type":"ImageObject","inLanguage":"es","@id":"http:\/\/advancedmro.com\/es\/producto\/tektronix-pa1000-en-tijuana\/#primaryimage","url":"https:\/\/advancedmro.com\/es\/wp-content\/uploads\/2016\/06\/TEKTRONIX-PA1000-Tijuana.jpg","contentUrl":"https:\/\/advancedmro.com\/es\/wp-content\/uploads\/2016\/06\/TEKTRONIX-PA1000-Tijuana.jpg","width":500,"height":375},{"@type":"BreadcrumbList","@id":"http:\/\/advancedmro.com\/es\/producto\/tektronix-pa1000-en-tijuana\/#breadcrumb","itemListElement":[{"@type":"ListItem","position":1,"name":"Home","item":"http:\/\/advancedmro.com\/es\/"},{"@type":"ListItem","position":2,"name":"Productos","item":"https:\/\/advancedmro.com\/es\/productos\/"},{"@type":"ListItem","position":3,"name":"TEKTRONIX PA1000"}]},{"@type":"WebSite","@id":"http:\/\/advancedmro.com\/es\/#website","url":"http:\/\/advancedmro.com\/es\/","name":"Advanced MRO","description":"Reduciendo Costos Y Aumentando La Calidad Y Rendimiento","potentialAction":[{"@type":"SearchAction","target":{"@type":"EntryPoint","urlTemplate":"http:\/\/advancedmro.com\/es\/?s={search_term_string}"},"query-input":{"@type":"PropertyValueSpecification","valueRequired":true,"valueName":"search_term_string"}}],"inLanguage":"es"}]}},"_links":{"self":[{"href":"https:\/\/advancedmro.com\/es\/wp-json\/wp\/v2\/product\/493","targetHints":{"allow":["GET"]}}],"collection":[{"href":"https:\/\/advancedmro.com\/es\/wp-json\/wp\/v2\/product"}],"about":[{"href":"https:\/\/advancedmro.com\/es\/wp-json\/wp\/v2\/types\/product"}],"replies":[{"embeddable":true,"href":"https:\/\/advancedmro.com\/es\/wp-json\/wp\/v2\/comments?post=493"}],"wp:featuredmedia":[{"embeddable":true,"href":"https:\/\/advancedmro.com\/es\/wp-json\/wp\/v2\/media\/496"}],"wp:attachment":[{"href":"https:\/\/advancedmro.com\/es\/wp-json\/wp\/v2\/media?parent=493"}],"wp:term":[{"taxonomy":"product_brand","embeddable":true,"href":"https:\/\/advancedmro.com\/es\/wp-json\/wp\/v2\/product_brand?post=493"},{"taxonomy":"product_cat","embeddable":true,"href":"https:\/\/advancedmro.com\/es\/wp-json\/wp\/v2\/product_cat?post=493"},{"taxonomy":"product_tag","embeddable":true,"href":"https:\/\/advancedmro.com\/es\/wp-json\/wp\/v2\/product_tag?post=493"}],"curies":[{"name":"wp","href":"https:\/\/api.w.org\/{rel}","templated":true}]}}