{"id":454,"date":"2015-07-12T23:35:27","date_gmt":"2015-07-12T23:35:27","guid":{"rendered":"http:\/\/advancedmro.com\/es\/?post_type=product&#038;p=454"},"modified":"2015-07-13T00:03:12","modified_gmt":"2015-07-13T00:03:12","slug":"impresora-zebra-220xi4","status":"publish","type":"product","link":"https:\/\/advancedmro.com\/es\/producto\/impresora-zebra-220xi4\/","title":{"rendered":"Impresora Zebra 220XI4"},"content":{"rendered":"<p>La Zebra220Xi4 est\u00e1 dise\u00f1ada para producir grandes etiquetas de hasta 8,5 \u00ab(216 mm) de ancho en 10\u00bb (254 mm) por segundo a 203 dpi y 6 \u00abpor segundo a 300 dpi (152 mm) de resoluci\u00f3n. La\u00a0220Xi4 es ideal para aplicaciones industriales, \u00a0etiquetas de identificaci\u00f3n, palet \/ etiquetas de env\u00edo de contenedores y etiquetas de identificaci\u00f3n de productos para grandes rollos de papel o textiles.<\/p>\n<p>&nbsp;<\/p>\n<p>\u2022 Construcci\u00f3n: estructura met\u00e1lica con agrandamiento de ventana de visualizaci\u00f3n clara<br \/>\n\u2022 Lado de carga\u00a0simplificada para etiquetas y ribbon<br \/>\n\u2022 Element Energy Equalizer \u2122 (E3 \u2122) para una calidad de impresi\u00f3n superior<br \/>\n\u2022 Comunicaci\u00f3n &#8211; USB 2.0, de alta velocidad, RS-232 de serie, 10\/100 Ethernet, Bluetooth 2.1, USB Host<br \/>\n\u2022 Pantalla LCD, de varias l\u00edneas gr\u00e1ficas con men\u00fa intuitivo y el teclado f\u00e1cil de usar para una operaci\u00f3n r\u00e1pida<br \/>\n\u2022 Link-OS<br \/>\n\u2022 Certificaci\u00f3n ENERGY STAR\u00ae<\/p>\n<h2>Especificaciones de la impresora Zebra 220XI4<\/h2>\n<p>Resoluci\u00f3n:<br \/>\n\u2022 203 dpi \/ 8 puntos por mm<br \/>\n\u2022 300 dpi \/ 12 puntos por mm (opcional)<\/p>\n<p><strong>Memoria:<\/strong><br \/>\n\u2022 Memoria RAM de 256 MB (4 MB disponible para el usuario)<br \/>\n\u2022 512 MB de memoria flash (64 MB disponible para el usuario)<br \/>\nM\u00e1ximo ancho de impresi\u00f3n: 6,6 \u00ab\/ 168 mm<br \/>\nVelocidad m\u00e1xima de impresi\u00f3n: 12 ips \/ 305 mm por segundo<br \/>\n<strong>Ancho de la banda de medios (etiqueta y revestimiento):<\/strong><br \/>\n\u2022 2,00 \u00ab\/ 51 mm a 7,0\u00bb \/ 178 mm Tear \/ cortador<br \/>\n\u2022 2.00 \u00ab\/ 51 mm a 6.75\u00bb \/ 171 mm Peel \/ Rewind<br \/>\nLongitud m\u00e1xima para no continua Label: 39 \u00ab\/ 991 mm<br \/>\nLongitud m\u00ednima Discogr\u00e1fica:<br \/>\n\u2022 Modo Tear-off: 0,5 \u00ab(12,7 mm)<br \/>\n\u2022 Modo de Peel: 0,5 \u00ab(12,7 mm)<br \/>\n\u2022 Modo Rewind: 0,5 \u00ab(12,7 mm)<br \/>\n\u2022 Cortador: 1,00 \u00ab(25,4 mm)<br \/>\nLongitud de impresi\u00f3n<br \/>\n\u2022 203 ppp: 102 \u00ab\/ 2,590 mm<br \/>\n\u2022 300 ppp: 45 \u00ab\/ 1,143 mm<br \/>\nTama\u00f1o m\u00e1ximo de rollo de papel: 8,0 \u00ab\/ 203 mm de di\u00e1metro exterior en un 3\u00bb \/ 76 mm de di\u00e1metro n\u00facleo<br \/>\nGrosor del soporte: 0,0023 \u00ab\/0.058 mm a 0.010 mm \/0.25\u00bb<br \/>\nTipos de papel: Continuo, troquelado, muesca, negro marca<\/p>\n<p><strong>Caracter\u00edsticas del ribbon<\/strong><br \/>\nDi\u00e1metro exterior: 450 m: 3.2 \u00ab\/81.3 mm de di\u00e1metro exterior en un 1,0\u00bb Identificaci\u00f3n \/25.4 mm n\u00facleo<br \/>\nLongitud est\u00e1ndar: 1,476 &#8216;\/ 450 m<br \/>\nAncho: 2.00 \u00ab\/ 51 mm a 6.85\u00bb \/ 174 mm<br \/>\nConfiguraci\u00f3n de la cinta: la cinta de tinta Herida lado a cabo: la herida de la cinta de tinta a lado en se puede utilizar con el eje de la cinta opcional.<\/p>\n<p>Ambiental<br \/>\nEntorno Operativo:<br \/>\n\u2022 Transferencia t\u00e9rmica: 40\u00ba a 104\u00baF \/ 5\u00ba a 40\u00ba C<br \/>\n\u2022 t\u00e9rmica directa: 32\u00ba a 104\u00baF \/ 0\u00ba a 40\u00ba C<br \/>\nAlmacenamiento \/ Transporte Medio Ambiente:<br \/>\n\u2022 -40\u00ba a 140\u00baF \/ -40\u00ba a 60\u00ba C<\/p>\n<p>Caracter\u00edsticas F\u00edsicas<\/p>\n<p>Ancho: 13,25 \u00ab\/336.55 mm<br \/>\nAltura: 12,75 \u00ab\/ 324 mm<br \/>\nProfundidad: 19,50 \u00ab\/ 495 mm<br \/>\nPeso: \u00a3 40 \/ 18,14 kg<\/p>\n<p>c\u00f3digos de barras \/ Simbolog\u00edas<br \/>\n\u2022 c\u00f3digos de barras lineales: C\u00f3digo 11, C\u00f3digo 39, C\u00f3digo 93, C\u00f3digo 128 con subconjuntos A \/ B \/ C y c\u00f3digos UCC Case, ISBT-128, UPC-A, UPC-E, EAN-8, EAN-13, UPC y EAN 2-o 5 d\u00edgitos extensiones, Plessey, Postnet, est\u00e1ndar 2-of-5, Industrial 2-of-5, Interleaved 2-of-5, Logmars, MSI, Codabar y c\u00f3digo Planet<br \/>\n\u2022 c\u00f3digos de barras de 2 dimensiones: Codablock, PDF417, C\u00f3digo 49, DataMatrix, MaxiCode, C\u00f3digo QR, TLC 39, MicroPDF, RSS-14 (y compuesto), aztecas<\/p>\n<h3><strong>Opciones y accesorios de la\u00a0Zebra 220XI4<\/strong><\/h3>\n<p>Comunicaci\u00f3n<br \/>\n\u2022 Paralelo (interfaz bidireccional)<br \/>\n\u2022 Conexi\u00f3n inal\u00e1mbrica: ZebraNet\u00ae servidor de impresora &#8211; compatible con 802.11 a \/ b \/ g \/ n redes a trav\u00e9s de una opci\u00f3n integrada internamente, que permite el uso de Webview y caracter\u00edsticas Alerta<br \/>\nManejo de soportes<br \/>\n\u2022 Rewind: rebobina internamente un rollo completo de etiquetas impresas en \u00abn\u00facleo 3, o c\u00e1scaras y rebobina liner (instalada de f\u00e1brica solamente)<br \/>\n\u2022 Peel &#8211; Un montaje frontal, opci\u00f3n c\u00e1scara pasiva<br \/>\n\u2022 Cortador: Un frente de montaje cortador de guillotina y bandeja de recogida,<br \/>\n<strong>RFID<\/strong><br \/>\n\u2022 Soporta etiquetas compatibles con EPC UHF Gen 2 V1.2 \/ ISO 18000-6C<br \/>\n\u2022 Imprime y codifica las etiquetas con un paso m\u00ednimo de 0.6 \u00ab\/ 16 mm<br \/>\n\u2022 Codificaci\u00f3n adaptativa Tecnolog\u00eda RFID simplifica la configuraci\u00f3n y elimina las directrices de colocaci\u00f3n RFID complejas<br \/>\nTeclado Unidad de visualizaci\u00f3n<br \/>\n\u2022 Soporta KDU Plus \u2122 y ZKDU &#8211; Introduzca los datos variables y recuperar formularios almacenados para aplicaciones independientes.<\/p>\n<p>Para mas informacion de la Zebra 220xi4 dale <a href=\"https:\/\/www.zebra.com\/content\/dam\/zebra\/product-information\/en-us\/brochures-datasheets\/industrial\/xi4-datasheet-en-us.pdf\" target=\"_blank\">click aqui<\/a><\/p>\n","protected":false},"excerpt":{"rendered":"<p>La Zebra220Xi4 est\u00e1 dise\u00f1ada para producir grandes etiquetas de hasta 8,5 \u00ab(216 mm) de ancho en 10\u00bb (254 mm) por segundo a 203 dpi y 6 \u00abpor segundo a 300 dpi (152 mm) de resoluci\u00f3n. La\u00a0220Xi4 es ideal para aplicaciones industriales, \u00a0etiquetas de identificaci\u00f3n, palet \/ etiquetas de env\u00edo de contenedores y etiquetas de identificaci\u00f3n [&hellip;]<\/p>\n","protected":false},"featured_media":457,"comment_status":"open","ping_status":"closed","template":"","meta":[],"product_brand":[],"product_cat":[25,95],"product_tag":[100,102,101],"class_list":{"0":"post-454","1":"product","2":"type-product","3":"status-publish","4":"has-post-thumbnail","6":"product_cat-impresoras-de-transferencia-termica","7":"product_cat-impresoras-zebra","8":"product_tag-impresora-zebra-220xi4","9":"product_tag-zebra-220xi4-mexico","10":"product_tag-zebra-220xi4-tijuana","11":"post","12":"post-with-thumbnail","13":"post-with-thumbnail-large","15":"first","16":"instock","17":"shipping-taxable","18":"product-type-simple"},"yoast_head":"<!-- This site is optimized with the Yoast SEO Premium plugin v26.4 (Yoast SEO v26.9) - https:\/\/yoast.com\/product\/yoast-seo-premium-wordpress\/ -->\n<title>Impresora Zebra 220XI4 - Advanced MRO<\/title>\n<meta name=\"description\" content=\"Zebra 220xi4 al mejor precio del mercado de Tijuana y toda la Repulica Mexicana. Etiquetas y ribbon de transferencia termica. Llamanos hoy al 664 449 4205\" \/>\n<meta name=\"robots\" content=\"index, follow, max-snippet:-1, max-image-preview:large, max-video-preview:-1\" \/>\n<link rel=\"canonical\" href=\"http:\/\/advancedmro.com\/es\/producto\/impresora-zebra-220xi4\/\" \/>\n<meta property=\"og:locale\" content=\"es_ES\" \/>\n<meta property=\"og:type\" content=\"article\" \/>\n<meta property=\"og:title\" content=\"Impresora Zebra 220XI4\" \/>\n<meta property=\"og:description\" content=\"Zebra 220xi4 al mejor precio del mercado de Tijuana y toda la Repulica Mexicana. Etiquetas y ribbon de transferencia termica. Llamanos hoy al 664 449 4205\" \/>\n<meta property=\"og:url\" content=\"http:\/\/advancedmro.com\/es\/producto\/impresora-zebra-220xi4\/\" \/>\n<meta property=\"og:site_name\" content=\"Advanced MRO\" \/>\n<meta property=\"article:modified_time\" content=\"2015-07-13T00:03:12+00:00\" \/>\n<meta property=\"og:image\" content=\"http:\/\/advancedmro.com\/es\/wp-content\/uploads\/2015\/07\/Zebra-220XI4-en-tijuana.jpg\" \/>\n\t<meta property=\"og:image:width\" content=\"649\" \/>\n\t<meta property=\"og:image:height\" content=\"649\" \/>\n\t<meta property=\"og:image:type\" content=\"image\/jpeg\" \/>\n<meta name=\"twitter:label1\" content=\"Tiempo de lectura\" \/>\n\t<meta name=\"twitter:data1\" content=\"3 minutos\" \/>\n<script type=\"application\/ld+json\" class=\"yoast-schema-graph\">{\"@context\":\"https:\/\/schema.org\",\"@graph\":[{\"@type\":\"WebPage\",\"@id\":\"http:\/\/advancedmro.com\/es\/producto\/impresora-zebra-220xi4\/\",\"url\":\"http:\/\/advancedmro.com\/es\/producto\/impresora-zebra-220xi4\/\",\"name\":\"Impresora Zebra 220XI4 - Advanced MRO\",\"isPartOf\":{\"@id\":\"http:\/\/advancedmro.com\/es\/#website\"},\"primaryImageOfPage\":{\"@id\":\"http:\/\/advancedmro.com\/es\/producto\/impresora-zebra-220xi4\/#primaryimage\"},\"image\":{\"@id\":\"http:\/\/advancedmro.com\/es\/producto\/impresora-zebra-220xi4\/#primaryimage\"},\"thumbnailUrl\":\"https:\/\/advancedmro.com\/es\/wp-content\/uploads\/2015\/07\/Zebra-220XI4-en-tijuana.jpg\",\"datePublished\":\"2015-07-12T23:35:27+00:00\",\"dateModified\":\"2015-07-13T00:03:12+00:00\",\"description\":\"Zebra 220xi4 al mejor precio del mercado de Tijuana y toda la Repulica Mexicana. Etiquetas y ribbon de transferencia termica. Llamanos hoy al 664 449 4205\",\"breadcrumb\":{\"@id\":\"http:\/\/advancedmro.com\/es\/producto\/impresora-zebra-220xi4\/#breadcrumb\"},\"inLanguage\":\"es\",\"potentialAction\":[{\"@type\":\"ReadAction\",\"target\":[\"http:\/\/advancedmro.com\/es\/producto\/impresora-zebra-220xi4\/\"]}]},{\"@type\":\"ImageObject\",\"inLanguage\":\"es\",\"@id\":\"http:\/\/advancedmro.com\/es\/producto\/impresora-zebra-220xi4\/#primaryimage\",\"url\":\"https:\/\/advancedmro.com\/es\/wp-content\/uploads\/2015\/07\/Zebra-220XI4-en-tijuana.jpg\",\"contentUrl\":\"https:\/\/advancedmro.com\/es\/wp-content\/uploads\/2015\/07\/Zebra-220XI4-en-tijuana.jpg\",\"width\":649,\"height\":649},{\"@type\":\"BreadcrumbList\",\"@id\":\"http:\/\/advancedmro.com\/es\/producto\/impresora-zebra-220xi4\/#breadcrumb\",\"itemListElement\":[{\"@type\":\"ListItem\",\"position\":1,\"name\":\"Home\",\"item\":\"http:\/\/advancedmro.com\/es\/\"},{\"@type\":\"ListItem\",\"position\":2,\"name\":\"Productos\",\"item\":\"https:\/\/advancedmro.com\/es\/productos\/\"},{\"@type\":\"ListItem\",\"position\":3,\"name\":\"Impresora Zebra 220XI4\"}]},{\"@type\":\"WebSite\",\"@id\":\"http:\/\/advancedmro.com\/es\/#website\",\"url\":\"http:\/\/advancedmro.com\/es\/\",\"name\":\"Advanced MRO\",\"description\":\"Reduciendo Costos Y Aumentando La Calidad Y Rendimiento\",\"potentialAction\":[{\"@type\":\"SearchAction\",\"target\":{\"@type\":\"EntryPoint\",\"urlTemplate\":\"http:\/\/advancedmro.com\/es\/?s={search_term_string}\"},\"query-input\":{\"@type\":\"PropertyValueSpecification\",\"valueRequired\":true,\"valueName\":\"search_term_string\"}}],\"inLanguage\":\"es\"}]}<\/script>\n<!-- \/ Yoast SEO Premium plugin. -->","yoast_head_json":{"title":"Impresora Zebra 220XI4 - Advanced MRO","description":"Zebra 220xi4 al mejor precio del mercado de Tijuana y toda la Repulica Mexicana. Etiquetas y ribbon de transferencia termica. Llamanos hoy al 664 449 4205","robots":{"index":"index","follow":"follow","max-snippet":"max-snippet:-1","max-image-preview":"max-image-preview:large","max-video-preview":"max-video-preview:-1"},"canonical":"http:\/\/advancedmro.com\/es\/producto\/impresora-zebra-220xi4\/","og_locale":"es_ES","og_type":"article","og_title":"Impresora Zebra 220XI4","og_description":"Zebra 220xi4 al mejor precio del mercado de Tijuana y toda la Repulica Mexicana. Etiquetas y ribbon de transferencia termica. Llamanos hoy al 664 449 4205","og_url":"http:\/\/advancedmro.com\/es\/producto\/impresora-zebra-220xi4\/","og_site_name":"Advanced MRO","article_modified_time":"2015-07-13T00:03:12+00:00","og_image":[{"width":649,"height":649,"url":"http:\/\/advancedmro.com\/es\/wp-content\/uploads\/2015\/07\/Zebra-220XI4-en-tijuana.jpg","type":"image\/jpeg"}],"twitter_misc":{"Tiempo de lectura":"3 minutos"},"schema":{"@context":"https:\/\/schema.org","@graph":[{"@type":"WebPage","@id":"http:\/\/advancedmro.com\/es\/producto\/impresora-zebra-220xi4\/","url":"http:\/\/advancedmro.com\/es\/producto\/impresora-zebra-220xi4\/","name":"Impresora Zebra 220XI4 - Advanced MRO","isPartOf":{"@id":"http:\/\/advancedmro.com\/es\/#website"},"primaryImageOfPage":{"@id":"http:\/\/advancedmro.com\/es\/producto\/impresora-zebra-220xi4\/#primaryimage"},"image":{"@id":"http:\/\/advancedmro.com\/es\/producto\/impresora-zebra-220xi4\/#primaryimage"},"thumbnailUrl":"https:\/\/advancedmro.com\/es\/wp-content\/uploads\/2015\/07\/Zebra-220XI4-en-tijuana.jpg","datePublished":"2015-07-12T23:35:27+00:00","dateModified":"2015-07-13T00:03:12+00:00","description":"Zebra 220xi4 al mejor precio del mercado de Tijuana y toda la Repulica Mexicana. Etiquetas y ribbon de transferencia termica. Llamanos hoy al 664 449 4205","breadcrumb":{"@id":"http:\/\/advancedmro.com\/es\/producto\/impresora-zebra-220xi4\/#breadcrumb"},"inLanguage":"es","potentialAction":[{"@type":"ReadAction","target":["http:\/\/advancedmro.com\/es\/producto\/impresora-zebra-220xi4\/"]}]},{"@type":"ImageObject","inLanguage":"es","@id":"http:\/\/advancedmro.com\/es\/producto\/impresora-zebra-220xi4\/#primaryimage","url":"https:\/\/advancedmro.com\/es\/wp-content\/uploads\/2015\/07\/Zebra-220XI4-en-tijuana.jpg","contentUrl":"https:\/\/advancedmro.com\/es\/wp-content\/uploads\/2015\/07\/Zebra-220XI4-en-tijuana.jpg","width":649,"height":649},{"@type":"BreadcrumbList","@id":"http:\/\/advancedmro.com\/es\/producto\/impresora-zebra-220xi4\/#breadcrumb","itemListElement":[{"@type":"ListItem","position":1,"name":"Home","item":"http:\/\/advancedmro.com\/es\/"},{"@type":"ListItem","position":2,"name":"Productos","item":"https:\/\/advancedmro.com\/es\/productos\/"},{"@type":"ListItem","position":3,"name":"Impresora Zebra 220XI4"}]},{"@type":"WebSite","@id":"http:\/\/advancedmro.com\/es\/#website","url":"http:\/\/advancedmro.com\/es\/","name":"Advanced MRO","description":"Reduciendo Costos Y Aumentando La Calidad Y Rendimiento","potentialAction":[{"@type":"SearchAction","target":{"@type":"EntryPoint","urlTemplate":"http:\/\/advancedmro.com\/es\/?s={search_term_string}"},"query-input":{"@type":"PropertyValueSpecification","valueRequired":true,"valueName":"search_term_string"}}],"inLanguage":"es"}]}},"_links":{"self":[{"href":"https:\/\/advancedmro.com\/es\/wp-json\/wp\/v2\/product\/454","targetHints":{"allow":["GET"]}}],"collection":[{"href":"https:\/\/advancedmro.com\/es\/wp-json\/wp\/v2\/product"}],"about":[{"href":"https:\/\/advancedmro.com\/es\/wp-json\/wp\/v2\/types\/product"}],"replies":[{"embeddable":true,"href":"https:\/\/advancedmro.com\/es\/wp-json\/wp\/v2\/comments?post=454"}],"wp:featuredmedia":[{"embeddable":true,"href":"https:\/\/advancedmro.com\/es\/wp-json\/wp\/v2\/media\/457"}],"wp:attachment":[{"href":"https:\/\/advancedmro.com\/es\/wp-json\/wp\/v2\/media?parent=454"}],"wp:term":[{"taxonomy":"product_brand","embeddable":true,"href":"https:\/\/advancedmro.com\/es\/wp-json\/wp\/v2\/product_brand?post=454"},{"taxonomy":"product_cat","embeddable":true,"href":"https:\/\/advancedmro.com\/es\/wp-json\/wp\/v2\/product_cat?post=454"},{"taxonomy":"product_tag","embeddable":true,"href":"https:\/\/advancedmro.com\/es\/wp-json\/wp\/v2\/product_tag?post=454"}],"curies":[{"name":"wp","href":"https:\/\/api.w.org\/{rel}","templated":true}]}}