{"id":448,"date":"2015-07-12T19:55:30","date_gmt":"2015-07-12T19:55:30","guid":{"rendered":"http:\/\/advancedmro.com\/es\/?post_type=product&#038;p=448"},"modified":"2015-07-12T20:18:31","modified_gmt":"2015-07-12T20:18:31","slug":"impresora-zebra-zt420","status":"publish","type":"product","link":"https:\/\/advancedmro.com\/es\/producto\/impresora-zebra-zt420\/","title":{"rendered":"Impresora Zebra ZT420 al Mejor Precio!"},"content":{"rendered":"<p>R\u00e1pido y fiable, la Zebra ZT420 tiene un ancho de impresi\u00f3n de 6 pulgadas y puede imprimir hasta 12 ips.<\/p>\n<p>Comparativo entre la impresora \u00a0ZT410 y la ZT420<\/p>\n<p><img loading=\"lazy\" decoding=\"async\" class=\"alignnone wp-image-450 size-full\" src=\"http:\/\/advancedmro.com\/es\/wp-content\/uploads\/2015\/07\/Diferencias-entre-ZT410-y-ZT420.png\" alt=\"Zebra ZT420\" width=\"862\" height=\"374\" srcset=\"https:\/\/advancedmro.com\/es\/wp-content\/uploads\/2015\/07\/Diferencias-entre-ZT410-y-ZT420.png 862w, https:\/\/advancedmro.com\/es\/wp-content\/uploads\/2015\/07\/Diferencias-entre-ZT410-y-ZT420-600x260.png 600w, https:\/\/advancedmro.com\/es\/wp-content\/uploads\/2015\/07\/Diferencias-entre-ZT410-y-ZT420-300x130.png 300w\" sizes=\"auto, (max-width: 862px) 100vw, 862px\" \/><\/p>\n<p>&nbsp;<\/p>\n<p><iframe loading=\"lazy\" src=\"https:\/\/www.youtube.com\/embed\/WdhnLlYf49U\" width=\"560\" height=\"315\" frameborder=\"0\" allowfullscreen=\"allowfullscreen\"><\/iframe><\/p>\n<p>\u2022 Construcci\u00f3n: estructura met\u00e1lica \u00a0con agrandamiento de ventana de visualizaci\u00f3n clara<br \/>\n\u2022 Lado de carga\u00a0sencilla para etiquetas y ribbon<br \/>\n\u2022 Element Energy Equalizer \u2122 (E3 \u2122) para una calidad de impresi\u00f3n superior<br \/>\n\u2022 Comunicaci\u00f3n &#8211; USB 2.0, de alta velocidad, RS-232 de serie, 10\/100 Ethernet, Bluetooth 2.1, USB Host<br \/>\n\u2022 Pantalla LCD, de varias l\u00edneas gr\u00e1ficas con men\u00fa intuitivo y el teclado f\u00e1cil de usar para una operaci\u00f3n r\u00e1pida<br \/>\n\u2022 Link-OS<br \/>\n\u2022 LED de estado de dos colores para el estado de la impresora r\u00e1pida<br \/>\n\u2022 Certificaci\u00f3n ENERGY STAR\u00ae<\/p>\n<h2><strong>Especificaciones de la impresora Zebra ZT420<\/strong><\/h2>\n<p>Resoluci\u00f3n:<br \/>\n\u2022 203 dpi \/ 8 puntos por mm<br \/>\n\u2022 300 dpi \/ 12 puntos por mm (opcional)<br \/>\n<strong>Memoria:<\/strong><br \/>\n\u2022 Memoria RAM de 256 MB (4 MB disponible para el usuario)<br \/>\n\u2022 512 MB de memoria flash (64 MB disponible para el usuario)<br \/>\nM\u00e1ximo ancho de impresi\u00f3n: 6,6 \u00ab\/ 168 mm<br \/>\nVelocidad m\u00e1xima de impresi\u00f3n: 12 ips \/ 305 mm por segundo<\/p>\n<p>Ancho de la banda de medios (etiqueta y revestimiento):<br \/>\n\u2022 2,00 \u00ab\/ 51 mm a 7,0\u00bb \/ 178 mm Tear \/ cortador<br \/>\n\u2022 2.00 \u00ab\/ 51 mm a 6.75\u00bb \/ 171 mm Peel \/ Rewind<br \/>\nLongitud m\u00e1xima para no continua Label: 39 \u00ab\/ 991 mm<br \/>\nLongitud m\u00ednima Discogr\u00e1fica:<br \/>\n\u2022 Modo Tear-off: 0,5 \u00ab(12,7 mm)<br \/>\n\u2022 Modo de Peel: 0,5 \u00ab(12,7 mm)<br \/>\n\u2022 Modo Rewind: 0,5 \u00ab(12,7 mm)<br \/>\n\u2022 Cortador: 1,00 \u00ab(25,4 mm)<br \/>\nLongitud de impresi\u00f3n<br \/>\n\u2022 203 ppp: 102 \u00ab\/ 2,590 mm<br \/>\n\u2022 300 ppp: 45 \u00ab\/ 1,143 mm<br \/>\nTama\u00f1o m\u00e1ximo de rollo de papel: 8,0 \u00ab\/ 203 mm de di\u00e1metro exterior en un 3\u00bb \/ 76 mm de di\u00e1metro n\u00facleo<br \/>\nGrosor del soporte: 0,0023 \u00ab\/0.058 mm a 0.010 mm \/0.25\u00bb<br \/>\nTipos de papel: Continuo, troquelado, muesca, negro marca<\/p>\n<p><strong>Caracter\u00edsticas del ribbon para la Zebra ZT420<\/strong><br \/>\nDi\u00e1metro exterior: 450 m: 3.2 \u00ab\/81.3 mm de di\u00e1metro exterior en un 1,0\u00bb Identificaci\u00f3n \/25.4 mm n\u00facleo<br \/>\nLongitud est\u00e1ndar: 1,476 &#8216;\/ 450 m<br \/>\nAncho: 2.00 \u00ab\/ 51 mm a 6.85\u00bb \/ 174 mm<\/p>\n<p>Ambiental<br \/>\nEntorno Operativo:<br \/>\n\u2022 Transferencia t\u00e9rmica: 40\u00ba a 104\u00baF \/ 5\u00ba a 40\u00ba C<br \/>\n\u2022 t\u00e9rmica directa: 32\u00ba a 104\u00baF \/ 0\u00ba a 40\u00ba C<br \/>\nAlmacenamiento \/ Transporte Medio Ambiente:<br \/>\n\u2022 -40\u00ba a 140\u00baF \/ -40\u00ba a 60\u00ba C<\/p>\n<p><strong>Caracter\u00edsticas F\u00edsicas de la Zebra ZT420<\/strong><\/p>\n<p>Ancho: 13,25 \u00ab\/336.55 mm<br \/>\nAltura: 12,75 \u00ab\/ 324 mm<br \/>\nProfundidad: 19,50 \u00ab\/ 495 mm<br \/>\nPeso: \u00a3 40 \/ 18,14 kg<\/p>\n<p><strong>C\u00f3digos de barras \/ Simbolog\u00edas<\/strong><br \/>\n\u2022 C\u00f3digos de barras lineales: C\u00f3digo 11, C\u00f3digo 39, C\u00f3digo 93, C\u00f3digo 128 con subconjuntos A \/ B \/ C y c\u00f3digos UCC Case, ISBT-128, UPC-A, UPC-E, EAN-8, EAN-13, UPC y EAN 2-o 5 d\u00edgitos extensiones, Plessey, Postnet, est\u00e1ndar 2-of-5, Industrial 2-of-5, Interleaved 2-of-5, Logmars, MSI, Codabar y c\u00f3digo Planet<br \/>\n\u2022 C\u00f3digos de barras de 2 dimensiones: Codablock, PDF417, C\u00f3digo 49, DataMatrix, MaxiCode, C\u00f3digo QR, TLC 39, MicroPDF, RSS-14 (y compuesto), aztecas<br \/>\n<strong>Opciones y accesorios de la impresora Zebra ZT420<\/strong><br \/>\nComunicaci\u00f3n<br \/>\n\u2022 Paralelo (interfaz bidireccional)<br \/>\n\u2022 Conexi\u00f3n inal\u00e1mbrica: ZebraNet\u00ae servidor de impresora &#8211; compatible con 802.11 a \/ b \/ g \/ n redes a trav\u00e9s de una opci\u00f3n integrada internamente, que permite el uso de Webview y caracter\u00edsticas Alerta<br \/>\nManejo de soportes<br \/>\n\u2022 Rewind: rebobina internamente un rollo completo de etiquetas impresas en \u00abn\u00facleo 3, o c\u00e1scaras y rebobina liner (instalada de f\u00e1brica solamente)<br \/>\n\u2022 Peel &#8211; Un montaje frontal, opci\u00f3n c\u00e1scara pasiva<br \/>\n\u2022 Cortador: Un frente de montaje cortador de guillotina y bandeja de recogida,<br \/>\nRFID<br \/>\n\u2022 Etiquetas compatibles con EPC UHF Gen 2 V1.2 \/ ISO 18000-6C<br \/>\n\u2022 Imprime y codifica las etiquetas con un paso m\u00ednimo de 0.6 \u00ab\/ 16 mm<br \/>\n\u2022 Codificaci\u00f3n adaptativa Tecnolog\u00eda RFID simplifica la configuraci\u00f3n y elimina las directrices de colocaci\u00f3n RFID complejas<br \/>\nTeclado Unidad de visualizaci\u00f3n<br \/>\n\u2022 Soporta KDU Plus \u2122 y ZKDU &#8211; Introduzca los datos variables y recupere formularios almacenados para aplicaciones independientes<\/p>\n<p>Para mas informacion de la Zebra ZT420 dale <a href=\"https:\/\/www.zebra.com\/content\/dam\/zebra\/product-information\/en-us\/brochures-datasheets\/industrial\/zt400-datasheet-215-en-us.pdf\" target=\"_blank\">click aqui<\/a><\/p>\n","protected":false},"excerpt":{"rendered":"<p>Las impresoras de la Serie ZT420 son robustas y cargadas con un conjunto est\u00e1ndar de caracter\u00edsticas avanzadas que permiten su uso en la m\u00e1s amplia variedad de aplicaciones para la industrila\u00a0maquiladora, transporte, log\u00edstica, \u00a0y medicas. La fiabilidad de la Serie Z &#8216;con los avances en la velocidad de impresi\u00f3n, opciones de conectividad, herramientas de gesti\u00f3n y de apoyo, la Zebra ZT420 se puede integrar en una amplia gama de entornos.<\/p>\n","protected":false},"featured_media":449,"comment_status":"open","ping_status":"closed","template":"","meta":[],"product_brand":[],"product_cat":[25,95],"product_tag":[99],"class_list":{"0":"post-448","1":"product","2":"type-product","3":"status-publish","4":"has-post-thumbnail","6":"product_cat-impresoras-de-transferencia-termica","7":"product_cat-impresoras-zebra","8":"product_tag-impresora-zebra-zt420-tijuana","9":"post","10":"post-with-thumbnail","11":"post-with-thumbnail-large","13":"first","14":"instock","15":"shipping-taxable","16":"product-type-simple"},"yoast_head":"<!-- This site is optimized with the Yoast SEO Premium plugin v26.4 (Yoast SEO v26.9) - https:\/\/yoast.com\/product\/yoast-seo-premium-wordpress\/ -->\n<title>Impresora Zebra ZT420 al Mejor Precio! - Advanced MRO<\/title>\n<meta name=\"description\" content=\"Impresora Zebra ZT420 al mejor precio del marcado en Tijuana y toda la Republica Mexicana. Etiquetas y Ribbons de transferencia termica. Llamanos hoy!\" \/>\n<meta name=\"robots\" content=\"index, follow, max-snippet:-1, max-image-preview:large, max-video-preview:-1\" \/>\n<link rel=\"canonical\" href=\"http:\/\/advancedmro.com\/es\/producto\/impresora-zebra-zt420\/\" \/>\n<meta property=\"og:locale\" content=\"es_ES\" \/>\n<meta property=\"og:type\" content=\"article\" \/>\n<meta property=\"og:title\" content=\"Impresora Zebra ZT420 al Mejor Precio!\" \/>\n<meta property=\"og:description\" content=\"Impresora Zebra ZT420 al mejor precio del marcado en Tijuana y toda la Republica Mexicana. Etiquetas y Ribbons de transferencia termica. Llamanos hoy!\" \/>\n<meta property=\"og:url\" content=\"http:\/\/advancedmro.com\/es\/producto\/impresora-zebra-zt420\/\" \/>\n<meta property=\"og:site_name\" content=\"Advanced MRO\" \/>\n<meta property=\"article:modified_time\" content=\"2015-07-12T20:18:31+00:00\" \/>\n<meta property=\"og:image\" content=\"http:\/\/advancedmro.com\/es\/wp-content\/uploads\/2015\/07\/Impresora-zt420-en-Tijuana.jpg\" \/>\n\t<meta property=\"og:image:width\" content=\"640\" \/>\n\t<meta property=\"og:image:height\" content=\"500\" \/>\n\t<meta property=\"og:image:type\" content=\"image\/jpeg\" \/>\n<meta name=\"twitter:label1\" content=\"Tiempo de lectura\" \/>\n\t<meta name=\"twitter:data1\" content=\"3 minutos\" \/>\n<script type=\"application\/ld+json\" class=\"yoast-schema-graph\">{\"@context\":\"https:\/\/schema.org\",\"@graph\":[{\"@type\":\"WebPage\",\"@id\":\"http:\/\/advancedmro.com\/es\/producto\/impresora-zebra-zt420\/\",\"url\":\"http:\/\/advancedmro.com\/es\/producto\/impresora-zebra-zt420\/\",\"name\":\"Impresora Zebra ZT420 al Mejor Precio! - Advanced MRO\",\"isPartOf\":{\"@id\":\"http:\/\/advancedmro.com\/es\/#website\"},\"primaryImageOfPage\":{\"@id\":\"http:\/\/advancedmro.com\/es\/producto\/impresora-zebra-zt420\/#primaryimage\"},\"image\":{\"@id\":\"http:\/\/advancedmro.com\/es\/producto\/impresora-zebra-zt420\/#primaryimage\"},\"thumbnailUrl\":\"https:\/\/advancedmro.com\/es\/wp-content\/uploads\/2015\/07\/Impresora-zt420-en-Tijuana.jpg\",\"datePublished\":\"2015-07-12T19:55:30+00:00\",\"dateModified\":\"2015-07-12T20:18:31+00:00\",\"description\":\"Impresora Zebra ZT420 al mejor precio del marcado en Tijuana y toda la Republica Mexicana. Etiquetas y Ribbons de transferencia termica. Llamanos hoy!\",\"breadcrumb\":{\"@id\":\"http:\/\/advancedmro.com\/es\/producto\/impresora-zebra-zt420\/#breadcrumb\"},\"inLanguage\":\"es\",\"potentialAction\":[{\"@type\":\"ReadAction\",\"target\":[\"http:\/\/advancedmro.com\/es\/producto\/impresora-zebra-zt420\/\"]}]},{\"@type\":\"ImageObject\",\"inLanguage\":\"es\",\"@id\":\"http:\/\/advancedmro.com\/es\/producto\/impresora-zebra-zt420\/#primaryimage\",\"url\":\"https:\/\/advancedmro.com\/es\/wp-content\/uploads\/2015\/07\/Impresora-zt420-en-Tijuana.jpg\",\"contentUrl\":\"https:\/\/advancedmro.com\/es\/wp-content\/uploads\/2015\/07\/Impresora-zt420-en-Tijuana.jpg\",\"width\":640,\"height\":500,\"caption\":\"ZT420 en Tijuana\"},{\"@type\":\"BreadcrumbList\",\"@id\":\"http:\/\/advancedmro.com\/es\/producto\/impresora-zebra-zt420\/#breadcrumb\",\"itemListElement\":[{\"@type\":\"ListItem\",\"position\":1,\"name\":\"Home\",\"item\":\"http:\/\/advancedmro.com\/es\/\"},{\"@type\":\"ListItem\",\"position\":2,\"name\":\"Productos\",\"item\":\"https:\/\/advancedmro.com\/es\/productos\/\"},{\"@type\":\"ListItem\",\"position\":3,\"name\":\"Impresora Zebra ZT420 al Mejor Precio!\"}]},{\"@type\":\"WebSite\",\"@id\":\"http:\/\/advancedmro.com\/es\/#website\",\"url\":\"http:\/\/advancedmro.com\/es\/\",\"name\":\"Advanced MRO\",\"description\":\"Reduciendo Costos Y Aumentando La Calidad Y Rendimiento\",\"potentialAction\":[{\"@type\":\"SearchAction\",\"target\":{\"@type\":\"EntryPoint\",\"urlTemplate\":\"http:\/\/advancedmro.com\/es\/?s={search_term_string}\"},\"query-input\":{\"@type\":\"PropertyValueSpecification\",\"valueRequired\":true,\"valueName\":\"search_term_string\"}}],\"inLanguage\":\"es\"}]}<\/script>\n<!-- \/ Yoast SEO Premium plugin. -->","yoast_head_json":{"title":"Impresora Zebra ZT420 al Mejor Precio! - Advanced MRO","description":"Impresora Zebra ZT420 al mejor precio del marcado en Tijuana y toda la Republica Mexicana. Etiquetas y Ribbons de transferencia termica. Llamanos hoy!","robots":{"index":"index","follow":"follow","max-snippet":"max-snippet:-1","max-image-preview":"max-image-preview:large","max-video-preview":"max-video-preview:-1"},"canonical":"http:\/\/advancedmro.com\/es\/producto\/impresora-zebra-zt420\/","og_locale":"es_ES","og_type":"article","og_title":"Impresora Zebra ZT420 al Mejor Precio!","og_description":"Impresora Zebra ZT420 al mejor precio del marcado en Tijuana y toda la Republica Mexicana. Etiquetas y Ribbons de transferencia termica. Llamanos hoy!","og_url":"http:\/\/advancedmro.com\/es\/producto\/impresora-zebra-zt420\/","og_site_name":"Advanced MRO","article_modified_time":"2015-07-12T20:18:31+00:00","og_image":[{"width":640,"height":500,"url":"http:\/\/advancedmro.com\/es\/wp-content\/uploads\/2015\/07\/Impresora-zt420-en-Tijuana.jpg","type":"image\/jpeg"}],"twitter_misc":{"Tiempo de lectura":"3 minutos"},"schema":{"@context":"https:\/\/schema.org","@graph":[{"@type":"WebPage","@id":"http:\/\/advancedmro.com\/es\/producto\/impresora-zebra-zt420\/","url":"http:\/\/advancedmro.com\/es\/producto\/impresora-zebra-zt420\/","name":"Impresora Zebra ZT420 al Mejor Precio! - Advanced MRO","isPartOf":{"@id":"http:\/\/advancedmro.com\/es\/#website"},"primaryImageOfPage":{"@id":"http:\/\/advancedmro.com\/es\/producto\/impresora-zebra-zt420\/#primaryimage"},"image":{"@id":"http:\/\/advancedmro.com\/es\/producto\/impresora-zebra-zt420\/#primaryimage"},"thumbnailUrl":"https:\/\/advancedmro.com\/es\/wp-content\/uploads\/2015\/07\/Impresora-zt420-en-Tijuana.jpg","datePublished":"2015-07-12T19:55:30+00:00","dateModified":"2015-07-12T20:18:31+00:00","description":"Impresora Zebra ZT420 al mejor precio del marcado en Tijuana y toda la Republica Mexicana. Etiquetas y Ribbons de transferencia termica. Llamanos hoy!","breadcrumb":{"@id":"http:\/\/advancedmro.com\/es\/producto\/impresora-zebra-zt420\/#breadcrumb"},"inLanguage":"es","potentialAction":[{"@type":"ReadAction","target":["http:\/\/advancedmro.com\/es\/producto\/impresora-zebra-zt420\/"]}]},{"@type":"ImageObject","inLanguage":"es","@id":"http:\/\/advancedmro.com\/es\/producto\/impresora-zebra-zt420\/#primaryimage","url":"https:\/\/advancedmro.com\/es\/wp-content\/uploads\/2015\/07\/Impresora-zt420-en-Tijuana.jpg","contentUrl":"https:\/\/advancedmro.com\/es\/wp-content\/uploads\/2015\/07\/Impresora-zt420-en-Tijuana.jpg","width":640,"height":500,"caption":"ZT420 en Tijuana"},{"@type":"BreadcrumbList","@id":"http:\/\/advancedmro.com\/es\/producto\/impresora-zebra-zt420\/#breadcrumb","itemListElement":[{"@type":"ListItem","position":1,"name":"Home","item":"http:\/\/advancedmro.com\/es\/"},{"@type":"ListItem","position":2,"name":"Productos","item":"https:\/\/advancedmro.com\/es\/productos\/"},{"@type":"ListItem","position":3,"name":"Impresora Zebra ZT420 al Mejor Precio!"}]},{"@type":"WebSite","@id":"http:\/\/advancedmro.com\/es\/#website","url":"http:\/\/advancedmro.com\/es\/","name":"Advanced MRO","description":"Reduciendo Costos Y Aumentando La Calidad Y Rendimiento","potentialAction":[{"@type":"SearchAction","target":{"@type":"EntryPoint","urlTemplate":"http:\/\/advancedmro.com\/es\/?s={search_term_string}"},"query-input":{"@type":"PropertyValueSpecification","valueRequired":true,"valueName":"search_term_string"}}],"inLanguage":"es"}]}},"_links":{"self":[{"href":"https:\/\/advancedmro.com\/es\/wp-json\/wp\/v2\/product\/448","targetHints":{"allow":["GET"]}}],"collection":[{"href":"https:\/\/advancedmro.com\/es\/wp-json\/wp\/v2\/product"}],"about":[{"href":"https:\/\/advancedmro.com\/es\/wp-json\/wp\/v2\/types\/product"}],"replies":[{"embeddable":true,"href":"https:\/\/advancedmro.com\/es\/wp-json\/wp\/v2\/comments?post=448"}],"wp:featuredmedia":[{"embeddable":true,"href":"https:\/\/advancedmro.com\/es\/wp-json\/wp\/v2\/media\/449"}],"wp:attachment":[{"href":"https:\/\/advancedmro.com\/es\/wp-json\/wp\/v2\/media?parent=448"}],"wp:term":[{"taxonomy":"product_brand","embeddable":true,"href":"https:\/\/advancedmro.com\/es\/wp-json\/wp\/v2\/product_brand?post=448"},{"taxonomy":"product_cat","embeddable":true,"href":"https:\/\/advancedmro.com\/es\/wp-json\/wp\/v2\/product_cat?post=448"},{"taxonomy":"product_tag","embeddable":true,"href":"https:\/\/advancedmro.com\/es\/wp-json\/wp\/v2\/product_tag?post=448"}],"curies":[{"name":"wp","href":"https:\/\/api.w.org\/{rel}","templated":true}]}}