{"id":442,"date":"2015-07-12T19:07:38","date_gmt":"2015-07-12T19:07:38","guid":{"rendered":"http:\/\/advancedmro.com\/es\/?post_type=product&#038;p=442"},"modified":"2015-07-12T20:32:26","modified_gmt":"2015-07-12T20:32:26","slug":"impresora-zebra-zt410","status":"publish","type":"product","link":"https:\/\/advancedmro.com\/es\/producto\/impresora-zebra-zt410\/","title":{"rendered":"Impresora Zebra ZT410"},"content":{"rendered":"<p>Esta impresora remplaza a la ZM400.<\/p>\n<p>Con una anchura de impresi\u00f3n de 4 pulgadas, el ZT410 tiene velocidades de impresi\u00f3n de hasta 14 ips y ofrece alta resoluci\u00f3n (600 dpi) de impresi\u00f3n para aplicaciones de peque\u00f1a etiqueta.<\/p>\n<p>Mantenga sus operaciones cr\u00edticas funcionando de manera eficiente. Construido con un marco totalmente met\u00e1lico y la puerta de doble hoja, las impresoras de la serie Zebra ZT410 ofrecen avances en velocidad de impresi\u00f3n, registro y conectividad, as\u00ed como caracter\u00edsticas avanzadas adicionales.<br \/>\nImpresoras ZT410 cuentan USB, Serial, Ethernet y conectividad Bluetooth\u00ae junto con las capacidades RFID ampliadas. Y con el ambiente Link-OS\u00ae de Zebra, un sistema operativo innovador, puede integrar, administrar y mantener estas impresoras desde cualquier parte del mundo.<\/p>\n<p><img loading=\"lazy\" decoding=\"async\" class=\"alignnone size-full wp-image-450\" src=\"http:\/\/advancedmro.com\/es\/wp-content\/uploads\/2015\/07\/Diferencias-entre-ZT410-y-ZT420.png\" alt=\"Zebra ZT410\" width=\"862\" height=\"374\" srcset=\"https:\/\/advancedmro.com\/es\/wp-content\/uploads\/2015\/07\/Diferencias-entre-ZT410-y-ZT420.png 862w, https:\/\/advancedmro.com\/es\/wp-content\/uploads\/2015\/07\/Diferencias-entre-ZT410-y-ZT420-600x260.png 600w, https:\/\/advancedmro.com\/es\/wp-content\/uploads\/2015\/07\/Diferencias-entre-ZT410-y-ZT420-300x130.png 300w\" sizes=\"auto, (max-width: 862px) 100vw, 862px\" \/><br \/>\n<iframe loading=\"lazy\" src=\"https:\/\/www.youtube.com\/embed\/FiJnfNwBw8I\" width=\"560\" height=\"315\" frameborder=\"0\" allowfullscreen=\"allowfullscreen\"><\/iframe><\/p>\n<p>&nbsp;<\/p>\n<h2><strong>M\u00e1s caracter\u00edsticas est\u00e1ndar de la Impresora Zebra ZT410<\/strong><\/h2>\n<p>&nbsp;<\/p>\n<p>\u2022 Construcci\u00f3n: estructura met\u00e1lica con agrandamiento de ventana para\u00a0visualizaci\u00f3n clara<br \/>\n\u2022 Lado de carga sencilla para etiqueta\u00a0y ribbons de transferencia t\u00e9rmica<br \/>\n\u2022 Element Energy Equalizer \u2122 (E3 \u2122) para una calidad de impresi\u00f3n superior<br \/>\n\u2022 Comunicaci\u00f3n &#8211; USB 2.0, de alta velocidad, RS-232 de serie, 10\/100 Ethernet, Bluetooth 2.1, USB Host<br \/>\n\u2022 Pantalla LCD, gr\u00e1fico con men\u00fa intuitivo y el teclado f\u00e1cil de usar para una operaci\u00f3n r\u00e1pida<br \/>\n\u2022 Link-OS<br \/>\n\u2022 LED de estado de dos colores para el estado de la impresora r\u00e1pida<br \/>\n\u2022 Certificaci\u00f3n ENERGY STAR\u00ae<\/p>\n<p><strong>Especificaciones de la impresora<\/strong><\/p>\n<p><strong>Resoluci\u00f3n:<\/strong><br \/>\n\u2022 203 dpi \/ 8 puntos por mm<br \/>\n\u2022 300 dpi \/ 12 puntos por mm (opcional)<br \/>\n\u2022 600 dpi \/ 24 puntos por mm (opcional)<br \/>\n<strong>Memoria:<\/strong><br \/>\n\u2022 Memoria RAM de 256 MB (4 MB disponible para el usuario)<br \/>\n\u2022 512 MB de memoria flash (64 MB disponible para el usuario)<br \/>\nM\u00e1xima de Impresi\u00f3n Ancho: 4,09 \u00ab\/ 104 mm<br \/>\nVelocidad m\u00e1xima de impresi\u00f3n: 14 ips \/ 356 mm por segundo<br \/>\nSensores de papel:<br \/>\n\u2022 sensores de papel dual &#8211; transmisivo y reflexivo<\/p>\n<p><strong>Ancho de la banda de medios (etiqueta y ribbon):<\/strong><br \/>\n\u2022 1,00 \u00ab(25,4 mm) a 4.50\u00bb (114 mm) Tear \/ Cortadora<br \/>\n\u2022 1,00 \u00ab(25,4 mm) a 4.25\u00bb (108 mm) Peel \/ Rewind<br \/>\nLongitud m\u00e1xima para no continua Label: 39 \u00ab\/ 991 mm<br \/>\nLongitud m\u00ednima Discogr\u00e1fica:<br \/>\n\u2022 Modo Tear-off: 0,5 \u00ab(12,7 mm)<br \/>\n\u2022 Modo de Peel: 0,5 \u00ab(12,7 mm)<br \/>\n\u2022 Modo Rewind: 0,5 \u00ab(12,7 mm)<br \/>\n\u2022 Cortador: 1,00 \u00ab(25,4 mm)<br \/>\nLongitud de impresi\u00f3n<br \/>\n\u2022 203 ppp: 157 \u00ab\/ 3,988 mm<br \/>\n\u2022 300 ppp: 73 \u00ab\/ 1,854 mm<br \/>\n\u2022 600 ppp: 39 \u00ab\/ 991 mm<br \/>\nTama\u00f1o m\u00e1ximo de rollo de papel: 8,0 \u00ab\/ 203 mm de di\u00e1metro exterior en un 3\u00bb \/ 76 mm de di\u00e1metro n\u00facleo<br \/>\nGrosor del soporte: 0,0023 \u00ab\/0.058 mm a 0.010 mm \/0.25\u00bb<br \/>\nTipos de papel: Continuo, troquelado, muesca, negro marca<\/p>\n<p>Caracter\u00edsticas de la cinta de transferencia termica<\/p>\n<p>Di\u00e1metro exterior: 450 m: 3.2 \u00ab\/81.3 mm de di\u00e1metro exterior en un 1,0\u00bb Identificaci\u00f3n \/25.4 mm n\u00facleo<br \/>\nLongitud est\u00e1ndar: 1,476 &#8216;\/ 450 m<br \/>\nAncho: 2.00 \u00ab\/ 51 mm a 4.33\u00bb \/ 110 mm<br \/>\nConfiguraci\u00f3n de la cinta: la cinta de tinta Herida lado a cabo: la herida de la cinta de tinta a lado en se puede utilizar con el eje de la cinta opcional.<br \/>\nAmbiental<\/p>\n<p>Entorno Operativo<br \/>\n\u2022 Transferencia t\u00e9rmica: 40\u00ba a 104\u00baF \/ 5\u00ba a 40\u00ba C<br \/>\n\u2022 t\u00e9rmica directa: 32\u00ba a 104\u00baF \/ 0\u00ba a 40\u00ba C<br \/>\nAlmacenamiento \/ Transporte Medio Ambiente:<br \/>\n\u2022 -40\u00ba a 140\u00baF \/ -40\u00ba a 60\u00ba C<br \/>\n<iframe loading=\"lazy\" src=\"https:\/\/www.youtube.com\/embed\/WdhnLlYf49U\" width=\"560\" height=\"315\" frameborder=\"0\" allowfullscreen=\"allowfullscreen\"><\/iframe><\/p>\n<p>Para mas informacion sobre la Zebra ZT410 dale <a href=\"https:\/\/www.zebra.com\/content\/dam\/zebra\/product-information\/en-us\/brochures-datasheets\/industrial\/zt400-datasheet-215-en-us.pdf\" target=\"_blank\">click aqui<\/a><\/p>\n","protected":false},"excerpt":{"rendered":"<p>Esta impresora remplaza a la ZM400. Con una anchura de impresi\u00f3n de 4 pulgadas, el ZT410 tiene velocidades de impresi\u00f3n de hasta 14 ips y ofrece alta resoluci\u00f3n (600 dpi) de impresi\u00f3n para aplicaciones de peque\u00f1a etiqueta. Mantenga sus operaciones cr\u00edticas funcionando de manera eficiente. Construido con un marco totalmente met\u00e1lico y la puerta de [&hellip;]<\/p>\n","protected":false},"featured_media":445,"comment_status":"open","ping_status":"closed","template":"","meta":[],"product_brand":[],"product_cat":[25,95],"product_tag":[97,98],"class_list":{"0":"post-442","1":"product","2":"type-product","3":"status-publish","4":"has-post-thumbnail","6":"product_cat-impresoras-de-transferencia-termica","7":"product_cat-impresoras-zebra","8":"product_tag-impresora-zebra-zt410-tijuana","9":"product_tag-impresoras-zebra-en-tijuana","10":"post","11":"post-with-thumbnail","12":"post-with-thumbnail-large","14":"first","15":"instock","16":"shipping-taxable","17":"product-type-simple"},"yoast_head":"<!-- This site is optimized with the Yoast SEO Premium plugin v26.4 (Yoast SEO v26.9) - https:\/\/yoast.com\/product\/yoast-seo-premium-wordpress\/ -->\n<title>Impresora Zebra ZT410 - Advanced MRO<\/title>\n<meta name=\"description\" content=\"Impresora Zebra ZT410 a el mejor precio del mercado en Tijuana y toda la Republica Mexicana. Llamanos al 664 449 4205 hoy!\" \/>\n<meta name=\"robots\" content=\"index, follow, max-snippet:-1, max-image-preview:large, max-video-preview:-1\" \/>\n<link rel=\"canonical\" href=\"http:\/\/advancedmro.com\/es\/producto\/impresora-zebra-zt410\/\" \/>\n<meta property=\"og:locale\" content=\"es_ES\" \/>\n<meta property=\"og:type\" content=\"article\" \/>\n<meta property=\"og:title\" content=\"Impresora Zebra ZT410\" \/>\n<meta property=\"og:description\" content=\"Impresora Zebra ZT410 a el mejor precio del mercado en Tijuana y toda la Republica Mexicana. Llamanos al 664 449 4205 hoy!\" \/>\n<meta property=\"og:url\" content=\"http:\/\/advancedmro.com\/es\/producto\/impresora-zebra-zt410\/\" \/>\n<meta property=\"og:site_name\" content=\"Advanced MRO\" \/>\n<meta property=\"article:modified_time\" content=\"2015-07-12T20:32:26+00:00\" \/>\n<meta property=\"og:image\" content=\"http:\/\/advancedmro.com\/es\/wp-content\/uploads\/2015\/07\/Impresora-Zebra-zt410-en-Tijuana.jpg\" \/>\n\t<meta property=\"og:image:width\" content=\"640\" \/>\n\t<meta property=\"og:image:height\" content=\"544\" \/>\n\t<meta property=\"og:image:type\" content=\"image\/jpeg\" \/>\n<meta name=\"twitter:label1\" content=\"Tiempo de lectura\" \/>\n\t<meta name=\"twitter:data1\" content=\"2 minutos\" \/>\n<script type=\"application\/ld+json\" class=\"yoast-schema-graph\">{\"@context\":\"https:\/\/schema.org\",\"@graph\":[{\"@type\":\"WebPage\",\"@id\":\"http:\/\/advancedmro.com\/es\/producto\/impresora-zebra-zt410\/\",\"url\":\"http:\/\/advancedmro.com\/es\/producto\/impresora-zebra-zt410\/\",\"name\":\"Impresora Zebra ZT410 - Advanced MRO\",\"isPartOf\":{\"@id\":\"http:\/\/advancedmro.com\/es\/#website\"},\"primaryImageOfPage\":{\"@id\":\"http:\/\/advancedmro.com\/es\/producto\/impresora-zebra-zt410\/#primaryimage\"},\"image\":{\"@id\":\"http:\/\/advancedmro.com\/es\/producto\/impresora-zebra-zt410\/#primaryimage\"},\"thumbnailUrl\":\"https:\/\/advancedmro.com\/es\/wp-content\/uploads\/2015\/07\/Impresora-Zebra-zt410-en-Tijuana.jpg\",\"datePublished\":\"2015-07-12T19:07:38+00:00\",\"dateModified\":\"2015-07-12T20:32:26+00:00\",\"description\":\"Impresora Zebra ZT410 a el mejor precio del mercado en Tijuana y toda la Republica Mexicana. Llamanos al 664 449 4205 hoy!\",\"breadcrumb\":{\"@id\":\"http:\/\/advancedmro.com\/es\/producto\/impresora-zebra-zt410\/#breadcrumb\"},\"inLanguage\":\"es\",\"potentialAction\":[{\"@type\":\"ReadAction\",\"target\":[\"http:\/\/advancedmro.com\/es\/producto\/impresora-zebra-zt410\/\"]}]},{\"@type\":\"ImageObject\",\"inLanguage\":\"es\",\"@id\":\"http:\/\/advancedmro.com\/es\/producto\/impresora-zebra-zt410\/#primaryimage\",\"url\":\"https:\/\/advancedmro.com\/es\/wp-content\/uploads\/2015\/07\/Impresora-Zebra-zt410-en-Tijuana.jpg\",\"contentUrl\":\"https:\/\/advancedmro.com\/es\/wp-content\/uploads\/2015\/07\/Impresora-Zebra-zt410-en-Tijuana.jpg\",\"width\":640,\"height\":544},{\"@type\":\"BreadcrumbList\",\"@id\":\"http:\/\/advancedmro.com\/es\/producto\/impresora-zebra-zt410\/#breadcrumb\",\"itemListElement\":[{\"@type\":\"ListItem\",\"position\":1,\"name\":\"Home\",\"item\":\"http:\/\/advancedmro.com\/es\/\"},{\"@type\":\"ListItem\",\"position\":2,\"name\":\"Productos\",\"item\":\"https:\/\/advancedmro.com\/es\/productos\/\"},{\"@type\":\"ListItem\",\"position\":3,\"name\":\"Impresora Zebra ZT410\"}]},{\"@type\":\"WebSite\",\"@id\":\"http:\/\/advancedmro.com\/es\/#website\",\"url\":\"http:\/\/advancedmro.com\/es\/\",\"name\":\"Advanced MRO\",\"description\":\"Reduciendo Costos Y Aumentando La Calidad Y Rendimiento\",\"potentialAction\":[{\"@type\":\"SearchAction\",\"target\":{\"@type\":\"EntryPoint\",\"urlTemplate\":\"http:\/\/advancedmro.com\/es\/?s={search_term_string}\"},\"query-input\":{\"@type\":\"PropertyValueSpecification\",\"valueRequired\":true,\"valueName\":\"search_term_string\"}}],\"inLanguage\":\"es\"}]}<\/script>\n<!-- \/ Yoast SEO Premium plugin. -->","yoast_head_json":{"title":"Impresora Zebra ZT410 - Advanced MRO","description":"Impresora Zebra ZT410 a el mejor precio del mercado en Tijuana y toda la Republica Mexicana. Llamanos al 664 449 4205 hoy!","robots":{"index":"index","follow":"follow","max-snippet":"max-snippet:-1","max-image-preview":"max-image-preview:large","max-video-preview":"max-video-preview:-1"},"canonical":"http:\/\/advancedmro.com\/es\/producto\/impresora-zebra-zt410\/","og_locale":"es_ES","og_type":"article","og_title":"Impresora Zebra ZT410","og_description":"Impresora Zebra ZT410 a el mejor precio del mercado en Tijuana y toda la Republica Mexicana. Llamanos al 664 449 4205 hoy!","og_url":"http:\/\/advancedmro.com\/es\/producto\/impresora-zebra-zt410\/","og_site_name":"Advanced MRO","article_modified_time":"2015-07-12T20:32:26+00:00","og_image":[{"width":640,"height":544,"url":"http:\/\/advancedmro.com\/es\/wp-content\/uploads\/2015\/07\/Impresora-Zebra-zt410-en-Tijuana.jpg","type":"image\/jpeg"}],"twitter_misc":{"Tiempo de lectura":"2 minutos"},"schema":{"@context":"https:\/\/schema.org","@graph":[{"@type":"WebPage","@id":"http:\/\/advancedmro.com\/es\/producto\/impresora-zebra-zt410\/","url":"http:\/\/advancedmro.com\/es\/producto\/impresora-zebra-zt410\/","name":"Impresora Zebra ZT410 - Advanced MRO","isPartOf":{"@id":"http:\/\/advancedmro.com\/es\/#website"},"primaryImageOfPage":{"@id":"http:\/\/advancedmro.com\/es\/producto\/impresora-zebra-zt410\/#primaryimage"},"image":{"@id":"http:\/\/advancedmro.com\/es\/producto\/impresora-zebra-zt410\/#primaryimage"},"thumbnailUrl":"https:\/\/advancedmro.com\/es\/wp-content\/uploads\/2015\/07\/Impresora-Zebra-zt410-en-Tijuana.jpg","datePublished":"2015-07-12T19:07:38+00:00","dateModified":"2015-07-12T20:32:26+00:00","description":"Impresora Zebra ZT410 a el mejor precio del mercado en Tijuana y toda la Republica Mexicana. Llamanos al 664 449 4205 hoy!","breadcrumb":{"@id":"http:\/\/advancedmro.com\/es\/producto\/impresora-zebra-zt410\/#breadcrumb"},"inLanguage":"es","potentialAction":[{"@type":"ReadAction","target":["http:\/\/advancedmro.com\/es\/producto\/impresora-zebra-zt410\/"]}]},{"@type":"ImageObject","inLanguage":"es","@id":"http:\/\/advancedmro.com\/es\/producto\/impresora-zebra-zt410\/#primaryimage","url":"https:\/\/advancedmro.com\/es\/wp-content\/uploads\/2015\/07\/Impresora-Zebra-zt410-en-Tijuana.jpg","contentUrl":"https:\/\/advancedmro.com\/es\/wp-content\/uploads\/2015\/07\/Impresora-Zebra-zt410-en-Tijuana.jpg","width":640,"height":544},{"@type":"BreadcrumbList","@id":"http:\/\/advancedmro.com\/es\/producto\/impresora-zebra-zt410\/#breadcrumb","itemListElement":[{"@type":"ListItem","position":1,"name":"Home","item":"http:\/\/advancedmro.com\/es\/"},{"@type":"ListItem","position":2,"name":"Productos","item":"https:\/\/advancedmro.com\/es\/productos\/"},{"@type":"ListItem","position":3,"name":"Impresora Zebra ZT410"}]},{"@type":"WebSite","@id":"http:\/\/advancedmro.com\/es\/#website","url":"http:\/\/advancedmro.com\/es\/","name":"Advanced MRO","description":"Reduciendo Costos Y Aumentando La Calidad Y Rendimiento","potentialAction":[{"@type":"SearchAction","target":{"@type":"EntryPoint","urlTemplate":"http:\/\/advancedmro.com\/es\/?s={search_term_string}"},"query-input":{"@type":"PropertyValueSpecification","valueRequired":true,"valueName":"search_term_string"}}],"inLanguage":"es"}]}},"_links":{"self":[{"href":"https:\/\/advancedmro.com\/es\/wp-json\/wp\/v2\/product\/442","targetHints":{"allow":["GET"]}}],"collection":[{"href":"https:\/\/advancedmro.com\/es\/wp-json\/wp\/v2\/product"}],"about":[{"href":"https:\/\/advancedmro.com\/es\/wp-json\/wp\/v2\/types\/product"}],"replies":[{"embeddable":true,"href":"https:\/\/advancedmro.com\/es\/wp-json\/wp\/v2\/comments?post=442"}],"wp:featuredmedia":[{"embeddable":true,"href":"https:\/\/advancedmro.com\/es\/wp-json\/wp\/v2\/media\/445"}],"wp:attachment":[{"href":"https:\/\/advancedmro.com\/es\/wp-json\/wp\/v2\/media?parent=442"}],"wp:term":[{"taxonomy":"product_brand","embeddable":true,"href":"https:\/\/advancedmro.com\/es\/wp-json\/wp\/v2\/product_brand?post=442"},{"taxonomy":"product_cat","embeddable":true,"href":"https:\/\/advancedmro.com\/es\/wp-json\/wp\/v2\/product_cat?post=442"},{"taxonomy":"product_tag","embeddable":true,"href":"https:\/\/advancedmro.com\/es\/wp-json\/wp\/v2\/product_tag?post=442"}],"curies":[{"name":"wp","href":"https:\/\/api.w.org\/{rel}","templated":true}]}}