{"id":438,"date":"2015-06-07T19:16:16","date_gmt":"2015-06-07T19:16:16","guid":{"rendered":"http:\/\/advancedmro.com\/es\/?post_type=product&#038;p=438"},"modified":"2015-06-07T19:18:40","modified_gmt":"2015-06-07T19:18:40","slug":"loctite-4090-adhesivo-hibrido","status":"publish","type":"product","link":"https:\/\/advancedmro.com\/es\/producto\/loctite-4090-adhesivo-hibrido\/","title":{"rendered":"Loctite 4090  Adhesivo h\u00edbrido"},"content":{"rendered":"<p>El Loctite 4090 \u00a0es un adhesivo h\u00edbrido innovador dise\u00f1ado para ofrecer los beneficios de ambos cianoacrilatos y f\u00f3rmulas epoxi. Los Loctite 4090 trabaja\u00a0sobre una variedad de sustratos.<\/p>\n<p><strong>Capacidades de Resistencia<\/strong><br \/>\nImpacto<br \/>\nHumedad<br \/>\nCalor<br \/>\nTemperatura<\/p>\n<p><strong>Ventajas<\/strong><br \/>\nAplicaciones al aire<br \/>\nExcelente capacidad de relleno de espacios<br \/>\nBajo floraci\u00f3n<\/p>\n<p><strong>Sus Beneficios<\/strong><\/p>\n<p>Fuerza de un adhesivo estructural<br \/>\nVelocidad de un adhesivo instant\u00e1neo<br \/>\nAlto impacto y resistencia a las vibraciones<br \/>\nResistencia a la temperatura hasta 300 \u00b0 F<br \/>\nRellena\u00a0hasta 0,2 pulgadas<br \/>\nConveniente para una variedad de sustratos, incluyendo metales<br \/>\nBaja floraci\u00f3n<br \/>\nBuena resistencia a los rayos UV<\/p>\n<p><strong>Datos T\u00e9cnicos<\/strong><br \/>\nColor: Poco nuboso a amarillo claro<br \/>\nAspecto: gel de alta viscosidad<br \/>\nMezclar relaci\u00f3n (volumen) 1: 1<br \/>\nEl tiempo de fijaci\u00f3n: 3 -5 min.<br \/>\nResistencia a la temperatura: -40 \u00b0 F a 300 \u00b0 F<br \/>\nRelleno Gap: hasta 0,2 pulgadas dependiendo de la geometr\u00eda de bonos<br \/>\nResistencia qu\u00edmica: muy buena resistencia qu\u00edmica \/ solvente<br \/>\nKit de IDH: 1915601<br \/>\n14 Cartuchos por Caja<\/p>\n","protected":false},"excerpt":{"rendered":"<p>El Loctite 4090 \u00a0es un adhesivo h\u00edbrido innovador dise\u00f1ado para ofrecer los beneficios de ambos cianoacrilatos y f\u00f3rmulas epoxi. Los Loctite 4090 trabaja\u00a0sobre una variedad de sustratos. Capacidades de Resistencia Impacto Humedad Calor Temperatura Ventajas Aplicaciones al aire Excelente capacidad de relleno de espacios Bajo floraci\u00f3n Sus Beneficios Fuerza de un adhesivo estructural Velocidad de [&hellip;]<\/p>\n","protected":false},"featured_media":439,"comment_status":"open","ping_status":"closed","template":"","meta":[],"product_brand":[],"product_cat":[84,54],"product_tag":[94],"class_list":{"0":"post-438","1":"product","2":"type-product","3":"status-publish","4":"has-post-thumbnail","6":"product_cat-adhesivos-y-sellantes","7":"product_cat-productos-henkel","8":"product_tag-loctite-4090-adhesivo-hibrido-tijuana-mexico","9":"post","10":"post-with-thumbnail","11":"post-with-thumbnail-large","13":"first","14":"instock","15":"shipping-taxable","16":"product-type-simple"},"yoast_head":"<!-- This site is optimized with the Yoast SEO Premium plugin v26.4 (Yoast SEO v26.9) - https:\/\/yoast.com\/product\/yoast-seo-premium-wordpress\/ -->\n<title>Loctite 4090 Adhesivo h\u00edbrido - Advanced MRO<\/title>\n<meta name=\"robots\" content=\"index, follow, max-snippet:-1, max-image-preview:large, max-video-preview:-1\" \/>\n<link rel=\"canonical\" href=\"https:\/\/advancedmro.com\/es\/producto\/loctite-4090-adhesivo-hibrido\/\" \/>\n<meta property=\"og:locale\" content=\"es_ES\" \/>\n<meta property=\"og:type\" content=\"article\" \/>\n<meta property=\"og:title\" content=\"Loctite 4090 Adhesivo h\u00edbrido\" \/>\n<meta property=\"og:description\" content=\"El Loctite 4090 \u00a0es un adhesivo h\u00edbrido innovador dise\u00f1ado para ofrecer los beneficios de ambos cianoacrilatos y f\u00f3rmulas epoxi. Los Loctite 4090 trabaja\u00a0sobre una variedad de sustratos. Capacidades de Resistencia Impacto Humedad Calor Temperatura Ventajas Aplicaciones al aire Excelente capacidad de relleno de espacios Bajo floraci\u00f3n Sus Beneficios Fuerza de un adhesivo estructural Velocidad de [&hellip;]\" \/>\n<meta property=\"og:url\" content=\"https:\/\/advancedmro.com\/es\/producto\/loctite-4090-adhesivo-hibrido\/\" \/>\n<meta property=\"og:site_name\" content=\"Advanced MRO\" \/>\n<meta property=\"article:modified_time\" content=\"2015-06-07T19:18:40+00:00\" \/>\n<meta property=\"og:image\" content=\"https:\/\/advancedmro.com\/es\/wp-content\/uploads\/2015\/06\/LOCTITE-4090-Tijuana-Mexico.jpg\" \/>\n\t<meta property=\"og:image:width\" content=\"800\" \/>\n\t<meta property=\"og:image:height\" content=\"800\" \/>\n\t<meta property=\"og:image:type\" content=\"image\/jpeg\" \/>\n<meta name=\"twitter:label1\" content=\"Tiempo de lectura\" \/>\n\t<meta name=\"twitter:data1\" content=\"1 minuto\" \/>\n<script type=\"application\/ld+json\" class=\"yoast-schema-graph\">{\"@context\":\"https:\/\/schema.org\",\"@graph\":[{\"@type\":\"WebPage\",\"@id\":\"https:\/\/advancedmro.com\/es\/producto\/loctite-4090-adhesivo-hibrido\/\",\"url\":\"https:\/\/advancedmro.com\/es\/producto\/loctite-4090-adhesivo-hibrido\/\",\"name\":\"Loctite 4090 Adhesivo h\u00edbrido - Advanced MRO\",\"isPartOf\":{\"@id\":\"http:\/\/advancedmro.com\/es\/#website\"},\"primaryImageOfPage\":{\"@id\":\"https:\/\/advancedmro.com\/es\/producto\/loctite-4090-adhesivo-hibrido\/#primaryimage\"},\"image\":{\"@id\":\"https:\/\/advancedmro.com\/es\/producto\/loctite-4090-adhesivo-hibrido\/#primaryimage\"},\"thumbnailUrl\":\"https:\/\/advancedmro.com\/es\/wp-content\/uploads\/2015\/06\/LOCTITE-4090-Tijuana-Mexico.jpg\",\"datePublished\":\"2015-06-07T19:16:16+00:00\",\"dateModified\":\"2015-06-07T19:18:40+00:00\",\"breadcrumb\":{\"@id\":\"https:\/\/advancedmro.com\/es\/producto\/loctite-4090-adhesivo-hibrido\/#breadcrumb\"},\"inLanguage\":\"es\",\"potentialAction\":[{\"@type\":\"ReadAction\",\"target\":[\"https:\/\/advancedmro.com\/es\/producto\/loctite-4090-adhesivo-hibrido\/\"]}]},{\"@type\":\"ImageObject\",\"inLanguage\":\"es\",\"@id\":\"https:\/\/advancedmro.com\/es\/producto\/loctite-4090-adhesivo-hibrido\/#primaryimage\",\"url\":\"https:\/\/advancedmro.com\/es\/wp-content\/uploads\/2015\/06\/LOCTITE-4090-Tijuana-Mexico.jpg\",\"contentUrl\":\"https:\/\/advancedmro.com\/es\/wp-content\/uploads\/2015\/06\/LOCTITE-4090-Tijuana-Mexico.jpg\",\"width\":800,\"height\":800},{\"@type\":\"BreadcrumbList\",\"@id\":\"https:\/\/advancedmro.com\/es\/producto\/loctite-4090-adhesivo-hibrido\/#breadcrumb\",\"itemListElement\":[{\"@type\":\"ListItem\",\"position\":1,\"name\":\"Home\",\"item\":\"http:\/\/advancedmro.com\/es\/\"},{\"@type\":\"ListItem\",\"position\":2,\"name\":\"Productos\",\"item\":\"https:\/\/advancedmro.com\/es\/productos\/\"},{\"@type\":\"ListItem\",\"position\":3,\"name\":\"Loctite 4090 Adhesivo h\u00edbrido\"}]},{\"@type\":\"WebSite\",\"@id\":\"http:\/\/advancedmro.com\/es\/#website\",\"url\":\"http:\/\/advancedmro.com\/es\/\",\"name\":\"Advanced MRO\",\"description\":\"Reduciendo Costos Y Aumentando La Calidad Y Rendimiento\",\"potentialAction\":[{\"@type\":\"SearchAction\",\"target\":{\"@type\":\"EntryPoint\",\"urlTemplate\":\"http:\/\/advancedmro.com\/es\/?s={search_term_string}\"},\"query-input\":{\"@type\":\"PropertyValueSpecification\",\"valueRequired\":true,\"valueName\":\"search_term_string\"}}],\"inLanguage\":\"es\"}]}<\/script>\n<!-- \/ Yoast SEO Premium plugin. -->","yoast_head_json":{"title":"Loctite 4090 Adhesivo h\u00edbrido - Advanced MRO","robots":{"index":"index","follow":"follow","max-snippet":"max-snippet:-1","max-image-preview":"max-image-preview:large","max-video-preview":"max-video-preview:-1"},"canonical":"https:\/\/advancedmro.com\/es\/producto\/loctite-4090-adhesivo-hibrido\/","og_locale":"es_ES","og_type":"article","og_title":"Loctite 4090 Adhesivo h\u00edbrido","og_description":"El Loctite 4090 \u00a0es un adhesivo h\u00edbrido innovador dise\u00f1ado para ofrecer los beneficios de ambos cianoacrilatos y f\u00f3rmulas epoxi. Los Loctite 4090 trabaja\u00a0sobre una variedad de sustratos. Capacidades de Resistencia Impacto Humedad Calor Temperatura Ventajas Aplicaciones al aire Excelente capacidad de relleno de espacios Bajo floraci\u00f3n Sus Beneficios Fuerza de un adhesivo estructural Velocidad de [&hellip;]","og_url":"https:\/\/advancedmro.com\/es\/producto\/loctite-4090-adhesivo-hibrido\/","og_site_name":"Advanced MRO","article_modified_time":"2015-06-07T19:18:40+00:00","og_image":[{"width":800,"height":800,"url":"https:\/\/advancedmro.com\/es\/wp-content\/uploads\/2015\/06\/LOCTITE-4090-Tijuana-Mexico.jpg","type":"image\/jpeg"}],"twitter_misc":{"Tiempo de lectura":"1 minuto"},"schema":{"@context":"https:\/\/schema.org","@graph":[{"@type":"WebPage","@id":"https:\/\/advancedmro.com\/es\/producto\/loctite-4090-adhesivo-hibrido\/","url":"https:\/\/advancedmro.com\/es\/producto\/loctite-4090-adhesivo-hibrido\/","name":"Loctite 4090 Adhesivo h\u00edbrido - Advanced MRO","isPartOf":{"@id":"http:\/\/advancedmro.com\/es\/#website"},"primaryImageOfPage":{"@id":"https:\/\/advancedmro.com\/es\/producto\/loctite-4090-adhesivo-hibrido\/#primaryimage"},"image":{"@id":"https:\/\/advancedmro.com\/es\/producto\/loctite-4090-adhesivo-hibrido\/#primaryimage"},"thumbnailUrl":"https:\/\/advancedmro.com\/es\/wp-content\/uploads\/2015\/06\/LOCTITE-4090-Tijuana-Mexico.jpg","datePublished":"2015-06-07T19:16:16+00:00","dateModified":"2015-06-07T19:18:40+00:00","breadcrumb":{"@id":"https:\/\/advancedmro.com\/es\/producto\/loctite-4090-adhesivo-hibrido\/#breadcrumb"},"inLanguage":"es","potentialAction":[{"@type":"ReadAction","target":["https:\/\/advancedmro.com\/es\/producto\/loctite-4090-adhesivo-hibrido\/"]}]},{"@type":"ImageObject","inLanguage":"es","@id":"https:\/\/advancedmro.com\/es\/producto\/loctite-4090-adhesivo-hibrido\/#primaryimage","url":"https:\/\/advancedmro.com\/es\/wp-content\/uploads\/2015\/06\/LOCTITE-4090-Tijuana-Mexico.jpg","contentUrl":"https:\/\/advancedmro.com\/es\/wp-content\/uploads\/2015\/06\/LOCTITE-4090-Tijuana-Mexico.jpg","width":800,"height":800},{"@type":"BreadcrumbList","@id":"https:\/\/advancedmro.com\/es\/producto\/loctite-4090-adhesivo-hibrido\/#breadcrumb","itemListElement":[{"@type":"ListItem","position":1,"name":"Home","item":"http:\/\/advancedmro.com\/es\/"},{"@type":"ListItem","position":2,"name":"Productos","item":"https:\/\/advancedmro.com\/es\/productos\/"},{"@type":"ListItem","position":3,"name":"Loctite 4090 Adhesivo h\u00edbrido"}]},{"@type":"WebSite","@id":"http:\/\/advancedmro.com\/es\/#website","url":"http:\/\/advancedmro.com\/es\/","name":"Advanced MRO","description":"Reduciendo Costos Y Aumentando La Calidad Y Rendimiento","potentialAction":[{"@type":"SearchAction","target":{"@type":"EntryPoint","urlTemplate":"http:\/\/advancedmro.com\/es\/?s={search_term_string}"},"query-input":{"@type":"PropertyValueSpecification","valueRequired":true,"valueName":"search_term_string"}}],"inLanguage":"es"}]}},"_links":{"self":[{"href":"https:\/\/advancedmro.com\/es\/wp-json\/wp\/v2\/product\/438","targetHints":{"allow":["GET"]}}],"collection":[{"href":"https:\/\/advancedmro.com\/es\/wp-json\/wp\/v2\/product"}],"about":[{"href":"https:\/\/advancedmro.com\/es\/wp-json\/wp\/v2\/types\/product"}],"replies":[{"embeddable":true,"href":"https:\/\/advancedmro.com\/es\/wp-json\/wp\/v2\/comments?post=438"}],"wp:featuredmedia":[{"embeddable":true,"href":"https:\/\/advancedmro.com\/es\/wp-json\/wp\/v2\/media\/439"}],"wp:attachment":[{"href":"https:\/\/advancedmro.com\/es\/wp-json\/wp\/v2\/media?parent=438"}],"wp:term":[{"taxonomy":"product_brand","embeddable":true,"href":"https:\/\/advancedmro.com\/es\/wp-json\/wp\/v2\/product_brand?post=438"},{"taxonomy":"product_cat","embeddable":true,"href":"https:\/\/advancedmro.com\/es\/wp-json\/wp\/v2\/product_cat?post=438"},{"taxonomy":"product_tag","embeddable":true,"href":"https:\/\/advancedmro.com\/es\/wp-json\/wp\/v2\/product_tag?post=438"}],"curies":[{"name":"wp","href":"https:\/\/api.w.org\/{rel}","templated":true}]}}