{"id":417,"date":"2015-06-07T15:51:21","date_gmt":"2015-06-07T15:51:21","guid":{"rendered":"http:\/\/advancedmro.com\/es\/?post_type=product&#038;p=417"},"modified":"2016-06-18T00:30:47","modified_gmt":"2016-06-18T00:30:47","slug":"bonderite-m-cr-600","status":"publish","type":"product","link":"https:\/\/advancedmro.com\/es\/producto\/bonderite-m-cr-600\/","title":{"rendered":"Bonderite\u00ae M-CR 600"},"content":{"rendered":"<p>Henkel Bonderite\u00ae M-CR 600 recubrimiento de conversi\u00f3n est\u00e1 dise\u00f1ado para pasivar superficies de aluminio en su avi\u00f3n u otra maquinaria. Alodine 600 es un producto qu\u00edmico en polvo utilizado para crear un revestimiento de conversi\u00f3n de cromato sobre aluminio. Aplicar esta soluci\u00f3n por inmersi\u00f3n o el m\u00e9todo de pulverizaci\u00f3n. Alodine 600 est\u00e1 aprobado para su uso en aluminio y sus aleaciones. Este recubrimiento Henkel produce una gama de colores de oro para broncearse. El Henkel Alodine 600 se recomienda para su aplicaci\u00f3n en \u00e1reas en las que es necesaria una capa de resistencia dial\u00e9ctica baja. Aplicar Henkel 598.459 para eliminar la corrosi\u00f3n y \u00a0mantener en buen estado el \u00a0aluminio. Pruebe una capa antes de aplicar la pintura. Esta preparaci\u00f3n de metal es la elecci\u00f3n perfecta para las \u00e1reas que requieren conexi\u00f3n el\u00e9ctrica. Henkel Alodine 600 cumple o excede las especificaciones MIL-C-81706 y MIL-C-554. Mantenga las superficies de aluminio en estado libre de corrosi\u00f3n con Henkel 598459, 598459 Aplicar Henkel para eliminar la corrosi\u00f3n.<\/p>\n<p>Bonderite\u00ae M-CR 600 Revestimiento de conversi\u00f3n, cubeta de 10 libras , rojo marr\u00f3n<\/p>\n","protected":false},"excerpt":{"rendered":"<p>Henkel Bonderite\u00ae M-CR 600 recubrimiento de conversi\u00f3n est\u00e1 dise\u00f1ado para pasivar superficies de aluminio en su avi\u00f3n u otra maquinaria. Alodine 600 es un producto qu\u00edmico en polvo utilizado para crear un revestimiento de conversi\u00f3n de cromato sobre aluminio. Aplicar esta soluci\u00f3n por inmersi\u00f3n o el m\u00e9todo de pulverizaci\u00f3n. Alodine 600 est\u00e1 aprobado para su [&hellip;]<\/p>\n","protected":false},"featured_media":491,"comment_status":"open","ping_status":"closed","template":"","meta":[],"product_brand":[],"product_cat":[84,87,54],"product_tag":[76,77],"class_list":{"0":"post-417","1":"product","2":"type-product","3":"status-publish","4":"has-post-thumbnail","6":"product_cat-adhesivos-y-sellantes","7":"product_cat-pinturas-y-recubrimientos","8":"product_cat-productos-henkel","9":"product_tag-bonderite-m-cr-600-revestimiento-de-conversion","10":"product_tag-tijuana-mexico","11":"post","12":"post-with-thumbnail","13":"post-with-thumbnail-large","15":"first","16":"instock","17":"shipping-taxable","18":"product-type-simple"},"yoast_head":"<!-- This site is optimized with the Yoast SEO Premium plugin v26.4 (Yoast SEO v26.9) - https:\/\/yoast.com\/product\/yoast-seo-premium-wordpress\/ -->\n<title>Bonderite\u00ae M-CR 600 - Advanced MRO<\/title>\n<meta name=\"robots\" content=\"index, follow, max-snippet:-1, max-image-preview:large, max-video-preview:-1\" \/>\n<link rel=\"canonical\" href=\"http:\/\/advancedmro.com\/es\/producto\/bonderite-m-cr-600\/\" \/>\n<meta property=\"og:locale\" content=\"es_ES\" \/>\n<meta property=\"og:type\" content=\"article\" \/>\n<meta property=\"og:title\" content=\"Bonderite\u00ae M-CR 600\" \/>\n<meta property=\"og:description\" content=\"Henkel Bonderite\u00ae M-CR 600 recubrimiento de conversi\u00f3n est\u00e1 dise\u00f1ado para pasivar superficies de aluminio en su avi\u00f3n u otra maquinaria. Alodine 600 es un producto qu\u00edmico en polvo utilizado para crear un revestimiento de conversi\u00f3n de cromato sobre aluminio. Aplicar esta soluci\u00f3n por inmersi\u00f3n o el m\u00e9todo de pulverizaci\u00f3n. Alodine 600 est\u00e1 aprobado para su [&hellip;]\" \/>\n<meta property=\"og:url\" content=\"http:\/\/advancedmro.com\/es\/producto\/bonderite-m-cr-600\/\" \/>\n<meta property=\"og:site_name\" content=\"Advanced MRO\" \/>\n<meta property=\"article:modified_time\" content=\"2016-06-18T00:30:47+00:00\" \/>\n<meta property=\"og:image\" content=\"http:\/\/advancedmro.com\/es\/wp-content\/uploads\/2015\/06\/Bonderite\u00ae-M-CR-600.jpg\" \/>\n\t<meta property=\"og:image:width\" content=\"800\" \/>\n\t<meta property=\"og:image:height\" content=\"800\" \/>\n\t<meta property=\"og:image:type\" content=\"image\/jpeg\" \/>\n<meta name=\"twitter:label1\" content=\"Tiempo de lectura\" \/>\n\t<meta name=\"twitter:data1\" content=\"1 minuto\" \/>\n<script type=\"application\/ld+json\" class=\"yoast-schema-graph\">{\"@context\":\"https:\/\/schema.org\",\"@graph\":[{\"@type\":\"WebPage\",\"@id\":\"http:\/\/advancedmro.com\/es\/producto\/bonderite-m-cr-600\/\",\"url\":\"http:\/\/advancedmro.com\/es\/producto\/bonderite-m-cr-600\/\",\"name\":\"Bonderite\u00ae M-CR 600 - Advanced MRO\",\"isPartOf\":{\"@id\":\"http:\/\/advancedmro.com\/es\/#website\"},\"primaryImageOfPage\":{\"@id\":\"http:\/\/advancedmro.com\/es\/producto\/bonderite-m-cr-600\/#primaryimage\"},\"image\":{\"@id\":\"http:\/\/advancedmro.com\/es\/producto\/bonderite-m-cr-600\/#primaryimage\"},\"thumbnailUrl\":\"https:\/\/advancedmro.com\/es\/wp-content\/uploads\/2015\/06\/Bonderite\u00ae-M-CR-600.jpg\",\"datePublished\":\"2015-06-07T15:51:21+00:00\",\"dateModified\":\"2016-06-18T00:30:47+00:00\",\"breadcrumb\":{\"@id\":\"http:\/\/advancedmro.com\/es\/producto\/bonderite-m-cr-600\/#breadcrumb\"},\"inLanguage\":\"es\",\"potentialAction\":[{\"@type\":\"ReadAction\",\"target\":[\"http:\/\/advancedmro.com\/es\/producto\/bonderite-m-cr-600\/\"]}]},{\"@type\":\"ImageObject\",\"inLanguage\":\"es\",\"@id\":\"http:\/\/advancedmro.com\/es\/producto\/bonderite-m-cr-600\/#primaryimage\",\"url\":\"https:\/\/advancedmro.com\/es\/wp-content\/uploads\/2015\/06\/Bonderite\u00ae-M-CR-600.jpg\",\"contentUrl\":\"https:\/\/advancedmro.com\/es\/wp-content\/uploads\/2015\/06\/Bonderite\u00ae-M-CR-600.jpg\",\"width\":800,\"height\":800},{\"@type\":\"BreadcrumbList\",\"@id\":\"http:\/\/advancedmro.com\/es\/producto\/bonderite-m-cr-600\/#breadcrumb\",\"itemListElement\":[{\"@type\":\"ListItem\",\"position\":1,\"name\":\"Home\",\"item\":\"http:\/\/advancedmro.com\/es\/\"},{\"@type\":\"ListItem\",\"position\":2,\"name\":\"Productos\",\"item\":\"https:\/\/advancedmro.com\/es\/productos\/\"},{\"@type\":\"ListItem\",\"position\":3,\"name\":\"Bonderite\u00ae M-CR 600\"}]},{\"@type\":\"WebSite\",\"@id\":\"http:\/\/advancedmro.com\/es\/#website\",\"url\":\"http:\/\/advancedmro.com\/es\/\",\"name\":\"Advanced MRO\",\"description\":\"Reduciendo Costos Y Aumentando La Calidad Y Rendimiento\",\"potentialAction\":[{\"@type\":\"SearchAction\",\"target\":{\"@type\":\"EntryPoint\",\"urlTemplate\":\"http:\/\/advancedmro.com\/es\/?s={search_term_string}\"},\"query-input\":{\"@type\":\"PropertyValueSpecification\",\"valueRequired\":true,\"valueName\":\"search_term_string\"}}],\"inLanguage\":\"es\"}]}<\/script>\n<!-- \/ Yoast SEO Premium plugin. -->","yoast_head_json":{"title":"Bonderite\u00ae M-CR 600 - Advanced MRO","robots":{"index":"index","follow":"follow","max-snippet":"max-snippet:-1","max-image-preview":"max-image-preview:large","max-video-preview":"max-video-preview:-1"},"canonical":"http:\/\/advancedmro.com\/es\/producto\/bonderite-m-cr-600\/","og_locale":"es_ES","og_type":"article","og_title":"Bonderite\u00ae M-CR 600","og_description":"Henkel Bonderite\u00ae M-CR 600 recubrimiento de conversi\u00f3n est\u00e1 dise\u00f1ado para pasivar superficies de aluminio en su avi\u00f3n u otra maquinaria. Alodine 600 es un producto qu\u00edmico en polvo utilizado para crear un revestimiento de conversi\u00f3n de cromato sobre aluminio. Aplicar esta soluci\u00f3n por inmersi\u00f3n o el m\u00e9todo de pulverizaci\u00f3n. Alodine 600 est\u00e1 aprobado para su [&hellip;]","og_url":"http:\/\/advancedmro.com\/es\/producto\/bonderite-m-cr-600\/","og_site_name":"Advanced MRO","article_modified_time":"2016-06-18T00:30:47+00:00","og_image":[{"width":800,"height":800,"url":"http:\/\/advancedmro.com\/es\/wp-content\/uploads\/2015\/06\/Bonderite\u00ae-M-CR-600.jpg","type":"image\/jpeg"}],"twitter_misc":{"Tiempo de lectura":"1 minuto"},"schema":{"@context":"https:\/\/schema.org","@graph":[{"@type":"WebPage","@id":"http:\/\/advancedmro.com\/es\/producto\/bonderite-m-cr-600\/","url":"http:\/\/advancedmro.com\/es\/producto\/bonderite-m-cr-600\/","name":"Bonderite\u00ae M-CR 600 - Advanced MRO","isPartOf":{"@id":"http:\/\/advancedmro.com\/es\/#website"},"primaryImageOfPage":{"@id":"http:\/\/advancedmro.com\/es\/producto\/bonderite-m-cr-600\/#primaryimage"},"image":{"@id":"http:\/\/advancedmro.com\/es\/producto\/bonderite-m-cr-600\/#primaryimage"},"thumbnailUrl":"https:\/\/advancedmro.com\/es\/wp-content\/uploads\/2015\/06\/Bonderite\u00ae-M-CR-600.jpg","datePublished":"2015-06-07T15:51:21+00:00","dateModified":"2016-06-18T00:30:47+00:00","breadcrumb":{"@id":"http:\/\/advancedmro.com\/es\/producto\/bonderite-m-cr-600\/#breadcrumb"},"inLanguage":"es","potentialAction":[{"@type":"ReadAction","target":["http:\/\/advancedmro.com\/es\/producto\/bonderite-m-cr-600\/"]}]},{"@type":"ImageObject","inLanguage":"es","@id":"http:\/\/advancedmro.com\/es\/producto\/bonderite-m-cr-600\/#primaryimage","url":"https:\/\/advancedmro.com\/es\/wp-content\/uploads\/2015\/06\/Bonderite\u00ae-M-CR-600.jpg","contentUrl":"https:\/\/advancedmro.com\/es\/wp-content\/uploads\/2015\/06\/Bonderite\u00ae-M-CR-600.jpg","width":800,"height":800},{"@type":"BreadcrumbList","@id":"http:\/\/advancedmro.com\/es\/producto\/bonderite-m-cr-600\/#breadcrumb","itemListElement":[{"@type":"ListItem","position":1,"name":"Home","item":"http:\/\/advancedmro.com\/es\/"},{"@type":"ListItem","position":2,"name":"Productos","item":"https:\/\/advancedmro.com\/es\/productos\/"},{"@type":"ListItem","position":3,"name":"Bonderite\u00ae M-CR 600"}]},{"@type":"WebSite","@id":"http:\/\/advancedmro.com\/es\/#website","url":"http:\/\/advancedmro.com\/es\/","name":"Advanced MRO","description":"Reduciendo Costos Y Aumentando La Calidad Y Rendimiento","potentialAction":[{"@type":"SearchAction","target":{"@type":"EntryPoint","urlTemplate":"http:\/\/advancedmro.com\/es\/?s={search_term_string}"},"query-input":{"@type":"PropertyValueSpecification","valueRequired":true,"valueName":"search_term_string"}}],"inLanguage":"es"}]}},"_links":{"self":[{"href":"https:\/\/advancedmro.com\/es\/wp-json\/wp\/v2\/product\/417","targetHints":{"allow":["GET"]}}],"collection":[{"href":"https:\/\/advancedmro.com\/es\/wp-json\/wp\/v2\/product"}],"about":[{"href":"https:\/\/advancedmro.com\/es\/wp-json\/wp\/v2\/types\/product"}],"replies":[{"embeddable":true,"href":"https:\/\/advancedmro.com\/es\/wp-json\/wp\/v2\/comments?post=417"}],"wp:featuredmedia":[{"embeddable":true,"href":"https:\/\/advancedmro.com\/es\/wp-json\/wp\/v2\/media\/491"}],"wp:attachment":[{"href":"https:\/\/advancedmro.com\/es\/wp-json\/wp\/v2\/media?parent=417"}],"wp:term":[{"taxonomy":"product_brand","embeddable":true,"href":"https:\/\/advancedmro.com\/es\/wp-json\/wp\/v2\/product_brand?post=417"},{"taxonomy":"product_cat","embeddable":true,"href":"https:\/\/advancedmro.com\/es\/wp-json\/wp\/v2\/product_cat?post=417"},{"taxonomy":"product_tag","embeddable":true,"href":"https:\/\/advancedmro.com\/es\/wp-json\/wp\/v2\/product_tag?post=417"}],"curies":[{"name":"wp","href":"https:\/\/api.w.org\/{rel}","templated":true}]}}