{"id":413,"date":"2015-06-07T15:36:17","date_gmt":"2015-06-07T15:36:17","guid":{"rendered":"http:\/\/advancedmro.com\/es\/?post_type=product&#038;p=413"},"modified":"2015-06-07T17:17:47","modified_gmt":"2015-06-07T17:17:47","slug":"henkel-loctite-sf-7900-revestimiento-de-ceramica","status":"publish","type":"product","link":"https:\/\/advancedmro.com\/es\/producto\/henkel-loctite-sf-7900-revestimiento-de-ceramica\/","title":{"rendered":"Henkel\u00ae Loctite SF 7900 Revestimiento de Ceramica"},"content":{"rendered":"<p>Henkel\u00ae Loctite SF 7900 Revestimiento de Ceramica, 9.5 oz, Blanca; 6 \/Botes<\/p>\n<p>SF 7900 es una capa protectora de pel\u00edcula seca de cer\u00e1mica para los procesos de soldadura MIG \/ MAG. Este producto protege las puntas de contacto y toberas de soldadura mediante la prevenci\u00f3n de la adherencia de salpicaduras de soldadura. Esto se traduce en tiempos de proceso\u00a0m\u00e1s largos sin la limpieza del equipo de soldadura.\u00a0La pel\u00edcula repelente de SF 7900 tambi\u00e9n protege contra la adhesi\u00f3n de salpicaduras de plantillas, accesorios y las piezas, cables el\u00e9ctricos, sensores, componentes met\u00e1licos y las mand\u00edbulas de los sistemas de soldadura por puntos. Evita la adherencia de salpicaduras de soldadura.<\/p>\n","protected":false},"excerpt":{"rendered":"<p>Henkel\u00ae Loctite SF 7900 Revestimiento de Ceramica, 9.5 oz, Blanca; 6 \/Botes SF 7900 es una capa protectora de pel\u00edcula seca de cer\u00e1mica para los procesos de soldadura MIG \/ MAG. Este producto protege las puntas de contacto y toberas de soldadura mediante la prevenci\u00f3n de la adherencia de salpicaduras de soldadura. Esto se traduce [&hellip;]<\/p>\n","protected":false},"featured_media":0,"comment_status":"open","ping_status":"closed","template":"","meta":[],"product_brand":[],"product_cat":[84,87,54],"product_tag":[74],"class_list":{"0":"post-413","1":"product","2":"type-product","3":"status-publish","5":"product_cat-adhesivos-y-sellantes","6":"product_cat-pinturas-y-recubrimientos","7":"product_cat-productos-henkel","8":"product_tag-henkel-loctite-sf-7900-revestimiento-de-ceramica-tijuana","9":"post","11":"first","12":"instock","13":"shipping-taxable","14":"product-type-simple"},"yoast_head":"<!-- This site is optimized with the Yoast SEO Premium plugin v26.4 (Yoast SEO v26.9) - https:\/\/yoast.com\/product\/yoast-seo-premium-wordpress\/ -->\n<title>Henkel\u00ae Loctite SF 7900 Revestimiento de Ceramica - Advanced MRO<\/title>\n<meta name=\"description\" content=\"Henkel\u00ae Loctite SF 7900 Revestimiento de Ceramica, 9.5 oz, Blanca; 6 \/Botes. Ecuentra el catalogo mas amplio de productos Henkel en Tijuana.\" \/>\n<meta name=\"robots\" content=\"index, follow, max-snippet:-1, max-image-preview:large, max-video-preview:-1\" \/>\n<link rel=\"canonical\" href=\"http:\/\/advancedmro.com\/es\/producto\/henkel-loctite-sf-7900-revestimiento-de-ceramica\/\" \/>\n<meta property=\"og:locale\" content=\"es_ES\" \/>\n<meta property=\"og:type\" content=\"article\" \/>\n<meta property=\"og:title\" content=\"Henkel\u00ae Loctite SF 7900 Revestimiento de Ceramica\" \/>\n<meta property=\"og:description\" content=\"Henkel\u00ae Loctite SF 7900 Revestimiento de Ceramica, 9.5 oz, Blanca; 6 \/Botes. Ecuentra el catalogo mas amplio de productos Henkel en Tijuana.\" \/>\n<meta property=\"og:url\" content=\"http:\/\/advancedmro.com\/es\/producto\/henkel-loctite-sf-7900-revestimiento-de-ceramica\/\" \/>\n<meta property=\"og:site_name\" content=\"Advanced MRO\" \/>\n<meta property=\"article:modified_time\" content=\"2015-06-07T17:17:47+00:00\" \/>\n<meta name=\"twitter:label1\" content=\"Tiempo de lectura\" \/>\n\t<meta name=\"twitter:data1\" content=\"1 minuto\" \/>\n<script type=\"application\/ld+json\" class=\"yoast-schema-graph\">{\"@context\":\"https:\/\/schema.org\",\"@graph\":[{\"@type\":\"WebPage\",\"@id\":\"http:\/\/advancedmro.com\/es\/producto\/henkel-loctite-sf-7900-revestimiento-de-ceramica\/\",\"url\":\"http:\/\/advancedmro.com\/es\/producto\/henkel-loctite-sf-7900-revestimiento-de-ceramica\/\",\"name\":\"Henkel\u00ae Loctite SF 7900 Revestimiento de Ceramica - Advanced MRO\",\"isPartOf\":{\"@id\":\"http:\/\/advancedmro.com\/es\/#website\"},\"datePublished\":\"2015-06-07T15:36:17+00:00\",\"dateModified\":\"2015-06-07T17:17:47+00:00\",\"description\":\"Henkel\u00ae Loctite SF 7900 Revestimiento de Ceramica, 9.5 oz, Blanca; 6 \/Botes. Ecuentra el catalogo mas amplio de productos Henkel en Tijuana.\",\"breadcrumb\":{\"@id\":\"http:\/\/advancedmro.com\/es\/producto\/henkel-loctite-sf-7900-revestimiento-de-ceramica\/#breadcrumb\"},\"inLanguage\":\"es\",\"potentialAction\":[{\"@type\":\"ReadAction\",\"target\":[\"http:\/\/advancedmro.com\/es\/producto\/henkel-loctite-sf-7900-revestimiento-de-ceramica\/\"]}]},{\"@type\":\"BreadcrumbList\",\"@id\":\"http:\/\/advancedmro.com\/es\/producto\/henkel-loctite-sf-7900-revestimiento-de-ceramica\/#breadcrumb\",\"itemListElement\":[{\"@type\":\"ListItem\",\"position\":1,\"name\":\"Home\",\"item\":\"http:\/\/advancedmro.com\/es\/\"},{\"@type\":\"ListItem\",\"position\":2,\"name\":\"Productos\",\"item\":\"https:\/\/advancedmro.com\/es\/productos\/\"},{\"@type\":\"ListItem\",\"position\":3,\"name\":\"Henkel\u00ae Loctite SF 7900 Revestimiento de Ceramica\"}]},{\"@type\":\"WebSite\",\"@id\":\"http:\/\/advancedmro.com\/es\/#website\",\"url\":\"http:\/\/advancedmro.com\/es\/\",\"name\":\"Advanced MRO\",\"description\":\"Reduciendo Costos Y Aumentando La Calidad Y Rendimiento\",\"potentialAction\":[{\"@type\":\"SearchAction\",\"target\":{\"@type\":\"EntryPoint\",\"urlTemplate\":\"http:\/\/advancedmro.com\/es\/?s={search_term_string}\"},\"query-input\":{\"@type\":\"PropertyValueSpecification\",\"valueRequired\":true,\"valueName\":\"search_term_string\"}}],\"inLanguage\":\"es\"}]}<\/script>\n<!-- \/ Yoast SEO Premium plugin. -->","yoast_head_json":{"title":"Henkel\u00ae Loctite SF 7900 Revestimiento de Ceramica - Advanced MRO","description":"Henkel\u00ae Loctite SF 7900 Revestimiento de Ceramica, 9.5 oz, Blanca; 6 \/Botes. Ecuentra el catalogo mas amplio de productos Henkel en Tijuana.","robots":{"index":"index","follow":"follow","max-snippet":"max-snippet:-1","max-image-preview":"max-image-preview:large","max-video-preview":"max-video-preview:-1"},"canonical":"http:\/\/advancedmro.com\/es\/producto\/henkel-loctite-sf-7900-revestimiento-de-ceramica\/","og_locale":"es_ES","og_type":"article","og_title":"Henkel\u00ae Loctite SF 7900 Revestimiento de Ceramica","og_description":"Henkel\u00ae Loctite SF 7900 Revestimiento de Ceramica, 9.5 oz, Blanca; 6 \/Botes. Ecuentra el catalogo mas amplio de productos Henkel en Tijuana.","og_url":"http:\/\/advancedmro.com\/es\/producto\/henkel-loctite-sf-7900-revestimiento-de-ceramica\/","og_site_name":"Advanced MRO","article_modified_time":"2015-06-07T17:17:47+00:00","twitter_misc":{"Tiempo de lectura":"1 minuto"},"schema":{"@context":"https:\/\/schema.org","@graph":[{"@type":"WebPage","@id":"http:\/\/advancedmro.com\/es\/producto\/henkel-loctite-sf-7900-revestimiento-de-ceramica\/","url":"http:\/\/advancedmro.com\/es\/producto\/henkel-loctite-sf-7900-revestimiento-de-ceramica\/","name":"Henkel\u00ae Loctite SF 7900 Revestimiento de Ceramica - Advanced MRO","isPartOf":{"@id":"http:\/\/advancedmro.com\/es\/#website"},"datePublished":"2015-06-07T15:36:17+00:00","dateModified":"2015-06-07T17:17:47+00:00","description":"Henkel\u00ae Loctite SF 7900 Revestimiento de Ceramica, 9.5 oz, Blanca; 6 \/Botes. Ecuentra el catalogo mas amplio de productos Henkel en Tijuana.","breadcrumb":{"@id":"http:\/\/advancedmro.com\/es\/producto\/henkel-loctite-sf-7900-revestimiento-de-ceramica\/#breadcrumb"},"inLanguage":"es","potentialAction":[{"@type":"ReadAction","target":["http:\/\/advancedmro.com\/es\/producto\/henkel-loctite-sf-7900-revestimiento-de-ceramica\/"]}]},{"@type":"BreadcrumbList","@id":"http:\/\/advancedmro.com\/es\/producto\/henkel-loctite-sf-7900-revestimiento-de-ceramica\/#breadcrumb","itemListElement":[{"@type":"ListItem","position":1,"name":"Home","item":"http:\/\/advancedmro.com\/es\/"},{"@type":"ListItem","position":2,"name":"Productos","item":"https:\/\/advancedmro.com\/es\/productos\/"},{"@type":"ListItem","position":3,"name":"Henkel\u00ae Loctite SF 7900 Revestimiento de Ceramica"}]},{"@type":"WebSite","@id":"http:\/\/advancedmro.com\/es\/#website","url":"http:\/\/advancedmro.com\/es\/","name":"Advanced MRO","description":"Reduciendo Costos Y Aumentando La Calidad Y Rendimiento","potentialAction":[{"@type":"SearchAction","target":{"@type":"EntryPoint","urlTemplate":"http:\/\/advancedmro.com\/es\/?s={search_term_string}"},"query-input":{"@type":"PropertyValueSpecification","valueRequired":true,"valueName":"search_term_string"}}],"inLanguage":"es"}]}},"_links":{"self":[{"href":"https:\/\/advancedmro.com\/es\/wp-json\/wp\/v2\/product\/413","targetHints":{"allow":["GET"]}}],"collection":[{"href":"https:\/\/advancedmro.com\/es\/wp-json\/wp\/v2\/product"}],"about":[{"href":"https:\/\/advancedmro.com\/es\/wp-json\/wp\/v2\/types\/product"}],"replies":[{"embeddable":true,"href":"https:\/\/advancedmro.com\/es\/wp-json\/wp\/v2\/comments?post=413"}],"wp:attachment":[{"href":"https:\/\/advancedmro.com\/es\/wp-json\/wp\/v2\/media?parent=413"}],"wp:term":[{"taxonomy":"product_brand","embeddable":true,"href":"https:\/\/advancedmro.com\/es\/wp-json\/wp\/v2\/product_brand?post=413"},{"taxonomy":"product_cat","embeddable":true,"href":"https:\/\/advancedmro.com\/es\/wp-json\/wp\/v2\/product_cat?post=413"},{"taxonomy":"product_tag","embeddable":true,"href":"https:\/\/advancedmro.com\/es\/wp-json\/wp\/v2\/product_tag?post=413"}],"curies":[{"name":"wp","href":"https:\/\/api.w.org\/{rel}","templated":true}]}}