{"id":395,"date":"2015-06-06T01:35:58","date_gmt":"2015-06-06T01:35:58","guid":{"rendered":"http:\/\/advancedmro.com\/es\/?post_type=product&#038;p=395"},"modified":"2015-06-07T17:21:48","modified_gmt":"2015-06-07T17:21:48","slug":"henkel-prozone-sc01-flux-remover","status":"publish","type":"product","link":"https:\/\/advancedmro.com\/es\/producto\/henkel-prozone-sc01-flux-remover\/","title":{"rendered":"Henkel\u00ae Prozone\u2122 SC01 Flux Remover"},"content":{"rendered":"<p>Multicore SC01 est\u00e1 dise\u00f1ado para la limpieza de los residuos de soldadura. Un limpiador muy eficaz que se seca r\u00e1pidamente (evaporaci\u00f3n r\u00e1pida). Caja de 25 plumas de 10 ml cada pluma.<\/p>\n","protected":false},"excerpt":{"rendered":"<p>Multicore SC01 est\u00e1 dise\u00f1ado para la limpieza de los residuos de soldadura. Un limpiador muy eficaz que se seca r\u00e1pidamente (evaporaci\u00f3n r\u00e1pida). Caja de 25 plumas de 10 ml cada pluma.<\/p>\n","protected":false},"featured_media":396,"comment_status":"open","ping_status":"closed","template":"","meta":[],"product_brand":[],"product_cat":[84,88,54],"product_tag":[60],"class_list":{"0":"post-395","1":"product","2":"type-product","3":"status-publish","4":"has-post-thumbnail","6":"product_cat-adhesivos-y-sellantes","7":"product_cat-diluyentes-y-removedores","8":"product_cat-productos-henkel","9":"product_tag-henkel-prozone-sc01-flux-remover-tijuana","10":"post","11":"post-with-thumbnail","12":"post-with-thumbnail-large","14":"first","15":"instock","16":"shipping-taxable","17":"product-type-simple"},"yoast_head":"<!-- This site is optimized with the Yoast SEO Premium plugin v26.4 (Yoast SEO v26.9) - https:\/\/yoast.com\/product\/yoast-seo-premium-wordpress\/ -->\n<title>Henkel\u00ae Prozone\u2122 SC01 Flux Remover - Advanced MRO<\/title>\n<meta name=\"robots\" content=\"index, follow, max-snippet:-1, max-image-preview:large, max-video-preview:-1\" \/>\n<link rel=\"canonical\" href=\"http:\/\/advancedmro.com\/es\/producto\/henkel-prozone-sc01-flux-remover\/\" \/>\n<meta property=\"og:locale\" content=\"es_ES\" \/>\n<meta property=\"og:type\" content=\"article\" \/>\n<meta property=\"og:title\" content=\"Henkel\u00ae Prozone\u2122 SC01 Flux Remover\" \/>\n<meta property=\"og:description\" content=\"Multicore SC01 est\u00e1 dise\u00f1ado para la limpieza de los residuos de soldadura. Un limpiador muy eficaz que se seca r\u00e1pidamente (evaporaci\u00f3n r\u00e1pida). Caja de 25 plumas de 10 ml cada pluma.\" \/>\n<meta property=\"og:url\" content=\"http:\/\/advancedmro.com\/es\/producto\/henkel-prozone-sc01-flux-remover\/\" \/>\n<meta property=\"og:site_name\" content=\"Advanced MRO\" \/>\n<meta property=\"article:modified_time\" content=\"2015-06-07T17:21:48+00:00\" \/>\n<meta property=\"og:image\" content=\"http:\/\/advancedmro.com\/es\/wp-content\/uploads\/2015\/06\/Henkel-Prozone-SC01-Flux-Remover-Tijuana-Mexico.jpg\" \/>\n\t<meta property=\"og:image:width\" content=\"800\" \/>\n\t<meta property=\"og:image:height\" content=\"800\" \/>\n\t<meta property=\"og:image:type\" content=\"image\/jpeg\" \/>\n<script type=\"application\/ld+json\" class=\"yoast-schema-graph\">{\"@context\":\"https:\/\/schema.org\",\"@graph\":[{\"@type\":\"WebPage\",\"@id\":\"http:\/\/advancedmro.com\/es\/producto\/henkel-prozone-sc01-flux-remover\/\",\"url\":\"http:\/\/advancedmro.com\/es\/producto\/henkel-prozone-sc01-flux-remover\/\",\"name\":\"Henkel\u00ae Prozone\u2122 SC01 Flux Remover - Advanced MRO\",\"isPartOf\":{\"@id\":\"http:\/\/advancedmro.com\/es\/#website\"},\"primaryImageOfPage\":{\"@id\":\"http:\/\/advancedmro.com\/es\/producto\/henkel-prozone-sc01-flux-remover\/#primaryimage\"},\"image\":{\"@id\":\"http:\/\/advancedmro.com\/es\/producto\/henkel-prozone-sc01-flux-remover\/#primaryimage\"},\"thumbnailUrl\":\"https:\/\/advancedmro.com\/es\/wp-content\/uploads\/2015\/06\/Henkel-Prozone-SC01-Flux-Remover-Tijuana-Mexico.jpg\",\"datePublished\":\"2015-06-06T01:35:58+00:00\",\"dateModified\":\"2015-06-07T17:21:48+00:00\",\"breadcrumb\":{\"@id\":\"http:\/\/advancedmro.com\/es\/producto\/henkel-prozone-sc01-flux-remover\/#breadcrumb\"},\"inLanguage\":\"es\",\"potentialAction\":[{\"@type\":\"ReadAction\",\"target\":[\"http:\/\/advancedmro.com\/es\/producto\/henkel-prozone-sc01-flux-remover\/\"]}]},{\"@type\":\"ImageObject\",\"inLanguage\":\"es\",\"@id\":\"http:\/\/advancedmro.com\/es\/producto\/henkel-prozone-sc01-flux-remover\/#primaryimage\",\"url\":\"https:\/\/advancedmro.com\/es\/wp-content\/uploads\/2015\/06\/Henkel-Prozone-SC01-Flux-Remover-Tijuana-Mexico.jpg\",\"contentUrl\":\"https:\/\/advancedmro.com\/es\/wp-content\/uploads\/2015\/06\/Henkel-Prozone-SC01-Flux-Remover-Tijuana-Mexico.jpg\",\"width\":800,\"height\":800},{\"@type\":\"BreadcrumbList\",\"@id\":\"http:\/\/advancedmro.com\/es\/producto\/henkel-prozone-sc01-flux-remover\/#breadcrumb\",\"itemListElement\":[{\"@type\":\"ListItem\",\"position\":1,\"name\":\"Home\",\"item\":\"http:\/\/advancedmro.com\/es\/\"},{\"@type\":\"ListItem\",\"position\":2,\"name\":\"Productos\",\"item\":\"https:\/\/advancedmro.com\/es\/productos\/\"},{\"@type\":\"ListItem\",\"position\":3,\"name\":\"Henkel\u00ae Prozone\u2122 SC01 Flux Remover\"}]},{\"@type\":\"WebSite\",\"@id\":\"http:\/\/advancedmro.com\/es\/#website\",\"url\":\"http:\/\/advancedmro.com\/es\/\",\"name\":\"Advanced MRO\",\"description\":\"Reduciendo Costos Y Aumentando La Calidad Y Rendimiento\",\"potentialAction\":[{\"@type\":\"SearchAction\",\"target\":{\"@type\":\"EntryPoint\",\"urlTemplate\":\"http:\/\/advancedmro.com\/es\/?s={search_term_string}\"},\"query-input\":{\"@type\":\"PropertyValueSpecification\",\"valueRequired\":true,\"valueName\":\"search_term_string\"}}],\"inLanguage\":\"es\"}]}<\/script>\n<!-- \/ Yoast SEO Premium plugin. -->","yoast_head_json":{"title":"Henkel\u00ae Prozone\u2122 SC01 Flux Remover - Advanced MRO","robots":{"index":"index","follow":"follow","max-snippet":"max-snippet:-1","max-image-preview":"max-image-preview:large","max-video-preview":"max-video-preview:-1"},"canonical":"http:\/\/advancedmro.com\/es\/producto\/henkel-prozone-sc01-flux-remover\/","og_locale":"es_ES","og_type":"article","og_title":"Henkel\u00ae Prozone\u2122 SC01 Flux Remover","og_description":"Multicore SC01 est\u00e1 dise\u00f1ado para la limpieza de los residuos de soldadura. Un limpiador muy eficaz que se seca r\u00e1pidamente (evaporaci\u00f3n r\u00e1pida). Caja de 25 plumas de 10 ml cada pluma.","og_url":"http:\/\/advancedmro.com\/es\/producto\/henkel-prozone-sc01-flux-remover\/","og_site_name":"Advanced MRO","article_modified_time":"2015-06-07T17:21:48+00:00","og_image":[{"width":800,"height":800,"url":"http:\/\/advancedmro.com\/es\/wp-content\/uploads\/2015\/06\/Henkel-Prozone-SC01-Flux-Remover-Tijuana-Mexico.jpg","type":"image\/jpeg"}],"schema":{"@context":"https:\/\/schema.org","@graph":[{"@type":"WebPage","@id":"http:\/\/advancedmro.com\/es\/producto\/henkel-prozone-sc01-flux-remover\/","url":"http:\/\/advancedmro.com\/es\/producto\/henkel-prozone-sc01-flux-remover\/","name":"Henkel\u00ae Prozone\u2122 SC01 Flux Remover - Advanced MRO","isPartOf":{"@id":"http:\/\/advancedmro.com\/es\/#website"},"primaryImageOfPage":{"@id":"http:\/\/advancedmro.com\/es\/producto\/henkel-prozone-sc01-flux-remover\/#primaryimage"},"image":{"@id":"http:\/\/advancedmro.com\/es\/producto\/henkel-prozone-sc01-flux-remover\/#primaryimage"},"thumbnailUrl":"https:\/\/advancedmro.com\/es\/wp-content\/uploads\/2015\/06\/Henkel-Prozone-SC01-Flux-Remover-Tijuana-Mexico.jpg","datePublished":"2015-06-06T01:35:58+00:00","dateModified":"2015-06-07T17:21:48+00:00","breadcrumb":{"@id":"http:\/\/advancedmro.com\/es\/producto\/henkel-prozone-sc01-flux-remover\/#breadcrumb"},"inLanguage":"es","potentialAction":[{"@type":"ReadAction","target":["http:\/\/advancedmro.com\/es\/producto\/henkel-prozone-sc01-flux-remover\/"]}]},{"@type":"ImageObject","inLanguage":"es","@id":"http:\/\/advancedmro.com\/es\/producto\/henkel-prozone-sc01-flux-remover\/#primaryimage","url":"https:\/\/advancedmro.com\/es\/wp-content\/uploads\/2015\/06\/Henkel-Prozone-SC01-Flux-Remover-Tijuana-Mexico.jpg","contentUrl":"https:\/\/advancedmro.com\/es\/wp-content\/uploads\/2015\/06\/Henkel-Prozone-SC01-Flux-Remover-Tijuana-Mexico.jpg","width":800,"height":800},{"@type":"BreadcrumbList","@id":"http:\/\/advancedmro.com\/es\/producto\/henkel-prozone-sc01-flux-remover\/#breadcrumb","itemListElement":[{"@type":"ListItem","position":1,"name":"Home","item":"http:\/\/advancedmro.com\/es\/"},{"@type":"ListItem","position":2,"name":"Productos","item":"https:\/\/advancedmro.com\/es\/productos\/"},{"@type":"ListItem","position":3,"name":"Henkel\u00ae Prozone\u2122 SC01 Flux Remover"}]},{"@type":"WebSite","@id":"http:\/\/advancedmro.com\/es\/#website","url":"http:\/\/advancedmro.com\/es\/","name":"Advanced MRO","description":"Reduciendo Costos Y Aumentando La Calidad Y Rendimiento","potentialAction":[{"@type":"SearchAction","target":{"@type":"EntryPoint","urlTemplate":"http:\/\/advancedmro.com\/es\/?s={search_term_string}"},"query-input":{"@type":"PropertyValueSpecification","valueRequired":true,"valueName":"search_term_string"}}],"inLanguage":"es"}]}},"_links":{"self":[{"href":"https:\/\/advancedmro.com\/es\/wp-json\/wp\/v2\/product\/395","targetHints":{"allow":["GET"]}}],"collection":[{"href":"https:\/\/advancedmro.com\/es\/wp-json\/wp\/v2\/product"}],"about":[{"href":"https:\/\/advancedmro.com\/es\/wp-json\/wp\/v2\/types\/product"}],"replies":[{"embeddable":true,"href":"https:\/\/advancedmro.com\/es\/wp-json\/wp\/v2\/comments?post=395"}],"wp:featuredmedia":[{"embeddable":true,"href":"https:\/\/advancedmro.com\/es\/wp-json\/wp\/v2\/media\/396"}],"wp:attachment":[{"href":"https:\/\/advancedmro.com\/es\/wp-json\/wp\/v2\/media?parent=395"}],"wp:term":[{"taxonomy":"product_brand","embeddable":true,"href":"https:\/\/advancedmro.com\/es\/wp-json\/wp\/v2\/product_brand?post=395"},{"taxonomy":"product_cat","embeddable":true,"href":"https:\/\/advancedmro.com\/es\/wp-json\/wp\/v2\/product_cat?post=395"},{"taxonomy":"product_tag","embeddable":true,"href":"https:\/\/advancedmro.com\/es\/wp-json\/wp\/v2\/product_tag?post=395"}],"curies":[{"name":"wp","href":"https:\/\/api.w.org\/{rel}","templated":true}]}}