{"id":380,"date":"2015-03-29T01:28:22","date_gmt":"2015-03-29T01:28:22","guid":{"rendered":"http:\/\/advancedmro.com\/es\/?post_type=product&#038;p=380"},"modified":"2015-07-12T18:37:01","modified_gmt":"2015-07-12T18:37:01","slug":"impresora-zebra-zp500","status":"publish","type":"product","link":"https:\/\/advancedmro.com\/es\/producto\/impresora-zebra-zp500\/","title":{"rendered":"Impresora Zebra ZP500"},"content":{"rendered":"<p>La Zebra ZP500\u00a0es una de las impresoras de sobremesa Zebra de nueva generaci\u00f3n dise\u00f1adas para etiquetas de 4&#8243; ancho. Se incluye todo lo que necesita para iniciar a\u00a0imprimir etiquetas. Cable USB y un CD con instrucciones de configuraci\u00f3n y consejos sobre la aplicaci\u00f3n de env\u00edo.<\/p>\n<p>Especificaciones:<\/p>\n<p>Memoria: 8 MB SDRAM (3 MB disponibles para el usuario); 4 MB Flash (1.5 MB disponibles para el usuario)<br \/>\nResoluci\u00f3n: 203 dpi (8 puntos \/ mm)<br \/>\nVelocidad de impresi\u00f3n: hasta 6 \u00ab(152 mm) por segundo<br \/>\nM\u00e9todo de impresi\u00f3n: t\u00e9rmica directa<br \/>\nAncho m\u00e1ximo de impresi\u00f3n: 4,09 \u00bb<br \/>\nLongitud m\u00e1xima de impresi\u00f3n: 39 \u00bb<br \/>\nM\u00ednimo de ancho: 4 \u00bb<br \/>\nDi\u00e1metro m\u00e1ximo del rollo: 5 \u00ab(127 mm)<br \/>\nDi\u00e1metros de n\u00facleo: 0,5 \u00ab(12,7 mm), 1,0\u00bb<br \/>\nGrosor del soporte: 0,003 \u00ab(0,08 mm) a 0.0075\u00bb (0.20 mm)<br \/>\nTipos de papel: gap, continuo, perforada, plegado, etiquetas, marbetes<br \/>\nLos lenguajes de programaci\u00f3n ZPL I \/ ZPL II<\/p>\n","protected":false},"excerpt":{"rendered":"<p>La Zebra ZP500\u00a0es una de las impresoras de sobremesa Zebra de nueva generaci\u00f3n dise\u00f1adas para etiquetas de 4&#8243; ancho. Se incluye todo lo que necesita para iniciar a\u00a0imprimir etiquetas. Cable USB y un CD con instrucciones de configuraci\u00f3n y consejos sobre la aplicaci\u00f3n de env\u00edo. Especificaciones: Memoria: 8 MB SDRAM (3 MB disponibles para el [&hellip;]<\/p>\n","protected":false},"featured_media":381,"comment_status":"open","ping_status":"closed","template":"","meta":[],"product_brand":[],"product_cat":[25,95],"product_tag":[],"class_list":{"0":"post-380","1":"product","2":"type-product","3":"status-publish","4":"has-post-thumbnail","6":"product_cat-impresoras-de-transferencia-termica","7":"product_cat-impresoras-zebra","8":"post","9":"post-with-thumbnail","10":"post-with-thumbnail-large","12":"first","13":"instock","14":"shipping-taxable","15":"product-type-simple"},"yoast_head":"<!-- This site is optimized with the Yoast SEO Premium plugin v26.4 (Yoast SEO v26.9) - https:\/\/yoast.com\/product\/yoast-seo-premium-wordpress\/ -->\n<title>Impresora Zebra ZP500 - Advanced MRO<\/title>\n<meta name=\"description\" content=\"Impesora Zebra ZP500 - Garantizamos los precios mas bajos de la industria. Llamanos hoy al 664 449 4205\" \/>\n<meta name=\"robots\" content=\"index, follow, max-snippet:-1, max-image-preview:large, max-video-preview:-1\" \/>\n<link rel=\"canonical\" href=\"http:\/\/advancedmro.com\/es\/producto\/impresora-zebra-zp500\/\" \/>\n<meta property=\"og:locale\" content=\"es_ES\" \/>\n<meta property=\"og:type\" content=\"article\" \/>\n<meta property=\"og:title\" content=\"Impresora Zebra ZP500\" \/>\n<meta property=\"og:description\" content=\"Impesora Zebra ZP500 - Garantizamos los precios mas bajos de la industria. Llamanos hoy al 664 449 4205\" \/>\n<meta property=\"og:url\" content=\"http:\/\/advancedmro.com\/es\/producto\/impresora-zebra-zp500\/\" \/>\n<meta property=\"og:site_name\" content=\"Advanced MRO\" \/>\n<meta property=\"article:modified_time\" content=\"2015-07-12T18:37:01+00:00\" \/>\n<meta property=\"og:image\" content=\"http:\/\/advancedmro.com\/es\/wp-content\/uploads\/2015\/03\/Zebra-ZP500.jpg\" \/>\n\t<meta property=\"og:image:width\" content=\"487\" \/>\n\t<meta property=\"og:image:height\" content=\"500\" \/>\n\t<meta property=\"og:image:type\" content=\"image\/jpeg\" \/>\n<meta name=\"twitter:label1\" content=\"Tiempo de lectura\" \/>\n\t<meta name=\"twitter:data1\" content=\"1 minuto\" \/>\n<script type=\"application\/ld+json\" class=\"yoast-schema-graph\">{\"@context\":\"https:\/\/schema.org\",\"@graph\":[{\"@type\":\"WebPage\",\"@id\":\"http:\/\/advancedmro.com\/es\/producto\/impresora-zebra-zp500\/\",\"url\":\"http:\/\/advancedmro.com\/es\/producto\/impresora-zebra-zp500\/\",\"name\":\"Impresora Zebra ZP500 - Advanced MRO\",\"isPartOf\":{\"@id\":\"http:\/\/advancedmro.com\/es\/#website\"},\"primaryImageOfPage\":{\"@id\":\"http:\/\/advancedmro.com\/es\/producto\/impresora-zebra-zp500\/#primaryimage\"},\"image\":{\"@id\":\"http:\/\/advancedmro.com\/es\/producto\/impresora-zebra-zp500\/#primaryimage\"},\"thumbnailUrl\":\"https:\/\/advancedmro.com\/es\/wp-content\/uploads\/2015\/03\/Zebra-ZP500.jpg\",\"datePublished\":\"2015-03-29T01:28:22+00:00\",\"dateModified\":\"2015-07-12T18:37:01+00:00\",\"description\":\"Impesora Zebra ZP500 - Garantizamos los precios mas bajos de la industria. Llamanos hoy al 664 449 4205\",\"breadcrumb\":{\"@id\":\"http:\/\/advancedmro.com\/es\/producto\/impresora-zebra-zp500\/#breadcrumb\"},\"inLanguage\":\"es\",\"potentialAction\":[{\"@type\":\"ReadAction\",\"target\":[\"http:\/\/advancedmro.com\/es\/producto\/impresora-zebra-zp500\/\"]}]},{\"@type\":\"ImageObject\",\"inLanguage\":\"es\",\"@id\":\"http:\/\/advancedmro.com\/es\/producto\/impresora-zebra-zp500\/#primaryimage\",\"url\":\"https:\/\/advancedmro.com\/es\/wp-content\/uploads\/2015\/03\/Zebra-ZP500.jpg\",\"contentUrl\":\"https:\/\/advancedmro.com\/es\/wp-content\/uploads\/2015\/03\/Zebra-ZP500.jpg\",\"width\":487,\"height\":500},{\"@type\":\"BreadcrumbList\",\"@id\":\"http:\/\/advancedmro.com\/es\/producto\/impresora-zebra-zp500\/#breadcrumb\",\"itemListElement\":[{\"@type\":\"ListItem\",\"position\":1,\"name\":\"Home\",\"item\":\"http:\/\/advancedmro.com\/es\/\"},{\"@type\":\"ListItem\",\"position\":2,\"name\":\"Productos\",\"item\":\"https:\/\/advancedmro.com\/es\/productos\/\"},{\"@type\":\"ListItem\",\"position\":3,\"name\":\"Impresora Zebra ZP500\"}]},{\"@type\":\"WebSite\",\"@id\":\"http:\/\/advancedmro.com\/es\/#website\",\"url\":\"http:\/\/advancedmro.com\/es\/\",\"name\":\"Advanced MRO\",\"description\":\"Reduciendo Costos Y Aumentando La Calidad Y Rendimiento\",\"potentialAction\":[{\"@type\":\"SearchAction\",\"target\":{\"@type\":\"EntryPoint\",\"urlTemplate\":\"http:\/\/advancedmro.com\/es\/?s={search_term_string}\"},\"query-input\":{\"@type\":\"PropertyValueSpecification\",\"valueRequired\":true,\"valueName\":\"search_term_string\"}}],\"inLanguage\":\"es\"}]}<\/script>\n<!-- \/ Yoast SEO Premium plugin. -->","yoast_head_json":{"title":"Impresora Zebra ZP500 - Advanced MRO","description":"Impesora Zebra ZP500 - Garantizamos los precios mas bajos de la industria. Llamanos hoy al 664 449 4205","robots":{"index":"index","follow":"follow","max-snippet":"max-snippet:-1","max-image-preview":"max-image-preview:large","max-video-preview":"max-video-preview:-1"},"canonical":"http:\/\/advancedmro.com\/es\/producto\/impresora-zebra-zp500\/","og_locale":"es_ES","og_type":"article","og_title":"Impresora Zebra ZP500","og_description":"Impesora Zebra ZP500 - Garantizamos los precios mas bajos de la industria. Llamanos hoy al 664 449 4205","og_url":"http:\/\/advancedmro.com\/es\/producto\/impresora-zebra-zp500\/","og_site_name":"Advanced MRO","article_modified_time":"2015-07-12T18:37:01+00:00","og_image":[{"width":487,"height":500,"url":"http:\/\/advancedmro.com\/es\/wp-content\/uploads\/2015\/03\/Zebra-ZP500.jpg","type":"image\/jpeg"}],"twitter_misc":{"Tiempo de lectura":"1 minuto"},"schema":{"@context":"https:\/\/schema.org","@graph":[{"@type":"WebPage","@id":"http:\/\/advancedmro.com\/es\/producto\/impresora-zebra-zp500\/","url":"http:\/\/advancedmro.com\/es\/producto\/impresora-zebra-zp500\/","name":"Impresora Zebra ZP500 - Advanced MRO","isPartOf":{"@id":"http:\/\/advancedmro.com\/es\/#website"},"primaryImageOfPage":{"@id":"http:\/\/advancedmro.com\/es\/producto\/impresora-zebra-zp500\/#primaryimage"},"image":{"@id":"http:\/\/advancedmro.com\/es\/producto\/impresora-zebra-zp500\/#primaryimage"},"thumbnailUrl":"https:\/\/advancedmro.com\/es\/wp-content\/uploads\/2015\/03\/Zebra-ZP500.jpg","datePublished":"2015-03-29T01:28:22+00:00","dateModified":"2015-07-12T18:37:01+00:00","description":"Impesora Zebra ZP500 - Garantizamos los precios mas bajos de la industria. Llamanos hoy al 664 449 4205","breadcrumb":{"@id":"http:\/\/advancedmro.com\/es\/producto\/impresora-zebra-zp500\/#breadcrumb"},"inLanguage":"es","potentialAction":[{"@type":"ReadAction","target":["http:\/\/advancedmro.com\/es\/producto\/impresora-zebra-zp500\/"]}]},{"@type":"ImageObject","inLanguage":"es","@id":"http:\/\/advancedmro.com\/es\/producto\/impresora-zebra-zp500\/#primaryimage","url":"https:\/\/advancedmro.com\/es\/wp-content\/uploads\/2015\/03\/Zebra-ZP500.jpg","contentUrl":"https:\/\/advancedmro.com\/es\/wp-content\/uploads\/2015\/03\/Zebra-ZP500.jpg","width":487,"height":500},{"@type":"BreadcrumbList","@id":"http:\/\/advancedmro.com\/es\/producto\/impresora-zebra-zp500\/#breadcrumb","itemListElement":[{"@type":"ListItem","position":1,"name":"Home","item":"http:\/\/advancedmro.com\/es\/"},{"@type":"ListItem","position":2,"name":"Productos","item":"https:\/\/advancedmro.com\/es\/productos\/"},{"@type":"ListItem","position":3,"name":"Impresora Zebra ZP500"}]},{"@type":"WebSite","@id":"http:\/\/advancedmro.com\/es\/#website","url":"http:\/\/advancedmro.com\/es\/","name":"Advanced MRO","description":"Reduciendo Costos Y Aumentando La Calidad Y Rendimiento","potentialAction":[{"@type":"SearchAction","target":{"@type":"EntryPoint","urlTemplate":"http:\/\/advancedmro.com\/es\/?s={search_term_string}"},"query-input":{"@type":"PropertyValueSpecification","valueRequired":true,"valueName":"search_term_string"}}],"inLanguage":"es"}]}},"_links":{"self":[{"href":"https:\/\/advancedmro.com\/es\/wp-json\/wp\/v2\/product\/380","targetHints":{"allow":["GET"]}}],"collection":[{"href":"https:\/\/advancedmro.com\/es\/wp-json\/wp\/v2\/product"}],"about":[{"href":"https:\/\/advancedmro.com\/es\/wp-json\/wp\/v2\/types\/product"}],"replies":[{"embeddable":true,"href":"https:\/\/advancedmro.com\/es\/wp-json\/wp\/v2\/comments?post=380"}],"wp:featuredmedia":[{"embeddable":true,"href":"https:\/\/advancedmro.com\/es\/wp-json\/wp\/v2\/media\/381"}],"wp:attachment":[{"href":"https:\/\/advancedmro.com\/es\/wp-json\/wp\/v2\/media?parent=380"}],"wp:term":[{"taxonomy":"product_brand","embeddable":true,"href":"https:\/\/advancedmro.com\/es\/wp-json\/wp\/v2\/product_brand?post=380"},{"taxonomy":"product_cat","embeddable":true,"href":"https:\/\/advancedmro.com\/es\/wp-json\/wp\/v2\/product_cat?post=380"},{"taxonomy":"product_tag","embeddable":true,"href":"https:\/\/advancedmro.com\/es\/wp-json\/wp\/v2\/product_tag?post=380"}],"curies":[{"name":"wp","href":"https:\/\/api.w.org\/{rel}","templated":true}]}}