{"id":337,"date":"2014-09-28T21:02:36","date_gmt":"2014-09-28T21:02:36","guid":{"rendered":"http:\/\/advancedmro.com\/es\/?post_type=product&#038;p=337"},"modified":"2020-07-29T03:48:02","modified_gmt":"2020-07-29T03:48:02","slug":"guantes-de-nitrilo","status":"publish","type":"product","link":"https:\/\/advancedmro.com\/es\/producto\/guantes-de-nitrilo\/","title":{"rendered":"Guantes de Nitrilo"},"content":{"rendered":"<p>Nitrilo tiene buena elasticidad, exhibiendo una cierta memoria, y los guantes de nitrilo en Tijuana tienden a conformarse a la forma de las manos del usuario despu\u00e9s de unos pocos minutos. Por otra parte, los guantes de nitrilo tienen inherentemente buena resistencia a la perforaci\u00f3n, excelente resistencia a la tracci\u00f3n y, ya que no contienen prote\u00ednas de l\u00e1tex, no hay ninguna posibilidad de a las reacciones al\u00e9rgicas tipo 1.<br \/>\nAdem\u00e1s de ser muy resistente, guantes de nitrilo generalmente proporcionan mayor protecci\u00f3n a una gama m\u00e1s amplia de productos qu\u00edmicos y aceites que el vinilo o guantes de l\u00e1tex.<\/p>\n<p>Adem\u00e1s, los guantes de nitrilo en Tijuana pueden disipar la carga electrost\u00e1tica mucho mejor que el caucho natural y esto puede ser una caracter\u00edstica valiosa en la industria de semiconductores. Debido a su buena resistencia a la abrasi\u00f3n, tambi\u00e9n generan significativamente menos de part\u00edculas que potencialmente pueden actuar como contaminantes durante la fabricaci\u00f3n.<br \/>\nLa otra diferencia entre el caucho natural y l\u00e1tex de nitrilo es que el caucho natural es un pol\u00edmero lineal y por lo tanto tiene que someterse a una etapa de precurado para mejorar su resistencia antes de la inmersi\u00f3n. Pol\u00edmeros de nitrilo en el otro lado se reticulan inherentemente durante la fabricaci\u00f3n de modo que poco o nada de precurado es necesaria para mejorar su fuerza. Esto puede ser una ventaja en el proceso. El grado de esta reticulaci\u00f3n puede ser alterado por el cambio de las condiciones del proceso o por agentes conocidos como modificadores de la cadena durante la fabricaci\u00f3n.<br \/>\nAs\u00ed que no importa el uso final, pol\u00edmeros de nitrilo se pueden adaptar de manera significativa y alcanzar esas necesidades en una variedad de maneras. En el caso del caucho natural, uno est\u00e1 limitado fundamentalmente por la creaci\u00f3n de la naturaleza, y no hab\u00eda espacio para el cambio.<\/p>\n","protected":false},"excerpt":{"rendered":"<p>Nitrilo tiene buena elasticidad, exhibiendo una cierta memoria, y los guantes de nitrilo en Tijuana tienden a conformarse a la forma de las manos del usuario despu\u00e9s de unos pocos minutos. Por otra parte, los guantes de nitrilo tienen inherentemente buena resistencia a la perforaci\u00f3n, excelente resistencia a la tracci\u00f3n y, ya que no contienen [&hellip;]<\/p>\n","protected":false},"featured_media":338,"comment_status":"open","ping_status":"closed","template":"","meta":[],"product_brand":[],"product_cat":[36,35],"product_tag":[111,39,181],"class_list":{"0":"post-337","1":"product","2":"type-product","3":"status-publish","4":"has-post-thumbnail","6":"product_cat-guantes-de-nitrilo","7":"product_cat-guantes-desechables","8":"product_tag-guantes-de-nitrilo","9":"product_tag-guantes-de-nitrilo-en-mexico","10":"product_tag-guantes-de-nitrilo-en-tijuana","11":"post","12":"post-with-thumbnail","13":"post-with-thumbnail-large","15":"first","16":"instock","17":"shipping-taxable","18":"product-type-simple"},"yoast_head":"<!-- This site is optimized with the Yoast SEO Premium plugin v26.4 (Yoast SEO v26.9) - https:\/\/yoast.com\/product\/yoast-seo-premium-wordpress\/ -->\n<title>Guantes de Nitrilo en Tijuana - Advanced MRO<\/title>\n<meta name=\"description\" content=\"Guantes de Nitrilo en Mexico al mejor precio con la mejor calidad. Inventario en existencia para ser enviados a nuestros clientes a nivel nacional.\" \/>\n<meta name=\"robots\" content=\"index, follow, max-snippet:-1, max-image-preview:large, max-video-preview:-1\" \/>\n<link rel=\"canonical\" href=\"https:\/\/advancedmro.com\/es\/producto\/guantes-de-nitrilo\/\" \/>\n<meta property=\"og:locale\" content=\"es_ES\" \/>\n<meta property=\"og:type\" content=\"article\" \/>\n<meta property=\"og:title\" content=\"Guantes de Nitrilo\" \/>\n<meta property=\"og:description\" content=\"Guantes de Nitrilo en Mexico al mejor precio con la mejor calidad. Inventario en existencia para ser enviados a nuestros clientes a nivel nacional.\" \/>\n<meta property=\"og:url\" content=\"https:\/\/advancedmro.com\/es\/producto\/guantes-de-nitrilo\/\" \/>\n<meta property=\"og:site_name\" content=\"Advanced MRO\" \/>\n<meta property=\"article:modified_time\" content=\"2020-07-29T03:48:02+00:00\" \/>\n<meta property=\"og:image\" content=\"https:\/\/advancedmro.com\/es\/wp-content\/uploads\/2014\/09\/guantes-de-nitrilo-mexico.jpg\" \/>\n\t<meta property=\"og:image:width\" content=\"1066\" \/>\n\t<meta property=\"og:image:height\" content=\"768\" \/>\n\t<meta property=\"og:image:type\" content=\"image\/jpeg\" \/>\n<meta name=\"twitter:label1\" content=\"Tiempo de lectura\" \/>\n\t<meta name=\"twitter:data1\" content=\"2 minutos\" \/>\n<script type=\"application\/ld+json\" class=\"yoast-schema-graph\">{\"@context\":\"https:\/\/schema.org\",\"@graph\":[{\"@type\":\"WebPage\",\"@id\":\"https:\/\/advancedmro.com\/es\/producto\/guantes-de-nitrilo\/\",\"url\":\"https:\/\/advancedmro.com\/es\/producto\/guantes-de-nitrilo\/\",\"name\":\"Guantes de Nitrilo en Tijuana - Advanced MRO\",\"isPartOf\":{\"@id\":\"http:\/\/advancedmro.com\/es\/#website\"},\"primaryImageOfPage\":{\"@id\":\"https:\/\/advancedmro.com\/es\/producto\/guantes-de-nitrilo\/#primaryimage\"},\"image\":{\"@id\":\"https:\/\/advancedmro.com\/es\/producto\/guantes-de-nitrilo\/#primaryimage\"},\"thumbnailUrl\":\"https:\/\/advancedmro.com\/es\/wp-content\/uploads\/2014\/09\/guantes-de-nitrilo-mexico.jpg\",\"datePublished\":\"2014-09-28T21:02:36+00:00\",\"dateModified\":\"2020-07-29T03:48:02+00:00\",\"description\":\"Guantes de Nitrilo en Mexico al mejor precio con la mejor calidad. Inventario en existencia para ser enviados a nuestros clientes a nivel nacional.\",\"breadcrumb\":{\"@id\":\"https:\/\/advancedmro.com\/es\/producto\/guantes-de-nitrilo\/#breadcrumb\"},\"inLanguage\":\"es\",\"potentialAction\":[{\"@type\":\"ReadAction\",\"target\":[\"https:\/\/advancedmro.com\/es\/producto\/guantes-de-nitrilo\/\"]}]},{\"@type\":\"ImageObject\",\"inLanguage\":\"es\",\"@id\":\"https:\/\/advancedmro.com\/es\/producto\/guantes-de-nitrilo\/#primaryimage\",\"url\":\"https:\/\/advancedmro.com\/es\/wp-content\/uploads\/2014\/09\/guantes-de-nitrilo-mexico.jpg\",\"contentUrl\":\"https:\/\/advancedmro.com\/es\/wp-content\/uploads\/2014\/09\/guantes-de-nitrilo-mexico.jpg\",\"width\":1066,\"height\":768},{\"@type\":\"BreadcrumbList\",\"@id\":\"https:\/\/advancedmro.com\/es\/producto\/guantes-de-nitrilo\/#breadcrumb\",\"itemListElement\":[{\"@type\":\"ListItem\",\"position\":1,\"name\":\"Home\",\"item\":\"http:\/\/advancedmro.com\/es\/\"},{\"@type\":\"ListItem\",\"position\":2,\"name\":\"Productos\",\"item\":\"https:\/\/advancedmro.com\/es\/productos\/\"},{\"@type\":\"ListItem\",\"position\":3,\"name\":\"Guantes de Nitrilo\"}]},{\"@type\":\"WebSite\",\"@id\":\"http:\/\/advancedmro.com\/es\/#website\",\"url\":\"http:\/\/advancedmro.com\/es\/\",\"name\":\"Advanced MRO\",\"description\":\"Reduciendo Costos Y Aumentando La Calidad Y Rendimiento\",\"potentialAction\":[{\"@type\":\"SearchAction\",\"target\":{\"@type\":\"EntryPoint\",\"urlTemplate\":\"http:\/\/advancedmro.com\/es\/?s={search_term_string}\"},\"query-input\":{\"@type\":\"PropertyValueSpecification\",\"valueRequired\":true,\"valueName\":\"search_term_string\"}}],\"inLanguage\":\"es\"}]}<\/script>\n<!-- \/ Yoast SEO Premium plugin. -->","yoast_head_json":{"title":"Guantes de Nitrilo en Tijuana - Advanced MRO","description":"Guantes de Nitrilo en Mexico al mejor precio con la mejor calidad. Inventario en existencia para ser enviados a nuestros clientes a nivel nacional.","robots":{"index":"index","follow":"follow","max-snippet":"max-snippet:-1","max-image-preview":"max-image-preview:large","max-video-preview":"max-video-preview:-1"},"canonical":"https:\/\/advancedmro.com\/es\/producto\/guantes-de-nitrilo\/","og_locale":"es_ES","og_type":"article","og_title":"Guantes de Nitrilo","og_description":"Guantes de Nitrilo en Mexico al mejor precio con la mejor calidad. Inventario en existencia para ser enviados a nuestros clientes a nivel nacional.","og_url":"https:\/\/advancedmro.com\/es\/producto\/guantes-de-nitrilo\/","og_site_name":"Advanced MRO","article_modified_time":"2020-07-29T03:48:02+00:00","og_image":[{"width":1066,"height":768,"url":"https:\/\/advancedmro.com\/es\/wp-content\/uploads\/2014\/09\/guantes-de-nitrilo-mexico.jpg","type":"image\/jpeg"}],"twitter_misc":{"Tiempo de lectura":"2 minutos"},"schema":{"@context":"https:\/\/schema.org","@graph":[{"@type":"WebPage","@id":"https:\/\/advancedmro.com\/es\/producto\/guantes-de-nitrilo\/","url":"https:\/\/advancedmro.com\/es\/producto\/guantes-de-nitrilo\/","name":"Guantes de Nitrilo en Tijuana - Advanced MRO","isPartOf":{"@id":"http:\/\/advancedmro.com\/es\/#website"},"primaryImageOfPage":{"@id":"https:\/\/advancedmro.com\/es\/producto\/guantes-de-nitrilo\/#primaryimage"},"image":{"@id":"https:\/\/advancedmro.com\/es\/producto\/guantes-de-nitrilo\/#primaryimage"},"thumbnailUrl":"https:\/\/advancedmro.com\/es\/wp-content\/uploads\/2014\/09\/guantes-de-nitrilo-mexico.jpg","datePublished":"2014-09-28T21:02:36+00:00","dateModified":"2020-07-29T03:48:02+00:00","description":"Guantes de Nitrilo en Mexico al mejor precio con la mejor calidad. Inventario en existencia para ser enviados a nuestros clientes a nivel nacional.","breadcrumb":{"@id":"https:\/\/advancedmro.com\/es\/producto\/guantes-de-nitrilo\/#breadcrumb"},"inLanguage":"es","potentialAction":[{"@type":"ReadAction","target":["https:\/\/advancedmro.com\/es\/producto\/guantes-de-nitrilo\/"]}]},{"@type":"ImageObject","inLanguage":"es","@id":"https:\/\/advancedmro.com\/es\/producto\/guantes-de-nitrilo\/#primaryimage","url":"https:\/\/advancedmro.com\/es\/wp-content\/uploads\/2014\/09\/guantes-de-nitrilo-mexico.jpg","contentUrl":"https:\/\/advancedmro.com\/es\/wp-content\/uploads\/2014\/09\/guantes-de-nitrilo-mexico.jpg","width":1066,"height":768},{"@type":"BreadcrumbList","@id":"https:\/\/advancedmro.com\/es\/producto\/guantes-de-nitrilo\/#breadcrumb","itemListElement":[{"@type":"ListItem","position":1,"name":"Home","item":"http:\/\/advancedmro.com\/es\/"},{"@type":"ListItem","position":2,"name":"Productos","item":"https:\/\/advancedmro.com\/es\/productos\/"},{"@type":"ListItem","position":3,"name":"Guantes de Nitrilo"}]},{"@type":"WebSite","@id":"http:\/\/advancedmro.com\/es\/#website","url":"http:\/\/advancedmro.com\/es\/","name":"Advanced MRO","description":"Reduciendo Costos Y Aumentando La Calidad Y Rendimiento","potentialAction":[{"@type":"SearchAction","target":{"@type":"EntryPoint","urlTemplate":"http:\/\/advancedmro.com\/es\/?s={search_term_string}"},"query-input":{"@type":"PropertyValueSpecification","valueRequired":true,"valueName":"search_term_string"}}],"inLanguage":"es"}]}},"_links":{"self":[{"href":"https:\/\/advancedmro.com\/es\/wp-json\/wp\/v2\/product\/337","targetHints":{"allow":["GET"]}}],"collection":[{"href":"https:\/\/advancedmro.com\/es\/wp-json\/wp\/v2\/product"}],"about":[{"href":"https:\/\/advancedmro.com\/es\/wp-json\/wp\/v2\/types\/product"}],"replies":[{"embeddable":true,"href":"https:\/\/advancedmro.com\/es\/wp-json\/wp\/v2\/comments?post=337"}],"wp:featuredmedia":[{"embeddable":true,"href":"https:\/\/advancedmro.com\/es\/wp-json\/wp\/v2\/media\/338"}],"wp:attachment":[{"href":"https:\/\/advancedmro.com\/es\/wp-json\/wp\/v2\/media?parent=337"}],"wp:term":[{"taxonomy":"product_brand","embeddable":true,"href":"https:\/\/advancedmro.com\/es\/wp-json\/wp\/v2\/product_brand?post=337"},{"taxonomy":"product_cat","embeddable":true,"href":"https:\/\/advancedmro.com\/es\/wp-json\/wp\/v2\/product_cat?post=337"},{"taxonomy":"product_tag","embeddable":true,"href":"https:\/\/advancedmro.com\/es\/wp-json\/wp\/v2\/product_tag?post=337"}],"curies":[{"name":"wp","href":"https:\/\/api.w.org\/{rel}","templated":true}]}}