{"id":168,"date":"2013-09-28T23:36:35","date_gmt":"2013-09-28T23:36:35","guid":{"rendered":"http:\/\/advancedmro.com\/es\/?post_type=product&#038;p=168"},"modified":"2015-07-12T20:24:09","modified_gmt":"2015-07-12T20:24:09","slug":"impresora-zebra-110-xi-4","status":"publish","type":"product","link":"https:\/\/advancedmro.com\/es\/producto\/impresora-zebra-110-xi-4\/","title":{"rendered":"Impresora Zebra 110 Xi 4"},"content":{"rendered":"<p>Impresoras de la serie Xi son legendarias por su durabilidad, siempre excepcional calidad de impresi\u00f3n, velocidad de impresi\u00f3n r\u00e1pida, larga vida, y sin precedentes\u00a0fiabilidad en las aplicaciones m\u00e1s exigentes. Estas cualidades se traducen en un bajo costo total, por lo que es una inversi\u00f3n inteligente para empresas con gran volumen.<br \/>\nImpresoras Xi4 se basan en este legado para aumentar su productividad operativa con velocidades de hasta 40 por ciento m\u00e1s r\u00e1pido que otros modelos. Otras caracter\u00edsticas avanzadas y flexibles incluyen un panel de gran tama\u00f1o y f\u00e1cil de leer, una configuraci\u00f3n sencilla con un men\u00fa personalizable y soporte para una amplia variedad de idiomas.<\/p>\n<p><a href=\"http:\/\/advancedmro.com\/es\/PDF\/Impresoras\/Zebra110Xi4.pdf\" target=\"_blank\">Ficha Tecnica<\/a><\/p>\n","protected":false},"excerpt":{"rendered":"<p>Como impresora insignia de Zebra, la 110Xi4 est\u00e1 dise\u00f1ada para aplicaciones con elevado ciclo de servicio, en entornos agresivos.<\/p>\n<p><strong>Ventajas<\/strong><\/p>\n<ul>\n<li>Preparada para RFID<\/li>\n<li>Trabaja con cualquier material, desde papel hasta etiquetas \/ identificadores especiales<\/li>\n<li>Satisface las necesidades con alto volumen de etiquetas<\/li>\n<li>Ofrece una amplia gama de soluciones de conectividad<\/li>\n<\/ul>\n<p>&nbsp;<\/p>\n<p><strong>Ideal para<\/strong><\/p>\n<ul>\n<li>Ciencias de la vida<\/li>\n<li>Electr\u00f3nica<\/li>\n<li>ID de productos<\/li>\n<\/ul>\n<p><strong> Visi\u00f3n general<\/strong><br \/>\nLa 110Xi4 tiene opciones de cabezal de impresi\u00f3n con 203, 300 y 600 ppp. La 110Xi4 imprime hasta 120mm (4&#8243;) cuatro pulgadas de anchura, resultando ideal para transporte, almacenes y fabricaci\u00f3n. El cabezal de impresi\u00f3n de 300 ppp es ideal para la impresi\u00f3n n\u00edtida de alta calidad, en etiquetas peque\u00f1as de productos. El cabezal de impresi\u00f3n de 600 ppp no tiene rival en la impresi\u00f3n precisa de c\u00f3digos de barras, texto y gr\u00e1ficos en etiquetas con espacio limitado. Esta impresora es ideal cuando se requiere una resoluci\u00f3n y densidad extremadamente elevada \u2013 para el etiquetado de componentes electr\u00f3nicos, montajes en telecomunicaci\u00f3n, dispositivos m\u00e9dicos, viales farmac\u00e9uticos y otros similares.<\/p>\n","protected":false},"featured_media":170,"comment_status":"open","ping_status":"closed","template":"","meta":[],"product_brand":[],"product_cat":[25,95],"product_tag":[],"class_list":{"0":"post-168","1":"product","2":"type-product","3":"status-publish","4":"has-post-thumbnail","6":"product_cat-impresoras-de-transferencia-termica","7":"product_cat-impresoras-zebra","8":"post","9":"post-with-thumbnail","10":"post-with-thumbnail-large","12":"first","13":"instock","14":"shipping-taxable","15":"product-type-simple"},"yoast_head":"<!-- This site is optimized with the Yoast SEO Premium plugin v26.4 (Yoast SEO v26.9) - https:\/\/yoast.com\/product\/yoast-seo-premium-wordpress\/ -->\n<title>Impresora Zebra 110 Xi 4 - Advanced MRO<\/title>\n<meta name=\"robots\" content=\"index, follow, max-snippet:-1, max-image-preview:large, max-video-preview:-1\" \/>\n<link rel=\"canonical\" href=\"https:\/\/advancedmro.com\/es\/producto\/impresora-zebra-110-xi-4\/\" \/>\n<meta property=\"og:locale\" content=\"es_ES\" \/>\n<meta property=\"og:type\" content=\"article\" \/>\n<meta property=\"og:title\" content=\"Impresora Zebra 110 Xi 4\" \/>\n<meta property=\"og:description\" content=\"Como impresora insignia de Zebra, la 110Xi4 est\u00e1 dise\u00f1ada para aplicaciones con elevado ciclo de servicio, en entornos agresivos.  Ventajas   Preparada para RFID  Trabaja con cualquier material, desde papel hasta etiquetas \/ identificadores especiales  Satisface las necesidades con alto volumen de etiquetas  Ofrece una amplia gama de soluciones de conectividad  &nbsp;  Ideal para   Ciencias de la vida  Electr\u00f3nica  ID de productos   Visi\u00f3n general La 110Xi4 tiene opciones de cabezal de impresi\u00f3n con 203, 300 y 600 ppp. La 110Xi4 imprime hasta 120mm (4&quot;) cuatro pulgadas de anchura, resultando ideal para transporte, almacenes y fabricaci\u00f3n. El cabezal de impresi\u00f3n de 300 ppp es ideal para la impresi\u00f3n n\u00edtida de alta calidad, en etiquetas peque\u00f1as de productos. El cabezal de impresi\u00f3n de 600 ppp no tiene rival en la impresi\u00f3n precisa de c\u00f3digos de barras, texto y gr\u00e1ficos en etiquetas con espacio limitado. Esta impresora es ideal cuando se requiere una resoluci\u00f3n y densidad extremadamente elevada \u2013 para el etiquetado de componentes electr\u00f3nicos, montajes en telecomunicaci\u00f3n, dispositivos m\u00e9dicos, viales farmac\u00e9uticos y otros similares.\" \/>\n<meta property=\"og:url\" content=\"https:\/\/advancedmro.com\/es\/producto\/impresora-zebra-110-xi-4\/\" \/>\n<meta property=\"og:site_name\" content=\"Advanced MRO\" \/>\n<meta property=\"article:modified_time\" content=\"2015-07-12T20:24:09+00:00\" \/>\n<meta property=\"og:image\" content=\"https:\/\/advancedmro.com\/es\/wp-content\/uploads\/2013\/09\/110Xi4_media_large1-copy.gif\" \/>\n\t<meta property=\"og:image:width\" content=\"922\" \/>\n\t<meta property=\"og:image:height\" content=\"922\" \/>\n\t<meta property=\"og:image:type\" content=\"image\/gif\" \/>\n<meta name=\"twitter:label1\" content=\"Tiempo de lectura\" \/>\n\t<meta name=\"twitter:data1\" content=\"1 minuto\" \/>\n<script type=\"application\/ld+json\" class=\"yoast-schema-graph\">{\"@context\":\"https:\/\/schema.org\",\"@graph\":[{\"@type\":\"WebPage\",\"@id\":\"https:\/\/advancedmro.com\/es\/producto\/impresora-zebra-110-xi-4\/\",\"url\":\"https:\/\/advancedmro.com\/es\/producto\/impresora-zebra-110-xi-4\/\",\"name\":\"Impresora Zebra 110 Xi 4 - Advanced MRO\",\"isPartOf\":{\"@id\":\"http:\/\/advancedmro.com\/es\/#website\"},\"primaryImageOfPage\":{\"@id\":\"https:\/\/advancedmro.com\/es\/producto\/impresora-zebra-110-xi-4\/#primaryimage\"},\"image\":{\"@id\":\"https:\/\/advancedmro.com\/es\/producto\/impresora-zebra-110-xi-4\/#primaryimage\"},\"thumbnailUrl\":\"https:\/\/advancedmro.com\/es\/wp-content\/uploads\/2013\/09\/110Xi4_media_large1-copy.gif\",\"datePublished\":\"2013-09-28T23:36:35+00:00\",\"dateModified\":\"2015-07-12T20:24:09+00:00\",\"breadcrumb\":{\"@id\":\"https:\/\/advancedmro.com\/es\/producto\/impresora-zebra-110-xi-4\/#breadcrumb\"},\"inLanguage\":\"es\",\"potentialAction\":[{\"@type\":\"ReadAction\",\"target\":[\"https:\/\/advancedmro.com\/es\/producto\/impresora-zebra-110-xi-4\/\"]}]},{\"@type\":\"ImageObject\",\"inLanguage\":\"es\",\"@id\":\"https:\/\/advancedmro.com\/es\/producto\/impresora-zebra-110-xi-4\/#primaryimage\",\"url\":\"https:\/\/advancedmro.com\/es\/wp-content\/uploads\/2013\/09\/110Xi4_media_large1-copy.gif\",\"contentUrl\":\"https:\/\/advancedmro.com\/es\/wp-content\/uploads\/2013\/09\/110Xi4_media_large1-copy.gif\",\"width\":922,\"height\":922},{\"@type\":\"BreadcrumbList\",\"@id\":\"https:\/\/advancedmro.com\/es\/producto\/impresora-zebra-110-xi-4\/#breadcrumb\",\"itemListElement\":[{\"@type\":\"ListItem\",\"position\":1,\"name\":\"Home\",\"item\":\"http:\/\/advancedmro.com\/es\/\"},{\"@type\":\"ListItem\",\"position\":2,\"name\":\"Productos\",\"item\":\"https:\/\/advancedmro.com\/es\/productos\/\"},{\"@type\":\"ListItem\",\"position\":3,\"name\":\"Impresora Zebra 110 Xi 4\"}]},{\"@type\":\"WebSite\",\"@id\":\"http:\/\/advancedmro.com\/es\/#website\",\"url\":\"http:\/\/advancedmro.com\/es\/\",\"name\":\"Advanced MRO\",\"description\":\"Reduciendo Costos Y Aumentando La Calidad Y Rendimiento\",\"potentialAction\":[{\"@type\":\"SearchAction\",\"target\":{\"@type\":\"EntryPoint\",\"urlTemplate\":\"http:\/\/advancedmro.com\/es\/?s={search_term_string}\"},\"query-input\":{\"@type\":\"PropertyValueSpecification\",\"valueRequired\":true,\"valueName\":\"search_term_string\"}}],\"inLanguage\":\"es\"}]}<\/script>\n<!-- \/ Yoast SEO Premium plugin. -->","yoast_head_json":{"title":"Impresora Zebra 110 Xi 4 - Advanced MRO","robots":{"index":"index","follow":"follow","max-snippet":"max-snippet:-1","max-image-preview":"max-image-preview:large","max-video-preview":"max-video-preview:-1"},"canonical":"https:\/\/advancedmro.com\/es\/producto\/impresora-zebra-110-xi-4\/","og_locale":"es_ES","og_type":"article","og_title":"Impresora Zebra 110 Xi 4","og_description":"Como impresora insignia de Zebra, la 110Xi4 est\u00e1 dise\u00f1ada para aplicaciones con elevado ciclo de servicio, en entornos agresivos.  Ventajas   Preparada para RFID  Trabaja con cualquier material, desde papel hasta etiquetas \/ identificadores especiales  Satisface las necesidades con alto volumen de etiquetas  Ofrece una amplia gama de soluciones de conectividad  &nbsp;  Ideal para   Ciencias de la vida  Electr\u00f3nica  ID de productos   Visi\u00f3n general La 110Xi4 tiene opciones de cabezal de impresi\u00f3n con 203, 300 y 600 ppp. La 110Xi4 imprime hasta 120mm (4\") cuatro pulgadas de anchura, resultando ideal para transporte, almacenes y fabricaci\u00f3n. El cabezal de impresi\u00f3n de 300 ppp es ideal para la impresi\u00f3n n\u00edtida de alta calidad, en etiquetas peque\u00f1as de productos. El cabezal de impresi\u00f3n de 600 ppp no tiene rival en la impresi\u00f3n precisa de c\u00f3digos de barras, texto y gr\u00e1ficos en etiquetas con espacio limitado. Esta impresora es ideal cuando se requiere una resoluci\u00f3n y densidad extremadamente elevada \u2013 para el etiquetado de componentes electr\u00f3nicos, montajes en telecomunicaci\u00f3n, dispositivos m\u00e9dicos, viales farmac\u00e9uticos y otros similares.","og_url":"https:\/\/advancedmro.com\/es\/producto\/impresora-zebra-110-xi-4\/","og_site_name":"Advanced MRO","article_modified_time":"2015-07-12T20:24:09+00:00","og_image":[{"width":922,"height":922,"url":"https:\/\/advancedmro.com\/es\/wp-content\/uploads\/2013\/09\/110Xi4_media_large1-copy.gif","type":"image\/gif"}],"twitter_misc":{"Tiempo de lectura":"1 minuto"},"schema":{"@context":"https:\/\/schema.org","@graph":[{"@type":"WebPage","@id":"https:\/\/advancedmro.com\/es\/producto\/impresora-zebra-110-xi-4\/","url":"https:\/\/advancedmro.com\/es\/producto\/impresora-zebra-110-xi-4\/","name":"Impresora Zebra 110 Xi 4 - Advanced MRO","isPartOf":{"@id":"http:\/\/advancedmro.com\/es\/#website"},"primaryImageOfPage":{"@id":"https:\/\/advancedmro.com\/es\/producto\/impresora-zebra-110-xi-4\/#primaryimage"},"image":{"@id":"https:\/\/advancedmro.com\/es\/producto\/impresora-zebra-110-xi-4\/#primaryimage"},"thumbnailUrl":"https:\/\/advancedmro.com\/es\/wp-content\/uploads\/2013\/09\/110Xi4_media_large1-copy.gif","datePublished":"2013-09-28T23:36:35+00:00","dateModified":"2015-07-12T20:24:09+00:00","breadcrumb":{"@id":"https:\/\/advancedmro.com\/es\/producto\/impresora-zebra-110-xi-4\/#breadcrumb"},"inLanguage":"es","potentialAction":[{"@type":"ReadAction","target":["https:\/\/advancedmro.com\/es\/producto\/impresora-zebra-110-xi-4\/"]}]},{"@type":"ImageObject","inLanguage":"es","@id":"https:\/\/advancedmro.com\/es\/producto\/impresora-zebra-110-xi-4\/#primaryimage","url":"https:\/\/advancedmro.com\/es\/wp-content\/uploads\/2013\/09\/110Xi4_media_large1-copy.gif","contentUrl":"https:\/\/advancedmro.com\/es\/wp-content\/uploads\/2013\/09\/110Xi4_media_large1-copy.gif","width":922,"height":922},{"@type":"BreadcrumbList","@id":"https:\/\/advancedmro.com\/es\/producto\/impresora-zebra-110-xi-4\/#breadcrumb","itemListElement":[{"@type":"ListItem","position":1,"name":"Home","item":"http:\/\/advancedmro.com\/es\/"},{"@type":"ListItem","position":2,"name":"Productos","item":"https:\/\/advancedmro.com\/es\/productos\/"},{"@type":"ListItem","position":3,"name":"Impresora Zebra 110 Xi 4"}]},{"@type":"WebSite","@id":"http:\/\/advancedmro.com\/es\/#website","url":"http:\/\/advancedmro.com\/es\/","name":"Advanced MRO","description":"Reduciendo Costos Y Aumentando La Calidad Y Rendimiento","potentialAction":[{"@type":"SearchAction","target":{"@type":"EntryPoint","urlTemplate":"http:\/\/advancedmro.com\/es\/?s={search_term_string}"},"query-input":{"@type":"PropertyValueSpecification","valueRequired":true,"valueName":"search_term_string"}}],"inLanguage":"es"}]}},"_links":{"self":[{"href":"https:\/\/advancedmro.com\/es\/wp-json\/wp\/v2\/product\/168","targetHints":{"allow":["GET"]}}],"collection":[{"href":"https:\/\/advancedmro.com\/es\/wp-json\/wp\/v2\/product"}],"about":[{"href":"https:\/\/advancedmro.com\/es\/wp-json\/wp\/v2\/types\/product"}],"replies":[{"embeddable":true,"href":"https:\/\/advancedmro.com\/es\/wp-json\/wp\/v2\/comments?post=168"}],"wp:featuredmedia":[{"embeddable":true,"href":"https:\/\/advancedmro.com\/es\/wp-json\/wp\/v2\/media\/170"}],"wp:attachment":[{"href":"https:\/\/advancedmro.com\/es\/wp-json\/wp\/v2\/media?parent=168"}],"wp:term":[{"taxonomy":"product_brand","embeddable":true,"href":"https:\/\/advancedmro.com\/es\/wp-json\/wp\/v2\/product_brand?post=168"},{"taxonomy":"product_cat","embeddable":true,"href":"https:\/\/advancedmro.com\/es\/wp-json\/wp\/v2\/product_cat?post=168"},{"taxonomy":"product_tag","embeddable":true,"href":"https:\/\/advancedmro.com\/es\/wp-json\/wp\/v2\/product_tag?post=168"}],"curies":[{"name":"wp","href":"https:\/\/api.w.org\/{rel}","templated":true}]}}