{"id":160,"date":"2013-09-28T22:59:40","date_gmt":"2013-09-28T22:59:40","guid":{"rendered":"http:\/\/advancedmro.com\/es\/?post_type=product&#038;p=160"},"modified":"2015-07-12T20:24:19","modified_gmt":"2015-07-12T20:24:19","slug":"zebra-105-sl-plus","status":"publish","type":"product","link":"https:\/\/advancedmro.com\/es\/producto\/zebra-105-sl-plus\/","title":{"rendered":"Zebra 105 SL PLUS"},"content":{"rendered":"<p>La serie de impresoras ZT200 son la nueva generaci\u00f3n de impresoras de sobremesa de Zebra 105SL. LA 105SL siempre a sido percibida como una alternativa a la Xi para los clientes que requieren durabilidad (t\u00edpicamente\u00a0entornos de fabricaci\u00f3n) que est\u00e1n dispuestos a cambiar las caracter\u00edsticas por el precio. La 105SL fue lanzada en\u00a02001 y carece de muchas de las caracter\u00edsticas y capacidades de nuevas impresoras.<br \/>\nLa 105SLPlus ofrece una mayor velocidad de impresi\u00f3n, electr\u00f3nica actualizada, m\u00e1s opciones de conexi\u00f3n y la mejora de\u00a0interfaz de usuario.<\/p>\n<p><a href=\"http:\/\/advancedmro.com\/es\/PDF\/Impresoras\/Zebra105slplus.pdf\" target=\"_blank\">Ficha Tecnica<\/a><\/p>\n","protected":false},"excerpt":{"rendered":"<p>Cuando se requiere impresi\u00f3n de alto rendimiento confiable y econ\u00f3mica, la resistente impresora 105SL<i>Plus\u00a0<\/i>es la opci\u00f3n indicada. La 105SL<i>Plus<\/i>\u00a0ampl\u00eda el legado de dise\u00f1o comprobado de impresoras de alto rendimiento de Zebra y ofrece impresi\u00f3n a alta velocidad, muchas opciones de conectividad y una construcci\u00f3n de metal resistente a usos hostiles.<\/p>\n<h5>Utilizado para:<\/h5>\n<div>\n<ul>\n<li>Gesti\u00f3n de bienes<\/li>\n<li>Despacho directo<\/li>\n<li>Administraci\u00f3n de documentos y registros<\/li>\n<li>Administraci\u00f3n de inventario<\/li>\n<li>Etiquetas para trazabilidad de muestras<\/li>\n<li>Env\u00edo y recepci\u00f3n<\/li>\n<li>Log\u00edstica inversa<\/li>\n<li>Seguimiento del trabajo en curso<\/li>\n<li>Etiquetado para normativas<\/li>\n<li>Alimenticio<\/li>\n<li>Etiquetas con informaci\u00f3n<\/li>\n<li>Etiquetado de historias cl\u00ednicas<\/li>\n<li>Etiquetado de pedidos<\/li>\n<li>Etiquetas de procesamiento de fotograf\u00eda<\/li>\n<li>Etiquetado de recetas<\/li>\n<li>Control de calidad<\/li>\n<\/ul>\n<\/div>\n<div>\n<p>&nbsp;<\/p>\n<\/div>\n","protected":false},"featured_media":166,"comment_status":"open","ping_status":"closed","template":"","meta":[],"product_brand":[],"product_cat":[25,95],"product_tag":[28],"class_list":{"0":"post-160","1":"product","2":"type-product","3":"status-publish","4":"has-post-thumbnail","6":"product_cat-impresoras-de-transferencia-termica","7":"product_cat-impresoras-zebra","8":"product_tag-zebra-105-sl-plus","9":"post","10":"post-with-thumbnail","11":"post-with-thumbnail-large","13":"first","14":"instock","15":"shipping-taxable","16":"product-type-simple"},"yoast_head":"<!-- This site is optimized with the Yoast SEO Premium plugin v26.4 (Yoast SEO v26.9) - https:\/\/yoast.com\/product\/yoast-seo-premium-wordpress\/ -->\n<title>Zebra 105 SL PLUS - Advanced MRO<\/title>\n<meta name=\"robots\" content=\"index, follow, max-snippet:-1, max-image-preview:large, max-video-preview:-1\" \/>\n<link rel=\"canonical\" href=\"http:\/\/advancedmro.com\/es\/producto\/zebra-105-sl-plus\/\" \/>\n<meta property=\"og:locale\" content=\"es_ES\" \/>\n<meta property=\"og:type\" content=\"article\" \/>\n<meta property=\"og:title\" content=\"Zebra 105 SL PLUS\" \/>\n<meta property=\"og:description\" content=\"Cuando se requiere impresi\u00f3n de alto rendimiento confiable y econ\u00f3mica, la resistente impresora 105SLPlus\u00a0es la opci\u00f3n indicada. La 105SLPlus\u00a0ampl\u00eda el legado de dise\u00f1o comprobado de impresoras de alto rendimiento de Zebra y ofrece impresi\u00f3n a alta velocidad, muchas opciones de conectividad y una construcci\u00f3n de metal resistente a usos hostiles. Utilizado para:    Gesti\u00f3n de bienes  Despacho directo  Administraci\u00f3n de documentos y registros  Administraci\u00f3n de inventario  Etiquetas para trazabilidad de muestras  Env\u00edo y recepci\u00f3n  Log\u00edstica inversa  Seguimiento del trabajo en curso  Etiquetado para normativas  Alimenticio  Etiquetas con informaci\u00f3n  Etiquetado de historias cl\u00ednicas  Etiquetado de pedidos  Etiquetas de procesamiento de fotograf\u00eda  Etiquetado de recetas  Control de calidad     &nbsp;\" \/>\n<meta property=\"og:url\" content=\"http:\/\/advancedmro.com\/es\/producto\/zebra-105-sl-plus\/\" \/>\n<meta property=\"og:site_name\" content=\"Advanced MRO\" \/>\n<meta property=\"article:modified_time\" content=\"2015-07-12T20:24:19+00:00\" \/>\n<meta property=\"og:image\" content=\"http:\/\/advancedmro.com\/es\/wp-content\/uploads\/2013\/09\/1zebra-105slplus-printer.gif\" \/>\n\t<meta property=\"og:image:width\" content=\"569\" \/>\n\t<meta property=\"og:image:height\" content=\"569\" \/>\n\t<meta property=\"og:image:type\" content=\"image\/gif\" \/>\n<script type=\"application\/ld+json\" class=\"yoast-schema-graph\">{\"@context\":\"https:\/\/schema.org\",\"@graph\":[{\"@type\":\"WebPage\",\"@id\":\"http:\/\/advancedmro.com\/es\/producto\/zebra-105-sl-plus\/\",\"url\":\"http:\/\/advancedmro.com\/es\/producto\/zebra-105-sl-plus\/\",\"name\":\"Zebra 105 SL PLUS - Advanced MRO\",\"isPartOf\":{\"@id\":\"http:\/\/advancedmro.com\/es\/#website\"},\"primaryImageOfPage\":{\"@id\":\"http:\/\/advancedmro.com\/es\/producto\/zebra-105-sl-plus\/#primaryimage\"},\"image\":{\"@id\":\"http:\/\/advancedmro.com\/es\/producto\/zebra-105-sl-plus\/#primaryimage\"},\"thumbnailUrl\":\"https:\/\/advancedmro.com\/es\/wp-content\/uploads\/2013\/09\/1zebra-105slplus-printer.gif\",\"datePublished\":\"2013-09-28T22:59:40+00:00\",\"dateModified\":\"2015-07-12T20:24:19+00:00\",\"breadcrumb\":{\"@id\":\"http:\/\/advancedmro.com\/es\/producto\/zebra-105-sl-plus\/#breadcrumb\"},\"inLanguage\":\"es\",\"potentialAction\":[{\"@type\":\"ReadAction\",\"target\":[\"http:\/\/advancedmro.com\/es\/producto\/zebra-105-sl-plus\/\"]}]},{\"@type\":\"ImageObject\",\"inLanguage\":\"es\",\"@id\":\"http:\/\/advancedmro.com\/es\/producto\/zebra-105-sl-plus\/#primaryimage\",\"url\":\"https:\/\/advancedmro.com\/es\/wp-content\/uploads\/2013\/09\/1zebra-105slplus-printer.gif\",\"contentUrl\":\"https:\/\/advancedmro.com\/es\/wp-content\/uploads\/2013\/09\/1zebra-105slplus-printer.gif\",\"width\":569,\"height\":569},{\"@type\":\"BreadcrumbList\",\"@id\":\"http:\/\/advancedmro.com\/es\/producto\/zebra-105-sl-plus\/#breadcrumb\",\"itemListElement\":[{\"@type\":\"ListItem\",\"position\":1,\"name\":\"Home\",\"item\":\"http:\/\/advancedmro.com\/es\/\"},{\"@type\":\"ListItem\",\"position\":2,\"name\":\"Productos\",\"item\":\"https:\/\/advancedmro.com\/es\/productos\/\"},{\"@type\":\"ListItem\",\"position\":3,\"name\":\"Zebra 105 SL PLUS\"}]},{\"@type\":\"WebSite\",\"@id\":\"http:\/\/advancedmro.com\/es\/#website\",\"url\":\"http:\/\/advancedmro.com\/es\/\",\"name\":\"Advanced MRO\",\"description\":\"Reduciendo Costos Y Aumentando La Calidad Y Rendimiento\",\"potentialAction\":[{\"@type\":\"SearchAction\",\"target\":{\"@type\":\"EntryPoint\",\"urlTemplate\":\"http:\/\/advancedmro.com\/es\/?s={search_term_string}\"},\"query-input\":{\"@type\":\"PropertyValueSpecification\",\"valueRequired\":true,\"valueName\":\"search_term_string\"}}],\"inLanguage\":\"es\"}]}<\/script>\n<!-- \/ Yoast SEO Premium plugin. -->","yoast_head_json":{"title":"Zebra 105 SL PLUS - Advanced MRO","robots":{"index":"index","follow":"follow","max-snippet":"max-snippet:-1","max-image-preview":"max-image-preview:large","max-video-preview":"max-video-preview:-1"},"canonical":"http:\/\/advancedmro.com\/es\/producto\/zebra-105-sl-plus\/","og_locale":"es_ES","og_type":"article","og_title":"Zebra 105 SL PLUS","og_description":"Cuando se requiere impresi\u00f3n de alto rendimiento confiable y econ\u00f3mica, la resistente impresora 105SLPlus\u00a0es la opci\u00f3n indicada. La 105SLPlus\u00a0ampl\u00eda el legado de dise\u00f1o comprobado de impresoras de alto rendimiento de Zebra y ofrece impresi\u00f3n a alta velocidad, muchas opciones de conectividad y una construcci\u00f3n de metal resistente a usos hostiles. Utilizado para:    Gesti\u00f3n de bienes  Despacho directo  Administraci\u00f3n de documentos y registros  Administraci\u00f3n de inventario  Etiquetas para trazabilidad de muestras  Env\u00edo y recepci\u00f3n  Log\u00edstica inversa  Seguimiento del trabajo en curso  Etiquetado para normativas  Alimenticio  Etiquetas con informaci\u00f3n  Etiquetado de historias cl\u00ednicas  Etiquetado de pedidos  Etiquetas de procesamiento de fotograf\u00eda  Etiquetado de recetas  Control de calidad     &nbsp;","og_url":"http:\/\/advancedmro.com\/es\/producto\/zebra-105-sl-plus\/","og_site_name":"Advanced MRO","article_modified_time":"2015-07-12T20:24:19+00:00","og_image":[{"width":569,"height":569,"url":"http:\/\/advancedmro.com\/es\/wp-content\/uploads\/2013\/09\/1zebra-105slplus-printer.gif","type":"image\/gif"}],"schema":{"@context":"https:\/\/schema.org","@graph":[{"@type":"WebPage","@id":"http:\/\/advancedmro.com\/es\/producto\/zebra-105-sl-plus\/","url":"http:\/\/advancedmro.com\/es\/producto\/zebra-105-sl-plus\/","name":"Zebra 105 SL PLUS - Advanced MRO","isPartOf":{"@id":"http:\/\/advancedmro.com\/es\/#website"},"primaryImageOfPage":{"@id":"http:\/\/advancedmro.com\/es\/producto\/zebra-105-sl-plus\/#primaryimage"},"image":{"@id":"http:\/\/advancedmro.com\/es\/producto\/zebra-105-sl-plus\/#primaryimage"},"thumbnailUrl":"https:\/\/advancedmro.com\/es\/wp-content\/uploads\/2013\/09\/1zebra-105slplus-printer.gif","datePublished":"2013-09-28T22:59:40+00:00","dateModified":"2015-07-12T20:24:19+00:00","breadcrumb":{"@id":"http:\/\/advancedmro.com\/es\/producto\/zebra-105-sl-plus\/#breadcrumb"},"inLanguage":"es","potentialAction":[{"@type":"ReadAction","target":["http:\/\/advancedmro.com\/es\/producto\/zebra-105-sl-plus\/"]}]},{"@type":"ImageObject","inLanguage":"es","@id":"http:\/\/advancedmro.com\/es\/producto\/zebra-105-sl-plus\/#primaryimage","url":"https:\/\/advancedmro.com\/es\/wp-content\/uploads\/2013\/09\/1zebra-105slplus-printer.gif","contentUrl":"https:\/\/advancedmro.com\/es\/wp-content\/uploads\/2013\/09\/1zebra-105slplus-printer.gif","width":569,"height":569},{"@type":"BreadcrumbList","@id":"http:\/\/advancedmro.com\/es\/producto\/zebra-105-sl-plus\/#breadcrumb","itemListElement":[{"@type":"ListItem","position":1,"name":"Home","item":"http:\/\/advancedmro.com\/es\/"},{"@type":"ListItem","position":2,"name":"Productos","item":"https:\/\/advancedmro.com\/es\/productos\/"},{"@type":"ListItem","position":3,"name":"Zebra 105 SL PLUS"}]},{"@type":"WebSite","@id":"http:\/\/advancedmro.com\/es\/#website","url":"http:\/\/advancedmro.com\/es\/","name":"Advanced MRO","description":"Reduciendo Costos Y Aumentando La Calidad Y Rendimiento","potentialAction":[{"@type":"SearchAction","target":{"@type":"EntryPoint","urlTemplate":"http:\/\/advancedmro.com\/es\/?s={search_term_string}"},"query-input":{"@type":"PropertyValueSpecification","valueRequired":true,"valueName":"search_term_string"}}],"inLanguage":"es"}]}},"_links":{"self":[{"href":"https:\/\/advancedmro.com\/es\/wp-json\/wp\/v2\/product\/160","targetHints":{"allow":["GET"]}}],"collection":[{"href":"https:\/\/advancedmro.com\/es\/wp-json\/wp\/v2\/product"}],"about":[{"href":"https:\/\/advancedmro.com\/es\/wp-json\/wp\/v2\/types\/product"}],"replies":[{"embeddable":true,"href":"https:\/\/advancedmro.com\/es\/wp-json\/wp\/v2\/comments?post=160"}],"wp:featuredmedia":[{"embeddable":true,"href":"https:\/\/advancedmro.com\/es\/wp-json\/wp\/v2\/media\/166"}],"wp:attachment":[{"href":"https:\/\/advancedmro.com\/es\/wp-json\/wp\/v2\/media?parent=160"}],"wp:term":[{"taxonomy":"product_brand","embeddable":true,"href":"https:\/\/advancedmro.com\/es\/wp-json\/wp\/v2\/product_brand?post=160"},{"taxonomy":"product_cat","embeddable":true,"href":"https:\/\/advancedmro.com\/es\/wp-json\/wp\/v2\/product_cat?post=160"},{"taxonomy":"product_tag","embeddable":true,"href":"https:\/\/advancedmro.com\/es\/wp-json\/wp\/v2\/product_tag?post=160"}],"curies":[{"name":"wp","href":"https:\/\/api.w.org\/{rel}","templated":true}]}}