{"id":348,"date":"2015-01-01T20:54:40","date_gmt":"2015-01-01T20:54:40","guid":{"rendered":"http:\/\/advancedmro.com\/es\/?page_id=348"},"modified":"2015-01-01T22:54:11","modified_gmt":"2015-01-01T22:54:11","slug":"home","status":"publish","type":"page","link":"https:\/\/advancedmro.com\/es\/","title":{"rendered":"Home"},"content":{"rendered":"<div id=\"pl-348\"  class=\"panel-layout\" ><div id=\"pg-348-0\"  class=\"panel-grid panel-no-style\" ><div id=\"pgc-348-0-0\"  class=\"panel-grid-cell\" ><div id=\"panel-348-0-0-0\" class=\"so-panel widget widget_black-studio-tinymce widget_black_studio_tinymce panel-first-child panel-last-child\" data-index=\"0\" ><div class=\"textwidget\"><p><a href=\"http:\/\/advancedmro.com\/es\/categoria-producto\/etiquetas-de-transferencia-termica\/\"><br \/>\n<img decoding=\"async\" src=\"http:\/\/advancedmro.com\/en\/wp-content\/uploads\/2013\/10\/transfer1.png\" border=\"0\" style=\"border:none;max-width:100%;\" alt=\"Thermal Transfer Labels\" \/><br \/>\n<\/a><\/p>\n<\/div><\/div><\/div><div id=\"pgc-348-0-1\"  class=\"panel-grid-cell\" ><div id=\"panel-348-0-1-0\" class=\"so-panel widget widget_black-studio-tinymce widget_black_studio_tinymce panel-first-child panel-last-child\" data-index=\"1\" ><div class=\"textwidget\"><p><a href=\"http:\/\/advancedmro.com\/es\/producto\/ribbon-de-cerawax\/\"><br \/>\n<img decoding=\"async\" src=\"http:\/\/advancedmro.com\/en\/wp-content\/uploads\/2013\/10\/wax1.png\" border=\"0\" style=\"border:none;max-width:100%;\" alt=\"Thermal Transfer Ribbons\" \/><br \/>\n<\/a><\/p>\n<\/div><\/div><\/div><div id=\"pgc-348-0-2\"  class=\"panel-grid-cell\" ><div id=\"panel-348-0-2-0\" class=\"so-panel widget widget_black-studio-tinymce widget_black_studio_tinymce panel-first-child panel-last-child\" data-index=\"2\" ><div class=\"textwidget\"><p><a href=\"http:\/\/advancedmro.com\/es\/categoria-producto\/etiquetas-de-transferencia-directa\/\"><br \/>\n<img decoding=\"async\" src=\"http:\/\/advancedmro.com\/en\/wp-content\/uploads\/2013\/10\/thermal1.png\" border=\"0\" style=\"border:none;max-width:100%;\" alt=\"Direct Thermal Transfer\" \/><br \/>\n<\/a><\/p>\n<\/div><\/div><\/div><\/div><div id=\"pg-348-1\"  class=\"panel-grid panel-has-style\" ><div class=\"wide-grey panel-row-style panel-row-style-for-348-1\" ><div id=\"pgc-348-1-0\"  class=\"panel-grid-cell\" ><div id=\"panel-348-1-0-0\" class=\"so-panel widget widget_headline-widget panel-first-child panel-last-child\" data-index=\"3\" >\t\t<h1> Reduciendo Costos Y Aumentando La Calidad Y Rendimiento<\/h1>\n\t\t<div class=\"decoration\"><div class=\"decoration-inside\"><\/div><\/div>\n\t\t<h3>Advanced MRO Solutions ofrece la cartera m\u00e1s amplia de productos de transferencia t\u00e9rmica, servicios y soluciones para la industria maquiladora, de salud, comercial, hotelera y farmac\u00e9utica. A trav\u00e9s de nuestro enfoque de colaboraci\u00f3n, creamos valor tangible para nuestros clientes mediante la reducci\u00f3n de costos de la cadena de suministros y la creacion de ideas inovadoras para un mercado en constante evoluci\u00f3n.<\/h3>\n\t\t<\/div><\/div><\/div><\/div><div id=\"pg-348-2\"  class=\"panel-grid panel-no-style\" ><div id=\"pgc-348-2-0\"  class=\"panel-grid-cell\" ><div id=\"panel-348-2-0-0\" class=\"so-panel widget widget_siteorigin-panels-postloop panel-first-child panel-last-child\" data-index=\"4\" ><h3 class=\"widget-title\"><span class=\"vantage-carousel-title\"><span class=\"vantage-carousel-title-text\">Latest Posts<\/span><a href=\"#\" class=\"next\" title=\"Siguiente\"><span class=\"vantage-icon-arrow-right\"><\/span><\/a><a href=\"#\" class=\"previous\" title=\"Anterior\"><span class=\"vantage-icon-arrow-left\"><\/span><\/a><\/span><\/h3><div class=\"vantage-carousel-wrapper\">\n\n\t\n\t<ul class=\"vantage-carousel\" data-query=\"{&quot;post_type&quot;:&quot;post&quot;,&quot;posts_per_page&quot;:4,&quot;orderby&quot;:&quot;date&quot;,&quot;order&quot;:&quot;DESC&quot;,&quot;panels_info&quot;:{&quot;class&quot;:&quot;SiteOrigin_Panels_Widgets_PostLoop&quot;,&quot;raw&quot;:false,&quot;grid&quot;:2,&quot;cell&quot;:0,&quot;id&quot;:4,&quot;cell_index&quot;:0,&quot;widget_index&quot;:4},&quot;paged&quot;:1,&quot;post__not_in&quot;:[348],&quot;fields&quot;:&quot;all&quot;,&quot;lazy_load_term_meta&quot;:true}\" data-ajax-url=\"https:\/\/advancedmro.com\/es\/wp-admin\/admin-ajax.php\">\n\t\t\t\t\t<li class=\"carousel-entry\">\n\t\t\t\t<div class=\"thumbnail\">\n\t\t\t\t\t\t\t\t\t\t\t\t\t\t\t\t<a href=\"https:\/\/advancedmro.com\/es\/quien-necesita-de-nosotros\/\" style=\"background-image: url(https:\/\/advancedmro.com\/es\/wp-content\/uploads\/2013\/09\/quien-nos-necesita-272x182.jpg)\">\n\t\t\t\t\t\t<\/a>\n\t\t\t\t\t\t\t\t\t<\/div>\n\t\t\t\t\t\t\t\t<h3><a href=\"https:\/\/advancedmro.com\/es\/quien-necesita-de-nosotros\/\">\u00bfQui\u00e9n necesita de nosotros?<\/a><\/h3>\n\t\t\t<\/li>\n\t\t\t<\/ul>\n<\/div>\n<\/div><\/div><div id=\"pgc-348-2-1\"  class=\"panel-grid-cell\" ><div id=\"panel-348-2-1-0\" class=\"so-panel widget widget_calendar panel-first-child panel-last-child\" data-index=\"5\" ><div id=\"calendar_wrap\" class=\"calendar_wrap\"><table id=\"wp-calendar\" class=\"wp-calendar-table\">\n\t<caption>abril 2026<\/caption>\n\t<thead>\n\t<tr>\n\t\t<th scope=\"col\" aria-label=\"lunes\">L<\/th>\n\t\t<th scope=\"col\" aria-label=\"martes\">M<\/th>\n\t\t<th scope=\"col\" aria-label=\"mi\u00e9rcoles\">X<\/th>\n\t\t<th scope=\"col\" aria-label=\"jueves\">J<\/th>\n\t\t<th scope=\"col\" aria-label=\"viernes\">V<\/th>\n\t\t<th scope=\"col\" aria-label=\"s\u00e1bado\">S<\/th>\n\t\t<th scope=\"col\" aria-label=\"domingo\">D<\/th>\n\t<\/tr>\n\t<\/thead>\n\t<tbody>\n\t<tr>\n\t\t<td colspan=\"2\" class=\"pad\">&nbsp;<\/td><td>1<\/td><td>2<\/td><td>3<\/td><td>4<\/td><td>5<\/td>\n\t<\/tr>\n\t<tr>\n\t\t<td>6<\/td><td>7<\/td><td>8<\/td><td>9<\/td><td>10<\/td><td>11<\/td><td>12<\/td>\n\t<\/tr>\n\t<tr>\n\t\t<td>13<\/td><td>14<\/td><td>15<\/td><td>16<\/td><td>17<\/td><td>18<\/td><td>19<\/td>\n\t<\/tr>\n\t<tr>\n\t\t<td>20<\/td><td>21<\/td><td>22<\/td><td id=\"today\">23<\/td><td>24<\/td><td>25<\/td><td>26<\/td>\n\t<\/tr>\n\t<tr>\n\t\t<td>27<\/td><td>28<\/td><td>29<\/td><td>30<\/td>\n\t\t<td class=\"pad\" colspan=\"3\">&nbsp;<\/td>\n\t<\/tr>\n\t<\/tbody>\n\t<\/table><nav aria-label=\"Meses anteriores y posteriores\" class=\"wp-calendar-nav\">\n\t\t<span class=\"wp-calendar-nav-prev\"><a href=\"https:\/\/advancedmro.com\/es\/2013\/09\/\">&laquo; Sep<\/a><\/span>\n\t\t<span class=\"pad\">&nbsp;<\/span>\n\t\t<span class=\"wp-calendar-nav-next\">&nbsp;<\/span>\n\t<\/nav><\/div><\/div><\/div><\/div><\/div>","protected":false},"excerpt":{"rendered":"","protected":false},"author":2,"featured_media":0,"parent":0,"menu_order":0,"comment_status":"closed","ping_status":"closed","template":"home-panels.php","meta":{"footnotes":""},"class_list":["post-348","page","type-page","status-publish","hentry","post","post-with-thumbnail","post-with-thumbnail-large"],"yoast_head":"<!-- This site is optimized with the Yoast SEO Premium plugin v26.4 (Yoast SEO v26.9) - https:\/\/yoast.com\/product\/yoast-seo-premium-wordpress\/ -->\n<title>Cintas de Transferencia Termica - Advanced MRO<\/title>\n<meta name=\"robots\" content=\"index, follow, max-snippet:-1, max-image-preview:large, max-video-preview:-1\" \/>\n<link rel=\"canonical\" href=\"http:\/\/advancedmro.com\/es\/\" \/>\n<meta property=\"og:locale\" content=\"es_ES\" \/>\n<meta property=\"og:type\" content=\"article\" \/>\n<meta property=\"og:title\" content=\"Home\" \/>\n<meta property=\"og:url\" content=\"http:\/\/advancedmro.com\/es\/\" \/>\n<meta property=\"og:site_name\" content=\"Advanced MRO\" \/>\n<meta property=\"article:modified_time\" content=\"2015-01-01T22:54:11+00:00\" \/>\n<script type=\"application\/ld+json\" class=\"yoast-schema-graph\">{\"@context\":\"https:\/\/schema.org\",\"@graph\":[{\"@type\":\"WebPage\",\"@id\":\"http:\/\/advancedmro.com\/es\/\",\"url\":\"http:\/\/advancedmro.com\/es\/\",\"name\":\"Cintas de Transferencia Termica - Advanced MRO\",\"isPartOf\":{\"@id\":\"http:\/\/advancedmro.com\/es\/#website\"},\"datePublished\":\"2015-01-01T20:54:40+00:00\",\"dateModified\":\"2015-01-01T22:54:11+00:00\",\"breadcrumb\":{\"@id\":\"http:\/\/advancedmro.com\/es\/#breadcrumb\"},\"inLanguage\":\"es\",\"potentialAction\":[{\"@type\":\"ReadAction\",\"target\":[\"http:\/\/advancedmro.com\/es\/\"]}]},{\"@type\":\"BreadcrumbList\",\"@id\":\"http:\/\/advancedmro.com\/es\/#breadcrumb\",\"itemListElement\":[{\"@type\":\"ListItem\",\"position\":1,\"name\":\"Home\",\"item\":\"http:\/\/advancedmro.com\/es\/\"},{\"@type\":\"ListItem\",\"position\":2,\"name\":\"Home\"}]},{\"@type\":\"WebSite\",\"@id\":\"http:\/\/advancedmro.com\/es\/#website\",\"url\":\"http:\/\/advancedmro.com\/es\/\",\"name\":\"Advanced MRO\",\"description\":\"Reduciendo Costos Y Aumentando La Calidad Y Rendimiento\",\"potentialAction\":[{\"@type\":\"SearchAction\",\"target\":{\"@type\":\"EntryPoint\",\"urlTemplate\":\"http:\/\/advancedmro.com\/es\/?s={search_term_string}\"},\"query-input\":{\"@type\":\"PropertyValueSpecification\",\"valueRequired\":true,\"valueName\":\"search_term_string\"}}],\"inLanguage\":\"es\"}]}<\/script>\n<!-- \/ Yoast SEO Premium plugin. -->","yoast_head_json":{"title":"Cintas de Transferencia Termica - Advanced MRO","robots":{"index":"index","follow":"follow","max-snippet":"max-snippet:-1","max-image-preview":"max-image-preview:large","max-video-preview":"max-video-preview:-1"},"canonical":"http:\/\/advancedmro.com\/es\/","og_locale":"es_ES","og_type":"article","og_title":"Home","og_url":"http:\/\/advancedmro.com\/es\/","og_site_name":"Advanced MRO","article_modified_time":"2015-01-01T22:54:11+00:00","schema":{"@context":"https:\/\/schema.org","@graph":[{"@type":"WebPage","@id":"http:\/\/advancedmro.com\/es\/","url":"http:\/\/advancedmro.com\/es\/","name":"Cintas de Transferencia Termica - Advanced MRO","isPartOf":{"@id":"http:\/\/advancedmro.com\/es\/#website"},"datePublished":"2015-01-01T20:54:40+00:00","dateModified":"2015-01-01T22:54:11+00:00","breadcrumb":{"@id":"http:\/\/advancedmro.com\/es\/#breadcrumb"},"inLanguage":"es","potentialAction":[{"@type":"ReadAction","target":["http:\/\/advancedmro.com\/es\/"]}]},{"@type":"BreadcrumbList","@id":"http:\/\/advancedmro.com\/es\/#breadcrumb","itemListElement":[{"@type":"ListItem","position":1,"name":"Home","item":"http:\/\/advancedmro.com\/es\/"},{"@type":"ListItem","position":2,"name":"Home"}]},{"@type":"WebSite","@id":"http:\/\/advancedmro.com\/es\/#website","url":"http:\/\/advancedmro.com\/es\/","name":"Advanced MRO","description":"Reduciendo Costos Y Aumentando La Calidad Y Rendimiento","potentialAction":[{"@type":"SearchAction","target":{"@type":"EntryPoint","urlTemplate":"http:\/\/advancedmro.com\/es\/?s={search_term_string}"},"query-input":{"@type":"PropertyValueSpecification","valueRequired":true,"valueName":"search_term_string"}}],"inLanguage":"es"}]}},"_links":{"self":[{"href":"https:\/\/advancedmro.com\/es\/wp-json\/wp\/v2\/pages\/348","targetHints":{"allow":["GET"]}}],"collection":[{"href":"https:\/\/advancedmro.com\/es\/wp-json\/wp\/v2\/pages"}],"about":[{"href":"https:\/\/advancedmro.com\/es\/wp-json\/wp\/v2\/types\/page"}],"author":[{"embeddable":true,"href":"https:\/\/advancedmro.com\/es\/wp-json\/wp\/v2\/users\/2"}],"replies":[{"embeddable":true,"href":"https:\/\/advancedmro.com\/es\/wp-json\/wp\/v2\/comments?post=348"}],"version-history":[{"count":1,"href":"https:\/\/advancedmro.com\/es\/wp-json\/wp\/v2\/pages\/348\/revisions"}],"predecessor-version":[{"id":352,"href":"https:\/\/advancedmro.com\/es\/wp-json\/wp\/v2\/pages\/348\/revisions\/352"}],"wp:attachment":[{"href":"https:\/\/advancedmro.com\/es\/wp-json\/wp\/v2\/media?parent=348"}],"curies":[{"name":"wp","href":"https:\/\/api.w.org\/{rel}","templated":true}]}}