{"id":26,"date":"2013-09-15T17:30:23","date_gmt":"2013-09-15T17:30:23","guid":{"rendered":"http:\/\/advancedmro.com\/es\/?page_id=26"},"modified":"2013-10-14T17:48:48","modified_gmt":"2013-10-14T17:48:48","slug":"quienes-somos","status":"publish","type":"page","link":"https:\/\/advancedmro.com\/es\/quienes-somos\/","title":{"rendered":"Qui\u00e9nes somos"},"content":{"rendered":"<p><div id=\"metaslider-id-12\" style=\"width: 100%; margin: 0 auto;\" class=\"ml-slider-3-99-0 metaslider metaslider-flex metaslider-12 ml-slider ms-theme-default\" role=\"region\" aria-label=\"Nuevo pase\" data-width=\"1600\">\n    <div id=\"metaslider_container_12\">\n        <div id=\"metaslider_12\">\n            <ul class='slides'>\n                <li style=\"display: block; width: 100%;\" class=\"slide-236 ms-image \" aria-roledescription=\"slide\" data-date=\"2013-10-06 16:12:13\"><img loading=\"lazy\" decoding=\"async\" src=\"https:\/\/advancedmro.com\/es\/wp-content\/uploads\/2013\/10\/about-3-2-1200x339.jpg\" height=\"452\" width=\"1600\" alt=\"\" class=\"slider-12 slide-236 msDefaultImage\" \/><\/li>\n                <li style=\"display: none; width: 100%;\" class=\"slide-237 ms-image \" aria-roledescription=\"slide\" data-date=\"2013-10-06 16:12:42\"><img loading=\"lazy\" decoding=\"async\" src=\"https:\/\/advancedmro.com\/es\/wp-content\/uploads\/2013\/10\/about-3-1-1200x339.jpg\" height=\"452\" width=\"1600\" alt=\"\" class=\"slider-12 slide-237 msDefaultImage\" \/><\/li>\n            <\/ul>\n        <\/div>\n        \n    <\/div>\n<\/div><br \/>\nHoy en d\u00eda, Advanced MRO es una empresa que brinda productos y soluciones de calidad en la industria de MRO. Un integrante indispensable para el \u00e9xito de las operaciones diarias de nuestros clientes. Nuestro \u00fanico prop\u00f3sito es proveer servicios y productos de calidad a bajo precio. Ofrecemos uno de los programas de inventario m\u00e1s grandes y listos para ser enviados a nuestros clientes. \u00a0Nuestro compromiso con la calidad ha hecho que Advanced MRO sea una de las empresas l\u00edder del mercado.<\/p>\n<p><strong>Mantenimiento y Confiabilidad<\/strong><\/p>\n<p>Advanced MRO ha construido su reputaci\u00f3n en un firme compromiso con el servicio al cliente. Armado con un conocimiento profundo de la industria y nuestros productos, su representante personal puede guiarlo a trav\u00e9s del proceso de identificaci\u00f3n de productos que \u00a0funcionan mejor para su negocio. Su representante de ventas sabr\u00e1 su negocio y sus necesidades. El compromiso de nuestra empresa con un servicio excepcional se corresponde con su compromiso de utilizar solamente los productos de m\u00e1s alta calidad que se adaptan a sus necesidades de aplicaci\u00f3n espec\u00edficas.<\/p>\n<p><strong>Calidad Garantizada<\/strong><\/p>\n<p>Advanced MRO busca continuamente nuevos productos y procesos para mejorar la calidad y reducir el costo de sus productos. Todos los materiales utilizados en nuestros productos son rigurosamente probados para cumplir los requisitos documentados en el plan de control de calidad interno. Este sistema hace hincapi\u00e9 en la mejora continua, la reducci\u00f3n de la variaci\u00f3n y la prevenci\u00f3n de defectos a fin de lograr la satisfacci\u00f3n total del cliente. Nuestro personal est\u00e1 plenamente capacitado y preparado para resolver r\u00e1pidamente cualquier problema de calidad o aplicaci\u00f3n que puedan surgir. Valoramos nuestras relaciones con los clientes y nos esforzamos en hacer todo lo posible para satisfacer sus necesidades.<\/p>\n","protected":false},"excerpt":{"rendered":"<p>Hoy en d\u00eda, Advanced MRO es una empresa que brinda productos y soluciones de calidad en la industria de MRO. Un integrante indispensable para el \u00e9xito de las operaciones diarias de nuestros clientes. Nuestro \u00fanico prop\u00f3sito es proveer servicios y productos de calidad a bajo precio. Ofrecemos uno de los programas de inventario m\u00e1s grandes [&hellip;]<\/p>\n","protected":false},"author":2,"featured_media":234,"parent":0,"menu_order":0,"comment_status":"closed","ping_status":"closed","template":"templates\/template-full.php","meta":{"footnotes":""},"class_list":["post-26","page","type-page","status-publish","has-post-thumbnail","hentry","post","post-with-thumbnail","post-with-thumbnail-large"],"yoast_head":"<!-- This site is optimized with the Yoast SEO Premium plugin v26.4 (Yoast SEO v26.9) - https:\/\/yoast.com\/product\/yoast-seo-premium-wordpress\/ -->\n<title>Qui\u00e9nes somos - Advanced MRO<\/title>\n<meta name=\"robots\" content=\"index, follow, max-snippet:-1, max-image-preview:large, max-video-preview:-1\" \/>\n<link rel=\"canonical\" href=\"https:\/\/advancedmro.com\/es\/quienes-somos\/\" \/>\n<meta property=\"og:locale\" content=\"es_ES\" \/>\n<meta property=\"og:type\" content=\"article\" \/>\n<meta property=\"og:title\" content=\"Qui\u00e9nes somos\" \/>\n<meta property=\"og:description\" content=\"Hoy en d\u00eda, Advanced MRO es una empresa que brinda productos y soluciones de calidad en la industria de MRO. Un integrante indispensable para el \u00e9xito de las operaciones diarias de nuestros clientes. Nuestro \u00fanico prop\u00f3sito es proveer servicios y productos de calidad a bajo precio. Ofrecemos uno de los programas de inventario m\u00e1s grandes [&hellip;]\" \/>\n<meta property=\"og:url\" content=\"https:\/\/advancedmro.com\/es\/quienes-somos\/\" \/>\n<meta property=\"og:site_name\" content=\"Advanced MRO\" \/>\n<meta property=\"article:modified_time\" content=\"2013-10-14T17:48:48+00:00\" \/>\n<meta property=\"og:image\" content=\"https:\/\/advancedmro.com\/es\/wp-content\/uploads\/2013\/09\/quienes-somos.jpg\" \/>\n\t<meta property=\"og:image:width\" content=\"1354\" \/>\n\t<meta property=\"og:image:height\" content=\"323\" \/>\n\t<meta property=\"og:image:type\" content=\"image\/jpeg\" \/>\n<meta name=\"twitter:label1\" content=\"Tiempo de lectura\" \/>\n\t<meta name=\"twitter:data1\" content=\"1 minuto\" \/>\n<script type=\"application\/ld+json\" class=\"yoast-schema-graph\">{\"@context\":\"https:\/\/schema.org\",\"@graph\":[{\"@type\":\"WebPage\",\"@id\":\"https:\/\/advancedmro.com\/es\/quienes-somos\/\",\"url\":\"https:\/\/advancedmro.com\/es\/quienes-somos\/\",\"name\":\"Qui\u00e9nes somos - Advanced MRO\",\"isPartOf\":{\"@id\":\"http:\/\/advancedmro.com\/es\/#website\"},\"primaryImageOfPage\":{\"@id\":\"https:\/\/advancedmro.com\/es\/quienes-somos\/#primaryimage\"},\"image\":{\"@id\":\"https:\/\/advancedmro.com\/es\/quienes-somos\/#primaryimage\"},\"thumbnailUrl\":\"https:\/\/advancedmro.com\/es\/wp-content\/uploads\/2013\/09\/quienes-somos.jpg\",\"datePublished\":\"2013-09-15T17:30:23+00:00\",\"dateModified\":\"2013-10-14T17:48:48+00:00\",\"breadcrumb\":{\"@id\":\"https:\/\/advancedmro.com\/es\/quienes-somos\/#breadcrumb\"},\"inLanguage\":\"es\",\"potentialAction\":[{\"@type\":\"ReadAction\",\"target\":[\"https:\/\/advancedmro.com\/es\/quienes-somos\/\"]}]},{\"@type\":\"ImageObject\",\"inLanguage\":\"es\",\"@id\":\"https:\/\/advancedmro.com\/es\/quienes-somos\/#primaryimage\",\"url\":\"https:\/\/advancedmro.com\/es\/wp-content\/uploads\/2013\/09\/quienes-somos.jpg\",\"contentUrl\":\"https:\/\/advancedmro.com\/es\/wp-content\/uploads\/2013\/09\/quienes-somos.jpg\",\"width\":1354,\"height\":323},{\"@type\":\"BreadcrumbList\",\"@id\":\"https:\/\/advancedmro.com\/es\/quienes-somos\/#breadcrumb\",\"itemListElement\":[{\"@type\":\"ListItem\",\"position\":1,\"name\":\"Home\",\"item\":\"http:\/\/advancedmro.com\/es\/\"},{\"@type\":\"ListItem\",\"position\":2,\"name\":\"Qui\u00e9nes somos\"}]},{\"@type\":\"WebSite\",\"@id\":\"http:\/\/advancedmro.com\/es\/#website\",\"url\":\"http:\/\/advancedmro.com\/es\/\",\"name\":\"Advanced MRO\",\"description\":\"Reduciendo Costos Y Aumentando La Calidad Y Rendimiento\",\"potentialAction\":[{\"@type\":\"SearchAction\",\"target\":{\"@type\":\"EntryPoint\",\"urlTemplate\":\"http:\/\/advancedmro.com\/es\/?s={search_term_string}\"},\"query-input\":{\"@type\":\"PropertyValueSpecification\",\"valueRequired\":true,\"valueName\":\"search_term_string\"}}],\"inLanguage\":\"es\"}]}<\/script>\n<!-- \/ Yoast SEO Premium plugin. -->","yoast_head_json":{"title":"Qui\u00e9nes somos - Advanced MRO","robots":{"index":"index","follow":"follow","max-snippet":"max-snippet:-1","max-image-preview":"max-image-preview:large","max-video-preview":"max-video-preview:-1"},"canonical":"https:\/\/advancedmro.com\/es\/quienes-somos\/","og_locale":"es_ES","og_type":"article","og_title":"Qui\u00e9nes somos","og_description":"Hoy en d\u00eda, Advanced MRO es una empresa que brinda productos y soluciones de calidad en la industria de MRO. Un integrante indispensable para el \u00e9xito de las operaciones diarias de nuestros clientes. Nuestro \u00fanico prop\u00f3sito es proveer servicios y productos de calidad a bajo precio. Ofrecemos uno de los programas de inventario m\u00e1s grandes [&hellip;]","og_url":"https:\/\/advancedmro.com\/es\/quienes-somos\/","og_site_name":"Advanced MRO","article_modified_time":"2013-10-14T17:48:48+00:00","og_image":[{"width":1354,"height":323,"url":"https:\/\/advancedmro.com\/es\/wp-content\/uploads\/2013\/09\/quienes-somos.jpg","type":"image\/jpeg"}],"twitter_misc":{"Tiempo de lectura":"1 minuto"},"schema":{"@context":"https:\/\/schema.org","@graph":[{"@type":"WebPage","@id":"https:\/\/advancedmro.com\/es\/quienes-somos\/","url":"https:\/\/advancedmro.com\/es\/quienes-somos\/","name":"Qui\u00e9nes somos - Advanced MRO","isPartOf":{"@id":"http:\/\/advancedmro.com\/es\/#website"},"primaryImageOfPage":{"@id":"https:\/\/advancedmro.com\/es\/quienes-somos\/#primaryimage"},"image":{"@id":"https:\/\/advancedmro.com\/es\/quienes-somos\/#primaryimage"},"thumbnailUrl":"https:\/\/advancedmro.com\/es\/wp-content\/uploads\/2013\/09\/quienes-somos.jpg","datePublished":"2013-09-15T17:30:23+00:00","dateModified":"2013-10-14T17:48:48+00:00","breadcrumb":{"@id":"https:\/\/advancedmro.com\/es\/quienes-somos\/#breadcrumb"},"inLanguage":"es","potentialAction":[{"@type":"ReadAction","target":["https:\/\/advancedmro.com\/es\/quienes-somos\/"]}]},{"@type":"ImageObject","inLanguage":"es","@id":"https:\/\/advancedmro.com\/es\/quienes-somos\/#primaryimage","url":"https:\/\/advancedmro.com\/es\/wp-content\/uploads\/2013\/09\/quienes-somos.jpg","contentUrl":"https:\/\/advancedmro.com\/es\/wp-content\/uploads\/2013\/09\/quienes-somos.jpg","width":1354,"height":323},{"@type":"BreadcrumbList","@id":"https:\/\/advancedmro.com\/es\/quienes-somos\/#breadcrumb","itemListElement":[{"@type":"ListItem","position":1,"name":"Home","item":"http:\/\/advancedmro.com\/es\/"},{"@type":"ListItem","position":2,"name":"Qui\u00e9nes somos"}]},{"@type":"WebSite","@id":"http:\/\/advancedmro.com\/es\/#website","url":"http:\/\/advancedmro.com\/es\/","name":"Advanced MRO","description":"Reduciendo Costos Y Aumentando La Calidad Y Rendimiento","potentialAction":[{"@type":"SearchAction","target":{"@type":"EntryPoint","urlTemplate":"http:\/\/advancedmro.com\/es\/?s={search_term_string}"},"query-input":{"@type":"PropertyValueSpecification","valueRequired":true,"valueName":"search_term_string"}}],"inLanguage":"es"}]}},"_links":{"self":[{"href":"https:\/\/advancedmro.com\/es\/wp-json\/wp\/v2\/pages\/26","targetHints":{"allow":["GET"]}}],"collection":[{"href":"https:\/\/advancedmro.com\/es\/wp-json\/wp\/v2\/pages"}],"about":[{"href":"https:\/\/advancedmro.com\/es\/wp-json\/wp\/v2\/types\/page"}],"author":[{"embeddable":true,"href":"https:\/\/advancedmro.com\/es\/wp-json\/wp\/v2\/users\/2"}],"replies":[{"embeddable":true,"href":"https:\/\/advancedmro.com\/es\/wp-json\/wp\/v2\/comments?post=26"}],"version-history":[{"count":18,"href":"https:\/\/advancedmro.com\/es\/wp-json\/wp\/v2\/pages\/26\/revisions"}],"predecessor-version":[{"id":270,"href":"https:\/\/advancedmro.com\/es\/wp-json\/wp\/v2\/pages\/26\/revisions\/270"}],"wp:featuredmedia":[{"embeddable":true,"href":"https:\/\/advancedmro.com\/es\/wp-json\/wp\/v2\/media\/234"}],"wp:attachment":[{"href":"https:\/\/advancedmro.com\/es\/wp-json\/wp\/v2\/media?parent=26"}],"curies":[{"name":"wp","href":"https:\/\/api.w.org\/{rel}","templated":true}]}}