{"id":24,"date":"2013-09-15T17:29:12","date_gmt":"2013-09-15T17:29:12","guid":{"rendered":"http:\/\/advancedmro.com\/es\/?page_id=24"},"modified":"2013-10-07T05:38:21","modified_gmt":"2013-10-07T05:38:21","slug":"servicios","status":"publish","type":"page","link":"https:\/\/advancedmro.com\/es\/servicios\/","title":{"rendered":"Servicios"},"content":{"rendered":"<div class=\"tag_line\" style=\"border-top: #ededed 1px solid; background-image: url('http:\/\/www.calliamedia.com\/wp-content\/themes\/builder\/assets\/css\/options.css?ver=3.5.2'); white-space: normal; border-bottom: #ededed 1px solid; text-transform: none; word-spacing: 0px; color: #666666; font: 14px\/20px 'droid sans'; letter-spacing: normal; background-color: #ffffff; text-indent: 0px; -webkit-text-stroke-width: 0px;\">\n<div class=\"container\" style=\"margin-left: auto; width: 940px; margin-right: auto;\">\n<div class=\"row\" style=\"margin-left: -20px;\">\n<div class=\"span12\" style=\"float: left; margin-left: 20px; min-height: 1px; width: 940px;\">\n<div class=\"welcome\" style=\"font-size: 10px !important; padding-bottom: 20px; padding-top: 20px; padding-left: 0px; padding-right: 0px;\">\n<h3 style=\"font-size: 26px; font-family: 'open sans'; text-transform: uppercase !important; font-weight: 400; color: #9a0064; font-style: normal; margin: 0px; line-height: 40px; text-rendering: optimizelegibility;\"><span class=\"colored\" style=\"color: #aec71e !important;\">SOLUCIONES PARA SATISFACER SU NEGOCIO<\/span><\/h3>\n<\/div>\n<\/div>\n<\/div>\n<\/div>\n<\/div>\n<div class=\"main_content_area\" style=\"white-space: normal; text-transform: none; word-spacing: 0px; color: #666666; font: 14px\/20px 'droid sans'; margin-top: 30px; letter-spacing: normal; text-indent: 0px; -webkit-text-stroke-width: 0px;\">\n<div class=\"container\" style=\"margin-left: auto; width: 940px; margin-right: auto;\">\n<div class=\"row\" style=\"margin-left: -20px;\">\n<div class=\"span12\" style=\"float: left; margin-left: 20px; min-height: 1px; width: 940px;\">\n<div class=\"row-fluid\" style=\"width: 940px;\">\n<div class=\"wpb_content_element span4 wpb_text_column\" style=\"box-sizing: border-box; margin-bottom: 35px; float: left; margin-left: 0px; min-height: 5px; display: block; width: 300px;\">\n<div class=\"wpb_wrapper\" style=\"margin-bottom: 0px;\">\n<p style=\"margin: 0px 0px 20px;\"><a href=\"http:\/\/advancedmro.com\/es\/wp-content\/uploads\/2013\/09\/servicios-advanced.jpg\"><img loading=\"lazy\" decoding=\"async\" class=\"alignnone size-medium wp-image-192\" alt=\"Hands placing last piece of a Puzzle\" src=\"http:\/\/advancedmro.com\/es\/wp-content\/uploads\/2013\/09\/servicios-advanced-300x199.jpg\" width=\"300\" height=\"199\" srcset=\"https:\/\/advancedmro.com\/es\/wp-content\/uploads\/2013\/09\/servicios-advanced-300x199.jpg 300w, https:\/\/advancedmro.com\/es\/wp-content\/uploads\/2013\/09\/servicios-advanced.jpg 425w\" sizes=\"auto, (max-width: 300px) 100vw, 300px\" \/><\/a><\/p>\n<div class=\"well slider_area\" style=\"margin-bottom: 20px; min-height: 20px; background-color: #f5f5f5; -webkit-box-shadow: rgba(0, 0, 0, 0.0470588) 0px 1px 1px inset; box-shadow: rgba(0, 0, 0, 0.0470588) 0px 1px 1px inset; border-top-left-radius: 4px; border-top-right-radius: 4px; border-bottom-right-radius: 4px; border-bottom-left-radius: 4px; border: #e3e3e3 1px solid; padding: 19px;\">\n<h4 style=\"font-size: 22px; font-family: 'open sans'; text-transform: none !important; font-weight: 400 !important; color: #9a0064; font-style: normal; margin: 0px 0px 10px; line-height: 20px; text-rendering: optimizelegibility;\">Soluciones Advanced MRO<\/h4>\n<p>\u00a1Tenemos la experiencia y los sistemas necesarios para ayudar a posicionar su cadena de suministro correctamente!<br \/>\nContamos con relaciones comerciales y oportunidades con EUA, Shangai, Shenzhen (Sur de China) y Ningbo (China Central).<br \/>\n\u00a8Productos de excelente calidad manufacturados en el extranjero a los mejores costos\u00a8<\/p>\n<p style=\"margin: 0px;\"><a style=\"color: #333333; text-decoration: underline;\" href=\"http:\/\/advancedmro.com\/es\/quienes-somos\/\">Mas Informaci\u00f3n sobre quienes somos?<\/a><\/p>\n<\/div>\n<\/div>\n<\/div>\n<div class=\"wpb_content_element span8 wpb_text_column\" style=\"box-sizing: border-box; margin-bottom: 35px; float: left; margin-left: 20px; min-height: 5px; display: block; width: 619px;\">\n<div class=\"wpb_wrapper\" style=\"margin-bottom: 0px;\">\n<h5><em><span style=\"color: #840a76;\">\u00bfNECESITAS REDUCIR COSTOS?<\/span><\/em><\/h5>\n<p>En muchas ocasiones es muy complicado reducir costos operativos debido al constante aumento de la competencia.\u00a0Advanced MRO puede ayudarle a reducir esos costos que tanto desea. Le podemos ofrecer un enfoque distinto e innovador con soluciones hechas a su medida.<\/p>\n<p>Advanced MRO tiene la capacidad de proveerle los productos que necesita a muy bajo costo y de alta calidad con el fin de reducir costos operativos.\u00a0Negociamos y gestionamos precios por su empresa, le garantizamos los precios m\u00e1s competitivos del mercado aunado a una garant\u00eda de dichos productos.<\/p>\n<p>Nosotros entendemos que el precio es la raz\u00f3n principal para la reducci\u00f3n de costos, pero Advanced MRO tambi\u00e9n le ofrece m\u00e1s opciones para que su negocio fluya como debe como son administraci\u00f3n, log\u00edstica, consistencia y calidad. Dichas opciones son evaluadas mensualmente y se le proporcionara los debidos reportes. Tambi\u00e9n le ofrecemos la continua administraci\u00f3n de plan de compras y cuenta personal, as\u00ed como un an\u00e1lisis detallado, incluyendo asesor\u00edas y sugerencias expertas relacionadas con compras pr\u00f3ximas.<\/p>\n<\/div>\n<\/div>\n<\/div>\n<\/div>\n<\/div>\n<\/div>\n<\/div>\n<p>&nbsp;<\/p>\n","protected":false},"excerpt":{"rendered":"<p>SOLUCIONES PARA SATISFACER SU NEGOCIO Soluciones Advanced MRO \u00a1Tenemos la experiencia y los sistemas necesarios para ayudar a posicionar su cadena de suministro correctamente! Contamos con relaciones comerciales y oportunidades con EUA, Shangai, Shenzhen (Sur de China) y Ningbo (China Central). \u00a8Productos de excelente calidad manufacturados en el extranjero a los mejores costos\u00a8 Mas Informaci\u00f3n [&hellip;]<\/p>\n","protected":false},"author":2,"featured_media":0,"parent":0,"menu_order":0,"comment_status":"closed","ping_status":"closed","template":"templates\/template-full.php","meta":{"footnotes":""},"class_list":["post-24","page","type-page","status-publish","hentry","post"],"yoast_head":"<!-- This site is optimized with the Yoast SEO Premium plugin v26.4 (Yoast SEO v26.9) - https:\/\/yoast.com\/product\/yoast-seo-premium-wordpress\/ -->\n<title>Servicios - Advanced MRO<\/title>\n<meta name=\"robots\" content=\"index, follow, max-snippet:-1, max-image-preview:large, max-video-preview:-1\" \/>\n<link rel=\"canonical\" href=\"https:\/\/advancedmro.com\/es\/servicios\/\" \/>\n<meta property=\"og:locale\" content=\"es_ES\" \/>\n<meta property=\"og:type\" content=\"article\" \/>\n<meta property=\"og:title\" content=\"Servicios\" \/>\n<meta property=\"og:description\" content=\"SOLUCIONES PARA SATISFACER SU NEGOCIO Soluciones Advanced MRO \u00a1Tenemos la experiencia y los sistemas necesarios para ayudar a posicionar su cadena de suministro correctamente! Contamos con relaciones comerciales y oportunidades con EUA, Shangai, Shenzhen (Sur de China) y Ningbo (China Central). \u00a8Productos de excelente calidad manufacturados en el extranjero a los mejores costos\u00a8 Mas Informaci\u00f3n [&hellip;]\" \/>\n<meta property=\"og:url\" content=\"https:\/\/advancedmro.com\/es\/servicios\/\" \/>\n<meta property=\"og:site_name\" content=\"Advanced MRO\" \/>\n<meta property=\"article:modified_time\" content=\"2013-10-07T05:38:21+00:00\" \/>\n<meta property=\"og:image\" content=\"http:\/\/advancedmro.com\/es\/wp-content\/uploads\/2013\/09\/servicios-advanced-300x199.jpg\" \/>\n<meta name=\"twitter:label1\" content=\"Tiempo de lectura\" \/>\n\t<meta name=\"twitter:data1\" content=\"1 minuto\" \/>\n<script type=\"application\/ld+json\" class=\"yoast-schema-graph\">{\"@context\":\"https:\/\/schema.org\",\"@graph\":[{\"@type\":\"WebPage\",\"@id\":\"https:\/\/advancedmro.com\/es\/servicios\/\",\"url\":\"https:\/\/advancedmro.com\/es\/servicios\/\",\"name\":\"Servicios - Advanced MRO\",\"isPartOf\":{\"@id\":\"http:\/\/advancedmro.com\/es\/#website\"},\"primaryImageOfPage\":{\"@id\":\"https:\/\/advancedmro.com\/es\/servicios\/#primaryimage\"},\"image\":{\"@id\":\"https:\/\/advancedmro.com\/es\/servicios\/#primaryimage\"},\"thumbnailUrl\":\"http:\/\/advancedmro.com\/es\/wp-content\/uploads\/2013\/09\/servicios-advanced-300x199.jpg\",\"datePublished\":\"2013-09-15T17:29:12+00:00\",\"dateModified\":\"2013-10-07T05:38:21+00:00\",\"breadcrumb\":{\"@id\":\"https:\/\/advancedmro.com\/es\/servicios\/#breadcrumb\"},\"inLanguage\":\"es\",\"potentialAction\":[{\"@type\":\"ReadAction\",\"target\":[\"https:\/\/advancedmro.com\/es\/servicios\/\"]}]},{\"@type\":\"ImageObject\",\"inLanguage\":\"es\",\"@id\":\"https:\/\/advancedmro.com\/es\/servicios\/#primaryimage\",\"url\":\"https:\/\/advancedmro.com\/es\/wp-content\/uploads\/2013\/09\/servicios-advanced.jpg\",\"contentUrl\":\"https:\/\/advancedmro.com\/es\/wp-content\/uploads\/2013\/09\/servicios-advanced.jpg\",\"width\":425,\"height\":282},{\"@type\":\"BreadcrumbList\",\"@id\":\"https:\/\/advancedmro.com\/es\/servicios\/#breadcrumb\",\"itemListElement\":[{\"@type\":\"ListItem\",\"position\":1,\"name\":\"Home\",\"item\":\"http:\/\/advancedmro.com\/es\/\"},{\"@type\":\"ListItem\",\"position\":2,\"name\":\"Servicios\"}]},{\"@type\":\"WebSite\",\"@id\":\"http:\/\/advancedmro.com\/es\/#website\",\"url\":\"http:\/\/advancedmro.com\/es\/\",\"name\":\"Advanced MRO\",\"description\":\"Reduciendo Costos Y Aumentando La Calidad Y Rendimiento\",\"potentialAction\":[{\"@type\":\"SearchAction\",\"target\":{\"@type\":\"EntryPoint\",\"urlTemplate\":\"http:\/\/advancedmro.com\/es\/?s={search_term_string}\"},\"query-input\":{\"@type\":\"PropertyValueSpecification\",\"valueRequired\":true,\"valueName\":\"search_term_string\"}}],\"inLanguage\":\"es\"}]}<\/script>\n<!-- \/ Yoast SEO Premium plugin. -->","yoast_head_json":{"title":"Servicios - Advanced MRO","robots":{"index":"index","follow":"follow","max-snippet":"max-snippet:-1","max-image-preview":"max-image-preview:large","max-video-preview":"max-video-preview:-1"},"canonical":"https:\/\/advancedmro.com\/es\/servicios\/","og_locale":"es_ES","og_type":"article","og_title":"Servicios","og_description":"SOLUCIONES PARA SATISFACER SU NEGOCIO Soluciones Advanced MRO \u00a1Tenemos la experiencia y los sistemas necesarios para ayudar a posicionar su cadena de suministro correctamente! Contamos con relaciones comerciales y oportunidades con EUA, Shangai, Shenzhen (Sur de China) y Ningbo (China Central). \u00a8Productos de excelente calidad manufacturados en el extranjero a los mejores costos\u00a8 Mas Informaci\u00f3n [&hellip;]","og_url":"https:\/\/advancedmro.com\/es\/servicios\/","og_site_name":"Advanced MRO","article_modified_time":"2013-10-07T05:38:21+00:00","og_image":[{"url":"http:\/\/advancedmro.com\/es\/wp-content\/uploads\/2013\/09\/servicios-advanced-300x199.jpg","type":"","width":"","height":""}],"twitter_misc":{"Tiempo de lectura":"1 minuto"},"schema":{"@context":"https:\/\/schema.org","@graph":[{"@type":"WebPage","@id":"https:\/\/advancedmro.com\/es\/servicios\/","url":"https:\/\/advancedmro.com\/es\/servicios\/","name":"Servicios - Advanced MRO","isPartOf":{"@id":"http:\/\/advancedmro.com\/es\/#website"},"primaryImageOfPage":{"@id":"https:\/\/advancedmro.com\/es\/servicios\/#primaryimage"},"image":{"@id":"https:\/\/advancedmro.com\/es\/servicios\/#primaryimage"},"thumbnailUrl":"http:\/\/advancedmro.com\/es\/wp-content\/uploads\/2013\/09\/servicios-advanced-300x199.jpg","datePublished":"2013-09-15T17:29:12+00:00","dateModified":"2013-10-07T05:38:21+00:00","breadcrumb":{"@id":"https:\/\/advancedmro.com\/es\/servicios\/#breadcrumb"},"inLanguage":"es","potentialAction":[{"@type":"ReadAction","target":["https:\/\/advancedmro.com\/es\/servicios\/"]}]},{"@type":"ImageObject","inLanguage":"es","@id":"https:\/\/advancedmro.com\/es\/servicios\/#primaryimage","url":"https:\/\/advancedmro.com\/es\/wp-content\/uploads\/2013\/09\/servicios-advanced.jpg","contentUrl":"https:\/\/advancedmro.com\/es\/wp-content\/uploads\/2013\/09\/servicios-advanced.jpg","width":425,"height":282},{"@type":"BreadcrumbList","@id":"https:\/\/advancedmro.com\/es\/servicios\/#breadcrumb","itemListElement":[{"@type":"ListItem","position":1,"name":"Home","item":"http:\/\/advancedmro.com\/es\/"},{"@type":"ListItem","position":2,"name":"Servicios"}]},{"@type":"WebSite","@id":"http:\/\/advancedmro.com\/es\/#website","url":"http:\/\/advancedmro.com\/es\/","name":"Advanced MRO","description":"Reduciendo Costos Y Aumentando La Calidad Y Rendimiento","potentialAction":[{"@type":"SearchAction","target":{"@type":"EntryPoint","urlTemplate":"http:\/\/advancedmro.com\/es\/?s={search_term_string}"},"query-input":{"@type":"PropertyValueSpecification","valueRequired":true,"valueName":"search_term_string"}}],"inLanguage":"es"}]}},"_links":{"self":[{"href":"https:\/\/advancedmro.com\/es\/wp-json\/wp\/v2\/pages\/24","targetHints":{"allow":["GET"]}}],"collection":[{"href":"https:\/\/advancedmro.com\/es\/wp-json\/wp\/v2\/pages"}],"about":[{"href":"https:\/\/advancedmro.com\/es\/wp-json\/wp\/v2\/types\/page"}],"author":[{"embeddable":true,"href":"https:\/\/advancedmro.com\/es\/wp-json\/wp\/v2\/users\/2"}],"replies":[{"embeddable":true,"href":"https:\/\/advancedmro.com\/es\/wp-json\/wp\/v2\/comments?post=24"}],"version-history":[{"count":20,"href":"https:\/\/advancedmro.com\/es\/wp-json\/wp\/v2\/pages\/24\/revisions"}],"predecessor-version":[{"id":240,"href":"https:\/\/advancedmro.com\/es\/wp-json\/wp\/v2\/pages\/24\/revisions\/240"}],"wp:attachment":[{"href":"https:\/\/advancedmro.com\/es\/wp-json\/wp\/v2\/media?parent=24"}],"curies":[{"name":"wp","href":"https:\/\/api.w.org\/{rel}","templated":true}]}}