{"id":507,"date":"2017-07-24T17:16:16","date_gmt":"2017-07-24T17:16:16","guid":{"rendered":"http:\/\/advancedmro.com\/es\/?post_type=product&#038;p=507"},"modified":"2017-07-24T17:34:20","modified_gmt":"2017-07-24T17:34:20","slug":"banda-amarre-sin-matraca-gancho-plano-4-x-30-advanced-mro-tijuana","status":"publish","type":"product","link":"http:\/\/advancedmro.com\/es\/producto\/banda-amarre-sin-matraca-gancho-plano-4-x-30-advanced-mro-tijuana\/","title":{"rendered":"Banda de Amarre Sin Matraca Con Gancho Plano de 4&#8243; x 30&#8242;"},"content":{"rendered":"<p>SEGURO Y FIABLE &#8211; Asegure su carga fiablemente de modo que ni su carga ni la seguridad de los usuarios de la carretera se comprometa. Advanced MRO Tijuana ofrece una f\u00e1cil de usar banda de amarre que le permite asegurar su carga firmemente de tal manera que no se mueve durante el tr\u00e1nsito &#8211; ya sea de corto recorrido o de larga distancia.<\/p>\n<p>RENDIMIENTO PESADO &#8211; Con las correas de anclaje de 4 \u00abde ancho que est\u00e1n hechas de poli\u00e9ster de alta tenacidad, nuestros tirantes de remolque cuentan con un l\u00edmite de carga de 5500 lb, no son susceptibles a da\u00f1os por la humedad, la luz solar u otras condiciones clim\u00e1ticas extremas. No absorben agua ni dan lugar a un encogimiento o expansi\u00f3n e incluso son resistentes a la corrosi\u00f3n. Asegurarse de la seguridad de su carga con nuestras correas con gancho plano para carga de alta calidad y rigurosamente probadas.<\/p>\n<p>F\u00c1CIL DE USAR &#8211; Extremadamente f\u00e1cil de usar las bandas de carga pesada, simplemente inserte el gancho plano en un extremo de la cinta en un bolsillo de estaca del remolque o sobre un carril lateral del remolque.<\/p>\n<p>SEGURIDAD MEJORADA &#8211; Cada gancho plano viene con un interior pensativo que evita efectivamente el corte de las correas, mejorando as\u00ed la fiabilidad de los tirantes de la cama del cami\u00f3n. Los accesorios de ganchos planos de acero recubiertos de polvo negro en el extremo de las correas est\u00e1n dise\u00f1ados para un rendimiento a lo largo de toda la vida y ofrecen una alta resistencia, durabilidad y fiabilidad.<\/p>\n<p>&nbsp;<\/p>\n","protected":false},"excerpt":{"rendered":"<p>SEGURO Y FIABLE &#8211; Asegure su carga fiablemente de modo que ni su carga ni la seguridad de los usuarios de la carretera se comprometa. Advanced MRO Tijuana ofrece una f\u00e1cil de usar banda de amarre que le permite asegurar su carga firmemente de tal manera que no se mueve durante el tr\u00e1nsito &#8211; ya [&hellip;]<\/p>\n","protected":false},"featured_media":505,"comment_status":"open","ping_status":"closed","template":"","meta":[],"product_brand":[],"product_cat":[138],"product_tag":[140,139,141,59],"class_list":{"0":"post-507","1":"product","2":"type-product","3":"status-publish","4":"has-post-thumbnail","6":"product_cat-banda-de-amarre","7":"product_tag-banda-de-amarre-de-4x30","8":"product_tag-correas-con-gancho-plano-para-carga","9":"product_tag-sin-matraca","10":"product_tag-tijuana","11":"post","12":"post-with-thumbnail","13":"post-with-thumbnail-large","15":"first","16":"instock","17":"shipping-taxable","18":"product-type-simple"},"yoast_head":"<!-- This site is optimized with the Yoast SEO Premium plugin v26.4 (Yoast SEO v26.9) - https:\/\/yoast.com\/product\/yoast-seo-premium-wordpress\/ -->\n<title>Banda de Amarre con Gancho Plano 4&quot; x 30&#039; - Advanced MRO Tijuana<\/title>\n<meta name=\"description\" content=\"Banda de amarre con gancho plano sin matraca para asegurar cargas en trailers de plataforma plana. Tenemos los mejores precios del mercado. Llamanos hoy!\" \/>\n<meta name=\"robots\" content=\"index, follow, max-snippet:-1, max-image-preview:large, max-video-preview:-1\" \/>\n<link rel=\"canonical\" href=\"http:\/\/advancedmro.com\/es\/producto\/banda-amarre-sin-matraca-gancho-plano-4-x-30-advanced-mro-tijuana\/\" \/>\n<meta property=\"og:locale\" content=\"es_ES\" \/>\n<meta property=\"og:type\" content=\"article\" \/>\n<meta property=\"og:title\" content=\"Banda de Amarre Sin Matraca Con Gancho Plano de 4&quot; x 30&#039;\" \/>\n<meta property=\"og:description\" content=\"Banda de amarre con gancho plano sin matraca para asegurar cargas en trailers de plataforma plana. Tenemos los mejores precios del mercado. Llamanos hoy!\" \/>\n<meta property=\"og:url\" content=\"http:\/\/advancedmro.com\/es\/producto\/banda-amarre-sin-matraca-gancho-plano-4-x-30-advanced-mro-tijuana\/\" \/>\n<meta property=\"og:site_name\" content=\"Advanced MRO\" \/>\n<meta property=\"article:modified_time\" content=\"2017-07-24T17:34:20+00:00\" \/>\n<meta property=\"og:image\" content=\"http:\/\/advancedmro.com\/es\/wp-content\/uploads\/2017\/07\/banda-de-amarre-tijuana-1.jpg\" \/>\n\t<meta property=\"og:image:width\" content=\"700\" \/>\n\t<meta property=\"og:image:height\" content=\"700\" \/>\n\t<meta property=\"og:image:type\" content=\"image\/jpeg\" \/>\n<meta name=\"twitter:label1\" content=\"Tiempo de lectura\" \/>\n\t<meta name=\"twitter:data1\" content=\"1 minuto\" \/>\n<script type=\"application\/ld+json\" class=\"yoast-schema-graph\">{\"@context\":\"https:\/\/schema.org\",\"@graph\":[{\"@type\":\"WebPage\",\"@id\":\"http:\/\/advancedmro.com\/es\/producto\/banda-amarre-sin-matraca-gancho-plano-4-x-30-advanced-mro-tijuana\/\",\"url\":\"http:\/\/advancedmro.com\/es\/producto\/banda-amarre-sin-matraca-gancho-plano-4-x-30-advanced-mro-tijuana\/\",\"name\":\"Banda de Amarre con Gancho Plano 4\\\" x 30' - Advanced MRO Tijuana\",\"isPartOf\":{\"@id\":\"http:\/\/advancedmro.com\/es\/#website\"},\"primaryImageOfPage\":{\"@id\":\"http:\/\/advancedmro.com\/es\/producto\/banda-amarre-sin-matraca-gancho-plano-4-x-30-advanced-mro-tijuana\/#primaryimage\"},\"image\":{\"@id\":\"http:\/\/advancedmro.com\/es\/producto\/banda-amarre-sin-matraca-gancho-plano-4-x-30-advanced-mro-tijuana\/#primaryimage\"},\"thumbnailUrl\":\"http:\/\/advancedmro.com\/es\/wp-content\/uploads\/2017\/07\/banda-de-amarre-tijuana-1.jpg\",\"datePublished\":\"2017-07-24T17:16:16+00:00\",\"dateModified\":\"2017-07-24T17:34:20+00:00\",\"description\":\"Banda de amarre con gancho plano sin matraca para asegurar cargas en trailers de plataforma plana. Tenemos los mejores precios del mercado. Llamanos hoy!\",\"breadcrumb\":{\"@id\":\"http:\/\/advancedmro.com\/es\/producto\/banda-amarre-sin-matraca-gancho-plano-4-x-30-advanced-mro-tijuana\/#breadcrumb\"},\"inLanguage\":\"es\",\"potentialAction\":[{\"@type\":\"ReadAction\",\"target\":[\"http:\/\/advancedmro.com\/es\/producto\/banda-amarre-sin-matraca-gancho-plano-4-x-30-advanced-mro-tijuana\/\"]}]},{\"@type\":\"ImageObject\",\"inLanguage\":\"es\",\"@id\":\"http:\/\/advancedmro.com\/es\/producto\/banda-amarre-sin-matraca-gancho-plano-4-x-30-advanced-mro-tijuana\/#primaryimage\",\"url\":\"http:\/\/advancedmro.com\/es\/wp-content\/uploads\/2017\/07\/banda-de-amarre-tijuana-1.jpg\",\"contentUrl\":\"http:\/\/advancedmro.com\/es\/wp-content\/uploads\/2017\/07\/banda-de-amarre-tijuana-1.jpg\",\"width\":700,\"height\":700},{\"@type\":\"BreadcrumbList\",\"@id\":\"http:\/\/advancedmro.com\/es\/producto\/banda-amarre-sin-matraca-gancho-plano-4-x-30-advanced-mro-tijuana\/#breadcrumb\",\"itemListElement\":[{\"@type\":\"ListItem\",\"position\":1,\"name\":\"Home\",\"item\":\"http:\/\/advancedmro.com\/es\/\"},{\"@type\":\"ListItem\",\"position\":2,\"name\":\"Productos\",\"item\":\"https:\/\/advancedmro.com\/es\/productos\/\"},{\"@type\":\"ListItem\",\"position\":3,\"name\":\"Banda de Amarre Sin Matraca Con Gancho Plano de 4&#8243; x 30&#8242;\"}]},{\"@type\":\"WebSite\",\"@id\":\"http:\/\/advancedmro.com\/es\/#website\",\"url\":\"http:\/\/advancedmro.com\/es\/\",\"name\":\"Advanced MRO\",\"description\":\"Reduciendo Costos Y Aumentando La Calidad Y Rendimiento\",\"potentialAction\":[{\"@type\":\"SearchAction\",\"target\":{\"@type\":\"EntryPoint\",\"urlTemplate\":\"http:\/\/advancedmro.com\/es\/?s={search_term_string}\"},\"query-input\":{\"@type\":\"PropertyValueSpecification\",\"valueRequired\":true,\"valueName\":\"search_term_string\"}}],\"inLanguage\":\"es\"}]}<\/script>\n<!-- \/ Yoast SEO Premium plugin. -->","yoast_head_json":{"title":"Banda de Amarre con Gancho Plano 4\" x 30' - Advanced MRO Tijuana","description":"Banda de amarre con gancho plano sin matraca para asegurar cargas en trailers de plataforma plana. Tenemos los mejores precios del mercado. Llamanos hoy!","robots":{"index":"index","follow":"follow","max-snippet":"max-snippet:-1","max-image-preview":"max-image-preview:large","max-video-preview":"max-video-preview:-1"},"canonical":"http:\/\/advancedmro.com\/es\/producto\/banda-amarre-sin-matraca-gancho-plano-4-x-30-advanced-mro-tijuana\/","og_locale":"es_ES","og_type":"article","og_title":"Banda de Amarre Sin Matraca Con Gancho Plano de 4\" x 30'","og_description":"Banda de amarre con gancho plano sin matraca para asegurar cargas en trailers de plataforma plana. Tenemos los mejores precios del mercado. Llamanos hoy!","og_url":"http:\/\/advancedmro.com\/es\/producto\/banda-amarre-sin-matraca-gancho-plano-4-x-30-advanced-mro-tijuana\/","og_site_name":"Advanced MRO","article_modified_time":"2017-07-24T17:34:20+00:00","og_image":[{"width":700,"height":700,"url":"http:\/\/advancedmro.com\/es\/wp-content\/uploads\/2017\/07\/banda-de-amarre-tijuana-1.jpg","type":"image\/jpeg"}],"twitter_misc":{"Tiempo de lectura":"1 minuto"},"schema":{"@context":"https:\/\/schema.org","@graph":[{"@type":"WebPage","@id":"http:\/\/advancedmro.com\/es\/producto\/banda-amarre-sin-matraca-gancho-plano-4-x-30-advanced-mro-tijuana\/","url":"http:\/\/advancedmro.com\/es\/producto\/banda-amarre-sin-matraca-gancho-plano-4-x-30-advanced-mro-tijuana\/","name":"Banda de Amarre con Gancho Plano 4\" x 30' - Advanced MRO Tijuana","isPartOf":{"@id":"http:\/\/advancedmro.com\/es\/#website"},"primaryImageOfPage":{"@id":"http:\/\/advancedmro.com\/es\/producto\/banda-amarre-sin-matraca-gancho-plano-4-x-30-advanced-mro-tijuana\/#primaryimage"},"image":{"@id":"http:\/\/advancedmro.com\/es\/producto\/banda-amarre-sin-matraca-gancho-plano-4-x-30-advanced-mro-tijuana\/#primaryimage"},"thumbnailUrl":"http:\/\/advancedmro.com\/es\/wp-content\/uploads\/2017\/07\/banda-de-amarre-tijuana-1.jpg","datePublished":"2017-07-24T17:16:16+00:00","dateModified":"2017-07-24T17:34:20+00:00","description":"Banda de amarre con gancho plano sin matraca para asegurar cargas en trailers de plataforma plana. Tenemos los mejores precios del mercado. Llamanos hoy!","breadcrumb":{"@id":"http:\/\/advancedmro.com\/es\/producto\/banda-amarre-sin-matraca-gancho-plano-4-x-30-advanced-mro-tijuana\/#breadcrumb"},"inLanguage":"es","potentialAction":[{"@type":"ReadAction","target":["http:\/\/advancedmro.com\/es\/producto\/banda-amarre-sin-matraca-gancho-plano-4-x-30-advanced-mro-tijuana\/"]}]},{"@type":"ImageObject","inLanguage":"es","@id":"http:\/\/advancedmro.com\/es\/producto\/banda-amarre-sin-matraca-gancho-plano-4-x-30-advanced-mro-tijuana\/#primaryimage","url":"http:\/\/advancedmro.com\/es\/wp-content\/uploads\/2017\/07\/banda-de-amarre-tijuana-1.jpg","contentUrl":"http:\/\/advancedmro.com\/es\/wp-content\/uploads\/2017\/07\/banda-de-amarre-tijuana-1.jpg","width":700,"height":700},{"@type":"BreadcrumbList","@id":"http:\/\/advancedmro.com\/es\/producto\/banda-amarre-sin-matraca-gancho-plano-4-x-30-advanced-mro-tijuana\/#breadcrumb","itemListElement":[{"@type":"ListItem","position":1,"name":"Home","item":"http:\/\/advancedmro.com\/es\/"},{"@type":"ListItem","position":2,"name":"Productos","item":"https:\/\/advancedmro.com\/es\/productos\/"},{"@type":"ListItem","position":3,"name":"Banda de Amarre Sin Matraca Con Gancho Plano de 4&#8243; x 30&#8242;"}]},{"@type":"WebSite","@id":"http:\/\/advancedmro.com\/es\/#website","url":"http:\/\/advancedmro.com\/es\/","name":"Advanced MRO","description":"Reduciendo Costos Y Aumentando La Calidad Y Rendimiento","potentialAction":[{"@type":"SearchAction","target":{"@type":"EntryPoint","urlTemplate":"http:\/\/advancedmro.com\/es\/?s={search_term_string}"},"query-input":{"@type":"PropertyValueSpecification","valueRequired":true,"valueName":"search_term_string"}}],"inLanguage":"es"}]}},"_links":{"self":[{"href":"http:\/\/advancedmro.com\/es\/wp-json\/wp\/v2\/product\/507","targetHints":{"allow":["GET"]}}],"collection":[{"href":"http:\/\/advancedmro.com\/es\/wp-json\/wp\/v2\/product"}],"about":[{"href":"http:\/\/advancedmro.com\/es\/wp-json\/wp\/v2\/types\/product"}],"replies":[{"embeddable":true,"href":"http:\/\/advancedmro.com\/es\/wp-json\/wp\/v2\/comments?post=507"}],"wp:featuredmedia":[{"embeddable":true,"href":"http:\/\/advancedmro.com\/es\/wp-json\/wp\/v2\/media\/505"}],"wp:attachment":[{"href":"http:\/\/advancedmro.com\/es\/wp-json\/wp\/v2\/media?parent=507"}],"wp:term":[{"taxonomy":"product_brand","embeddable":true,"href":"http:\/\/advancedmro.com\/es\/wp-json\/wp\/v2\/product_brand?post=507"},{"taxonomy":"product_cat","embeddable":true,"href":"http:\/\/advancedmro.com\/es\/wp-json\/wp\/v2\/product_cat?post=507"},{"taxonomy":"product_tag","embeddable":true,"href":"http:\/\/advancedmro.com\/es\/wp-json\/wp\/v2\/product_tag?post=507"}],"curies":[{"name":"wp","href":"https:\/\/api.w.org\/{rel}","templated":true}]}}