{"id":504,"date":"2017-07-21T22:37:10","date_gmt":"2017-07-21T22:37:10","guid":{"rendered":"http:\/\/advancedmro.com\/es\/?post_type=product&#038;p=504"},"modified":"2017-07-21T22:37:10","modified_gmt":"2017-07-21T22:37:10","slug":"desecantes-para-contenedores","status":"publish","type":"product","link":"http:\/\/advancedmro.com\/es\/producto\/desecantes-para-contenedores\/","title":{"rendered":"Desecantes para Contenedores"},"content":{"rendered":"<p>Es un producto desecante especialmente formulado dise\u00f1ado para eliminar la humedad dentro de contenedores de transporte y almacenamiento. Al eliminar la humedad, nuestro desecante protege f\u00e1cilmente la carga del moho, el \u00f3xido y la corrosi\u00f3n mientras las mercanc\u00edas est\u00e1n en tr\u00e1nsito. El desecante esta disponible en \u00a0bolsas de Tyvek de 2kg.<\/p>\n<p>&nbsp;<\/p>\n<p>&nbsp;<\/p>\n","protected":false},"excerpt":{"rendered":"<p>Es un producto desecante especialmente formulado dise\u00f1ado para eliminar la humedad dentro de contenedores de transporte y almacenamiento. Al eliminar la humedad, nuestro desecante protege f\u00e1cilmente la carga del moho, el \u00f3xido y la corrosi\u00f3n mientras las mercanc\u00edas est\u00e1n en tr\u00e1nsito. El desecante esta disponible en \u00a0bolsas de Tyvek de 2kg. &nbsp; &nbsp;<\/p>\n","protected":false},"featured_media":503,"comment_status":"open","ping_status":"closed","template":"","meta":[],"product_brand":[],"product_cat":[135],"product_tag":[136,137,59],"class_list":{"0":"post-504","1":"product","2":"type-product","3":"status-publish","4":"has-post-thumbnail","6":"product_cat-desecantes","7":"product_tag-desecantes","8":"product_tag-desecantes-para-contenedores","9":"product_tag-tijuana","10":"post","11":"post-with-thumbnail","12":"post-with-thumbnail-large","14":"first","15":"instock","16":"shipping-taxable","17":"product-type-simple"},"yoast_head":"<!-- This site is optimized with the Yoast SEO Premium plugin v26.4 (Yoast SEO v26.9) - https:\/\/yoast.com\/product\/yoast-seo-premium-wordpress\/ -->\n<title>Desecantes para Contenedores - Advanced MRO<\/title>\n<meta name=\"description\" content=\"Desecantes para contenedores al mejor precio del mercado. Protege tu mercancia de la humedad, moho y oxido durante el traslado. Llamanos hoy al 664 449 4205\" \/>\n<meta name=\"robots\" content=\"index, follow, max-snippet:-1, max-image-preview:large, max-video-preview:-1\" \/>\n<link rel=\"canonical\" href=\"http:\/\/advancedmro.com\/es\/producto\/desecantes-para-contenedores\/\" \/>\n<meta property=\"og:locale\" content=\"es_ES\" \/>\n<meta property=\"og:type\" content=\"article\" \/>\n<meta property=\"og:title\" content=\"Desecantes para Contenedores\" \/>\n<meta property=\"og:description\" content=\"Desecantes para contenedores al mejor precio del mercado. Protege tu mercancia de la humedad, moho y oxido durante el traslado. Llamanos hoy al 664 449 4205\" \/>\n<meta property=\"og:url\" content=\"http:\/\/advancedmro.com\/es\/producto\/desecantes-para-contenedores\/\" \/>\n<meta property=\"og:site_name\" content=\"Advanced MRO\" \/>\n<meta property=\"og:image\" content=\"http:\/\/advancedmro.com\/es\/wp-content\/uploads\/2017\/07\/desecantes-para-contenedor.jpg\" \/>\n\t<meta property=\"og:image:width\" content=\"1024\" \/>\n\t<meta property=\"og:image:height\" content=\"768\" \/>\n\t<meta property=\"og:image:type\" content=\"image\/jpeg\" \/>\n<script type=\"application\/ld+json\" class=\"yoast-schema-graph\">{\"@context\":\"https:\/\/schema.org\",\"@graph\":[{\"@type\":\"WebPage\",\"@id\":\"http:\/\/advancedmro.com\/es\/producto\/desecantes-para-contenedores\/\",\"url\":\"http:\/\/advancedmro.com\/es\/producto\/desecantes-para-contenedores\/\",\"name\":\"Desecantes para Contenedores - Advanced MRO\",\"isPartOf\":{\"@id\":\"http:\/\/advancedmro.com\/es\/#website\"},\"primaryImageOfPage\":{\"@id\":\"http:\/\/advancedmro.com\/es\/producto\/desecantes-para-contenedores\/#primaryimage\"},\"image\":{\"@id\":\"http:\/\/advancedmro.com\/es\/producto\/desecantes-para-contenedores\/#primaryimage\"},\"thumbnailUrl\":\"http:\/\/advancedmro.com\/es\/wp-content\/uploads\/2017\/07\/desecantes-para-contenedor.jpg\",\"datePublished\":\"2017-07-21T22:37:10+00:00\",\"description\":\"Desecantes para contenedores al mejor precio del mercado. Protege tu mercancia de la humedad, moho y oxido durante el traslado. Llamanos hoy al 664 449 4205\",\"breadcrumb\":{\"@id\":\"http:\/\/advancedmro.com\/es\/producto\/desecantes-para-contenedores\/#breadcrumb\"},\"inLanguage\":\"es\",\"potentialAction\":[{\"@type\":\"ReadAction\",\"target\":[\"http:\/\/advancedmro.com\/es\/producto\/desecantes-para-contenedores\/\"]}]},{\"@type\":\"ImageObject\",\"inLanguage\":\"es\",\"@id\":\"http:\/\/advancedmro.com\/es\/producto\/desecantes-para-contenedores\/#primaryimage\",\"url\":\"http:\/\/advancedmro.com\/es\/wp-content\/uploads\/2017\/07\/desecantes-para-contenedor.jpg\",\"contentUrl\":\"http:\/\/advancedmro.com\/es\/wp-content\/uploads\/2017\/07\/desecantes-para-contenedor.jpg\",\"width\":1024,\"height\":768},{\"@type\":\"BreadcrumbList\",\"@id\":\"http:\/\/advancedmro.com\/es\/producto\/desecantes-para-contenedores\/#breadcrumb\",\"itemListElement\":[{\"@type\":\"ListItem\",\"position\":1,\"name\":\"Home\",\"item\":\"http:\/\/advancedmro.com\/es\/\"},{\"@type\":\"ListItem\",\"position\":2,\"name\":\"Productos\",\"item\":\"https:\/\/advancedmro.com\/es\/productos\/\"},{\"@type\":\"ListItem\",\"position\":3,\"name\":\"Desecantes para Contenedores\"}]},{\"@type\":\"WebSite\",\"@id\":\"http:\/\/advancedmro.com\/es\/#website\",\"url\":\"http:\/\/advancedmro.com\/es\/\",\"name\":\"Advanced MRO\",\"description\":\"Reduciendo Costos Y Aumentando La Calidad Y Rendimiento\",\"potentialAction\":[{\"@type\":\"SearchAction\",\"target\":{\"@type\":\"EntryPoint\",\"urlTemplate\":\"http:\/\/advancedmro.com\/es\/?s={search_term_string}\"},\"query-input\":{\"@type\":\"PropertyValueSpecification\",\"valueRequired\":true,\"valueName\":\"search_term_string\"}}],\"inLanguage\":\"es\"}]}<\/script>\n<!-- \/ Yoast SEO Premium plugin. -->","yoast_head_json":{"title":"Desecantes para Contenedores - Advanced MRO","description":"Desecantes para contenedores al mejor precio del mercado. Protege tu mercancia de la humedad, moho y oxido durante el traslado. Llamanos hoy al 664 449 4205","robots":{"index":"index","follow":"follow","max-snippet":"max-snippet:-1","max-image-preview":"max-image-preview:large","max-video-preview":"max-video-preview:-1"},"canonical":"http:\/\/advancedmro.com\/es\/producto\/desecantes-para-contenedores\/","og_locale":"es_ES","og_type":"article","og_title":"Desecantes para Contenedores","og_description":"Desecantes para contenedores al mejor precio del mercado. Protege tu mercancia de la humedad, moho y oxido durante el traslado. Llamanos hoy al 664 449 4205","og_url":"http:\/\/advancedmro.com\/es\/producto\/desecantes-para-contenedores\/","og_site_name":"Advanced MRO","og_image":[{"width":1024,"height":768,"url":"http:\/\/advancedmro.com\/es\/wp-content\/uploads\/2017\/07\/desecantes-para-contenedor.jpg","type":"image\/jpeg"}],"schema":{"@context":"https:\/\/schema.org","@graph":[{"@type":"WebPage","@id":"http:\/\/advancedmro.com\/es\/producto\/desecantes-para-contenedores\/","url":"http:\/\/advancedmro.com\/es\/producto\/desecantes-para-contenedores\/","name":"Desecantes para Contenedores - Advanced MRO","isPartOf":{"@id":"http:\/\/advancedmro.com\/es\/#website"},"primaryImageOfPage":{"@id":"http:\/\/advancedmro.com\/es\/producto\/desecantes-para-contenedores\/#primaryimage"},"image":{"@id":"http:\/\/advancedmro.com\/es\/producto\/desecantes-para-contenedores\/#primaryimage"},"thumbnailUrl":"http:\/\/advancedmro.com\/es\/wp-content\/uploads\/2017\/07\/desecantes-para-contenedor.jpg","datePublished":"2017-07-21T22:37:10+00:00","description":"Desecantes para contenedores al mejor precio del mercado. Protege tu mercancia de la humedad, moho y oxido durante el traslado. Llamanos hoy al 664 449 4205","breadcrumb":{"@id":"http:\/\/advancedmro.com\/es\/producto\/desecantes-para-contenedores\/#breadcrumb"},"inLanguage":"es","potentialAction":[{"@type":"ReadAction","target":["http:\/\/advancedmro.com\/es\/producto\/desecantes-para-contenedores\/"]}]},{"@type":"ImageObject","inLanguage":"es","@id":"http:\/\/advancedmro.com\/es\/producto\/desecantes-para-contenedores\/#primaryimage","url":"http:\/\/advancedmro.com\/es\/wp-content\/uploads\/2017\/07\/desecantes-para-contenedor.jpg","contentUrl":"http:\/\/advancedmro.com\/es\/wp-content\/uploads\/2017\/07\/desecantes-para-contenedor.jpg","width":1024,"height":768},{"@type":"BreadcrumbList","@id":"http:\/\/advancedmro.com\/es\/producto\/desecantes-para-contenedores\/#breadcrumb","itemListElement":[{"@type":"ListItem","position":1,"name":"Home","item":"http:\/\/advancedmro.com\/es\/"},{"@type":"ListItem","position":2,"name":"Productos","item":"https:\/\/advancedmro.com\/es\/productos\/"},{"@type":"ListItem","position":3,"name":"Desecantes para Contenedores"}]},{"@type":"WebSite","@id":"http:\/\/advancedmro.com\/es\/#website","url":"http:\/\/advancedmro.com\/es\/","name":"Advanced MRO","description":"Reduciendo Costos Y Aumentando La Calidad Y Rendimiento","potentialAction":[{"@type":"SearchAction","target":{"@type":"EntryPoint","urlTemplate":"http:\/\/advancedmro.com\/es\/?s={search_term_string}"},"query-input":{"@type":"PropertyValueSpecification","valueRequired":true,"valueName":"search_term_string"}}],"inLanguage":"es"}]}},"_links":{"self":[{"href":"http:\/\/advancedmro.com\/es\/wp-json\/wp\/v2\/product\/504","targetHints":{"allow":["GET"]}}],"collection":[{"href":"http:\/\/advancedmro.com\/es\/wp-json\/wp\/v2\/product"}],"about":[{"href":"http:\/\/advancedmro.com\/es\/wp-json\/wp\/v2\/types\/product"}],"replies":[{"embeddable":true,"href":"http:\/\/advancedmro.com\/es\/wp-json\/wp\/v2\/comments?post=504"}],"wp:featuredmedia":[{"embeddable":true,"href":"http:\/\/advancedmro.com\/es\/wp-json\/wp\/v2\/media\/503"}],"wp:attachment":[{"href":"http:\/\/advancedmro.com\/es\/wp-json\/wp\/v2\/media?parent=504"}],"wp:term":[{"taxonomy":"product_brand","embeddable":true,"href":"http:\/\/advancedmro.com\/es\/wp-json\/wp\/v2\/product_brand?post=504"},{"taxonomy":"product_cat","embeddable":true,"href":"http:\/\/advancedmro.com\/es\/wp-json\/wp\/v2\/product_cat?post=504"},{"taxonomy":"product_tag","embeddable":true,"href":"http:\/\/advancedmro.com\/es\/wp-json\/wp\/v2\/product_tag?post=504"}],"curies":[{"name":"wp","href":"https:\/\/api.w.org\/{rel}","templated":true}]}}