{"id":473,"date":"2016-04-02T00:32:37","date_gmt":"2016-04-02T00:32:37","guid":{"rendered":"http:\/\/advancedmro.com\/es\/?post_type=product&#038;p=473"},"modified":"2018-05-27T22:11:04","modified_gmt":"2018-05-27T22:11:04","slug":"sellos-seguridad-botella","status":"publish","type":"product","link":"http:\/\/advancedmro.com\/es\/producto\/sellos-seguridad-botella\/","title":{"rendered":"Sellos de Seguridad de Botella"},"content":{"rendered":"<p>La Asociaci\u00f3n de Comercio Aduanero contra el Terrorismo (C-TPAT, por sus siglas en ingl\u00e9s) recomienda ALTOS sellos de seguridad para env\u00edos transfronterizos. Para alcanzar la clasificaci\u00f3n de seguridad ALTA, los sellos de seguridad para cajas de trailer deben probarse independientemente para superar los requisitos estructurales y las pruebas de manipulaci\u00f3n como se indica en el est\u00e1ndar de prueba ISO 17712: 2013.<\/p>\n<p>Los sellos de botello que cumplen con los requisitos de ISO 17712: 2013 ofrecen m\u00e1s seguridad y son adecuados para env\u00edos que cruzan fronteras internacionales.<\/p>\n<p>Otro requisito para ISO 17712: 2013 es que los sellos de seguridad para cajas de trailer se deben probar de forma independiente al menos cada 24 meses. P\u00eddale al proveedor de sus sellos de perno que le proporcionen una verificaci\u00f3n escrita de que el sello fue probado independientemente para cumplir con la norma ISO 17712: 2013 como un sello de seguridad ALTO. Para cumplir con el est\u00e1ndar ISO, las pruebas y el certificado deben estar fechados dentro de los 24 meses de su compra. Nuestros certificados se enumeran en la secci\u00f3n \u00abCertificados ISO 17712\u00bb a continuaci\u00f3n.<\/p>\n<p>Los sellos de botella con alguna forma de protecci\u00f3n anti-giro ofrecen m\u00e1s seguridad.<\/p>\n<p><img loading=\"lazy\" decoding=\"async\" class=\"aligncenter size-full wp-image-534\" src=\"http:\/\/advancedmro.com\/es\/wp-content\/uploads\/2016\/04\/sellos-de-seguridad-para-cajas-de-trailer.jpg\" alt=\"\" width=\"650\" height=\"434\" srcset=\"http:\/\/advancedmro.com\/es\/wp-content\/uploads\/2016\/04\/sellos-de-seguridad-para-cajas-de-trailer.jpg 650w, http:\/\/advancedmro.com\/es\/wp-content\/uploads\/2016\/04\/sellos-de-seguridad-para-cajas-de-trailer-300x200.jpg 300w, http:\/\/advancedmro.com\/es\/wp-content\/uploads\/2016\/04\/sellos-de-seguridad-para-cajas-de-trailer-272x182.jpg 272w, http:\/\/advancedmro.com\/es\/wp-content\/uploads\/2016\/04\/sellos-de-seguridad-para-cajas-de-trailer-600x401.jpg 600w\" sizes=\"auto, (max-width: 650px) 100vw, 650px\" \/><\/p>\n<p>Nuestros sellos de seguridad premium cumplen con la norma ISO 17712: 2013 para alta seguridad, tal como lo exige C-TPAT y son adecuados para env\u00edos que cruzan fronteras internacionales o para env\u00edos de alto valor. Nuestro sello de perno Premium (serie Y-118) tiene una funci\u00f3n antimanipulaci\u00f3n \u00fanica para evitar la manipulaci\u00f3n: una conexi\u00f3n de metal entrelazada entre el perno y el mecanismo de bloqueo. Esta conexi\u00f3n de enclavamiento de metal sobre metal IMPIDE cualquier rotaci\u00f3n del sello del perno.<\/p>\n<p>Y-118:\u00a0Nuestro sellos de seguridad para cajas de trailer es el sello de botella de la serie Y-118 tiene una caracter\u00edstica &#8216;anti-giro&#8217; y cumple con la norma ISO 17712: 2013 para alta seguridad, seg\u00fan lo requerido por C-TPAT. Al igual que la mayor\u00eda de los sellos de perno competitivos, la caracter\u00edstica anti-giro es una caracter\u00edstica de pl\u00e1stico moldeado destinada a minimizar el giro.<\/p>\n<p>&nbsp;<\/p>\n","protected":false},"excerpt":{"rendered":"<p>La Asociaci\u00f3n de Comercio Aduanero contra el Terrorismo (C-TPAT, por sus siglas en ingl\u00e9s) recomienda ALTOS sellos de seguridad para env\u00edos transfronterizos. Para alcanzar la clasificaci\u00f3n de seguridad ALTA, los sellos de seguridad para cajas de trailer deben probarse independientemente para superar los requisitos estructurales y las pruebas de manipulaci\u00f3n como se indica en el [&hellip;]<\/p>\n","protected":false},"featured_media":474,"comment_status":"open","ping_status":"closed","template":"","meta":[],"product_brand":[],"product_cat":[114],"product_tag":[154,119,153,120],"class_list":{"0":"post-473","1":"product","2":"type-product","3":"status-publish","4":"has-post-thumbnail","6":"product_cat-sellos-de-seguridad","7":"product_tag-sellos-de-seguridad-de-botella","8":"product_tag-sellos-de-seguridad-en-tijuana","9":"product_tag-sellos-de-seguridad-para-cajas-de-trailer","10":"product_tag-sellos-para-trailers-en-tijuana","11":"post","12":"post-with-thumbnail","13":"post-with-thumbnail-large","15":"first","16":"instock","17":"shipping-taxable","18":"product-type-simple"},"yoast_head":"<!-- This site is optimized with the Yoast SEO Premium plugin v26.4 (Yoast SEO v26.9) - https:\/\/yoast.com\/product\/yoast-seo-premium-wordpress\/ -->\n<title>Sellos de Seguridad de Botella Para Trailer - Advanced MRO Tijuana<\/title>\n<meta name=\"description\" content=\"Sellos de alta seguridad para contenedores. Sellos de botella en Tijuana compatibles con CTPAT e ISO 17712 al mejor precio del mercado. Llamanos hoy!\" \/>\n<meta name=\"robots\" content=\"index, follow, max-snippet:-1, max-image-preview:large, max-video-preview:-1\" \/>\n<link rel=\"canonical\" href=\"https:\/\/advancedmro.com\/es\/producto\/sellos-seguridad-botella\/\" \/>\n<meta property=\"og:locale\" content=\"es_ES\" \/>\n<meta property=\"og:type\" content=\"article\" \/>\n<meta property=\"og:title\" content=\"Sellos de Seguridad de Botella\" \/>\n<meta property=\"og:description\" content=\"Sellos de alta seguridad para contenedores. Sellos de botella en Tijuana compatibles con CTPAT e ISO 17712 al mejor precio del mercado. Llamanos hoy!\" \/>\n<meta property=\"og:url\" content=\"https:\/\/advancedmro.com\/es\/producto\/sellos-seguridad-botella\/\" \/>\n<meta property=\"og:site_name\" content=\"Advanced MRO\" \/>\n<meta property=\"article:modified_time\" content=\"2018-05-27T22:11:04+00:00\" \/>\n<meta property=\"og:image\" content=\"https:\/\/advancedmro.com\/es\/wp-content\/uploads\/2016\/04\/sello-de-botella.jpg\" \/>\n\t<meta property=\"og:image:width\" content=\"297\" \/>\n\t<meta property=\"og:image:height\" content=\"280\" \/>\n\t<meta property=\"og:image:type\" content=\"image\/jpeg\" \/>\n<meta name=\"twitter:label1\" content=\"Tiempo de lectura\" \/>\n\t<meta name=\"twitter:data1\" content=\"2 minutos\" \/>\n<script type=\"application\/ld+json\" class=\"yoast-schema-graph\">{\"@context\":\"https:\/\/schema.org\",\"@graph\":[{\"@type\":\"WebPage\",\"@id\":\"https:\/\/advancedmro.com\/es\/producto\/sellos-seguridad-botella\/\",\"url\":\"https:\/\/advancedmro.com\/es\/producto\/sellos-seguridad-botella\/\",\"name\":\"Sellos de Seguridad de Botella Para Trailer - Advanced MRO Tijuana\",\"isPartOf\":{\"@id\":\"http:\/\/advancedmro.com\/es\/#website\"},\"primaryImageOfPage\":{\"@id\":\"https:\/\/advancedmro.com\/es\/producto\/sellos-seguridad-botella\/#primaryimage\"},\"image\":{\"@id\":\"https:\/\/advancedmro.com\/es\/producto\/sellos-seguridad-botella\/#primaryimage\"},\"thumbnailUrl\":\"http:\/\/advancedmro.com\/es\/wp-content\/uploads\/2016\/04\/sello-de-botella.jpg\",\"datePublished\":\"2016-04-02T00:32:37+00:00\",\"dateModified\":\"2018-05-27T22:11:04+00:00\",\"description\":\"Sellos de alta seguridad para contenedores. Sellos de botella en Tijuana compatibles con CTPAT e ISO 17712 al mejor precio del mercado. Llamanos hoy!\",\"breadcrumb\":{\"@id\":\"https:\/\/advancedmro.com\/es\/producto\/sellos-seguridad-botella\/#breadcrumb\"},\"inLanguage\":\"es\",\"potentialAction\":[{\"@type\":\"ReadAction\",\"target\":[\"https:\/\/advancedmro.com\/es\/producto\/sellos-seguridad-botella\/\"]}]},{\"@type\":\"ImageObject\",\"inLanguage\":\"es\",\"@id\":\"https:\/\/advancedmro.com\/es\/producto\/sellos-seguridad-botella\/#primaryimage\",\"url\":\"http:\/\/advancedmro.com\/es\/wp-content\/uploads\/2016\/04\/sello-de-botella.jpg\",\"contentUrl\":\"http:\/\/advancedmro.com\/es\/wp-content\/uploads\/2016\/04\/sello-de-botella.jpg\",\"width\":297,\"height\":280,\"caption\":\"Sellos de Seguridad de Botella\"},{\"@type\":\"BreadcrumbList\",\"@id\":\"https:\/\/advancedmro.com\/es\/producto\/sellos-seguridad-botella\/#breadcrumb\",\"itemListElement\":[{\"@type\":\"ListItem\",\"position\":1,\"name\":\"Home\",\"item\":\"http:\/\/advancedmro.com\/es\/\"},{\"@type\":\"ListItem\",\"position\":2,\"name\":\"Productos\",\"item\":\"https:\/\/advancedmro.com\/es\/productos\/\"},{\"@type\":\"ListItem\",\"position\":3,\"name\":\"Sellos de Seguridad de Botella\"}]},{\"@type\":\"WebSite\",\"@id\":\"http:\/\/advancedmro.com\/es\/#website\",\"url\":\"http:\/\/advancedmro.com\/es\/\",\"name\":\"Advanced MRO\",\"description\":\"Reduciendo Costos Y Aumentando La Calidad Y Rendimiento\",\"potentialAction\":[{\"@type\":\"SearchAction\",\"target\":{\"@type\":\"EntryPoint\",\"urlTemplate\":\"http:\/\/advancedmro.com\/es\/?s={search_term_string}\"},\"query-input\":{\"@type\":\"PropertyValueSpecification\",\"valueRequired\":true,\"valueName\":\"search_term_string\"}}],\"inLanguage\":\"es\"}]}<\/script>\n<!-- \/ Yoast SEO Premium plugin. -->","yoast_head_json":{"title":"Sellos de Seguridad de Botella Para Trailer - Advanced MRO Tijuana","description":"Sellos de alta seguridad para contenedores. Sellos de botella en Tijuana compatibles con CTPAT e ISO 17712 al mejor precio del mercado. Llamanos hoy!","robots":{"index":"index","follow":"follow","max-snippet":"max-snippet:-1","max-image-preview":"max-image-preview:large","max-video-preview":"max-video-preview:-1"},"canonical":"https:\/\/advancedmro.com\/es\/producto\/sellos-seguridad-botella\/","og_locale":"es_ES","og_type":"article","og_title":"Sellos de Seguridad de Botella","og_description":"Sellos de alta seguridad para contenedores. Sellos de botella en Tijuana compatibles con CTPAT e ISO 17712 al mejor precio del mercado. Llamanos hoy!","og_url":"https:\/\/advancedmro.com\/es\/producto\/sellos-seguridad-botella\/","og_site_name":"Advanced MRO","article_modified_time":"2018-05-27T22:11:04+00:00","og_image":[{"width":297,"height":280,"url":"https:\/\/advancedmro.com\/es\/wp-content\/uploads\/2016\/04\/sello-de-botella.jpg","type":"image\/jpeg"}],"twitter_misc":{"Tiempo de lectura":"2 minutos"},"schema":{"@context":"https:\/\/schema.org","@graph":[{"@type":"WebPage","@id":"https:\/\/advancedmro.com\/es\/producto\/sellos-seguridad-botella\/","url":"https:\/\/advancedmro.com\/es\/producto\/sellos-seguridad-botella\/","name":"Sellos de Seguridad de Botella Para Trailer - Advanced MRO Tijuana","isPartOf":{"@id":"http:\/\/advancedmro.com\/es\/#website"},"primaryImageOfPage":{"@id":"https:\/\/advancedmro.com\/es\/producto\/sellos-seguridad-botella\/#primaryimage"},"image":{"@id":"https:\/\/advancedmro.com\/es\/producto\/sellos-seguridad-botella\/#primaryimage"},"thumbnailUrl":"http:\/\/advancedmro.com\/es\/wp-content\/uploads\/2016\/04\/sello-de-botella.jpg","datePublished":"2016-04-02T00:32:37+00:00","dateModified":"2018-05-27T22:11:04+00:00","description":"Sellos de alta seguridad para contenedores. Sellos de botella en Tijuana compatibles con CTPAT e ISO 17712 al mejor precio del mercado. Llamanos hoy!","breadcrumb":{"@id":"https:\/\/advancedmro.com\/es\/producto\/sellos-seguridad-botella\/#breadcrumb"},"inLanguage":"es","potentialAction":[{"@type":"ReadAction","target":["https:\/\/advancedmro.com\/es\/producto\/sellos-seguridad-botella\/"]}]},{"@type":"ImageObject","inLanguage":"es","@id":"https:\/\/advancedmro.com\/es\/producto\/sellos-seguridad-botella\/#primaryimage","url":"http:\/\/advancedmro.com\/es\/wp-content\/uploads\/2016\/04\/sello-de-botella.jpg","contentUrl":"http:\/\/advancedmro.com\/es\/wp-content\/uploads\/2016\/04\/sello-de-botella.jpg","width":297,"height":280,"caption":"Sellos de Seguridad de Botella"},{"@type":"BreadcrumbList","@id":"https:\/\/advancedmro.com\/es\/producto\/sellos-seguridad-botella\/#breadcrumb","itemListElement":[{"@type":"ListItem","position":1,"name":"Home","item":"http:\/\/advancedmro.com\/es\/"},{"@type":"ListItem","position":2,"name":"Productos","item":"https:\/\/advancedmro.com\/es\/productos\/"},{"@type":"ListItem","position":3,"name":"Sellos de Seguridad de Botella"}]},{"@type":"WebSite","@id":"http:\/\/advancedmro.com\/es\/#website","url":"http:\/\/advancedmro.com\/es\/","name":"Advanced MRO","description":"Reduciendo Costos Y Aumentando La Calidad Y Rendimiento","potentialAction":[{"@type":"SearchAction","target":{"@type":"EntryPoint","urlTemplate":"http:\/\/advancedmro.com\/es\/?s={search_term_string}"},"query-input":{"@type":"PropertyValueSpecification","valueRequired":true,"valueName":"search_term_string"}}],"inLanguage":"es"}]}},"_links":{"self":[{"href":"http:\/\/advancedmro.com\/es\/wp-json\/wp\/v2\/product\/473","targetHints":{"allow":["GET"]}}],"collection":[{"href":"http:\/\/advancedmro.com\/es\/wp-json\/wp\/v2\/product"}],"about":[{"href":"http:\/\/advancedmro.com\/es\/wp-json\/wp\/v2\/types\/product"}],"replies":[{"embeddable":true,"href":"http:\/\/advancedmro.com\/es\/wp-json\/wp\/v2\/comments?post=473"}],"wp:featuredmedia":[{"embeddable":true,"href":"http:\/\/advancedmro.com\/es\/wp-json\/wp\/v2\/media\/474"}],"wp:attachment":[{"href":"http:\/\/advancedmro.com\/es\/wp-json\/wp\/v2\/media?parent=473"}],"wp:term":[{"taxonomy":"product_brand","embeddable":true,"href":"http:\/\/advancedmro.com\/es\/wp-json\/wp\/v2\/product_brand?post=473"},{"taxonomy":"product_cat","embeddable":true,"href":"http:\/\/advancedmro.com\/es\/wp-json\/wp\/v2\/product_cat?post=473"},{"taxonomy":"product_tag","embeddable":true,"href":"http:\/\/advancedmro.com\/es\/wp-json\/wp\/v2\/product_tag?post=473"}],"curies":[{"name":"wp","href":"https:\/\/api.w.org\/{rel}","templated":true}]}}