{"id":393,"date":"2015-06-06T01:28:20","date_gmt":"2015-06-06T01:28:20","guid":{"rendered":"http:\/\/advancedmro.com\/es\/?post_type=product&#038;p=393"},"modified":"2015-06-07T17:19:34","modified_gmt":"2015-06-07T17:19:34","slug":"henkel-383-output-promotor-adhesivo-activador-25-ml-amber","status":"publish","type":"product","link":"http:\/\/advancedmro.com\/es\/producto\/henkel-383-output-promotor-adhesivo-activador-25-ml-amber\/","title":{"rendered":"Henkel\u00ae 383 Output \u2122 Promotor Adhesivo Activador, 25 ml, Amber"},"content":{"rendered":"<p>383 \u2122 es un sistema de adhesivo dse\u00f1ado para la uni\u00f3n de componentes generadores de calor para calentar los sumideros. La alta conductividad t\u00e9rmica proporciona una excelente disipaci\u00f3n de calor para los componentes t\u00e9rmicamente sensibles. Las aplicaciones t\u00edpicas incluyen transformadores de uni\u00f3n, transistores y otros componentes electr\u00f3nicos de generaci\u00f3n de calor. Aplicaciones: para la uni\u00f3n de los transformadores, transistores y otros componentes electr\u00f3nicos.<\/p>\n","protected":false},"excerpt":{"rendered":"<p>383 \u2122 es un sistema de adhesivo dse\u00f1ado para la uni\u00f3n de componentes generadores de calor para calentar los sumideros. La alta conductividad t\u00e9rmica proporciona una excelente disipaci\u00f3n de calor para los componentes t\u00e9rmicamente sensibles. Las aplicaciones t\u00edpicas incluyen transformadores de uni\u00f3n, transistores y otros componentes electr\u00f3nicos de generaci\u00f3n de calor. Aplicaciones: para la uni\u00f3n [&hellip;]<\/p>\n","protected":false},"featured_media":394,"comment_status":"open","ping_status":"closed","template":"","meta":[],"product_brand":[],"product_cat":[84,54],"product_tag":[58,59],"class_list":{"0":"post-393","1":"product","2":"type-product","3":"status-publish","4":"has-post-thumbnail","6":"product_cat-adhesivos-y-sellantes","7":"product_cat-productos-henkel","8":"product_tag-henkel-383-output-promotor-adhesivo-activador-loctite","9":"product_tag-tijuana","10":"post","11":"post-with-thumbnail","12":"post-with-thumbnail-large","14":"first","15":"instock","16":"shipping-taxable","17":"product-type-simple"},"yoast_head":"<!-- This site is optimized with the Yoast SEO Premium plugin v26.4 (Yoast SEO v26.9) - https:\/\/yoast.com\/product\/yoast-seo-premium-wordpress\/ -->\n<title>Henkel\u00ae 383 Output \u2122 Promotor Adhesivo Activador, 25 ml, Amber - Advanced MRO<\/title>\n<meta name=\"robots\" content=\"index, follow, max-snippet:-1, max-image-preview:large, max-video-preview:-1\" \/>\n<link rel=\"canonical\" href=\"http:\/\/advancedmro.com\/es\/producto\/henkel-383-output-promotor-adhesivo-activador-25-ml-amber\/\" \/>\n<meta property=\"og:locale\" content=\"es_ES\" \/>\n<meta property=\"og:type\" content=\"article\" \/>\n<meta property=\"og:title\" content=\"Henkel\u00ae 383 Output \u2122 Promotor Adhesivo Activador, 25 ml, Amber\" \/>\n<meta property=\"og:description\" content=\"383 \u2122 es un sistema de adhesivo dse\u00f1ado para la uni\u00f3n de componentes generadores de calor para calentar los sumideros. La alta conductividad t\u00e9rmica proporciona una excelente disipaci\u00f3n de calor para los componentes t\u00e9rmicamente sensibles. Las aplicaciones t\u00edpicas incluyen transformadores de uni\u00f3n, transistores y otros componentes electr\u00f3nicos de generaci\u00f3n de calor. Aplicaciones: para la uni\u00f3n [&hellip;]\" \/>\n<meta property=\"og:url\" content=\"http:\/\/advancedmro.com\/es\/producto\/henkel-383-output-promotor-adhesivo-activador-25-ml-amber\/\" \/>\n<meta property=\"og:site_name\" content=\"Advanced MRO\" \/>\n<meta property=\"article:modified_time\" content=\"2015-06-07T17:19:34+00:00\" \/>\n<meta property=\"og:image\" content=\"http:\/\/advancedmro.com\/es\/wp-content\/uploads\/2015\/06\/HENKEL-ELECTRONIC-MATERIAL-LLC-34899_21086-Tijuana.jpg\" \/>\n\t<meta property=\"og:image:width\" content=\"800\" \/>\n\t<meta property=\"og:image:height\" content=\"800\" \/>\n\t<meta property=\"og:image:type\" content=\"image\/jpeg\" \/>\n<script type=\"application\/ld+json\" class=\"yoast-schema-graph\">{\"@context\":\"https:\/\/schema.org\",\"@graph\":[{\"@type\":\"WebPage\",\"@id\":\"http:\/\/advancedmro.com\/es\/producto\/henkel-383-output-promotor-adhesivo-activador-25-ml-amber\/\",\"url\":\"http:\/\/advancedmro.com\/es\/producto\/henkel-383-output-promotor-adhesivo-activador-25-ml-amber\/\",\"name\":\"Henkel\u00ae 383 Output \u2122 Promotor Adhesivo Activador, 25 ml, Amber - Advanced MRO\",\"isPartOf\":{\"@id\":\"http:\/\/advancedmro.com\/es\/#website\"},\"primaryImageOfPage\":{\"@id\":\"http:\/\/advancedmro.com\/es\/producto\/henkel-383-output-promotor-adhesivo-activador-25-ml-amber\/#primaryimage\"},\"image\":{\"@id\":\"http:\/\/advancedmro.com\/es\/producto\/henkel-383-output-promotor-adhesivo-activador-25-ml-amber\/#primaryimage\"},\"thumbnailUrl\":\"http:\/\/advancedmro.com\/es\/wp-content\/uploads\/2015\/06\/HENKEL-ELECTRONIC-MATERIAL-LLC-34899_21086-Tijuana.jpg\",\"datePublished\":\"2015-06-06T01:28:20+00:00\",\"dateModified\":\"2015-06-07T17:19:34+00:00\",\"breadcrumb\":{\"@id\":\"http:\/\/advancedmro.com\/es\/producto\/henkel-383-output-promotor-adhesivo-activador-25-ml-amber\/#breadcrumb\"},\"inLanguage\":\"es\",\"potentialAction\":[{\"@type\":\"ReadAction\",\"target\":[\"http:\/\/advancedmro.com\/es\/producto\/henkel-383-output-promotor-adhesivo-activador-25-ml-amber\/\"]}]},{\"@type\":\"ImageObject\",\"inLanguage\":\"es\",\"@id\":\"http:\/\/advancedmro.com\/es\/producto\/henkel-383-output-promotor-adhesivo-activador-25-ml-amber\/#primaryimage\",\"url\":\"http:\/\/advancedmro.com\/es\/wp-content\/uploads\/2015\/06\/HENKEL-ELECTRONIC-MATERIAL-LLC-34899_21086-Tijuana.jpg\",\"contentUrl\":\"http:\/\/advancedmro.com\/es\/wp-content\/uploads\/2015\/06\/HENKEL-ELECTRONIC-MATERIAL-LLC-34899_21086-Tijuana.jpg\",\"width\":800,\"height\":800},{\"@type\":\"BreadcrumbList\",\"@id\":\"http:\/\/advancedmro.com\/es\/producto\/henkel-383-output-promotor-adhesivo-activador-25-ml-amber\/#breadcrumb\",\"itemListElement\":[{\"@type\":\"ListItem\",\"position\":1,\"name\":\"Home\",\"item\":\"http:\/\/advancedmro.com\/es\/\"},{\"@type\":\"ListItem\",\"position\":2,\"name\":\"Productos\",\"item\":\"https:\/\/advancedmro.com\/es\/productos\/\"},{\"@type\":\"ListItem\",\"position\":3,\"name\":\"Henkel\u00ae 383 Output \u2122 Promotor Adhesivo Activador, 25 ml, Amber\"}]},{\"@type\":\"WebSite\",\"@id\":\"http:\/\/advancedmro.com\/es\/#website\",\"url\":\"http:\/\/advancedmro.com\/es\/\",\"name\":\"Advanced MRO\",\"description\":\"Reduciendo Costos Y Aumentando La Calidad Y Rendimiento\",\"potentialAction\":[{\"@type\":\"SearchAction\",\"target\":{\"@type\":\"EntryPoint\",\"urlTemplate\":\"http:\/\/advancedmro.com\/es\/?s={search_term_string}\"},\"query-input\":{\"@type\":\"PropertyValueSpecification\",\"valueRequired\":true,\"valueName\":\"search_term_string\"}}],\"inLanguage\":\"es\"}]}<\/script>\n<!-- \/ Yoast SEO Premium plugin. -->","yoast_head_json":{"title":"Henkel\u00ae 383 Output \u2122 Promotor Adhesivo Activador, 25 ml, Amber - Advanced MRO","robots":{"index":"index","follow":"follow","max-snippet":"max-snippet:-1","max-image-preview":"max-image-preview:large","max-video-preview":"max-video-preview:-1"},"canonical":"http:\/\/advancedmro.com\/es\/producto\/henkel-383-output-promotor-adhesivo-activador-25-ml-amber\/","og_locale":"es_ES","og_type":"article","og_title":"Henkel\u00ae 383 Output \u2122 Promotor Adhesivo Activador, 25 ml, Amber","og_description":"383 \u2122 es un sistema de adhesivo dse\u00f1ado para la uni\u00f3n de componentes generadores de calor para calentar los sumideros. La alta conductividad t\u00e9rmica proporciona una excelente disipaci\u00f3n de calor para los componentes t\u00e9rmicamente sensibles. Las aplicaciones t\u00edpicas incluyen transformadores de uni\u00f3n, transistores y otros componentes electr\u00f3nicos de generaci\u00f3n de calor. Aplicaciones: para la uni\u00f3n [&hellip;]","og_url":"http:\/\/advancedmro.com\/es\/producto\/henkel-383-output-promotor-adhesivo-activador-25-ml-amber\/","og_site_name":"Advanced MRO","article_modified_time":"2015-06-07T17:19:34+00:00","og_image":[{"width":800,"height":800,"url":"http:\/\/advancedmro.com\/es\/wp-content\/uploads\/2015\/06\/HENKEL-ELECTRONIC-MATERIAL-LLC-34899_21086-Tijuana.jpg","type":"image\/jpeg"}],"schema":{"@context":"https:\/\/schema.org","@graph":[{"@type":"WebPage","@id":"http:\/\/advancedmro.com\/es\/producto\/henkel-383-output-promotor-adhesivo-activador-25-ml-amber\/","url":"http:\/\/advancedmro.com\/es\/producto\/henkel-383-output-promotor-adhesivo-activador-25-ml-amber\/","name":"Henkel\u00ae 383 Output \u2122 Promotor Adhesivo Activador, 25 ml, Amber - Advanced MRO","isPartOf":{"@id":"http:\/\/advancedmro.com\/es\/#website"},"primaryImageOfPage":{"@id":"http:\/\/advancedmro.com\/es\/producto\/henkel-383-output-promotor-adhesivo-activador-25-ml-amber\/#primaryimage"},"image":{"@id":"http:\/\/advancedmro.com\/es\/producto\/henkel-383-output-promotor-adhesivo-activador-25-ml-amber\/#primaryimage"},"thumbnailUrl":"http:\/\/advancedmro.com\/es\/wp-content\/uploads\/2015\/06\/HENKEL-ELECTRONIC-MATERIAL-LLC-34899_21086-Tijuana.jpg","datePublished":"2015-06-06T01:28:20+00:00","dateModified":"2015-06-07T17:19:34+00:00","breadcrumb":{"@id":"http:\/\/advancedmro.com\/es\/producto\/henkel-383-output-promotor-adhesivo-activador-25-ml-amber\/#breadcrumb"},"inLanguage":"es","potentialAction":[{"@type":"ReadAction","target":["http:\/\/advancedmro.com\/es\/producto\/henkel-383-output-promotor-adhesivo-activador-25-ml-amber\/"]}]},{"@type":"ImageObject","inLanguage":"es","@id":"http:\/\/advancedmro.com\/es\/producto\/henkel-383-output-promotor-adhesivo-activador-25-ml-amber\/#primaryimage","url":"http:\/\/advancedmro.com\/es\/wp-content\/uploads\/2015\/06\/HENKEL-ELECTRONIC-MATERIAL-LLC-34899_21086-Tijuana.jpg","contentUrl":"http:\/\/advancedmro.com\/es\/wp-content\/uploads\/2015\/06\/HENKEL-ELECTRONIC-MATERIAL-LLC-34899_21086-Tijuana.jpg","width":800,"height":800},{"@type":"BreadcrumbList","@id":"http:\/\/advancedmro.com\/es\/producto\/henkel-383-output-promotor-adhesivo-activador-25-ml-amber\/#breadcrumb","itemListElement":[{"@type":"ListItem","position":1,"name":"Home","item":"http:\/\/advancedmro.com\/es\/"},{"@type":"ListItem","position":2,"name":"Productos","item":"https:\/\/advancedmro.com\/es\/productos\/"},{"@type":"ListItem","position":3,"name":"Henkel\u00ae 383 Output \u2122 Promotor Adhesivo Activador, 25 ml, Amber"}]},{"@type":"WebSite","@id":"http:\/\/advancedmro.com\/es\/#website","url":"http:\/\/advancedmro.com\/es\/","name":"Advanced MRO","description":"Reduciendo Costos Y Aumentando La Calidad Y Rendimiento","potentialAction":[{"@type":"SearchAction","target":{"@type":"EntryPoint","urlTemplate":"http:\/\/advancedmro.com\/es\/?s={search_term_string}"},"query-input":{"@type":"PropertyValueSpecification","valueRequired":true,"valueName":"search_term_string"}}],"inLanguage":"es"}]}},"_links":{"self":[{"href":"http:\/\/advancedmro.com\/es\/wp-json\/wp\/v2\/product\/393","targetHints":{"allow":["GET"]}}],"collection":[{"href":"http:\/\/advancedmro.com\/es\/wp-json\/wp\/v2\/product"}],"about":[{"href":"http:\/\/advancedmro.com\/es\/wp-json\/wp\/v2\/types\/product"}],"replies":[{"embeddable":true,"href":"http:\/\/advancedmro.com\/es\/wp-json\/wp\/v2\/comments?post=393"}],"wp:featuredmedia":[{"embeddable":true,"href":"http:\/\/advancedmro.com\/es\/wp-json\/wp\/v2\/media\/394"}],"wp:attachment":[{"href":"http:\/\/advancedmro.com\/es\/wp-json\/wp\/v2\/media?parent=393"}],"wp:term":[{"taxonomy":"product_brand","embeddable":true,"href":"http:\/\/advancedmro.com\/es\/wp-json\/wp\/v2\/product_brand?post=393"},{"taxonomy":"product_cat","embeddable":true,"href":"http:\/\/advancedmro.com\/es\/wp-json\/wp\/v2\/product_cat?post=393"},{"taxonomy":"product_tag","embeddable":true,"href":"http:\/\/advancedmro.com\/es\/wp-json\/wp\/v2\/product_tag?post=393"}],"curies":[{"name":"wp","href":"https:\/\/api.w.org\/{rel}","templated":true}]}}