{"id":156,"date":"2013-09-28T22:14:08","date_gmt":"2013-09-28T22:14:08","guid":{"rendered":"http:\/\/advancedmro.com\/es\/?post_type=product&#038;p=156"},"modified":"2013-10-13T23:34:53","modified_gmt":"2013-10-13T23:34:53","slug":"ribbon-de-ceraresina-la8","status":"publish","type":"product","link":"http:\/\/advancedmro.com\/es\/producto\/ribbon-de-ceraresina-la8\/","title":{"rendered":"Ribbon de Cera\/Resina LA8"},"content":{"rendered":"\n<table id=\"tablepress-6\" class=\"tablepress tablepress-id-6\">\n<thead>\n<tr class=\"row-1\">\n\t<th class=\"column-1\">Numero de Parte<\/th><th class=\"column-2\">Medida Americana<\/th><th class=\"column-3\">Medida Metrica<\/th><th class=\"column-4\">Mas Informaci\u00f3n<\/th>\n<\/tr>\n<\/thead>\n<tbody class=\"row-striping row-hover\">\n<tr class=\"row-2\">\n\t<td class=\"column-1\">19-0026<\/td><td class=\"column-2\">4.33\"x1476'<\/td><td class=\"column-3\"> 110MMX450M <\/td><td class=\"column-4\">CSO WAX\/RESIN<\/td>\n<\/tr>\n<tr class=\"row-3\">\n\t<td class=\"column-1\">19-0039<\/td><td class=\"column-2\">1.60\"x1476'<\/td><td class=\"column-3\">40MMX450M <\/td><td class=\"column-4\">CSO WAX\/RESIN<\/td>\n<\/tr>\n<tr class=\"row-4\">\n\t<td class=\"column-1\">19-0040<\/td><td class=\"column-2\">2.36\"x1476'<\/td><td class=\"column-3\">60MMX450M <\/td><td class=\"column-4\">CSO WAX\/RESIN<\/td>\n<\/tr>\n<tr class=\"row-5\">\n\t<td class=\"column-1\">19-0041<\/td><td class=\"column-2\">2.36\"x984'<\/td><td class=\"column-3\"> 60MMX300M  <\/td><td class=\"column-4\">CSO WAX\/RESIN<\/td>\n<\/tr>\n<tr class=\"row-6\">\n\t<td class=\"column-1\">T19-0025<\/td><td class=\"column-2\">4.33\"x243'<\/td><td class=\"column-3\">110MMX74M <\/td><td class=\"column-4\">CSO WAX\/RESIN 1\/2\" CORE<\/td>\n<\/tr>\n<tr class=\"row-7\">\n\t<td class=\"column-1\">T19-0026<\/td><td class=\"column-2\">4.02\"x1476'<\/td><td class=\"column-3\">102MMX450M<\/td><td class=\"column-4\">CSO WAX\/RESIN<\/td>\n<\/tr>\n<tr class=\"row-8\">\n\t<td class=\"column-1\">T19-0039<\/td><td class=\"column-2\">1.60\"x1476'<\/td><td class=\"column-3\">40MMX450M <\/td><td class=\"column-4\">CSO WAX\/RESIN<\/td>\n<\/tr>\n<tr class=\"row-9\">\n\t<td class=\"column-1\">T19-057<\/td><td class=\"column-2\">3.15\"x1476'<\/td><td class=\"column-3\">80MMX450M <\/td><td class=\"column-4\">CSO WAX\/RESIN<\/td>\n<\/tr>\n<\/tbody>\n<\/table>\n<!-- #tablepress-6 from cache -->\n","protected":false},"excerpt":{"rendered":"<p>Cintas de cera\/resina son una combinaci\u00f3n de sustancias colorantes a base de cera y resina en la que la resina tiene un mayor porcentaje. Est\u00e1n hechas de dos o m\u00e1s capas. Las resinas son m\u00e1s duraderas que la cera y por consequencia tienen m\u00e1s durabilidad, resistencia qu\u00edmica y son m\u00e1s dif\u00edciles de borrarse. Tambi\u00e9n aseguran una excelente definici\u00f3n a la hora de imprimir.<\/p>\n<p>Las Cintas de cera \/ resina se pueden utilizar con superficies brillantes o lisas, y materiales sint\u00e9ticos. La velocidad de impresi\u00f3n de 16 pulgadas por segundo se pueden lograr con cintas de cera \/ resina. Tambi\u00e9n se puede utilizar para todos los efectos en los que se utilizan las cintas de cera pero que existe la posibilidad de da\u00f1o o rasgu\u00f1o.<\/p>\n","protected":false},"featured_media":256,"comment_status":"open","ping_status":"closed","template":"","meta":[],"product_brand":[],"product_cat":[109],"product_tag":[],"class_list":{"0":"post-156","1":"product","2":"type-product","3":"status-publish","4":"has-post-thumbnail","6":"product_cat-cinta-de-transferencia-termica","7":"post","8":"post-with-thumbnail","9":"post-with-thumbnail-large","11":"first","12":"instock","13":"shipping-taxable","14":"product-type-simple"},"yoast_head":"<!-- This site is optimized with the Yoast SEO Premium plugin v26.4 (Yoast SEO v26.9) - https:\/\/yoast.com\/product\/yoast-seo-premium-wordpress\/ -->\n<title>Ribbon de Cera\/Resina LA8 - Advanced MRO<\/title>\n<meta name=\"robots\" content=\"index, follow, max-snippet:-1, max-image-preview:large, max-video-preview:-1\" \/>\n<link rel=\"canonical\" href=\"https:\/\/advancedmro.com\/es\/producto\/ribbon-de-ceraresina-la8\/\" \/>\n<meta property=\"og:locale\" content=\"es_ES\" \/>\n<meta property=\"og:type\" content=\"article\" \/>\n<meta property=\"og:title\" content=\"Ribbon de Cera\/Resina LA8\" \/>\n<meta property=\"og:description\" content=\"Cintas de cera\/resina son una combinaci\u00f3n de sustancias colorantes a base de cera y resina en la que la resina tiene un mayor porcentaje. Est\u00e1n hechas de dos o m\u00e1s capas. Las resinas son m\u00e1s duraderas que la cera y por consequencia tienen m\u00e1s durabilidad, resistencia qu\u00edmica y son m\u00e1s dif\u00edciles de borrarse. Tambi\u00e9n aseguran una excelente definici\u00f3n a la hora de imprimir.  Las Cintas de cera \/ resina se pueden utilizar con superficies brillantes o lisas, y materiales sint\u00e9ticos. La velocidad de impresi\u00f3n de 16 pulgadas por segundo se pueden lograr con cintas de cera \/ resina. Tambi\u00e9n se puede utilizar para todos los efectos en los que se utilizan las cintas de cera pero que existe la posibilidad de da\u00f1o o rasgu\u00f1o.\" \/>\n<meta property=\"og:url\" content=\"https:\/\/advancedmro.com\/es\/producto\/ribbon-de-ceraresina-la8\/\" \/>\n<meta property=\"og:site_name\" content=\"Advanced MRO\" \/>\n<meta property=\"article:modified_time\" content=\"2013-10-13T23:34:53+00:00\" \/>\n<meta property=\"og:image\" content=\"https:\/\/advancedmro.com\/es\/wp-content\/uploads\/2013\/09\/Cera-Resina-LA8.gif\" \/>\n\t<meta property=\"og:image:width\" content=\"461\" \/>\n\t<meta property=\"og:image:height\" content=\"440\" \/>\n\t<meta property=\"og:image:type\" content=\"image\/gif\" \/>\n<script type=\"application\/ld+json\" class=\"yoast-schema-graph\">{\"@context\":\"https:\/\/schema.org\",\"@graph\":[{\"@type\":\"WebPage\",\"@id\":\"https:\/\/advancedmro.com\/es\/producto\/ribbon-de-ceraresina-la8\/\",\"url\":\"https:\/\/advancedmro.com\/es\/producto\/ribbon-de-ceraresina-la8\/\",\"name\":\"Ribbon de Cera\/Resina LA8 - Advanced MRO\",\"isPartOf\":{\"@id\":\"http:\/\/advancedmro.com\/es\/#website\"},\"primaryImageOfPage\":{\"@id\":\"https:\/\/advancedmro.com\/es\/producto\/ribbon-de-ceraresina-la8\/#primaryimage\"},\"image\":{\"@id\":\"https:\/\/advancedmro.com\/es\/producto\/ribbon-de-ceraresina-la8\/#primaryimage\"},\"thumbnailUrl\":\"http:\/\/advancedmro.com\/es\/wp-content\/uploads\/2013\/09\/Cera-Resina-LA8.gif\",\"datePublished\":\"2013-09-28T22:14:08+00:00\",\"dateModified\":\"2013-10-13T23:34:53+00:00\",\"breadcrumb\":{\"@id\":\"https:\/\/advancedmro.com\/es\/producto\/ribbon-de-ceraresina-la8\/#breadcrumb\"},\"inLanguage\":\"es\",\"potentialAction\":[{\"@type\":\"ReadAction\",\"target\":[\"https:\/\/advancedmro.com\/es\/producto\/ribbon-de-ceraresina-la8\/\"]}]},{\"@type\":\"ImageObject\",\"inLanguage\":\"es\",\"@id\":\"https:\/\/advancedmro.com\/es\/producto\/ribbon-de-ceraresina-la8\/#primaryimage\",\"url\":\"http:\/\/advancedmro.com\/es\/wp-content\/uploads\/2013\/09\/Cera-Resina-LA8.gif\",\"contentUrl\":\"http:\/\/advancedmro.com\/es\/wp-content\/uploads\/2013\/09\/Cera-Resina-LA8.gif\",\"width\":461,\"height\":440},{\"@type\":\"BreadcrumbList\",\"@id\":\"https:\/\/advancedmro.com\/es\/producto\/ribbon-de-ceraresina-la8\/#breadcrumb\",\"itemListElement\":[{\"@type\":\"ListItem\",\"position\":1,\"name\":\"Home\",\"item\":\"http:\/\/advancedmro.com\/es\/\"},{\"@type\":\"ListItem\",\"position\":2,\"name\":\"Productos\",\"item\":\"https:\/\/advancedmro.com\/es\/productos\/\"},{\"@type\":\"ListItem\",\"position\":3,\"name\":\"Ribbon de Cera\/Resina LA8\"}]},{\"@type\":\"WebSite\",\"@id\":\"http:\/\/advancedmro.com\/es\/#website\",\"url\":\"http:\/\/advancedmro.com\/es\/\",\"name\":\"Advanced MRO\",\"description\":\"Reduciendo Costos Y Aumentando La Calidad Y Rendimiento\",\"potentialAction\":[{\"@type\":\"SearchAction\",\"target\":{\"@type\":\"EntryPoint\",\"urlTemplate\":\"http:\/\/advancedmro.com\/es\/?s={search_term_string}\"},\"query-input\":{\"@type\":\"PropertyValueSpecification\",\"valueRequired\":true,\"valueName\":\"search_term_string\"}}],\"inLanguage\":\"es\"}]}<\/script>\n<!-- \/ Yoast SEO Premium plugin. -->","yoast_head_json":{"title":"Ribbon de Cera\/Resina LA8 - Advanced MRO","robots":{"index":"index","follow":"follow","max-snippet":"max-snippet:-1","max-image-preview":"max-image-preview:large","max-video-preview":"max-video-preview:-1"},"canonical":"https:\/\/advancedmro.com\/es\/producto\/ribbon-de-ceraresina-la8\/","og_locale":"es_ES","og_type":"article","og_title":"Ribbon de Cera\/Resina LA8","og_description":"Cintas de cera\/resina son una combinaci\u00f3n de sustancias colorantes a base de cera y resina en la que la resina tiene un mayor porcentaje. Est\u00e1n hechas de dos o m\u00e1s capas. Las resinas son m\u00e1s duraderas que la cera y por consequencia tienen m\u00e1s durabilidad, resistencia qu\u00edmica y son m\u00e1s dif\u00edciles de borrarse. Tambi\u00e9n aseguran una excelente definici\u00f3n a la hora de imprimir.  Las Cintas de cera \/ resina se pueden utilizar con superficies brillantes o lisas, y materiales sint\u00e9ticos. La velocidad de impresi\u00f3n de 16 pulgadas por segundo se pueden lograr con cintas de cera \/ resina. Tambi\u00e9n se puede utilizar para todos los efectos en los que se utilizan las cintas de cera pero que existe la posibilidad de da\u00f1o o rasgu\u00f1o.","og_url":"https:\/\/advancedmro.com\/es\/producto\/ribbon-de-ceraresina-la8\/","og_site_name":"Advanced MRO","article_modified_time":"2013-10-13T23:34:53+00:00","og_image":[{"width":461,"height":440,"url":"https:\/\/advancedmro.com\/es\/wp-content\/uploads\/2013\/09\/Cera-Resina-LA8.gif","type":"image\/gif"}],"schema":{"@context":"https:\/\/schema.org","@graph":[{"@type":"WebPage","@id":"https:\/\/advancedmro.com\/es\/producto\/ribbon-de-ceraresina-la8\/","url":"https:\/\/advancedmro.com\/es\/producto\/ribbon-de-ceraresina-la8\/","name":"Ribbon de Cera\/Resina LA8 - Advanced MRO","isPartOf":{"@id":"http:\/\/advancedmro.com\/es\/#website"},"primaryImageOfPage":{"@id":"https:\/\/advancedmro.com\/es\/producto\/ribbon-de-ceraresina-la8\/#primaryimage"},"image":{"@id":"https:\/\/advancedmro.com\/es\/producto\/ribbon-de-ceraresina-la8\/#primaryimage"},"thumbnailUrl":"http:\/\/advancedmro.com\/es\/wp-content\/uploads\/2013\/09\/Cera-Resina-LA8.gif","datePublished":"2013-09-28T22:14:08+00:00","dateModified":"2013-10-13T23:34:53+00:00","breadcrumb":{"@id":"https:\/\/advancedmro.com\/es\/producto\/ribbon-de-ceraresina-la8\/#breadcrumb"},"inLanguage":"es","potentialAction":[{"@type":"ReadAction","target":["https:\/\/advancedmro.com\/es\/producto\/ribbon-de-ceraresina-la8\/"]}]},{"@type":"ImageObject","inLanguage":"es","@id":"https:\/\/advancedmro.com\/es\/producto\/ribbon-de-ceraresina-la8\/#primaryimage","url":"http:\/\/advancedmro.com\/es\/wp-content\/uploads\/2013\/09\/Cera-Resina-LA8.gif","contentUrl":"http:\/\/advancedmro.com\/es\/wp-content\/uploads\/2013\/09\/Cera-Resina-LA8.gif","width":461,"height":440},{"@type":"BreadcrumbList","@id":"https:\/\/advancedmro.com\/es\/producto\/ribbon-de-ceraresina-la8\/#breadcrumb","itemListElement":[{"@type":"ListItem","position":1,"name":"Home","item":"http:\/\/advancedmro.com\/es\/"},{"@type":"ListItem","position":2,"name":"Productos","item":"https:\/\/advancedmro.com\/es\/productos\/"},{"@type":"ListItem","position":3,"name":"Ribbon de Cera\/Resina LA8"}]},{"@type":"WebSite","@id":"http:\/\/advancedmro.com\/es\/#website","url":"http:\/\/advancedmro.com\/es\/","name":"Advanced MRO","description":"Reduciendo Costos Y Aumentando La Calidad Y Rendimiento","potentialAction":[{"@type":"SearchAction","target":{"@type":"EntryPoint","urlTemplate":"http:\/\/advancedmro.com\/es\/?s={search_term_string}"},"query-input":{"@type":"PropertyValueSpecification","valueRequired":true,"valueName":"search_term_string"}}],"inLanguage":"es"}]}},"_links":{"self":[{"href":"http:\/\/advancedmro.com\/es\/wp-json\/wp\/v2\/product\/156","targetHints":{"allow":["GET"]}}],"collection":[{"href":"http:\/\/advancedmro.com\/es\/wp-json\/wp\/v2\/product"}],"about":[{"href":"http:\/\/advancedmro.com\/es\/wp-json\/wp\/v2\/types\/product"}],"replies":[{"embeddable":true,"href":"http:\/\/advancedmro.com\/es\/wp-json\/wp\/v2\/comments?post=156"}],"wp:featuredmedia":[{"embeddable":true,"href":"http:\/\/advancedmro.com\/es\/wp-json\/wp\/v2\/media\/256"}],"wp:attachment":[{"href":"http:\/\/advancedmro.com\/es\/wp-json\/wp\/v2\/media?parent=156"}],"wp:term":[{"taxonomy":"product_brand","embeddable":true,"href":"http:\/\/advancedmro.com\/es\/wp-json\/wp\/v2\/product_brand?post=156"},{"taxonomy":"product_cat","embeddable":true,"href":"http:\/\/advancedmro.com\/es\/wp-json\/wp\/v2\/product_cat?post=156"},{"taxonomy":"product_tag","embeddable":true,"href":"http:\/\/advancedmro.com\/es\/wp-json\/wp\/v2\/product_tag?post=156"}],"curies":[{"name":"wp","href":"https:\/\/api.w.org\/{rel}","templated":true}]}}