{"id":130,"date":"2013-09-28T19:46:22","date_gmt":"2013-09-28T19:46:22","guid":{"rendered":"http:\/\/advancedmro.com\/es\/?post_type=product&#038;p=130"},"modified":"2018-05-10T22:38:07","modified_gmt":"2018-05-10T22:38:07","slug":"ribbon-de-resina","status":"publish","type":"product","link":"http:\/\/advancedmro.com\/es\/producto\/ribbon-de-resina\/","title":{"rendered":"Ribbon de Resina HL32 Ambiente Aspero"},"content":{"rendered":"<p>Necesitas una medida especial?\u00a0<a title=\"Permalink to Cont\u00e1ctanos\" href=\"http:\/\/advancedmro.com\/es\/contactanos\/\" rel=\"bookmark\">Cont\u00e1ctanos<\/a><\/p>\n\n<table id=\"tablepress-4\" class=\"tablepress tablepress-id-4\">\n<thead>\n<tr class=\"row-1\">\n\t<th class=\"column-1\">Numero de Parte<\/th><th class=\"column-2\">Medida Americana<\/th><th class=\"column-3\">Medida Metrica <\/th><th class=\"column-4\">Mas Informaci\u00f3n<\/th>\n<\/tr>\n<\/thead>\n<tbody class=\"row-striping row-hover\">\n<tr class=\"row-2\">\n\t<td class=\"column-1\">T32-0248<br \/>\n<\/td><td class=\"column-2\">1.60\"x1345'<\/td><td class=\"column-3\">40MMX410M<\/td><td class=\"column-4\">CSI  RESIN HL 32<\/td>\n<\/tr>\n<\/tbody>\n<\/table>\n<!-- #tablepress-4 from cache -->\n","protected":false},"excerpt":{"rendered":"<p>Con cintas de resina \u00a0la impresi\u00f3n de im\u00e1genes tiene una alta resistencia a los productos qu\u00edmicos, al calor, resistencia a la abrasi\u00f3n y otras condiciones ambientales. Las cintas de resina son m\u00e1s adecuadas para su uso en la confecci\u00f3n textil y prendas de vestir como etiquetas (tafet\u00e1n \/ satinado), materiales de revestimiento de alto brillo como poli\u00e9steres, poli olefinas, vinilo destructible, etiquetas de garant\u00eda, etiquetas que deben ser expuestas a ambientes hostiles como las etiquetas de tambor qu\u00edmico, etiquetado medico y farmac\u00e9utica, as\u00ed como en aplicaciones industriales y automotriz.<\/p>\n<p>Nuestras cintas est\u00e1n probadas para la compatibilidad con las impresoras m\u00e1s populares. Compatible con Zebra, Intermac, Datamax, Sato y otras impresoras de transferencia t\u00e9rmica. Tenemos una gran variedad de medidas de cintas de resina en inventario. Si no encuentras una medida espec\u00edfica p\u00f3ngase en contacto con nosotros.<\/p>\n<p>Todos nuestras cintas t\u00e9rmicas est\u00e1n hechas en EUA.<\/p>\n<p>&nbsp;<\/p>\n","protected":false},"featured_media":253,"comment_status":"open","ping_status":"closed","template":"","meta":[],"product_brand":[],"product_cat":[109],"product_tag":[147],"class_list":{"0":"post-130","1":"product","2":"type-product","3":"status-publish","4":"has-post-thumbnail","6":"product_cat-cinta-de-transferencia-termica","7":"product_tag-ribbon-de-resina-tijuana","8":"post","9":"post-with-thumbnail","10":"post-with-thumbnail-large","12":"first","13":"instock","14":"shipping-taxable","15":"product-type-simple"},"yoast_head":"<!-- This site is optimized with the Yoast SEO Premium plugin v26.4 (Yoast SEO v26.9) - https:\/\/yoast.com\/product\/yoast-seo-premium-wordpress\/ -->\n<title>Ribbon de Resina para Impresoras T\u00e9rmicas - Advanced MRO Tijuana<\/title>\n<meta name=\"description\" content=\"Ribbon de Resina para todo tipo de impresoras t\u00e9rmicas, como Zebra, Datamax, Intermec. El mejor precio del mercado grantizado. LLamanos al 664 449 4205\" \/>\n<meta name=\"robots\" content=\"index, follow, max-snippet:-1, max-image-preview:large, max-video-preview:-1\" \/>\n<link rel=\"canonical\" href=\"http:\/\/advancedmro.com\/es\/producto\/ribbon-de-resina\/\" \/>\n<meta property=\"og:locale\" content=\"es_ES\" \/>\n<meta property=\"og:type\" content=\"article\" \/>\n<meta property=\"og:title\" content=\"Ribbon de Resina HL32 Ambiente Aspero\" \/>\n<meta property=\"og:description\" content=\"Ribbon de Resina para todo tipo de impresoras t\u00e9rmicas, como Zebra, Datamax, Intermec. El mejor precio del mercado grantizado. LLamanos al 664 449 4205\" \/>\n<meta property=\"og:url\" content=\"http:\/\/advancedmro.com\/es\/producto\/ribbon-de-resina\/\" \/>\n<meta property=\"og:site_name\" content=\"Advanced MRO\" \/>\n<meta property=\"article:modified_time\" content=\"2018-05-10T22:38:07+00:00\" \/>\n<meta property=\"og:image\" content=\"http:\/\/advancedmro.com\/es\/wp-content\/uploads\/2013\/09\/Cina-de-Resina.gif\" \/>\n\t<meta property=\"og:image:width\" content=\"461\" \/>\n\t<meta property=\"og:image:height\" content=\"440\" \/>\n\t<meta property=\"og:image:type\" content=\"image\/gif\" \/>\n<script type=\"application\/ld+json\" class=\"yoast-schema-graph\">{\"@context\":\"https:\/\/schema.org\",\"@graph\":[{\"@type\":\"WebPage\",\"@id\":\"http:\/\/advancedmro.com\/es\/producto\/ribbon-de-resina\/\",\"url\":\"http:\/\/advancedmro.com\/es\/producto\/ribbon-de-resina\/\",\"name\":\"Ribbon de Resina para Impresoras T\u00e9rmicas - Advanced MRO Tijuana\",\"isPartOf\":{\"@id\":\"http:\/\/advancedmro.com\/es\/#website\"},\"primaryImageOfPage\":{\"@id\":\"http:\/\/advancedmro.com\/es\/producto\/ribbon-de-resina\/#primaryimage\"},\"image\":{\"@id\":\"http:\/\/advancedmro.com\/es\/producto\/ribbon-de-resina\/#primaryimage\"},\"thumbnailUrl\":\"http:\/\/advancedmro.com\/es\/wp-content\/uploads\/2013\/09\/Cina-de-Resina.gif\",\"datePublished\":\"2013-09-28T19:46:22+00:00\",\"dateModified\":\"2018-05-10T22:38:07+00:00\",\"description\":\"Ribbon de Resina para todo tipo de impresoras t\u00e9rmicas, como Zebra, Datamax, Intermec. El mejor precio del mercado grantizado. LLamanos al 664 449 4205\",\"breadcrumb\":{\"@id\":\"http:\/\/advancedmro.com\/es\/producto\/ribbon-de-resina\/#breadcrumb\"},\"inLanguage\":\"es\",\"potentialAction\":[{\"@type\":\"ReadAction\",\"target\":[\"http:\/\/advancedmro.com\/es\/producto\/ribbon-de-resina\/\"]}]},{\"@type\":\"ImageObject\",\"inLanguage\":\"es\",\"@id\":\"http:\/\/advancedmro.com\/es\/producto\/ribbon-de-resina\/#primaryimage\",\"url\":\"http:\/\/advancedmro.com\/es\/wp-content\/uploads\/2013\/09\/Cina-de-Resina.gif\",\"contentUrl\":\"http:\/\/advancedmro.com\/es\/wp-content\/uploads\/2013\/09\/Cina-de-Resina.gif\",\"width\":461,\"height\":440},{\"@type\":\"BreadcrumbList\",\"@id\":\"http:\/\/advancedmro.com\/es\/producto\/ribbon-de-resina\/#breadcrumb\",\"itemListElement\":[{\"@type\":\"ListItem\",\"position\":1,\"name\":\"Home\",\"item\":\"http:\/\/advancedmro.com\/es\/\"},{\"@type\":\"ListItem\",\"position\":2,\"name\":\"Productos\",\"item\":\"https:\/\/advancedmro.com\/es\/productos\/\"},{\"@type\":\"ListItem\",\"position\":3,\"name\":\"Ribbon de Resina HL32 Ambiente Aspero\"}]},{\"@type\":\"WebSite\",\"@id\":\"http:\/\/advancedmro.com\/es\/#website\",\"url\":\"http:\/\/advancedmro.com\/es\/\",\"name\":\"Advanced MRO\",\"description\":\"Reduciendo Costos Y Aumentando La Calidad Y Rendimiento\",\"potentialAction\":[{\"@type\":\"SearchAction\",\"target\":{\"@type\":\"EntryPoint\",\"urlTemplate\":\"http:\/\/advancedmro.com\/es\/?s={search_term_string}\"},\"query-input\":{\"@type\":\"PropertyValueSpecification\",\"valueRequired\":true,\"valueName\":\"search_term_string\"}}],\"inLanguage\":\"es\"}]}<\/script>\n<!-- \/ Yoast SEO Premium plugin. -->","yoast_head_json":{"title":"Ribbon de Resina para Impresoras T\u00e9rmicas - Advanced MRO Tijuana","description":"Ribbon de Resina para todo tipo de impresoras t\u00e9rmicas, como Zebra, Datamax, Intermec. El mejor precio del mercado grantizado. LLamanos al 664 449 4205","robots":{"index":"index","follow":"follow","max-snippet":"max-snippet:-1","max-image-preview":"max-image-preview:large","max-video-preview":"max-video-preview:-1"},"canonical":"http:\/\/advancedmro.com\/es\/producto\/ribbon-de-resina\/","og_locale":"es_ES","og_type":"article","og_title":"Ribbon de Resina HL32 Ambiente Aspero","og_description":"Ribbon de Resina para todo tipo de impresoras t\u00e9rmicas, como Zebra, Datamax, Intermec. El mejor precio del mercado grantizado. LLamanos al 664 449 4205","og_url":"http:\/\/advancedmro.com\/es\/producto\/ribbon-de-resina\/","og_site_name":"Advanced MRO","article_modified_time":"2018-05-10T22:38:07+00:00","og_image":[{"width":461,"height":440,"url":"http:\/\/advancedmro.com\/es\/wp-content\/uploads\/2013\/09\/Cina-de-Resina.gif","type":"image\/gif"}],"schema":{"@context":"https:\/\/schema.org","@graph":[{"@type":"WebPage","@id":"http:\/\/advancedmro.com\/es\/producto\/ribbon-de-resina\/","url":"http:\/\/advancedmro.com\/es\/producto\/ribbon-de-resina\/","name":"Ribbon de Resina para Impresoras T\u00e9rmicas - Advanced MRO Tijuana","isPartOf":{"@id":"http:\/\/advancedmro.com\/es\/#website"},"primaryImageOfPage":{"@id":"http:\/\/advancedmro.com\/es\/producto\/ribbon-de-resina\/#primaryimage"},"image":{"@id":"http:\/\/advancedmro.com\/es\/producto\/ribbon-de-resina\/#primaryimage"},"thumbnailUrl":"http:\/\/advancedmro.com\/es\/wp-content\/uploads\/2013\/09\/Cina-de-Resina.gif","datePublished":"2013-09-28T19:46:22+00:00","dateModified":"2018-05-10T22:38:07+00:00","description":"Ribbon de Resina para todo tipo de impresoras t\u00e9rmicas, como Zebra, Datamax, Intermec. El mejor precio del mercado grantizado. LLamanos al 664 449 4205","breadcrumb":{"@id":"http:\/\/advancedmro.com\/es\/producto\/ribbon-de-resina\/#breadcrumb"},"inLanguage":"es","potentialAction":[{"@type":"ReadAction","target":["http:\/\/advancedmro.com\/es\/producto\/ribbon-de-resina\/"]}]},{"@type":"ImageObject","inLanguage":"es","@id":"http:\/\/advancedmro.com\/es\/producto\/ribbon-de-resina\/#primaryimage","url":"http:\/\/advancedmro.com\/es\/wp-content\/uploads\/2013\/09\/Cina-de-Resina.gif","contentUrl":"http:\/\/advancedmro.com\/es\/wp-content\/uploads\/2013\/09\/Cina-de-Resina.gif","width":461,"height":440},{"@type":"BreadcrumbList","@id":"http:\/\/advancedmro.com\/es\/producto\/ribbon-de-resina\/#breadcrumb","itemListElement":[{"@type":"ListItem","position":1,"name":"Home","item":"http:\/\/advancedmro.com\/es\/"},{"@type":"ListItem","position":2,"name":"Productos","item":"https:\/\/advancedmro.com\/es\/productos\/"},{"@type":"ListItem","position":3,"name":"Ribbon de Resina HL32 Ambiente Aspero"}]},{"@type":"WebSite","@id":"http:\/\/advancedmro.com\/es\/#website","url":"http:\/\/advancedmro.com\/es\/","name":"Advanced MRO","description":"Reduciendo Costos Y Aumentando La Calidad Y Rendimiento","potentialAction":[{"@type":"SearchAction","target":{"@type":"EntryPoint","urlTemplate":"http:\/\/advancedmro.com\/es\/?s={search_term_string}"},"query-input":{"@type":"PropertyValueSpecification","valueRequired":true,"valueName":"search_term_string"}}],"inLanguage":"es"}]}},"_links":{"self":[{"href":"http:\/\/advancedmro.com\/es\/wp-json\/wp\/v2\/product\/130","targetHints":{"allow":["GET"]}}],"collection":[{"href":"http:\/\/advancedmro.com\/es\/wp-json\/wp\/v2\/product"}],"about":[{"href":"http:\/\/advancedmro.com\/es\/wp-json\/wp\/v2\/types\/product"}],"replies":[{"embeddable":true,"href":"http:\/\/advancedmro.com\/es\/wp-json\/wp\/v2\/comments?post=130"}],"wp:featuredmedia":[{"embeddable":true,"href":"http:\/\/advancedmro.com\/es\/wp-json\/wp\/v2\/media\/253"}],"wp:attachment":[{"href":"http:\/\/advancedmro.com\/es\/wp-json\/wp\/v2\/media?parent=130"}],"wp:term":[{"taxonomy":"product_brand","embeddable":true,"href":"http:\/\/advancedmro.com\/es\/wp-json\/wp\/v2\/product_brand?post=130"},{"taxonomy":"product_cat","embeddable":true,"href":"http:\/\/advancedmro.com\/es\/wp-json\/wp\/v2\/product_cat?post=130"},{"taxonomy":"product_tag","embeddable":true,"href":"http:\/\/advancedmro.com\/es\/wp-json\/wp\/v2\/product_tag?post=130"}],"curies":[{"name":"wp","href":"https:\/\/api.w.org\/{rel}","templated":true}]}}