{"id":129,"date":"2013-09-28T19:45:49","date_gmt":"2013-09-28T19:45:49","guid":{"rendered":"http:\/\/advancedmro.com\/es\/?post_type=product&#038;p=129"},"modified":"2015-04-28T00:08:17","modified_gmt":"2015-04-28T00:08:17","slug":"ribbon-de-cerawax","status":"publish","type":"product","link":"http:\/\/advancedmro.com\/es\/producto\/ribbon-de-cerawax\/","title":{"rendered":"Cinta\/Ribbon de Cera"},"content":{"rendered":"\n<table id=\"tablepress-2\" class=\"tablepress tablepress-id-2\">\n<thead>\n<tr class=\"row-1\">\n\t<th class=\"column-1\">Numero de Parte <\/th><th class=\"column-2\">Medida Americana<\/th><th class=\"column-3\">Medida Metrica<\/th><th class=\"column-4\">Especificaciones<\/th>\n<\/tr>\n<\/thead>\n<tbody class=\"row-striping row-hover\">\n<tr class=\"row-2\">\n\t<td class=\"column-1\">CTTO-0433-1476-C<\/td><td class=\"column-2\">4.33\"x1476'<\/td><td class=\"column-3\">110MMX450M <\/td><td class=\"column-4\"><a href=\"http:\/\/advancedmro.com\/es\/PDF\/Cinta%20Cera%200433x1476.pdf\" target=\"_blank\">Ver PDF<\/a><\/td>\n<\/tr>\n<tr class=\"row-3\">\n\t<td class=\"column-1\">CTTI-0400-1181-C<\/td><td class=\"column-2\">4.00\"x1181'<\/td><td class=\"column-3\">102MMX360MM <\/td><td class=\"column-4\"><a href=\"http:\/\/advancedmro.com\/es\/PDF\/Cinta%20Cera%200400x1181.pdf\" target=\"_blank\">Ver PDF<\/a><\/td>\n<\/tr>\n<tr class=\"row-4\">\n\t<td class=\"column-1\">CTTO-0551-0558-C<\/td><td class=\"column-2\">5.51\"X558'<\/td><td class=\"column-3\"> 140MMX170M <\/td><td class=\"column-4\">CSO WAX<\/td>\n<\/tr>\n<tr class=\"row-5\">\n\t<td class=\"column-1\">CTTI-0400-1969-C<\/td><td class=\"column-2\">4.00\"x1969'<\/td><td class=\"column-3\">102MMX600M  <\/td><td class=\"column-4\">CSI WAX<\/td>\n<\/tr>\n<tr class=\"row-6\">\n\t<td class=\"column-1\">CTTI-0400-1345-C<\/td><td class=\"column-2\">4.00\"x1345'<\/td><td class=\"column-3\">102MMx410M <\/td><td class=\"column-4\"><a href=\"http:\/\/advancedmro.com\/es\/PDF\/Cinta%20Cera%200400x1345.pdf\" target=\"_blank\">Ver PDF<\/a><\/td>\n<\/tr>\n<tr class=\"row-7\">\n\t<td class=\"column-1\">CTTI-0433-1345-C<\/td><td class=\"column-2\">4.33x1345<\/td><td class=\"column-3\">110MMX410M <\/td><td class=\"column-4\">CSI WAX<\/td>\n<\/tr>\n<tr class=\"row-8\">\n\t<td class=\"column-1\">CTTO-0315-0984-C<\/td><td class=\"column-2\">3.15\" x 984'<\/td><td class=\"column-3\">80MMX300M <\/td><td class=\"column-4\">CSO WAX<\/td>\n<\/tr>\n<tr class=\"row-9\">\n\t<td class=\"column-1\">CTTO-0327-0984-C<\/td><td class=\"column-2\">3.27\"x984'<\/td><td class=\"column-3\">83MMX300M <\/td><td class=\"column-4\">CSO WAX<\/td>\n<\/tr>\n<tr class=\"row-10\">\n\t<td class=\"column-1\">CTTO-0433-0984-C<\/td><td class=\"column-2\">4.33\"x984'<\/td><td class=\"column-3\"> 110MMX300M <\/td><td class=\"column-4\">CSO WAX<\/td>\n<\/tr>\n<tr class=\"row-11\">\n\t<td class=\"column-1\">CTTO-0512-1476-C<\/td><td class=\"column-2\">5.12\"x1476'<\/td><td class=\"column-3\">130MMX450M <\/td><td class=\"column-4\">CSO WAX<\/td>\n<\/tr>\n<tr class=\"row-12\">\n\t<td class=\"column-1\">CTTO-0551-1476-C<\/td><td class=\"column-2\">5.51\"x1476'<\/td><td class=\"column-3\">140MMX450M  <\/td><td class=\"column-4\">CSO WAX<\/td>\n<\/tr>\n<tr class=\"row-13\">\n\t<td class=\"column-1\">CTTO-0512-0984-C<\/td><td class=\"column-2\">5.12\"x984'<\/td><td class=\"column-3\">130MMX300M<\/td><td class=\"column-4\">CSO WAX<\/td>\n<\/tr>\n<tr class=\"row-14\">\n\t<td class=\"column-1\">CTTO-0650-0984-C<\/td><td class=\"column-2\">6.50\"x984'<\/td><td class=\"column-3\">165MMX300M <\/td><td class=\"column-4\">CSO WAX<\/td>\n<\/tr>\n<tr class=\"row-15\">\n\t<td class=\"column-1\">CTTI-0433-1181-C<\/td><td class=\"column-2\">4.33\"x1181'<\/td><td class=\"column-3\">110MMX360M <\/td><td class=\"column-4\">CSI WAX<\/td>\n<\/tr>\n<tr class=\"row-16\">\n\t<td class=\"column-1\">CTTI-0236-1181-C<\/td><td class=\"column-2\">2.36\"x1181'<\/td><td class=\"column-3\">60MMX360M <\/td><td class=\"column-4\">CSI WAX<\/td>\n<\/tr>\n<tr class=\"row-17\">\n\t<td class=\"column-1\">CTTO-0260-0984-C<\/td><td class=\"column-2\">2.60\"x984'<\/td><td class=\"column-3\">60MMX300M <\/td><td class=\"column-4\">CSO WAX<\/td>\n<\/tr>\n<tr class=\"row-18\">\n\t<td class=\"column-1\">CTTI-0252-1181-C<\/td><td class=\"column-2\">2.52\"x1181'<\/td><td class=\"column-3\">64MMX360M <\/td><td class=\"column-4\">CSI WAX<\/td>\n<\/tr>\n<tr class=\"row-19\">\n\t<td class=\"column-1\">CTTO-0252-0984-C<\/td><td class=\"column-2\">2.52\"x984'<\/td><td class=\"column-3\">64MMX300 <\/td><td class=\"column-4\">CSO WAX<\/td>\n<\/tr>\n<tr class=\"row-20\">\n\t<td class=\"column-1\">CTTO-0327-1476-C<\/td><td class=\"column-2\">3.27\"x1476'<\/td><td class=\"column-3\">83MMX450M<\/td><td class=\"column-4\">CSO WAX<\/td>\n<\/tr>\n<tr class=\"row-21\">\n\t<td class=\"column-1\">CTTI-0260-1969-C<\/td><td class=\"column-2\">2.60\"x1969'<\/td><td class=\"column-3\">60MMX600M <\/td><td class=\"column-4\">CSI WAX<\/td>\n<\/tr>\n<tr class=\"row-22\">\n\t<td class=\"column-1\">CTTI-0252-1969-C<\/td><td class=\"column-2\">2.52\"x1969'<\/td><td class=\"column-3\">64MMX600M <\/td><td class=\"column-4\">CSI WAX<\/td>\n<\/tr>\n<tr class=\"row-23\">\n\t<td class=\"column-1\">CTTI-0260-1181-C<\/td><td class=\"column-2\">2.6\"x1181'<\/td><td class=\"column-3\">60MMX360M <\/td><td class=\"column-4\">CSI WAX<\/td>\n<\/tr>\n<tr class=\"row-24\">\n\t<td class=\"column-1\">CTTI-0157-1181-C<\/td><td class=\"column-2\">1.57\"x1181'<\/td><td class=\"column-3\">.40MMX360M<\/td><td class=\"column-4\">CSI WAX<\/td>\n<\/tr>\n<tr class=\"row-25\">\n\t<td class=\"column-1\">CTTO-0315-1476-C<\/td><td class=\"column-2\">3.15\"x1476'<\/td><td class=\"column-3\">80MMX450M <\/td><td class=\"column-4\">CSO WAX<\/td>\n<\/tr>\n<tr class=\"row-26\">\n\t<td class=\"column-1\">CTTO-0157-1476-C<\/td><td class=\"column-2\">1.57\"x1476'<\/td><td class=\"column-3\"> 90MMX450M <\/td><td class=\"column-4\"><a href=\"http:\/\/advancedmro.com\/es\/PDF\/Cinta%20Cera%200157x1476.pdf\" target=\"_blank\">Ver PDF<\/a><\/td>\n<\/tr>\n<tr class=\"row-27\">\n\t<td class=\"column-1\">CTTO-0650-0984-C<\/td><td class=\"column-2\">6.50\"x984'<\/td><td class=\"column-3\">165MMX300M <\/td><td class=\"column-4\">CSO WAX<\/td>\n<\/tr>\n<tr class=\"row-28\">\n\t<td class=\"column-1\">CTTO-0402-0984-C<\/td><td class=\"column-2\">4.02\"x984'<\/td><td class=\"column-3\"> 102MMX300M <\/td><td class=\"column-4\">CSO WAX<\/td>\n<\/tr>\n<tr class=\"row-29\">\n\t<td class=\"column-1\">CTTO-0402-1476-C<\/td><td class=\"column-2\">4.02\"x1476'<\/td><td class=\"column-3\">102MM X 450M <\/td><td class=\"column-4\">CSO WAX<\/td>\n<\/tr>\n<tr class=\"row-30\">\n\t<td class=\"column-1\">CTTI-0433-0984-C<\/td><td class=\"column-2\">4.33\"x984'<\/td><td class=\"column-3\">110MMX300M <\/td><td class=\"column-4\">CSI WAX<\/td>\n<\/tr>\n<tr class=\"row-31\">\n\t<td class=\"column-1\">CTTO-0600-0984-C<\/td><td class=\"column-2\">6.00\"x984'<\/td><td class=\"column-3\">152MMX300M <\/td><td class=\"column-4\">CSO WAX<\/td>\n<\/tr>\n<tr class=\"row-32\">\n\t<td class=\"column-1\">CTTO-0260-1476-C<\/td><td class=\"column-2\">2.6\"x1476'<\/td><td class=\"column-3\">60MMX450M<\/td><td class=\"column-4\">CSO WAX<\/td>\n<\/tr>\n<tr class=\"row-33\">\n\t<td class=\"column-1\">CTTO-0600-1476-C<\/td><td class=\"column-2\">6.00\"x1476'<\/td><td class=\"column-3\">152MMX450M<\/td><td class=\"column-4\">CSO WAX<\/td>\n<\/tr>\n<tr class=\"row-34\">\n\t<td class=\"column-1\">CTTI-0512-1476-C<\/td><td class=\"column-2\">5.12\"x1476'<\/td><td class=\"column-3\">130MMX450M <\/td><td class=\"column-4\">CSI WAX<\/td>\n<\/tr>\n<tr class=\"row-35\">\n\t<td class=\"column-1\">CTTI-0260-1345-C<\/td><td class=\"column-2\">2.60\"x1345'<\/td><td class=\"column-3\"> 60MMx410M <\/td><td class=\"column-4\">CSI WAX<\/td>\n<\/tr>\n<tr class=\"row-36\">\n\t<td class=\"column-1\">CTTO-0650-1476-C<\/td><td class=\"column-2\">6.50\"x1476'<\/td><td class=\"column-3\">165MMx450M <\/td><td class=\"column-4\">CSO WAX<\/td>\n<\/tr>\n<tr class=\"row-37\">\n\t<td class=\"column-1\">CTTO-0700-1476-C<\/td><td class=\"column-2\">7.00\"x1476'<\/td><td class=\"column-3\">178MMX450M <\/td><td class=\"column-4\">CSO WAX<\/td>\n<\/tr>\n<tr class=\"row-38\">\n\t<td class=\"column-1\">CTTO-0700-1969-C<\/td><td class=\"column-2\">7.00\"x1969'<\/td><td class=\"column-3\">178MMX300M <\/td><td class=\"column-4\">CSO WAX<\/td>\n<\/tr>\n<tr class=\"row-39\">\n\t<td class=\"column-1\">CTTO-0866-1476-C<\/td><td class=\"column-2\">8.66\"x1476'<\/td><td class=\"column-3\">220MMX450M <\/td><td class=\"column-4\">CSO WAX<\/td>\n<\/tr>\n<tr class=\"row-40\">\n\t<td class=\"column-1\">CTTO-0433-0502-C<\/td><td class=\"column-2\">4.33\"x502'<\/td><td class=\"column-3\">110MMx153M<\/td><td class=\"column-4\">CSO WAX<\/td>\n<\/tr>\n<tr class=\"row-41\">\n\t<td class=\"column-1\">CTTI-0160-1345-C<\/td><td class=\"column-2\">1.60\"x1345'<\/td><td class=\"column-3\">40MX410M<\/td><td class=\"column-4\">CSI WAX<\/td>\n<\/tr>\n<tr class=\"row-42\">\n\t<td class=\"column-1\">CTTO-0160-1476-C<\/td><td class=\"column-2\">1.60\"x1476'<\/td><td class=\"column-3\">40MMX450M <\/td><td class=\"column-4\">CSO WAX<\/td>\n<\/tr>\n<tr class=\"row-43\">\n\t<td class=\"column-1\">CTTO-0160-0984-C<\/td><td class=\"column-2\">1.60\"x984'<\/td><td class=\"column-3\">40MMX300M<\/td><td class=\"column-4\">CSO WAX<\/td>\n<\/tr>\n<tr class=\"row-44\">\n\t<td class=\"column-1\">CTTO-0252-0243-C<\/td><td class=\"column-2\">2.52\"x243'<\/td><td class=\"column-3\">64MMX74M  <\/td><td class=\"column-4\">CSO WAX<\/td>\n<\/tr>\n<tr class=\"row-45\">\n\t<td class=\"column-1\">CTTO-0433-2953-C<\/td><td class=\"column-2\">4.33\"x2953'<\/td><td class=\"column-3\">110MMX900M <\/td><td class=\"column-4\">CSO WAX<\/td>\n<\/tr>\n<tr class=\"row-46\">\n\t<td class=\"column-1\">CTTO-0433-0243-C.5<\/td><td class=\"column-2\">4.33\"x243'<\/td><td class=\"column-3\">110MMX74M 1\/2\" CORE<\/td><td class=\"column-4\">Ver PDF<\/td>\n<\/tr>\n<tr class=\"row-47\">\n\t<td class=\"column-1\">CTTO-0327-0243-C.5<\/td><td class=\"column-2\">3.27\"x243'<\/td><td class=\"column-3\">83MMX74M 1\/2\" CORE<\/td><td class=\"column-4\">CSO WAX 1\/2\" CORE<\/td>\n<\/tr>\n<\/tbody>\n<\/table>\n<!-- #tablepress-2 from cache -->\n","protected":false},"excerpt":{"rendered":"<p>Nuestras cintas de cera est\u00e1n dise\u00f1adas y probadas para la compatibilidad con las impresoras mas populares. Estas cintas est\u00e1n formuladas para imprimir hasta 250 mm por segundo en una amplia gama de materiales de papel. La elecci\u00f3n perfecta de baja costo para la impresi\u00f3n de etiquetas de uso general. Compatible con Zebra, Intermac, Datamax, Sato y otras impresoras de transferencia t\u00e9rmica.\u00a0[AnythingPopup id=\"2\"]<\/p>\n<p>Ofrecemos una gran variedad de cintas de cera comunes en inventario. Si no encuentra una medida en nuestra lista p\u00f3ngase en contacto con nosotros para disponibilidad.<\/p>\n<p>Este producto es ideal para su uso con nuestras etiquetas de transferencia t\u00e9rmica. Consulte nuestra selecci\u00f3n de etiquetas de transferencia t\u00e9rmica.<\/p>\n","protected":false},"featured_media":254,"comment_status":"open","ping_status":"closed","template":"","meta":[],"product_brand":[],"product_cat":[109],"product_tag":[48,49,47,50],"class_list":{"0":"post-129","1":"product","2":"type-product","3":"status-publish","4":"has-post-thumbnail","6":"product_cat-cinta-de-transferencia-termica","7":"product_tag-cinta-de-transferencia-termica-tijuana","8":"product_tag-ribbon-de-cera-tijuana","9":"product_tag-ribbon-de-transferencia-termica-tijuana","10":"product_tag-ribbon-de-transferencia-termica-mexico","11":"post","12":"post-with-thumbnail","13":"post-with-thumbnail-large","15":"first","16":"instock","17":"shipping-taxable","18":"product-type-simple"},"yoast_head":"<!-- This site is optimized with the Yoast SEO Premium plugin v26.4 (Yoast SEO v26.9) - https:\/\/yoast.com\/product\/yoast-seo-premium-wordpress\/ -->\n<title>Cinta\/Ribbon de Cera - Advanced MRO<\/title>\n<meta name=\"description\" content=\"Ofrecemos cintas de transferencia t\u00e9rmica para impresi\u00f3n. Elija entre las cintas de cera, cintas de resina, cera \/ resina. Ll\u00e1manos!\" \/>\n<meta name=\"robots\" content=\"index, follow, max-snippet:-1, max-image-preview:large, max-video-preview:-1\" \/>\n<link rel=\"canonical\" href=\"http:\/\/advancedmro.com\/es\/producto\/ribbon-de-cerawax\/\" \/>\n<meta property=\"og:locale\" content=\"es_ES\" \/>\n<meta property=\"og:type\" content=\"article\" \/>\n<meta property=\"og:title\" content=\"Cinta\/Ribbon de Cera\" \/>\n<meta property=\"og:description\" content=\"Ofrecemos cintas de transferencia t\u00e9rmica para impresi\u00f3n. Elija entre las cintas de cera, cintas de resina, cera \/ resina. Ll\u00e1manos!\" \/>\n<meta property=\"og:url\" content=\"http:\/\/advancedmro.com\/es\/producto\/ribbon-de-cerawax\/\" \/>\n<meta property=\"og:site_name\" content=\"Advanced MRO\" \/>\n<meta property=\"article:modified_time\" content=\"2015-04-28T00:08:17+00:00\" \/>\n<meta property=\"og:image\" content=\"http:\/\/advancedmro.com\/es\/wp-content\/uploads\/2013\/09\/Cinta-de-Transferencia-Termica-de-Cera.gif\" \/>\n\t<meta property=\"og:image:width\" content=\"461\" \/>\n\t<meta property=\"og:image:height\" content=\"440\" \/>\n\t<meta property=\"og:image:type\" content=\"image\/gif\" \/>\n<script type=\"application\/ld+json\" class=\"yoast-schema-graph\">{\"@context\":\"https:\/\/schema.org\",\"@graph\":[{\"@type\":\"WebPage\",\"@id\":\"http:\/\/advancedmro.com\/es\/producto\/ribbon-de-cerawax\/\",\"url\":\"http:\/\/advancedmro.com\/es\/producto\/ribbon-de-cerawax\/\",\"name\":\"Cinta\/Ribbon de Cera - Advanced MRO\",\"isPartOf\":{\"@id\":\"http:\/\/advancedmro.com\/es\/#website\"},\"primaryImageOfPage\":{\"@id\":\"http:\/\/advancedmro.com\/es\/producto\/ribbon-de-cerawax\/#primaryimage\"},\"image\":{\"@id\":\"http:\/\/advancedmro.com\/es\/producto\/ribbon-de-cerawax\/#primaryimage\"},\"thumbnailUrl\":\"http:\/\/advancedmro.com\/es\/wp-content\/uploads\/2013\/09\/Cinta-de-Transferencia-Termica-de-Cera.gif\",\"datePublished\":\"2013-09-28T19:45:49+00:00\",\"dateModified\":\"2015-04-28T00:08:17+00:00\",\"description\":\"Ofrecemos cintas de transferencia t\u00e9rmica para impresi\u00f3n. Elija entre las cintas de cera, cintas de resina, cera \/ resina. Ll\u00e1manos!\",\"breadcrumb\":{\"@id\":\"http:\/\/advancedmro.com\/es\/producto\/ribbon-de-cerawax\/#breadcrumb\"},\"inLanguage\":\"es\",\"potentialAction\":[{\"@type\":\"ReadAction\",\"target\":[\"http:\/\/advancedmro.com\/es\/producto\/ribbon-de-cerawax\/\"]}]},{\"@type\":\"ImageObject\",\"inLanguage\":\"es\",\"@id\":\"http:\/\/advancedmro.com\/es\/producto\/ribbon-de-cerawax\/#primaryimage\",\"url\":\"http:\/\/advancedmro.com\/es\/wp-content\/uploads\/2013\/09\/Cinta-de-Transferencia-Termica-de-Cera.gif\",\"contentUrl\":\"http:\/\/advancedmro.com\/es\/wp-content\/uploads\/2013\/09\/Cinta-de-Transferencia-Termica-de-Cera.gif\",\"width\":461,\"height\":440},{\"@type\":\"BreadcrumbList\",\"@id\":\"http:\/\/advancedmro.com\/es\/producto\/ribbon-de-cerawax\/#breadcrumb\",\"itemListElement\":[{\"@type\":\"ListItem\",\"position\":1,\"name\":\"Home\",\"item\":\"http:\/\/advancedmro.com\/es\/\"},{\"@type\":\"ListItem\",\"position\":2,\"name\":\"Productos\",\"item\":\"https:\/\/advancedmro.com\/es\/productos\/\"},{\"@type\":\"ListItem\",\"position\":3,\"name\":\"Cinta\/Ribbon de Cera\"}]},{\"@type\":\"WebSite\",\"@id\":\"http:\/\/advancedmro.com\/es\/#website\",\"url\":\"http:\/\/advancedmro.com\/es\/\",\"name\":\"Advanced MRO\",\"description\":\"Reduciendo Costos Y Aumentando La Calidad Y Rendimiento\",\"potentialAction\":[{\"@type\":\"SearchAction\",\"target\":{\"@type\":\"EntryPoint\",\"urlTemplate\":\"http:\/\/advancedmro.com\/es\/?s={search_term_string}\"},\"query-input\":{\"@type\":\"PropertyValueSpecification\",\"valueRequired\":true,\"valueName\":\"search_term_string\"}}],\"inLanguage\":\"es\"}]}<\/script>\n<!-- \/ Yoast SEO Premium plugin. -->","yoast_head_json":{"title":"Cinta\/Ribbon de Cera - Advanced MRO","description":"Ofrecemos cintas de transferencia t\u00e9rmica para impresi\u00f3n. Elija entre las cintas de cera, cintas de resina, cera \/ resina. Ll\u00e1manos!","robots":{"index":"index","follow":"follow","max-snippet":"max-snippet:-1","max-image-preview":"max-image-preview:large","max-video-preview":"max-video-preview:-1"},"canonical":"http:\/\/advancedmro.com\/es\/producto\/ribbon-de-cerawax\/","og_locale":"es_ES","og_type":"article","og_title":"Cinta\/Ribbon de Cera","og_description":"Ofrecemos cintas de transferencia t\u00e9rmica para impresi\u00f3n. Elija entre las cintas de cera, cintas de resina, cera \/ resina. Ll\u00e1manos!","og_url":"http:\/\/advancedmro.com\/es\/producto\/ribbon-de-cerawax\/","og_site_name":"Advanced MRO","article_modified_time":"2015-04-28T00:08:17+00:00","og_image":[{"width":461,"height":440,"url":"http:\/\/advancedmro.com\/es\/wp-content\/uploads\/2013\/09\/Cinta-de-Transferencia-Termica-de-Cera.gif","type":"image\/gif"}],"schema":{"@context":"https:\/\/schema.org","@graph":[{"@type":"WebPage","@id":"http:\/\/advancedmro.com\/es\/producto\/ribbon-de-cerawax\/","url":"http:\/\/advancedmro.com\/es\/producto\/ribbon-de-cerawax\/","name":"Cinta\/Ribbon de Cera - Advanced MRO","isPartOf":{"@id":"http:\/\/advancedmro.com\/es\/#website"},"primaryImageOfPage":{"@id":"http:\/\/advancedmro.com\/es\/producto\/ribbon-de-cerawax\/#primaryimage"},"image":{"@id":"http:\/\/advancedmro.com\/es\/producto\/ribbon-de-cerawax\/#primaryimage"},"thumbnailUrl":"http:\/\/advancedmro.com\/es\/wp-content\/uploads\/2013\/09\/Cinta-de-Transferencia-Termica-de-Cera.gif","datePublished":"2013-09-28T19:45:49+00:00","dateModified":"2015-04-28T00:08:17+00:00","description":"Ofrecemos cintas de transferencia t\u00e9rmica para impresi\u00f3n. Elija entre las cintas de cera, cintas de resina, cera \/ resina. Ll\u00e1manos!","breadcrumb":{"@id":"http:\/\/advancedmro.com\/es\/producto\/ribbon-de-cerawax\/#breadcrumb"},"inLanguage":"es","potentialAction":[{"@type":"ReadAction","target":["http:\/\/advancedmro.com\/es\/producto\/ribbon-de-cerawax\/"]}]},{"@type":"ImageObject","inLanguage":"es","@id":"http:\/\/advancedmro.com\/es\/producto\/ribbon-de-cerawax\/#primaryimage","url":"http:\/\/advancedmro.com\/es\/wp-content\/uploads\/2013\/09\/Cinta-de-Transferencia-Termica-de-Cera.gif","contentUrl":"http:\/\/advancedmro.com\/es\/wp-content\/uploads\/2013\/09\/Cinta-de-Transferencia-Termica-de-Cera.gif","width":461,"height":440},{"@type":"BreadcrumbList","@id":"http:\/\/advancedmro.com\/es\/producto\/ribbon-de-cerawax\/#breadcrumb","itemListElement":[{"@type":"ListItem","position":1,"name":"Home","item":"http:\/\/advancedmro.com\/es\/"},{"@type":"ListItem","position":2,"name":"Productos","item":"https:\/\/advancedmro.com\/es\/productos\/"},{"@type":"ListItem","position":3,"name":"Cinta\/Ribbon de Cera"}]},{"@type":"WebSite","@id":"http:\/\/advancedmro.com\/es\/#website","url":"http:\/\/advancedmro.com\/es\/","name":"Advanced MRO","description":"Reduciendo Costos Y Aumentando La Calidad Y Rendimiento","potentialAction":[{"@type":"SearchAction","target":{"@type":"EntryPoint","urlTemplate":"http:\/\/advancedmro.com\/es\/?s={search_term_string}"},"query-input":{"@type":"PropertyValueSpecification","valueRequired":true,"valueName":"search_term_string"}}],"inLanguage":"es"}]}},"_links":{"self":[{"href":"http:\/\/advancedmro.com\/es\/wp-json\/wp\/v2\/product\/129","targetHints":{"allow":["GET"]}}],"collection":[{"href":"http:\/\/advancedmro.com\/es\/wp-json\/wp\/v2\/product"}],"about":[{"href":"http:\/\/advancedmro.com\/es\/wp-json\/wp\/v2\/types\/product"}],"replies":[{"embeddable":true,"href":"http:\/\/advancedmro.com\/es\/wp-json\/wp\/v2\/comments?post=129"}],"wp:featuredmedia":[{"embeddable":true,"href":"http:\/\/advancedmro.com\/es\/wp-json\/wp\/v2\/media\/254"}],"wp:attachment":[{"href":"http:\/\/advancedmro.com\/es\/wp-json\/wp\/v2\/media?parent=129"}],"wp:term":[{"taxonomy":"product_brand","embeddable":true,"href":"http:\/\/advancedmro.com\/es\/wp-json\/wp\/v2\/product_brand?post=129"},{"taxonomy":"product_cat","embeddable":true,"href":"http:\/\/advancedmro.com\/es\/wp-json\/wp\/v2\/product_cat?post=129"},{"taxonomy":"product_tag","embeddable":true,"href":"http:\/\/advancedmro.com\/es\/wp-json\/wp\/v2\/product_tag?post=129"}],"curies":[{"name":"wp","href":"https:\/\/api.w.org\/{rel}","templated":true}]}}