{"id":119,"date":"2013-09-28T18:55:20","date_gmt":"2013-09-28T18:55:20","guid":{"rendered":"http:\/\/advancedmro.com\/es\/?post_type=product&#038;p=119"},"modified":"2018-05-10T22:39:35","modified_gmt":"2018-05-10T22:39:35","slug":"resina-resistente-al-alcohol","status":"publish","type":"product","link":"http:\/\/advancedmro.com\/es\/producto\/resina-resistente-al-alcohol\/","title":{"rendered":"Resina Resistente al Alcohol HL45"},"content":{"rendered":"<p>Resina Resistente al Alcohol<\/p>\n","protected":false},"excerpt":{"rendered":"<p>Con cintas de resina \u00a0la impresi\u00f3n de im\u00e1genes tiene una alta resistencia a los productos qu\u00edmicos, al calor, resistencia a la abrasi\u00f3n y otras condiciones ambientales. Las cintas de resina son m\u00e1s adecuadas para su uso en la confecci\u00f3n textil y prendas de vestir como etiquetas (tafet\u00e1n \/ satinado), materiales de revestimiento de alto brillo como poli\u00e9steres, poli olefinas, vinilo destructible, etiquetas de garant\u00eda, etiquetas que deben ser expuestas a ambientes hostiles como las etiquetas de tambor qu\u00edmico, etiquetado medico y farmac\u00e9utica, as\u00ed como en aplicaciones industriales y automotriz.<\/p>\n<p>Nuestras cintas est\u00e1n probadas para la compatibilidad con las impresoras m\u00e1s populares. Compatible con Zebra, Intermac, Datamax, Sato y otras impresoras de transferencia t\u00e9rmica. Tenemos una gran variedad de medidas de cintas de resina en inventario. Si no encuentras una medida espec\u00edfica p\u00f3ngase en contacto con nosotros.<\/p>\n<p>Todos nuestras cintas t\u00e9rmicas est\u00e1n hechas en EUA.<\/p>\n","protected":false},"featured_media":259,"comment_status":"open","ping_status":"closed","template":"","meta":[],"product_brand":[],"product_cat":[109],"product_tag":[148,23],"class_list":{"0":"post-119","1":"product","2":"type-product","3":"status-publish","4":"has-post-thumbnail","6":"product_cat-cinta-de-transferencia-termica","7":"product_tag-cinta-de-resina","8":"product_tag-resina-resistente-al-alcohol","9":"post","10":"post-with-thumbnail","11":"post-with-thumbnail-large","13":"first","14":"instock","15":"shipping-taxable","16":"product-type-simple"},"yoast_head":"<!-- This site is optimized with the Yoast SEO Premium plugin v26.4 (Yoast SEO v26.9) - https:\/\/yoast.com\/product\/yoast-seo-premium-wordpress\/ -->\n<title>Resina Resistente al Alcohol HL45 - Advanced MRO<\/title>\n<meta name=\"robots\" content=\"index, follow, max-snippet:-1, max-image-preview:large, max-video-preview:-1\" \/>\n<link rel=\"canonical\" href=\"http:\/\/advancedmro.com\/es\/producto\/resina-resistente-al-alcohol\/\" \/>\n<meta property=\"og:locale\" content=\"es_ES\" \/>\n<meta property=\"og:type\" content=\"article\" \/>\n<meta property=\"og:title\" content=\"Resina Resistente al Alcohol HL45\" \/>\n<meta property=\"og:description\" content=\"Con cintas de resina \u00a0la impresi\u00f3n de im\u00e1genes tiene una alta resistencia a los productos qu\u00edmicos, al calor, resistencia a la abrasi\u00f3n y otras condiciones ambientales. Las cintas de resina son m\u00e1s adecuadas para su uso en la confecci\u00f3n textil y prendas de vestir como etiquetas (tafet\u00e1n \/ satinado), materiales de revestimiento de alto brillo como poli\u00e9steres, poli olefinas, vinilo destructible, etiquetas de garant\u00eda, etiquetas que deben ser expuestas a ambientes hostiles como las etiquetas de tambor qu\u00edmico, etiquetado medico y farmac\u00e9utica, as\u00ed como en aplicaciones industriales y automotriz.  Nuestras cintas est\u00e1n probadas para la compatibilidad con las impresoras m\u00e1s populares. Compatible con Zebra, Intermac, Datamax, Sato y otras impresoras de transferencia t\u00e9rmica. Tenemos una gran variedad de medidas de cintas de resina en inventario. Si no encuentras una medida espec\u00edfica p\u00f3ngase en contacto con nosotros.  Todos nuestras cintas t\u00e9rmicas est\u00e1n hechas en EUA.\" \/>\n<meta property=\"og:url\" content=\"http:\/\/advancedmro.com\/es\/producto\/resina-resistente-al-alcohol\/\" \/>\n<meta property=\"og:site_name\" content=\"Advanced MRO\" \/>\n<meta property=\"article:modified_time\" content=\"2018-05-10T22:39:35+00:00\" \/>\n<meta property=\"og:image\" content=\"http:\/\/advancedmro.com\/es\/wp-content\/uploads\/2013\/09\/Resina-HL45.gif\" \/>\n\t<meta property=\"og:image:width\" content=\"461\" \/>\n\t<meta property=\"og:image:height\" content=\"440\" \/>\n\t<meta property=\"og:image:type\" content=\"image\/gif\" \/>\n<script type=\"application\/ld+json\" class=\"yoast-schema-graph\">{\"@context\":\"https:\/\/schema.org\",\"@graph\":[{\"@type\":\"WebPage\",\"@id\":\"http:\/\/advancedmro.com\/es\/producto\/resina-resistente-al-alcohol\/\",\"url\":\"http:\/\/advancedmro.com\/es\/producto\/resina-resistente-al-alcohol\/\",\"name\":\"Resina Resistente al Alcohol HL45 - Advanced MRO\",\"isPartOf\":{\"@id\":\"http:\/\/advancedmro.com\/es\/#website\"},\"primaryImageOfPage\":{\"@id\":\"http:\/\/advancedmro.com\/es\/producto\/resina-resistente-al-alcohol\/#primaryimage\"},\"image\":{\"@id\":\"http:\/\/advancedmro.com\/es\/producto\/resina-resistente-al-alcohol\/#primaryimage\"},\"thumbnailUrl\":\"http:\/\/advancedmro.com\/es\/wp-content\/uploads\/2013\/09\/Resina-HL45.gif\",\"datePublished\":\"2013-09-28T18:55:20+00:00\",\"dateModified\":\"2018-05-10T22:39:35+00:00\",\"breadcrumb\":{\"@id\":\"http:\/\/advancedmro.com\/es\/producto\/resina-resistente-al-alcohol\/#breadcrumb\"},\"inLanguage\":\"es\",\"potentialAction\":[{\"@type\":\"ReadAction\",\"target\":[\"http:\/\/advancedmro.com\/es\/producto\/resina-resistente-al-alcohol\/\"]}]},{\"@type\":\"ImageObject\",\"inLanguage\":\"es\",\"@id\":\"http:\/\/advancedmro.com\/es\/producto\/resina-resistente-al-alcohol\/#primaryimage\",\"url\":\"http:\/\/advancedmro.com\/es\/wp-content\/uploads\/2013\/09\/Resina-HL45.gif\",\"contentUrl\":\"http:\/\/advancedmro.com\/es\/wp-content\/uploads\/2013\/09\/Resina-HL45.gif\",\"width\":461,\"height\":440},{\"@type\":\"BreadcrumbList\",\"@id\":\"http:\/\/advancedmro.com\/es\/producto\/resina-resistente-al-alcohol\/#breadcrumb\",\"itemListElement\":[{\"@type\":\"ListItem\",\"position\":1,\"name\":\"Home\",\"item\":\"http:\/\/advancedmro.com\/es\/\"},{\"@type\":\"ListItem\",\"position\":2,\"name\":\"Productos\",\"item\":\"https:\/\/advancedmro.com\/es\/productos\/\"},{\"@type\":\"ListItem\",\"position\":3,\"name\":\"Resina Resistente al Alcohol HL45\"}]},{\"@type\":\"WebSite\",\"@id\":\"http:\/\/advancedmro.com\/es\/#website\",\"url\":\"http:\/\/advancedmro.com\/es\/\",\"name\":\"Advanced MRO\",\"description\":\"Reduciendo Costos Y Aumentando La Calidad Y Rendimiento\",\"potentialAction\":[{\"@type\":\"SearchAction\",\"target\":{\"@type\":\"EntryPoint\",\"urlTemplate\":\"http:\/\/advancedmro.com\/es\/?s={search_term_string}\"},\"query-input\":{\"@type\":\"PropertyValueSpecification\",\"valueRequired\":true,\"valueName\":\"search_term_string\"}}],\"inLanguage\":\"es\"}]}<\/script>\n<!-- \/ Yoast SEO Premium plugin. -->","yoast_head_json":{"title":"Resina Resistente al Alcohol HL45 - Advanced MRO","robots":{"index":"index","follow":"follow","max-snippet":"max-snippet:-1","max-image-preview":"max-image-preview:large","max-video-preview":"max-video-preview:-1"},"canonical":"http:\/\/advancedmro.com\/es\/producto\/resina-resistente-al-alcohol\/","og_locale":"es_ES","og_type":"article","og_title":"Resina Resistente al Alcohol HL45","og_description":"Con cintas de resina \u00a0la impresi\u00f3n de im\u00e1genes tiene una alta resistencia a los productos qu\u00edmicos, al calor, resistencia a la abrasi\u00f3n y otras condiciones ambientales. Las cintas de resina son m\u00e1s adecuadas para su uso en la confecci\u00f3n textil y prendas de vestir como etiquetas (tafet\u00e1n \/ satinado), materiales de revestimiento de alto brillo como poli\u00e9steres, poli olefinas, vinilo destructible, etiquetas de garant\u00eda, etiquetas que deben ser expuestas a ambientes hostiles como las etiquetas de tambor qu\u00edmico, etiquetado medico y farmac\u00e9utica, as\u00ed como en aplicaciones industriales y automotriz.  Nuestras cintas est\u00e1n probadas para la compatibilidad con las impresoras m\u00e1s populares. Compatible con Zebra, Intermac, Datamax, Sato y otras impresoras de transferencia t\u00e9rmica. Tenemos una gran variedad de medidas de cintas de resina en inventario. Si no encuentras una medida espec\u00edfica p\u00f3ngase en contacto con nosotros.  Todos nuestras cintas t\u00e9rmicas est\u00e1n hechas en EUA.","og_url":"http:\/\/advancedmro.com\/es\/producto\/resina-resistente-al-alcohol\/","og_site_name":"Advanced MRO","article_modified_time":"2018-05-10T22:39:35+00:00","og_image":[{"width":461,"height":440,"url":"http:\/\/advancedmro.com\/es\/wp-content\/uploads\/2013\/09\/Resina-HL45.gif","type":"image\/gif"}],"schema":{"@context":"https:\/\/schema.org","@graph":[{"@type":"WebPage","@id":"http:\/\/advancedmro.com\/es\/producto\/resina-resistente-al-alcohol\/","url":"http:\/\/advancedmro.com\/es\/producto\/resina-resistente-al-alcohol\/","name":"Resina Resistente al Alcohol HL45 - Advanced MRO","isPartOf":{"@id":"http:\/\/advancedmro.com\/es\/#website"},"primaryImageOfPage":{"@id":"http:\/\/advancedmro.com\/es\/producto\/resina-resistente-al-alcohol\/#primaryimage"},"image":{"@id":"http:\/\/advancedmro.com\/es\/producto\/resina-resistente-al-alcohol\/#primaryimage"},"thumbnailUrl":"http:\/\/advancedmro.com\/es\/wp-content\/uploads\/2013\/09\/Resina-HL45.gif","datePublished":"2013-09-28T18:55:20+00:00","dateModified":"2018-05-10T22:39:35+00:00","breadcrumb":{"@id":"http:\/\/advancedmro.com\/es\/producto\/resina-resistente-al-alcohol\/#breadcrumb"},"inLanguage":"es","potentialAction":[{"@type":"ReadAction","target":["http:\/\/advancedmro.com\/es\/producto\/resina-resistente-al-alcohol\/"]}]},{"@type":"ImageObject","inLanguage":"es","@id":"http:\/\/advancedmro.com\/es\/producto\/resina-resistente-al-alcohol\/#primaryimage","url":"http:\/\/advancedmro.com\/es\/wp-content\/uploads\/2013\/09\/Resina-HL45.gif","contentUrl":"http:\/\/advancedmro.com\/es\/wp-content\/uploads\/2013\/09\/Resina-HL45.gif","width":461,"height":440},{"@type":"BreadcrumbList","@id":"http:\/\/advancedmro.com\/es\/producto\/resina-resistente-al-alcohol\/#breadcrumb","itemListElement":[{"@type":"ListItem","position":1,"name":"Home","item":"http:\/\/advancedmro.com\/es\/"},{"@type":"ListItem","position":2,"name":"Productos","item":"https:\/\/advancedmro.com\/es\/productos\/"},{"@type":"ListItem","position":3,"name":"Resina Resistente al Alcohol HL45"}]},{"@type":"WebSite","@id":"http:\/\/advancedmro.com\/es\/#website","url":"http:\/\/advancedmro.com\/es\/","name":"Advanced MRO","description":"Reduciendo Costos Y Aumentando La Calidad Y Rendimiento","potentialAction":[{"@type":"SearchAction","target":{"@type":"EntryPoint","urlTemplate":"http:\/\/advancedmro.com\/es\/?s={search_term_string}"},"query-input":{"@type":"PropertyValueSpecification","valueRequired":true,"valueName":"search_term_string"}}],"inLanguage":"es"}]}},"_links":{"self":[{"href":"http:\/\/advancedmro.com\/es\/wp-json\/wp\/v2\/product\/119","targetHints":{"allow":["GET"]}}],"collection":[{"href":"http:\/\/advancedmro.com\/es\/wp-json\/wp\/v2\/product"}],"about":[{"href":"http:\/\/advancedmro.com\/es\/wp-json\/wp\/v2\/types\/product"}],"replies":[{"embeddable":true,"href":"http:\/\/advancedmro.com\/es\/wp-json\/wp\/v2\/comments?post=119"}],"wp:featuredmedia":[{"embeddable":true,"href":"http:\/\/advancedmro.com\/es\/wp-json\/wp\/v2\/media\/259"}],"wp:attachment":[{"href":"http:\/\/advancedmro.com\/es\/wp-json\/wp\/v2\/media?parent=119"}],"wp:term":[{"taxonomy":"product_brand","embeddable":true,"href":"http:\/\/advancedmro.com\/es\/wp-json\/wp\/v2\/product_brand?post=119"},{"taxonomy":"product_cat","embeddable":true,"href":"http:\/\/advancedmro.com\/es\/wp-json\/wp\/v2\/product_cat?post=119"},{"taxonomy":"product_tag","embeddable":true,"href":"http:\/\/advancedmro.com\/es\/wp-json\/wp\/v2\/product_tag?post=119"}],"curies":[{"name":"wp","href":"https:\/\/api.w.org\/{rel}","templated":true}]}}